{"id":1122775,"date":"2020-06-01T19:07:36","date_gmt":"2020-06-01T18:07:36","guid":{"rendered":"https:\/\/www.pressenza.com\/?page_id=1122775"},"modified":"2020-09-22T18:36:06","modified_gmt":"2020-09-22T17:36:06","slug":"podcasts","status":"publish","type":"page","link":"https:\/\/www.pressenza.com\/pt-pt\/podcasts\/","title":{"rendered":"Podcasts"},"content":{"rendered":"<h2>Podcasts<\/h2>\n<p>&nbsp;<\/p>\n<p><a href=\"https:\/\/open.spotify.com\/show\/5pQM4Hz54DqBJd9AuRmuFS\" target=\"_blank\" rel=\"noopener noreferrer\"><img loading=\"lazy\" decoding=\"async\" class=\"alignleft wp-image-1103943 size-full\" src=\"https:\/\/www.pressenza.com\/wp-content\/uploads\/2020\/05\/In-Love-With-Me.jpg\" alt=\"\" width=\"360\" height=\"150\" srcset=\"https:\/\/www.pressenza.com\/wp-content\/uploads\/2020\/05\/In-Love-With-Me.jpg 360w, https:\/\/www.pressenza.com\/wp-content\/uploads\/2020\/05\/In-Love-With-Me-300x125.jpg 300w\" sizes=\"auto, (max-width: 360px) 100vw, 360px\" \/><\/a><\/p>\n<h6><span style=\"color: #ffffff;\">&#8212;<\/span><\/h6>\n<h6><a href=\"https:\/\/open.spotify.com\/show\/5pQM4Hz54DqBJd9AuRmuFS\" target=\"_blank\" rel=\"noopener noreferrer\">IN LOVE WITH ME<\/a><\/h6>\n<h6>Quem nunca teve uma m\u00fasica que marcou um romance ou aventura? Os jornalistas Carla Andrade (Brasil) e Marco da Costa (EUA) apresentam um podcast semanal sobre a hist\u00f3ria desses temas e o impacto emocional das can\u00e7\u00f5es em nossas vidas. O podcast vai interagir com ouvintes e comentar suas colabora\u00e7\u00f5es, formando um grande mosaico de mem\u00f3rias. Uma produ\u00e7\u00e3o Little Fire Studios, New York.<\/h6>\n<p>&nbsp;<\/p>\n<hr \/>\n<p>&nbsp;<\/p>\n<p><a href=\"https:\/\/open.spotify.com\/show\/7ffWs6ILpyJyH9UPaM88qy\" target=\"_blank\" rel=\"noopener noreferrer\"><img loading=\"lazy\" decoding=\"async\" class=\"alignleft wp-image-1103933 size-full\" src=\"https:\/\/www.pressenza.com\/wp-content\/uploads\/2020\/05\/Telefone-Vermelho.jpg\" alt=\"\" width=\"360\" height=\"150\" srcset=\"https:\/\/www.pressenza.com\/wp-content\/uploads\/2020\/05\/Telefone-Vermelho.jpg 360w, https:\/\/www.pressenza.com\/wp-content\/uploads\/2020\/05\/Telefone-Vermelho-300x125.jpg 300w\" sizes=\"auto, (max-width: 360px) 100vw, 360px\" \/><\/a><\/p>\n<h6><span style=\"color: #ffffff;\">&#8212;<\/span><\/h6>\n<h6><a href=\"https:\/\/open.spotify.com\/show\/7ffWs6ILpyJyH9UPaM88qy\" target=\"_blank\" rel=\"noopener noreferrer\">TELEFONE VERMELHO<\/a><\/h6>\n<h6>Telefone Vermelho \u00e9 um programa semanal sobre pol\u00edtica e sociedade, com o jornalista Marco Da Costa (EUA) e o Professores de Hist\u00f3ria: Rodrigo Cosenza (Brasil) e Bernardo Portes (Reino Unido).<\/h6>\n<p>&nbsp;<\/p>\n<p>&nbsp;<\/p>\n<hr \/>\n<p>&nbsp;<\/p>\n<h6><a href=\"https:\/\/open.spotify.com\/show\/3McgMEJVKrcEa7VjiJxOxT\" target=\"_blank\" rel=\"noopener noreferrer\"><img loading=\"lazy\" decoding=\"async\" class=\"alignleft wp-image-1111559 size-full\" src=\"https:\/\/www.pressenza.com\/wp-content\/uploads\/2020\/05\/cineclube-marighella.png\" alt=\"\" width=\"360\" height=\"150\" srcset=\"https:\/\/www.pressenza.com\/wp-content\/uploads\/2020\/05\/cineclube-marighella.png 360w, https:\/\/www.pressenza.com\/wp-content\/uploads\/2020\/05\/cineclube-marighella-300x125.png 300w\" sizes=\"auto, (max-width: 360px) 100vw, 360px\" \/><\/a><br \/>\n<span style=\"color: #ffffff;\">&#8212;<\/span><br \/>\n<a href=\"https:\/\/open.spotify.com\/show\/3McgMEJVKrcEa7VjiJxOxT\" target=\"_blank\" rel=\"noopener noreferrer\">PODCAST DO CINECLUBE MARIGHELLA<\/a><\/h6>\n<h6>Para continuar promovendo um di\u00e1logo progressista amplo, que ajude a compreender esse notici\u00e1rio surrealista e fren\u00e9tico. A cultura e a arte podem ajudar nesse momento em que as vidas dos brasileiros est\u00e3o em risco.<\/h6>\n<p>&nbsp;<\/p>\n<p>&nbsp;<\/p>\n<hr \/>\n<p>&nbsp;<\/p>\n<h6><img loading=\"lazy\" decoding=\"async\" class=\"wp-image-1160959 size-full alignleft\" src=\"https:\/\/www.pressenza.com\/wp-content\/uploads\/2020\/07\/leao-alado.jpg\" alt=\"\" width=\"360\" height=\"150\" srcset=\"https:\/\/www.pressenza.com\/wp-content\/uploads\/2020\/07\/leao-alado.jpg 360w, https:\/\/www.pressenza.com\/wp-content\/uploads\/2020\/07\/leao-alado-300x125.jpg 300w\" sizes=\"auto, (max-width: 360px) 100vw, 360px\" \/><br \/>\n<span style=\"color: #ffffff;\">&#8212;<\/span><br \/>\n<a href=\"https:\/\/open.spotify.com\/show\/4CFqX42ljawKQv7aVgeCU2\" target=\"_blank\" rel=\"noopener noreferrer\">PODCAST LE\u00c3O ALADO<\/a><\/h6>\n<h6>3 amigxs falando de suas experi\u00eancias com espiritualidade n\u00e3o religiosa, as pr\u00e1ticas que adotaram para o dia-a-dia e os ensinamentos que deram sentido pra sua vida.<\/h6>\n<p>&nbsp;<\/p>\n<p>&nbsp;<\/p>\n<hr \/>\n<p>&nbsp;<\/p>\n<h6><img loading=\"lazy\" decoding=\"async\" class=\"wp-image-1174693 size-full alignleft\" src=\"https:\/\/www.pressenza.com\/wp-content\/uploads\/2020\/08\/Justic\u0327aGlobal.jpg\" alt=\"\" width=\"360\" height=\"150\" srcset=\"https:\/\/www.pressenza.com\/wp-content\/uploads\/2020\/08\/Justic\u0327aGlobal.jpg 360w, https:\/\/www.pressenza.com\/wp-content\/uploads\/2020\/08\/Justic\u0327aGlobal-300x125.jpg 300w\" sizes=\"auto, (max-width: 360px) 100vw, 360px\" \/><br \/>\n&#8212;<br \/>\n<a href=\"https:\/\/open.spotify.com\/show\/7F8InZymT3CUReSkGdqBjs\" target=\"_blank\" rel=\"noopener noreferrer\">PROGRAMA VOZES E REIVINDICA\u00c7\u00d5ES<\/a><\/h6>\n<h6>O Vozes e Reivindica\u00e7\u00f5es \u00e9 o programa sobre direitos humanos com a linguagem que voc\u00ea entende. O podcast \u00e9 produzido e editado pela Justi\u00e7a Global, uma organiza\u00e7\u00e3o n\u00e3o-governamental que, desde 1999, trabalha com a prote\u00e7\u00e3o e promo\u00e7\u00e3o dos direitos humanos e o fortalecimento da sociedade civil e da democracia. A primeira edi\u00e7\u00e3o do Vozes e Reivindica\u00e7\u00f5es fala sobre a ADPF 635. Conhecida como a ADPF das Favelas, a a\u00e7\u00e3o hist\u00f3rica pode mudar a pol\u00edtica de seguran\u00e7a implementada no Rio de Janeiro.<\/h6>\n<p>&nbsp;<\/p>\n<hr \/>\n<p>&nbsp;<\/p>\n<h6><img decoding=\"async\" class=\"img-responsive alignleft\" src=\"https:\/\/cdn77.pressenza.com\/wp-content\/uploads\/2020\/07\/informe-Pressenza-1.jpg\" alt=\"Informe Pressenza\" \/><br \/>\n&#8212;<br \/>\n<a href=\"https:\/\/open.spotify.com\/show\/3rTX8aWvzZDVv8kr6KTyQC?si=DoV3Fj2PSMCCsqDbP3-Iuw\" target=\"_blank\" rel=\"noopener noreferrer\">INFORMEPRESSENZA<\/a><\/h6>\n<h6>Informe Pressenza \u00e9 um programa\u00a0 da ag\u00eancia internacional de not\u00edcias Pressenza que tem como objetivo realizar e publicar entrevistas em \u00e1udio com diferentes pessoas e sobre diversos temas.<\/h6>\n<p>&nbsp;<\/p>\n","protected":false},"excerpt":{"rendered":"<p>Podcasts &nbsp; &#8212; IN LOVE WITH ME Quem nunca teve uma m\u00fasica que marcou um romance ou aventura? Os jornalistas Carla Andrade (Brasil) e Marco da Costa (EUA) apresentam um podcast semanal sobre a hist\u00f3ria desses temas e o impacto&hellip;<\/p>\n","protected":false},"author":1187,"featured_media":0,"parent":0,"menu_order":0,"comment_status":"closed","ping_status":"closed","template":"","meta":{"footnotes":""},"class_list":["post-1122775","page","type-page","status-publish","hentry"],"yoast_head":"<!-- This site is optimized with the Yoast SEO plugin v27.1.1 - https:\/\/yoast.com\/product\/yoast-seo-wordpress\/ -->\n<title>Podcasts - Pressenza<\/title>\n<meta name=\"robots\" content=\"index, follow, max-snippet:-1, max-image-preview:large, max-video-preview:-1\" \/>\n<link rel=\"canonical\" href=\"https:\/\/www.pressenza.com\/pt-pt\/podcasts\/\" \/>\n<meta property=\"og:locale\" content=\"pt_PT\" \/>\n<meta property=\"og:type\" content=\"article\" \/>\n<meta property=\"og:title\" content=\"Podcasts - Pressenza\" \/>\n<meta property=\"og:description\" content=\"Podcasts &nbsp; &#8212; IN LOVE WITH ME Quem nunca teve uma m\u00fasica que marcou um romance ou aventura? Os jornalistas Carla Andrade (Brasil) e Marco da Costa (EUA) apresentam um podcast semanal sobre a hist\u00f3ria desses temas e o impacto&hellip;\" \/>\n<meta property=\"og:url\" content=\"https:\/\/www.pressenza.com\/pt-pt\/podcasts\/\" \/>\n<meta property=\"og:site_name\" content=\"Pressenza\" \/>\n<meta property=\"article:publisher\" content=\"https:\/\/www.facebook.com\/PressenzaItalia\" \/>\n<meta property=\"article:modified_time\" content=\"2020-09-22T17:36:06+00:00\" \/>\n<meta property=\"og:image\" content=\"https:\/\/www.pressenza.com\/wp-content\/uploads\/2020\/05\/In-Love-With-Me.jpg\" \/>\n<meta name=\"twitter:card\" content=\"summary_large_image\" \/>\n<meta name=\"twitter:site\" content=\"@PressenzaIPA\" \/>\n<meta name=\"twitter:label1\" content=\"Tempo estimado de leitura\" \/>\n\t<meta name=\"twitter:data1\" content=\"2 minutos\" \/>\n<script type=\"application\/ld+json\" class=\"yoast-schema-graph\">{\"@context\":\"https:\/\/schema.org\",\"@graph\":[{\"@type\":\"WebPage\",\"@id\":\"https:\/\/www.pressenza.com\/pt-pt\/podcasts\/\",\"url\":\"https:\/\/www.pressenza.com\/pt-pt\/podcasts\/\",\"name\":\"Podcasts - Pressenza\",\"isPartOf\":{\"@id\":\"https:\/\/www.pressenza.com\/pt-pt\/#website\"},\"primaryImageOfPage\":{\"@id\":\"https:\/\/www.pressenza.com\/pt-pt\/podcasts\/#primaryimage\"},\"image\":{\"@id\":\"https:\/\/www.pressenza.com\/pt-pt\/podcasts\/#primaryimage\"},\"thumbnailUrl\":\"https:\/\/www.pressenza.com\/wp-content\/uploads\/2020\/05\/In-Love-With-Me.jpg\",\"datePublished\":\"2020-06-01T18:07:36+00:00\",\"dateModified\":\"2020-09-22T17:36:06+00:00\",\"breadcrumb\":{\"@id\":\"https:\/\/www.pressenza.com\/pt-pt\/podcasts\/#breadcrumb\"},\"inLanguage\":\"pt-PT\",\"potentialAction\":[{\"@type\":\"ReadAction\",\"target\":[\"https:\/\/www.pressenza.com\/pt-pt\/podcasts\/\"]}]},{\"@type\":\"ImageObject\",\"inLanguage\":\"pt-PT\",\"@id\":\"https:\/\/www.pressenza.com\/pt-pt\/podcasts\/#primaryimage\",\"url\":\"https:\/\/www.pressenza.com\/wp-content\/uploads\/2020\/05\/In-Love-With-Me.jpg\",\"contentUrl\":\"https:\/\/www.pressenza.com\/wp-content\/uploads\/2020\/05\/In-Love-With-Me.jpg\"},{\"@type\":\"BreadcrumbList\",\"@id\":\"https:\/\/www.pressenza.com\/pt-pt\/podcasts\/#breadcrumb\",\"itemListElement\":[{\"@type\":\"ListItem\",\"position\":1,\"name\":\"Accueil\",\"item\":\"https:\/\/www.pressenza.com\/pt-pt\/\"},{\"@type\":\"ListItem\",\"position\":2,\"name\":\"Podcasts\"}]},{\"@type\":\"WebSite\",\"@id\":\"https:\/\/www.pressenza.com\/pt-pt\/#website\",\"url\":\"https:\/\/www.pressenza.com\/pt-pt\/\",\"name\":\"Pressenza\",\"description\":\"International Press Agency\",\"publisher\":{\"@id\":\"https:\/\/www.pressenza.com\/pt-pt\/#organization\"},\"potentialAction\":[{\"@type\":\"SearchAction\",\"target\":{\"@type\":\"EntryPoint\",\"urlTemplate\":\"https:\/\/www.pressenza.com\/pt-pt\/?s={search_term_string}\"},\"query-input\":{\"@type\":\"PropertyValueSpecification\",\"valueRequired\":true,\"valueName\":\"search_term_string\"}}],\"inLanguage\":\"pt-PT\"},{\"@type\":\"Organization\",\"@id\":\"https:\/\/www.pressenza.com\/pt-pt\/#organization\",\"name\":\"Pressenza\",\"url\":\"https:\/\/www.pressenza.com\/pt-pt\/\",\"logo\":{\"@type\":\"ImageObject\",\"inLanguage\":\"pt-PT\",\"@id\":\"https:\/\/www.pressenza.com\/pt-pt\/#\/schema\/logo\/image\/\",\"url\":\"https:\/\/www.pressenza.com\/wp-content\/uploads\/2022\/10\/pressenza_logo_200x200.jpg\",\"contentUrl\":\"https:\/\/www.pressenza.com\/wp-content\/uploads\/2022\/10\/pressenza_logo_200x200.jpg\",\"width\":200,\"height\":200,\"caption\":\"Pressenza\"},\"image\":{\"@id\":\"https:\/\/www.pressenza.com\/pt-pt\/#\/schema\/logo\/image\/\"},\"sameAs\":[\"https:\/\/www.facebook.com\/PressenzaItalia\",\"https:\/\/x.com\/PressenzaIPA\"]}]}<\/script>\n<!-- \/ Yoast SEO plugin. -->","yoast_head_json":{"title":"Podcasts - Pressenza","robots":{"index":"index","follow":"follow","max-snippet":"max-snippet:-1","max-image-preview":"max-image-preview:large","max-video-preview":"max-video-preview:-1"},"canonical":"https:\/\/www.pressenza.com\/pt-pt\/podcasts\/","og_locale":"pt_PT","og_type":"article","og_title":"Podcasts - Pressenza","og_description":"Podcasts &nbsp; &#8212; IN LOVE WITH ME Quem nunca teve uma m\u00fasica que marcou um romance ou aventura? Os jornalistas Carla Andrade (Brasil) e Marco da Costa (EUA) apresentam um podcast semanal sobre a hist\u00f3ria desses temas e o impacto&hellip;","og_url":"https:\/\/www.pressenza.com\/pt-pt\/podcasts\/","og_site_name":"Pressenza","article_publisher":"https:\/\/www.facebook.com\/PressenzaItalia","article_modified_time":"2020-09-22T17:36:06+00:00","og_image":[{"url":"https:\/\/www.pressenza.com\/wp-content\/uploads\/2020\/05\/In-Love-With-Me.jpg","type":"","width":"","height":""}],"twitter_card":"summary_large_image","twitter_site":"@PressenzaIPA","twitter_misc":{"Tempo estimado de leitura":"2 minutos"},"schema":{"@context":"https:\/\/schema.org","@graph":[{"@type":"WebPage","@id":"https:\/\/www.pressenza.com\/pt-pt\/podcasts\/","url":"https:\/\/www.pressenza.com\/pt-pt\/podcasts\/","name":"Podcasts - Pressenza","isPartOf":{"@id":"https:\/\/www.pressenza.com\/pt-pt\/#website"},"primaryImageOfPage":{"@id":"https:\/\/www.pressenza.com\/pt-pt\/podcasts\/#primaryimage"},"image":{"@id":"https:\/\/www.pressenza.com\/pt-pt\/podcasts\/#primaryimage"},"thumbnailUrl":"https:\/\/www.pressenza.com\/wp-content\/uploads\/2020\/05\/In-Love-With-Me.jpg","datePublished":"2020-06-01T18:07:36+00:00","dateModified":"2020-09-22T17:36:06+00:00","breadcrumb":{"@id":"https:\/\/www.pressenza.com\/pt-pt\/podcasts\/#breadcrumb"},"inLanguage":"pt-PT","potentialAction":[{"@type":"ReadAction","target":["https:\/\/www.pressenza.com\/pt-pt\/podcasts\/"]}]},{"@type":"ImageObject","inLanguage":"pt-PT","@id":"https:\/\/www.pressenza.com\/pt-pt\/podcasts\/#primaryimage","url":"https:\/\/www.pressenza.com\/wp-content\/uploads\/2020\/05\/In-Love-With-Me.jpg","contentUrl":"https:\/\/www.pressenza.com\/wp-content\/uploads\/2020\/05\/In-Love-With-Me.jpg"},{"@type":"BreadcrumbList","@id":"https:\/\/www.pressenza.com\/pt-pt\/podcasts\/#breadcrumb","itemListElement":[{"@type":"ListItem","position":1,"name":"Accueil","item":"https:\/\/www.pressenza.com\/pt-pt\/"},{"@type":"ListItem","position":2,"name":"Podcasts"}]},{"@type":"WebSite","@id":"https:\/\/www.pressenza.com\/pt-pt\/#website","url":"https:\/\/www.pressenza.com\/pt-pt\/","name":"Pressenza","description":"International Press Agency","publisher":{"@id":"https:\/\/www.pressenza.com\/pt-pt\/#organization"},"potentialAction":[{"@type":"SearchAction","target":{"@type":"EntryPoint","urlTemplate":"https:\/\/www.pressenza.com\/pt-pt\/?s={search_term_string}"},"query-input":{"@type":"PropertyValueSpecification","valueRequired":true,"valueName":"search_term_string"}}],"inLanguage":"pt-PT"},{"@type":"Organization","@id":"https:\/\/www.pressenza.com\/pt-pt\/#organization","name":"Pressenza","url":"https:\/\/www.pressenza.com\/pt-pt\/","logo":{"@type":"ImageObject","inLanguage":"pt-PT","@id":"https:\/\/www.pressenza.com\/pt-pt\/#\/schema\/logo\/image\/","url":"https:\/\/www.pressenza.com\/wp-content\/uploads\/2022\/10\/pressenza_logo_200x200.jpg","contentUrl":"https:\/\/www.pressenza.com\/wp-content\/uploads\/2022\/10\/pressenza_logo_200x200.jpg","width":200,"height":200,"caption":"Pressenza"},"image":{"@id":"https:\/\/www.pressenza.com\/pt-pt\/#\/schema\/logo\/image\/"},"sameAs":["https:\/\/www.facebook.com\/PressenzaItalia","https:\/\/x.com\/PressenzaIPA"]}]}},"_links":{"self":[{"href":"https:\/\/www.pressenza.com\/pt-pt\/wp-json\/wp\/v2\/pages\/1122775","targetHints":{"allow":["GET"]}}],"collection":[{"href":"https:\/\/www.pressenza.com\/pt-pt\/wp-json\/wp\/v2\/pages"}],"about":[{"href":"https:\/\/www.pressenza.com\/pt-pt\/wp-json\/wp\/v2\/types\/page"}],"author":[{"embeddable":true,"href":"https:\/\/www.pressenza.com\/pt-pt\/wp-json\/wp\/v2\/users\/1187"}],"replies":[{"embeddable":true,"href":"https:\/\/www.pressenza.com\/pt-pt\/wp-json\/wp\/v2\/comments?post=1122775"}],"version-history":[{"count":0,"href":"https:\/\/www.pressenza.com\/pt-pt\/wp-json\/wp\/v2\/pages\/1122775\/revisions"}],"wp:attachment":[{"href":"https:\/\/www.pressenza.com\/pt-pt\/wp-json\/wp\/v2\/media?parent=1122775"}],"curies":[{"name":"wp","href":"https:\/\/api.w.org\/{rel}","templated":true}]}}