{"id":10023,"date":"2012-07-30T03:37:39","date_gmt":"2012-07-30T01:37:39","guid":{"rendered":"http:\/\/pressenza.hermes.acasici.org\/?page_id=10023"},"modified":"2021-07-17T11:14:32","modified_gmt":"2021-07-17T10:14:32","slug":"sobre-nos","status":"publish","type":"page","link":"https:\/\/www.pressenza.com\/pt-pt\/sobre-nos\/","title":{"rendered":"Sobre n\u00f3s"},"content":{"rendered":"<h3 class=\"lead\">Humanismo,<br \/>\nN\u00e3o-Viol\u00eancia,<br \/>\nDireitos Humanos,<br \/>\nDesarmamento,<br \/>\nN\u00e3o-Discrimina\u00e7\u00e3o<\/h3>\n<h2 class=\"bg-green\">Quem somos<\/h2>\n<p>A Pressenza \u00e9 um espa\u00e7o aberto \u00e0 express\u00e3o da base social. Apoiamos uma perspectiva humanista universalista e promovemos ativamente acordos de coopera\u00e7\u00e3o e parcerias com outras ag\u00eancias, bem como trocas m\u00fatuas com portais, plataformas, meios de comunica\u00e7\u00e3o e not\u00edcias de comunidades e culturas espec\u00edficas. Fazemos parte de uma extensa rede de novos meios de comunica\u00e7\u00e3o que consegue alcance global de propostas locais \u00e0 medida que recebem informa\u00e7\u00f5es com o material disponibilizado pela ag\u00eancia.<\/p>\n<p>A Pressenza \u00e9 composta por volunt\u00e1rios com vasta experi\u00eancia em comunica\u00e7\u00e3o, ativismo social, nos \u00e2mbitos culturais e acad\u00eamicos. A ag\u00eancia n\u00e3o possui fins lucrativos, condi\u00e7\u00e3o b\u00e1sica de sua autonomia. Somos colunistas, rep\u00f3rteres, fot\u00f3grafos, designers gr\u00e1ficos, vide\u00f3grafos e tradutores dos cinco continentes que contribuem, voluntariamente, com nosso trabalho profissional.<\/p>\n<p>Fundada em Mil\u00e3o, It\u00e1lia, em 2009, a Pressenza \u00e9 legalmente registrada como uma ag\u00eancia internacional em Quito, Equador, desde 2014 (Memo # SNC-DAL-2014-0011-O # 037 Acordo de 4 de junho de 2014, Minist\u00e9rio das Comunica\u00e7\u00f5es) e est\u00e1 organizada em equipes e reda\u00e7\u00f5es descentralizadas. Presente em 24 pa\u00edses, publicamos nosso servi\u00e7o di\u00e1rio de not\u00edcias em ingl\u00eas, italiano, espanhol, franc\u00eas, portugu\u00eas, alem\u00e3o, grego e catal\u00e3o.<\/p>\n<h2 class=\"bg-blue\">Prop\u00f3sito<\/h2>\n<p>A Pressenza d\u00e1 visibilidade a not\u00edcias, iniciativas, propostas e cen\u00e1rios relacionados \u00e0 paz, \u00e0 n\u00e3o-viol\u00eancia, ao desarmamento, aos Direitos Humanos e \u00e0 luta contra todas as formas de discrimina\u00e7\u00e3o. Colocamos o ser humano como valor e preocupa\u00e7\u00e3o central e celebramos a diversidade. Assim, propomos um jornalismo ativo e esclarecido que respeite essas premissas essenciais, visando a resolu\u00e7\u00e3o de crises e conflitos sociais em todas as latitudes.<\/p>\n<p>Nesse sentido, divulgamos pesquisas, an\u00e1lises e a\u00e7\u00f5es que contribuam para a paz mundial e para a supera\u00e7\u00e3o da viol\u00eancia; priorizando o desarmamento nuclear e convencional, a resolu\u00e7\u00e3o pac\u00edfica de conflitos, sua preven\u00e7\u00e3o e a retirada dos territ\u00f3rios ocupados.<\/p>\n<p>Tamb\u00e9m relatamos todos os fatos e situa\u00e7\u00f5es que causam dor e sofrimento nas popula\u00e7\u00f5es, na tentativa de compreender e transformar as causas desses eventos, indo al\u00e9m de meros espectadores. A ag\u00eancia tamb\u00e9m forma estudantes e volunt\u00e1rios que partilham tais princ\u00edpios.<\/p>\n<h2 class=\"bg-orange\">Assinatura gratuita<\/h2>\n<p>Todo o conte\u00fado produzido pela Pressenza est\u00e1 dispon\u00edvel gratuitamente sob a Licen\u00e7a Creative Commons 4.0. O material \u00e9 enviado aos assinantes atrav\u00e9s de correio eletr\u00f4nico ou RSS, e pode ser acessado a qualquer momento no portal <a href=\"http:\/\/www.pressenza.com\/pt-pt\/\">www.pressenza.com<\/a><\/p>\n","protected":false},"excerpt":{"rendered":"<p>Humanismo, N\u00e3o-Viol\u00eancia, Direitos Humanos, Desarmamento, N\u00e3o-Discrimina\u00e7\u00e3o Quem somos A Pressenza \u00e9 um espa\u00e7o aberto \u00e0 express\u00e3o da base social. Apoiamos uma perspectiva humanista universalista e promovemos ativamente acordos de coopera\u00e7\u00e3o e parcerias com outras ag\u00eancias, bem como trocas m\u00fatuas com&hellip;<\/p>\n","protected":false},"author":19,"featured_media":0,"parent":0,"menu_order":2,"comment_status":"closed","ping_status":"closed","template":"page_about.php","meta":{"footnotes":""},"class_list":["post-10023","page","type-page","status-publish","hentry"],"yoast_head":"<!-- This site is optimized with the Yoast SEO plugin v27.1.1 - https:\/\/yoast.com\/product\/yoast-seo-wordpress\/ -->\n<title>Sobre n\u00f3s - Pressenza<\/title>\n<meta name=\"robots\" content=\"index, follow, max-snippet:-1, max-image-preview:large, max-video-preview:-1\" \/>\n<link rel=\"canonical\" href=\"https:\/\/www.pressenza.com\/pt-pt\/sobre-nos\/\" \/>\n<meta property=\"og:locale\" content=\"pt_PT\" \/>\n<meta property=\"og:type\" content=\"article\" \/>\n<meta property=\"og:title\" content=\"Sobre n\u00f3s - Pressenza\" \/>\n<meta property=\"og:description\" content=\"Humanismo, N\u00e3o-Viol\u00eancia, Direitos Humanos, Desarmamento, N\u00e3o-Discrimina\u00e7\u00e3o Quem somos A Pressenza \u00e9 um espa\u00e7o aberto \u00e0 express\u00e3o da base social. Apoiamos uma perspectiva humanista universalista e promovemos ativamente acordos de coopera\u00e7\u00e3o e parcerias com outras ag\u00eancias, bem como trocas m\u00fatuas com&hellip;\" \/>\n<meta property=\"og:url\" content=\"https:\/\/www.pressenza.com\/pt-pt\/sobre-nos\/\" \/>\n<meta property=\"og:site_name\" content=\"Pressenza\" \/>\n<meta property=\"article:publisher\" content=\"https:\/\/www.facebook.com\/PressenzaItalia\" \/>\n<meta property=\"article:modified_time\" content=\"2021-07-17T10:14:32+00:00\" \/>\n<meta name=\"twitter:card\" content=\"summary_large_image\" \/>\n<meta name=\"twitter:site\" content=\"@PressenzaIPA\" \/>\n<meta name=\"twitter:label1\" content=\"Tempo estimado de leitura\" \/>\n\t<meta name=\"twitter:data1\" content=\"2 minutos\" \/>\n<script type=\"application\/ld+json\" class=\"yoast-schema-graph\">{\"@context\":\"https:\/\/schema.org\",\"@graph\":[{\"@type\":\"WebPage\",\"@id\":\"https:\/\/www.pressenza.com\/pt-pt\/sobre-nos\/\",\"url\":\"https:\/\/www.pressenza.com\/pt-pt\/sobre-nos\/\",\"name\":\"Sobre n\u00f3s - Pressenza\",\"isPartOf\":{\"@id\":\"https:\/\/www.pressenza.com\/pt-pt\/#website\"},\"datePublished\":\"2012-07-30T01:37:39+00:00\",\"dateModified\":\"2021-07-17T10:14:32+00:00\",\"breadcrumb\":{\"@id\":\"https:\/\/www.pressenza.com\/pt-pt\/sobre-nos\/#breadcrumb\"},\"inLanguage\":\"pt-PT\",\"potentialAction\":[{\"@type\":\"ReadAction\",\"target\":[\"https:\/\/www.pressenza.com\/pt-pt\/sobre-nos\/\"]}]},{\"@type\":\"BreadcrumbList\",\"@id\":\"https:\/\/www.pressenza.com\/pt-pt\/sobre-nos\/#breadcrumb\",\"itemListElement\":[{\"@type\":\"ListItem\",\"position\":1,\"name\":\"Accueil\",\"item\":\"https:\/\/www.pressenza.com\/pt-pt\/\"},{\"@type\":\"ListItem\",\"position\":2,\"name\":\"Sobre n\u00f3s\"}]},{\"@type\":\"WebSite\",\"@id\":\"https:\/\/www.pressenza.com\/pt-pt\/#website\",\"url\":\"https:\/\/www.pressenza.com\/pt-pt\/\",\"name\":\"Pressenza\",\"description\":\"International Press Agency\",\"publisher\":{\"@id\":\"https:\/\/www.pressenza.com\/pt-pt\/#organization\"},\"potentialAction\":[{\"@type\":\"SearchAction\",\"target\":{\"@type\":\"EntryPoint\",\"urlTemplate\":\"https:\/\/www.pressenza.com\/pt-pt\/?s={search_term_string}\"},\"query-input\":{\"@type\":\"PropertyValueSpecification\",\"valueRequired\":true,\"valueName\":\"search_term_string\"}}],\"inLanguage\":\"pt-PT\"},{\"@type\":\"Organization\",\"@id\":\"https:\/\/www.pressenza.com\/pt-pt\/#organization\",\"name\":\"Pressenza\",\"url\":\"https:\/\/www.pressenza.com\/pt-pt\/\",\"logo\":{\"@type\":\"ImageObject\",\"inLanguage\":\"pt-PT\",\"@id\":\"https:\/\/www.pressenza.com\/pt-pt\/#\/schema\/logo\/image\/\",\"url\":\"https:\/\/www.pressenza.com\/wp-content\/uploads\/2022\/10\/pressenza_logo_200x200.jpg\",\"contentUrl\":\"https:\/\/www.pressenza.com\/wp-content\/uploads\/2022\/10\/pressenza_logo_200x200.jpg\",\"width\":200,\"height\":200,\"caption\":\"Pressenza\"},\"image\":{\"@id\":\"https:\/\/www.pressenza.com\/pt-pt\/#\/schema\/logo\/image\/\"},\"sameAs\":[\"https:\/\/www.facebook.com\/PressenzaItalia\",\"https:\/\/x.com\/PressenzaIPA\"]}]}<\/script>\n<!-- \/ Yoast SEO plugin. -->","yoast_head_json":{"title":"Sobre n\u00f3s - Pressenza","robots":{"index":"index","follow":"follow","max-snippet":"max-snippet:-1","max-image-preview":"max-image-preview:large","max-video-preview":"max-video-preview:-1"},"canonical":"https:\/\/www.pressenza.com\/pt-pt\/sobre-nos\/","og_locale":"pt_PT","og_type":"article","og_title":"Sobre n\u00f3s - Pressenza","og_description":"Humanismo, N\u00e3o-Viol\u00eancia, Direitos Humanos, Desarmamento, N\u00e3o-Discrimina\u00e7\u00e3o Quem somos A Pressenza \u00e9 um espa\u00e7o aberto \u00e0 express\u00e3o da base social. Apoiamos uma perspectiva humanista universalista e promovemos ativamente acordos de coopera\u00e7\u00e3o e parcerias com outras ag\u00eancias, bem como trocas m\u00fatuas com&hellip;","og_url":"https:\/\/www.pressenza.com\/pt-pt\/sobre-nos\/","og_site_name":"Pressenza","article_publisher":"https:\/\/www.facebook.com\/PressenzaItalia","article_modified_time":"2021-07-17T10:14:32+00:00","twitter_card":"summary_large_image","twitter_site":"@PressenzaIPA","twitter_misc":{"Tempo estimado de leitura":"2 minutos"},"schema":{"@context":"https:\/\/schema.org","@graph":[{"@type":"WebPage","@id":"https:\/\/www.pressenza.com\/pt-pt\/sobre-nos\/","url":"https:\/\/www.pressenza.com\/pt-pt\/sobre-nos\/","name":"Sobre n\u00f3s - Pressenza","isPartOf":{"@id":"https:\/\/www.pressenza.com\/pt-pt\/#website"},"datePublished":"2012-07-30T01:37:39+00:00","dateModified":"2021-07-17T10:14:32+00:00","breadcrumb":{"@id":"https:\/\/www.pressenza.com\/pt-pt\/sobre-nos\/#breadcrumb"},"inLanguage":"pt-PT","potentialAction":[{"@type":"ReadAction","target":["https:\/\/www.pressenza.com\/pt-pt\/sobre-nos\/"]}]},{"@type":"BreadcrumbList","@id":"https:\/\/www.pressenza.com\/pt-pt\/sobre-nos\/#breadcrumb","itemListElement":[{"@type":"ListItem","position":1,"name":"Accueil","item":"https:\/\/www.pressenza.com\/pt-pt\/"},{"@type":"ListItem","position":2,"name":"Sobre n\u00f3s"}]},{"@type":"WebSite","@id":"https:\/\/www.pressenza.com\/pt-pt\/#website","url":"https:\/\/www.pressenza.com\/pt-pt\/","name":"Pressenza","description":"International Press Agency","publisher":{"@id":"https:\/\/www.pressenza.com\/pt-pt\/#organization"},"potentialAction":[{"@type":"SearchAction","target":{"@type":"EntryPoint","urlTemplate":"https:\/\/www.pressenza.com\/pt-pt\/?s={search_term_string}"},"query-input":{"@type":"PropertyValueSpecification","valueRequired":true,"valueName":"search_term_string"}}],"inLanguage":"pt-PT"},{"@type":"Organization","@id":"https:\/\/www.pressenza.com\/pt-pt\/#organization","name":"Pressenza","url":"https:\/\/www.pressenza.com\/pt-pt\/","logo":{"@type":"ImageObject","inLanguage":"pt-PT","@id":"https:\/\/www.pressenza.com\/pt-pt\/#\/schema\/logo\/image\/","url":"https:\/\/www.pressenza.com\/wp-content\/uploads\/2022\/10\/pressenza_logo_200x200.jpg","contentUrl":"https:\/\/www.pressenza.com\/wp-content\/uploads\/2022\/10\/pressenza_logo_200x200.jpg","width":200,"height":200,"caption":"Pressenza"},"image":{"@id":"https:\/\/www.pressenza.com\/pt-pt\/#\/schema\/logo\/image\/"},"sameAs":["https:\/\/www.facebook.com\/PressenzaItalia","https:\/\/x.com\/PressenzaIPA"]}]}},"_links":{"self":[{"href":"https:\/\/www.pressenza.com\/pt-pt\/wp-json\/wp\/v2\/pages\/10023","targetHints":{"allow":["GET"]}}],"collection":[{"href":"https:\/\/www.pressenza.com\/pt-pt\/wp-json\/wp\/v2\/pages"}],"about":[{"href":"https:\/\/www.pressenza.com\/pt-pt\/wp-json\/wp\/v2\/types\/page"}],"author":[{"embeddable":true,"href":"https:\/\/www.pressenza.com\/pt-pt\/wp-json\/wp\/v2\/users\/19"}],"replies":[{"embeddable":true,"href":"https:\/\/www.pressenza.com\/pt-pt\/wp-json\/wp\/v2\/comments?post=10023"}],"version-history":[{"count":0,"href":"https:\/\/www.pressenza.com\/pt-pt\/wp-json\/wp\/v2\/pages\/10023\/revisions"}],"wp:attachment":[{"href":"https:\/\/www.pressenza.com\/pt-pt\/wp-json\/wp\/v2\/media?parent=10023"}],"curies":[{"name":"wp","href":"https:\/\/api.w.org\/{rel}","templated":true}]}}