{"id":1830878,"date":"2024-03-08T16:30:18","date_gmt":"2024-03-08T16:30:18","guid":{"rendered":"https:\/\/www.pressenza.com\/?page_id=1830878"},"modified":"2024-03-08T16:30:18","modified_gmt":"2024-03-08T16:30:18","slug":"pressenza-e-media-sponsor-della-3a-marcia-mondiale-per-la-pace-e-la-nonviolenza","status":"publish","type":"page","link":"https:\/\/www.pressenza.com\/it\/pressenza-e-media-sponsor-della-3a-marcia-mondiale-per-la-pace-e-la-nonviolenza\/","title":{"rendered":"Pressenza \u00e8 media sponsor della 3\u00aa Marcia Mondiale per la Pace e la Nonviolenza"},"content":{"rendered":"<h1>Pressenza \u00e8 media sponsor della 3\u00aa Marcia Mondiale per la Pace e la Nonviolenza<\/h1>\n<p>Pressenza, nata come agenzia di stampa per la prima Marcia Mondiale per la Pace e la Nonviolenza del 2009, ha un&#8217;origine incredibile. Siamo stati concepiti nel bel mezzo dell&#8217;ondata di pace, adottando un approccio multilingue, multiculturale e multicontinentale alla diffusione multimediale. Ogni giorno ci sforziamo di fornire foto, video, reportage, interviste e tavole rotonde, indipendentemente dal tempo, operando 24 ore su 24, 7 giorni su 7, da est a ovest, da nord a sud. Oggi continuiamo questa missione con pi\u00f9 lingue, una copertura pi\u00f9 ampia e un&#8217;esperienza migliore.<\/p>\n<p>Siamo molto orgogliosi di annunciare il nostro ruolo di Media Sponsor della Terza Marcia Mondiale e parteciperemo attivamente al suo lancio in Costa Rica il 2 ottobre 2024, accompagnando la marcia fino alla sua conclusione nel 2025.<\/p>\n<p>Quattordici anni fa, i concetti di Pace e Nonviolenza erano gi\u00e0 riconosciuti come soluzioni cruciali per forgiare un futuro migliore per l&#8217;umanit\u00e0. Oggi, la loro importanza \u00e8 solo aumentata, poich\u00e9 l&#8217;urgenza delle nostre crisi globali li rende imperativi e forse l&#8217;unica cosa che pu\u00f2 dare una svolta al nostro mondo.<\/p>\n<p>Diamo un caloroso benvenuto a tutti coloro che contribuiscono a questo sforzo supremo: organizzatori, volontari, artisti, partecipanti, istituzioni, figure politiche e movimenti sociali. Pressenza \u00e8 onorata di amplificare le voci e le azioni di queste persone. L\u2018iniziativa \u00e8 una delle azioni pi\u00f9 umanizzanti del nostro tempo. Mentre la nostra umanit\u00e0 si trasforma, noi sosteniamo la Pace e la Nonviolenza.<\/p>\n","protected":false},"excerpt":{"rendered":"<p>Pressenza \u00e8 media sponsor della 3\u00aa Marcia Mondiale per la Pace e la Nonviolenza Pressenza, nata come agenzia di stampa per la prima Marcia Mondiale per la Pace e la Nonviolenza del 2009, ha un&#8217;origine incredibile. Siamo stati concepiti nel&hellip;<\/p>\n","protected":false},"author":1201,"featured_media":0,"parent":0,"menu_order":0,"comment_status":"closed","ping_status":"closed","template":"","meta":{"footnotes":""},"class_list":["post-1830878","page","type-page","status-publish","hentry"],"yoast_head":"<!-- This site is optimized with the Yoast SEO plugin v27.1.1 - https:\/\/yoast.com\/product\/yoast-seo-wordpress\/ -->\n<title>Pressenza \u00e8 media sponsor della 3\u00aa Marcia Mondiale per la Pace e la Nonviolenza - Pressenza<\/title>\n<meta name=\"robots\" content=\"index, follow, max-snippet:-1, max-image-preview:large, max-video-preview:-1\" \/>\n<link rel=\"canonical\" href=\"https:\/\/www.pressenza.com\/it\/pressenza-e-media-sponsor-della-3a-marcia-mondiale-per-la-pace-e-la-nonviolenza\/\" \/>\n<meta property=\"og:locale\" content=\"it_IT\" \/>\n<meta property=\"og:type\" content=\"article\" \/>\n<meta property=\"og:title\" content=\"Pressenza \u00e8 media sponsor della 3\u00aa Marcia Mondiale per la Pace e la Nonviolenza - Pressenza\" \/>\n<meta property=\"og:description\" content=\"Pressenza \u00e8 media sponsor della 3\u00aa Marcia Mondiale per la Pace e la Nonviolenza Pressenza, nata come agenzia di stampa per la prima Marcia Mondiale per la Pace e la Nonviolenza del 2009, ha un&#8217;origine incredibile. Siamo stati concepiti nel&hellip;\" \/>\n<meta property=\"og:url\" content=\"https:\/\/www.pressenza.com\/it\/pressenza-e-media-sponsor-della-3a-marcia-mondiale-per-la-pace-e-la-nonviolenza\/\" \/>\n<meta property=\"og:site_name\" content=\"Pressenza\" \/>\n<meta property=\"article:publisher\" content=\"https:\/\/www.facebook.com\/PressenzaItalia\" \/>\n<meta name=\"twitter:card\" content=\"summary_large_image\" \/>\n<meta name=\"twitter:site\" content=\"@PressenzaIPA\" \/>\n<meta name=\"twitter:label1\" content=\"Tempo di lettura stimato\" \/>\n\t<meta name=\"twitter:data1\" content=\"2 minuti\" \/>\n<script type=\"application\/ld+json\" class=\"yoast-schema-graph\">{\"@context\":\"https:\/\/schema.org\",\"@graph\":[{\"@type\":\"WebPage\",\"@id\":\"https:\/\/www.pressenza.com\/it\/pressenza-e-media-sponsor-della-3a-marcia-mondiale-per-la-pace-e-la-nonviolenza\/\",\"url\":\"https:\/\/www.pressenza.com\/it\/pressenza-e-media-sponsor-della-3a-marcia-mondiale-per-la-pace-e-la-nonviolenza\/\",\"name\":\"Pressenza \u00e8 media sponsor della 3\u00aa Marcia Mondiale per la Pace e la Nonviolenza - Pressenza\",\"isPartOf\":{\"@id\":\"https:\/\/www.pressenza.com\/it\/#website\"},\"datePublished\":\"2024-03-08T16:30:18+00:00\",\"breadcrumb\":{\"@id\":\"https:\/\/www.pressenza.com\/it\/pressenza-e-media-sponsor-della-3a-marcia-mondiale-per-la-pace-e-la-nonviolenza\/#breadcrumb\"},\"inLanguage\":\"it-IT\",\"potentialAction\":[{\"@type\":\"ReadAction\",\"target\":[\"https:\/\/www.pressenza.com\/it\/pressenza-e-media-sponsor-della-3a-marcia-mondiale-per-la-pace-e-la-nonviolenza\/\"]}]},{\"@type\":\"BreadcrumbList\",\"@id\":\"https:\/\/www.pressenza.com\/it\/pressenza-e-media-sponsor-della-3a-marcia-mondiale-per-la-pace-e-la-nonviolenza\/#breadcrumb\",\"itemListElement\":[{\"@type\":\"ListItem\",\"position\":1,\"name\":\"Accueil\",\"item\":\"https:\/\/www.pressenza.com\/it\/\"},{\"@type\":\"ListItem\",\"position\":2,\"name\":\"Pressenza \u00e8 media sponsor della 3\u00aa Marcia Mondiale per la Pace e la Nonviolenza\"}]},{\"@type\":\"WebSite\",\"@id\":\"https:\/\/www.pressenza.com\/it\/#website\",\"url\":\"https:\/\/www.pressenza.com\/it\/\",\"name\":\"Pressenza\",\"description\":\"Agenzia di Stampa Internazionale\",\"publisher\":{\"@id\":\"https:\/\/www.pressenza.com\/it\/#organization\"},\"potentialAction\":[{\"@type\":\"SearchAction\",\"target\":{\"@type\":\"EntryPoint\",\"urlTemplate\":\"https:\/\/www.pressenza.com\/it\/?s={search_term_string}\"},\"query-input\":{\"@type\":\"PropertyValueSpecification\",\"valueRequired\":true,\"valueName\":\"search_term_string\"}}],\"inLanguage\":\"it-IT\"},{\"@type\":\"Organization\",\"@id\":\"https:\/\/www.pressenza.com\/it\/#organization\",\"name\":\"Pressenza\",\"url\":\"https:\/\/www.pressenza.com\/it\/\",\"logo\":{\"@type\":\"ImageObject\",\"inLanguage\":\"it-IT\",\"@id\":\"https:\/\/www.pressenza.com\/it\/#\/schema\/logo\/image\/\",\"url\":\"https:\/\/www.pressenza.com\/wp-content\/uploads\/2022\/10\/pressenza_logo_200x200.jpg\",\"contentUrl\":\"https:\/\/www.pressenza.com\/wp-content\/uploads\/2022\/10\/pressenza_logo_200x200.jpg\",\"width\":200,\"height\":200,\"caption\":\"Pressenza\"},\"image\":{\"@id\":\"https:\/\/www.pressenza.com\/it\/#\/schema\/logo\/image\/\"},\"sameAs\":[\"https:\/\/www.facebook.com\/PressenzaItalia\",\"https:\/\/x.com\/PressenzaIPA\"]}]}<\/script>\n<!-- \/ Yoast SEO plugin. -->","yoast_head_json":{"title":"Pressenza \u00e8 media sponsor della 3\u00aa Marcia Mondiale per la Pace e la Nonviolenza - Pressenza","robots":{"index":"index","follow":"follow","max-snippet":"max-snippet:-1","max-image-preview":"max-image-preview:large","max-video-preview":"max-video-preview:-1"},"canonical":"https:\/\/www.pressenza.com\/it\/pressenza-e-media-sponsor-della-3a-marcia-mondiale-per-la-pace-e-la-nonviolenza\/","og_locale":"it_IT","og_type":"article","og_title":"Pressenza \u00e8 media sponsor della 3\u00aa Marcia Mondiale per la Pace e la Nonviolenza - Pressenza","og_description":"Pressenza \u00e8 media sponsor della 3\u00aa Marcia Mondiale per la Pace e la Nonviolenza Pressenza, nata come agenzia di stampa per la prima Marcia Mondiale per la Pace e la Nonviolenza del 2009, ha un&#8217;origine incredibile. Siamo stati concepiti nel&hellip;","og_url":"https:\/\/www.pressenza.com\/it\/pressenza-e-media-sponsor-della-3a-marcia-mondiale-per-la-pace-e-la-nonviolenza\/","og_site_name":"Pressenza","article_publisher":"https:\/\/www.facebook.com\/PressenzaItalia","twitter_card":"summary_large_image","twitter_site":"@PressenzaIPA","twitter_misc":{"Tempo di lettura stimato":"2 minuti"},"schema":{"@context":"https:\/\/schema.org","@graph":[{"@type":"WebPage","@id":"https:\/\/www.pressenza.com\/it\/pressenza-e-media-sponsor-della-3a-marcia-mondiale-per-la-pace-e-la-nonviolenza\/","url":"https:\/\/www.pressenza.com\/it\/pressenza-e-media-sponsor-della-3a-marcia-mondiale-per-la-pace-e-la-nonviolenza\/","name":"Pressenza \u00e8 media sponsor della 3\u00aa Marcia Mondiale per la Pace e la Nonviolenza - Pressenza","isPartOf":{"@id":"https:\/\/www.pressenza.com\/it\/#website"},"datePublished":"2024-03-08T16:30:18+00:00","breadcrumb":{"@id":"https:\/\/www.pressenza.com\/it\/pressenza-e-media-sponsor-della-3a-marcia-mondiale-per-la-pace-e-la-nonviolenza\/#breadcrumb"},"inLanguage":"it-IT","potentialAction":[{"@type":"ReadAction","target":["https:\/\/www.pressenza.com\/it\/pressenza-e-media-sponsor-della-3a-marcia-mondiale-per-la-pace-e-la-nonviolenza\/"]}]},{"@type":"BreadcrumbList","@id":"https:\/\/www.pressenza.com\/it\/pressenza-e-media-sponsor-della-3a-marcia-mondiale-per-la-pace-e-la-nonviolenza\/#breadcrumb","itemListElement":[{"@type":"ListItem","position":1,"name":"Accueil","item":"https:\/\/www.pressenza.com\/it\/"},{"@type":"ListItem","position":2,"name":"Pressenza \u00e8 media sponsor della 3\u00aa Marcia Mondiale per la Pace e la Nonviolenza"}]},{"@type":"WebSite","@id":"https:\/\/www.pressenza.com\/it\/#website","url":"https:\/\/www.pressenza.com\/it\/","name":"Pressenza","description":"Agenzia di Stampa Internazionale","publisher":{"@id":"https:\/\/www.pressenza.com\/it\/#organization"},"potentialAction":[{"@type":"SearchAction","target":{"@type":"EntryPoint","urlTemplate":"https:\/\/www.pressenza.com\/it\/?s={search_term_string}"},"query-input":{"@type":"PropertyValueSpecification","valueRequired":true,"valueName":"search_term_string"}}],"inLanguage":"it-IT"},{"@type":"Organization","@id":"https:\/\/www.pressenza.com\/it\/#organization","name":"Pressenza","url":"https:\/\/www.pressenza.com\/it\/","logo":{"@type":"ImageObject","inLanguage":"it-IT","@id":"https:\/\/www.pressenza.com\/it\/#\/schema\/logo\/image\/","url":"https:\/\/www.pressenza.com\/wp-content\/uploads\/2022\/10\/pressenza_logo_200x200.jpg","contentUrl":"https:\/\/www.pressenza.com\/wp-content\/uploads\/2022\/10\/pressenza_logo_200x200.jpg","width":200,"height":200,"caption":"Pressenza"},"image":{"@id":"https:\/\/www.pressenza.com\/it\/#\/schema\/logo\/image\/"},"sameAs":["https:\/\/www.facebook.com\/PressenzaItalia","https:\/\/x.com\/PressenzaIPA"]}]}},"_links":{"self":[{"href":"https:\/\/www.pressenza.com\/it\/wp-json\/wp\/v2\/pages\/1830878","targetHints":{"allow":["GET"]}}],"collection":[{"href":"https:\/\/www.pressenza.com\/it\/wp-json\/wp\/v2\/pages"}],"about":[{"href":"https:\/\/www.pressenza.com\/it\/wp-json\/wp\/v2\/types\/page"}],"author":[{"embeddable":true,"href":"https:\/\/www.pressenza.com\/it\/wp-json\/wp\/v2\/users\/1201"}],"replies":[{"embeddable":true,"href":"https:\/\/www.pressenza.com\/it\/wp-json\/wp\/v2\/comments?post=1830878"}],"version-history":[{"count":0,"href":"https:\/\/www.pressenza.com\/it\/wp-json\/wp\/v2\/pages\/1830878\/revisions"}],"wp:attachment":[{"href":"https:\/\/www.pressenza.com\/it\/wp-json\/wp\/v2\/media?parent=1830878"}],"curies":[{"name":"wp","href":"https:\/\/api.w.org\/{rel}","templated":true}]}}