{"id":166418,"date":"2015-02-28T17:47:37","date_gmt":"2015-02-28T17:47:37","guid":{"rendered":"http:\/\/www.pressenza.com\/?page_id=166418"},"modified":"2019-02-02T08:51:02","modified_gmt":"2019-02-02T08:51:02","slug":"partecipa-e-sostieni","status":"publish","type":"page","link":"https:\/\/www.pressenza.com\/it\/partecipa-e-sostieni\/","title":{"rendered":"Partecipa"},"content":{"rendered":"<h3 style=\"text-align: center;\"><span style=\"color: #800000;\"><strong>Sostieni e partecipa al nostro giornalismo indipendente. <\/strong><\/span><br \/>\nDa 10 anni diamo voce alle tante luci nell&#8217;oscurit\u00e0.<\/h3>\n<p style=\"text-align: left;\">Pressenza vive grazie al lavoro volontario di tantissime persone. Per farti un&#8217;idea di chi e quanti siamo consulta <a href=\"https:\/\/www.pressenza.com\/it\/informazioni\/\">questa pagina<\/a>.<\/p>\n<p><img loading=\"lazy\" decoding=\"async\" class=\"alignleft wp-image-799772\" style=\"float: left;\" src=\"https:\/\/www.pressenza.com\/wp-content\/uploads\/2019\/02\/IMG_7160-150x150.jpg\" alt=\"Partecipa e sostieni Pressenza\" width=\"194\" height=\"194\" \/><\/p>\n<p>A Pressenza ci piace lavorare in \u00e9quipe a seconda dei temi che affrontiamo e che sono molteplici: ricerca, edizione, fotografia, video, diffusione sui social, relazioni, questioni tecniche informatiche. In ognuno di questi campi formiamo gruppi di lavoro di gente che si aiuta, che si appoggia, che d\u00e0 valore alle qualit\u00e0 e all&#8217;umanit\u00e0 dell&#8217;altro.<\/p>\n<p><strong>Perch\u00e9 lo facciamo? Perch\u00e9 ci piace e ci sembra giusto!!<\/strong><\/p>\n<p>Se ti piace questo modo di lavorare e sei d&#8217;accordo sui nostri valori e i principi\u00a0che ci sostengono puoi scrivere a <a href=\"mailto:redazioneitalia@pressenza.com\"><strong>redazioneitalia@pressenza.com<\/strong><\/a><strong>.<\/strong><\/p>\n<p>Qui sotto alcune cose di cui abbiamo specialmente bisogno (ma ogni altro contributo \u00e8 ben accetto).<\/p>\n<p>&nbsp;<\/p>\n<p><span style=\"color: #800000;\"><strong><img loading=\"lazy\" decoding=\"async\" class=\"alignright wp-image-799781\" style=\"float: right;\" src=\"https:\/\/www.pressenza.com\/wp-content\/uploads\/2019\/02\/Face2FaceShowNumber32-01072017-300x178.jpg\" alt=\"Partecipa e sostieni Pressenza\" width=\"328\" height=\"195\" srcset=\"https:\/\/www.pressenza.com\/wp-content\/uploads\/2019\/02\/Face2FaceShowNumber32-01072017-300x178.jpg 300w, https:\/\/www.pressenza.com\/wp-content\/uploads\/2019\/02\/Face2FaceShowNumber32-01072017.jpg 567w\" sizes=\"auto, (max-width: 328px) 100vw, 328px\" \/>Diffusori social<br \/>\n<\/strong><\/span>Per un&#8217;agenzia indipendente ed autofinanziata il lavoro di diffusione sui social \u00e8 essenziale: aiutaci ad aumentare la nostra visibilit\u00e0 sui social e a rendere la nostra proposta social pi\u00f9 varia, accattivante e capace di catturare nuovi lettori<\/p>\n<p><span style=\"color: #800000;\"><strong>Fotografi<br \/>\n<\/strong><\/span>Cerchiamo in ogni citt\u00e0 persone disponibili ad andare a eventi e manifestazioni per poter fare fotonotizie e fotoreportages; non \u00e8 necessario essere fotografi professionisti ma semplicemente avere gusto per la fotografia.<\/p>\n<p><span style=\"color: #800000;\"><strong>Redattori locali<br \/>\n<\/strong><\/span>Presenza \u00e8 un&#8217;agenzia stampa internazionale che parte dalla base della societ\u00e0; abbiamo sempre pi\u00f9 bisogno di redattori che testimonino direttamente e raccontino quel che succede veramente nella societ\u00e0. Pressenza punta a una rete sempre pi\u00f9 ampia di redazioni e corrispondenti locali.<img loading=\"lazy\" decoding=\"async\" class=\"aligncenter wp-image-799790\" style=\"float: right;\" src=\"https:\/\/www.pressenza.com\/wp-content\/uploads\/2019\/02\/DSCN0437-300x257.jpg\" alt=\"Partecipa e sostieni Pressenza, il giornalismo indipendente\" width=\"286\" height=\"245\" srcset=\"https:\/\/www.pressenza.com\/wp-content\/uploads\/2019\/02\/DSCN0437-300x257.jpg 300w, https:\/\/www.pressenza.com\/wp-content\/uploads\/2019\/02\/DSCN0437.jpg 567w\" sizes=\"auto, (max-width: 286px) 100vw, 286px\" \/><\/p>\n<p><span style=\"color: #800000;\"><strong>Sviluppatori WordPress<br \/>\n<\/strong><\/span>Qui in Pressenza abbiamo un&#8217;opportunit\u00e0 entusiasmante per ogni sviluppatore di WordPress. Attualmente stiamo cercando persone di talento che ci possano aiutare con lo sviluppo e la manutenzione del sito web www.pressenza.com.<\/p>\n<p><span style=\"color: #800000;\"><strong>Videomaker<br \/>\n<\/strong><\/span>Stiamo sviluppando il <a href=\"https:\/\/www.youtube.com\/channel\/UCSalEIWjE1RSxkwjfftFuqg\">canale video di Pressenza<\/a> che lavora in modo interattivo con le notizie che pubblichiamo ma anche in modo indipendente con videointerviste, reportages ecc.<\/p>\n<p><span style=\"color: #800000;\"><strong>Correttori di bozze<br \/>\n<\/strong><\/span>Il ritmo frenetico di un&#8217;agenzia richiede che dietro al lavoro rapido dei redattori ci sia qualcuno che con calma rilegga e migliori la redazione e l&#8217;estetica degli articoli.<\/p>\n<p style=\"text-align: left;\"><span style=\"color: #800000;\"><strong>\u00a0Traduttori<br \/>\n<\/strong><\/span><img loading=\"lazy\" decoding=\"async\" class=\"alignleft wp-image-799799\" style=\"float: left;\" src=\"https:\/\/www.pressenza.com\/wp-content\/uploads\/2019\/02\/DSCF0309-300x296.jpg\" alt=\"Partecipa e sostieni Pressenza, il giornalismo indipendente\" width=\"208\" height=\"205\" srcset=\"https:\/\/www.pressenza.com\/wp-content\/uploads\/2019\/02\/DSCF0309-300x296.jpg 300w, https:\/\/www.pressenza.com\/wp-content\/uploads\/2019\/02\/DSCF0309.jpg 567w\" sizes=\"auto, (max-width: 208px) 100vw, 208px\" \/> L&#8217;esistenza di differenti redazioni di Pressenza sparse per il mondo consente di pubblicare notizie in 8 lingue ogni giorni. Questo crea l&#8217;esigenza di avere dei traduttori in grado di tradurre dalle principali e pi\u00f9 diffuse lingue (inglese, francese, spagnolo, portoghese, tedesco) all&#8217;italiano. Ma attenzione pubblichiamo ogni giorno anche in greco, catalano e magiaro.<\/p>\n<p><strong><span style=\"color: #800000;\">\u00a0Segretari\/ie di redazione<br \/>\n<\/span><\/strong>\u00a0All&#8217;interno della redazione chi si occupa della segreteria \u00e8 colei o colui che, oltre a qualche mansione di\u00a0 carattere organizzativo e amministrativo, riesce a occuparsi della creazione di una lista esauriente di eventi,\u00a0 ricorrenze, date, manifestazioni, iniziative, giornate internazionali, ecc. che hanno luogo giorno per giorno durante il corso dell&#8217;anno e che vanno imperativamente indicate in modo preventivo alla redazione in maniera che possa organizzarsi e coprire quelle date.<\/p>\n<p><span style=\"color: #800000;\"><strong>Co-organizzatori di eventi<br \/>\n<\/strong><\/span>Pressenza \u00e8 ideatrice e organizzatrice di differenti eventi e incontri che possono aver luogo in differenti citt\u00e0 italiane. In tale contesto \u00e8 sempre necessario l&#8217;apporto e il sostegno di collaboratori che appassionatamente dedichino del tempo alle varie fasi organizzative curando spesso sia gli aspetti logistici che quelli organizzativi<\/p>\n<p><img loading=\"lazy\" decoding=\"async\" class=\"aligncenter wp-image-799808 size-medium\" style=\"float: right;\" src=\"https:\/\/www.pressenza.com\/wp-content\/uploads\/2019\/02\/Pressenza-en-Quito03-300x209.jpg\" alt=\"Partecipa e sostieni Pressenza, il giornalismo indipendente\" width=\"300\" height=\"209\" srcset=\"https:\/\/www.pressenza.com\/wp-content\/uploads\/2019\/02\/Pressenza-en-Quito03-300x209.jpg 300w, https:\/\/www.pressenza.com\/wp-content\/uploads\/2019\/02\/Pressenza-en-Quito03-768x534.jpg 768w, https:\/\/www.pressenza.com\/wp-content\/uploads\/2019\/02\/Pressenza-en-Quito03-720x501.jpg 720w, https:\/\/www.pressenza.com\/wp-content\/uploads\/2019\/02\/Pressenza-en-Quito03.jpg 850w\" sizes=\"auto, (max-width: 300px) 100vw, 300px\" \/> <span style=\"color: #800000;\"><strong>Grafici<br \/>\n<\/strong><\/span>Siamo spesso alla ricerca di bravi grafici che possano aiutare sia per la preparazione di locandine, poster, brochure, volantini, banner che per confezionare realizzazioni per i social.<\/p>\n<p>&nbsp;<\/p>\n<p>&nbsp;<\/p>\n<h4 style=\"text-align: center;\"><strong>Contatto:<\/strong> <span style=\"color: #800000;\"><strong><a style=\"color: #800000;\" href=\"mailto:redazioneitalia@pressenza.com\">redazioneitalia@pressenza.com <\/a><\/strong><\/span><\/h4>\n","protected":false},"excerpt":{"rendered":"<p>Sostieni e partecipa al nostro giornalismo indipendente. Da 10 anni diamo voce alle tante luci nell&#8217;oscurit\u00e0. Pressenza vive grazie al lavoro volontario di tantissime persone. Per farti un&#8217;idea di chi e quanti siamo consulta questa pagina. A Pressenza ci piace&hellip;<\/p>\n","protected":false},"author":6,"featured_media":0,"parent":0,"menu_order":0,"comment_status":"closed","ping_status":"open","template":"","meta":{"footnotes":""},"class_list":["post-166418","page","type-page","status-publish","hentry"],"yoast_head":"<!-- This site is optimized with the Yoast SEO plugin v27.1.1 - https:\/\/yoast.com\/product\/yoast-seo-wordpress\/ -->\n<title>Partecipa - Pressenza<\/title>\n<meta name=\"robots\" content=\"index, follow, max-snippet:-1, max-image-preview:large, max-video-preview:-1\" \/>\n<link rel=\"canonical\" href=\"https:\/\/www.pressenza.com\/it\/partecipa-e-sostieni\/\" \/>\n<meta property=\"og:locale\" content=\"it_IT\" \/>\n<meta property=\"og:type\" content=\"article\" \/>\n<meta property=\"og:title\" content=\"Partecipa - Pressenza\" \/>\n<meta property=\"og:description\" content=\"Sostieni e partecipa al nostro giornalismo indipendente. Da 10 anni diamo voce alle tante luci nell&#8217;oscurit\u00e0. Pressenza vive grazie al lavoro volontario di tantissime persone. Per farti un&#8217;idea di chi e quanti siamo consulta questa pagina. A Pressenza ci piace&hellip;\" \/>\n<meta property=\"og:url\" content=\"https:\/\/www.pressenza.com\/it\/partecipa-e-sostieni\/\" \/>\n<meta property=\"og:site_name\" content=\"Pressenza\" \/>\n<meta property=\"article:publisher\" content=\"https:\/\/www.facebook.com\/PressenzaItalia\" \/>\n<meta property=\"article:modified_time\" content=\"2019-02-02T08:51:02+00:00\" \/>\n<meta property=\"og:image\" content=\"https:\/\/www.pressenza.com\/wp-content\/uploads\/2019\/02\/IMG_7160-150x150.jpg\" \/>\n<meta name=\"twitter:card\" content=\"summary_large_image\" \/>\n<meta name=\"twitter:site\" content=\"@PressenzaIPA\" \/>\n<meta name=\"twitter:label1\" content=\"Tempo di lettura stimato\" \/>\n\t<meta name=\"twitter:data1\" content=\"3 minuti\" \/>\n<script type=\"application\/ld+json\" class=\"yoast-schema-graph\">{\"@context\":\"https:\/\/schema.org\",\"@graph\":[{\"@type\":\"WebPage\",\"@id\":\"https:\/\/www.pressenza.com\/it\/partecipa-e-sostieni\/\",\"url\":\"https:\/\/www.pressenza.com\/it\/partecipa-e-sostieni\/\",\"name\":\"Partecipa - Pressenza\",\"isPartOf\":{\"@id\":\"https:\/\/www.pressenza.com\/it\/#website\"},\"primaryImageOfPage\":{\"@id\":\"https:\/\/www.pressenza.com\/it\/partecipa-e-sostieni\/#primaryimage\"},\"image\":{\"@id\":\"https:\/\/www.pressenza.com\/it\/partecipa-e-sostieni\/#primaryimage\"},\"thumbnailUrl\":\"https:\/\/www.pressenza.com\/wp-content\/uploads\/2019\/02\/IMG_7160-150x150.jpg\",\"datePublished\":\"2015-02-28T17:47:37+00:00\",\"dateModified\":\"2019-02-02T08:51:02+00:00\",\"breadcrumb\":{\"@id\":\"https:\/\/www.pressenza.com\/it\/partecipa-e-sostieni\/#breadcrumb\"},\"inLanguage\":\"it-IT\",\"potentialAction\":[{\"@type\":\"ReadAction\",\"target\":[\"https:\/\/www.pressenza.com\/it\/partecipa-e-sostieni\/\"]}]},{\"@type\":\"ImageObject\",\"inLanguage\":\"it-IT\",\"@id\":\"https:\/\/www.pressenza.com\/it\/partecipa-e-sostieni\/#primaryimage\",\"url\":\"https:\/\/www.pressenza.com\/wp-content\/uploads\/2019\/02\/IMG_7160-150x150.jpg\",\"contentUrl\":\"https:\/\/www.pressenza.com\/wp-content\/uploads\/2019\/02\/IMG_7160-150x150.jpg\"},{\"@type\":\"BreadcrumbList\",\"@id\":\"https:\/\/www.pressenza.com\/it\/partecipa-e-sostieni\/#breadcrumb\",\"itemListElement\":[{\"@type\":\"ListItem\",\"position\":1,\"name\":\"Accueil\",\"item\":\"https:\/\/www.pressenza.com\/it\/\"},{\"@type\":\"ListItem\",\"position\":2,\"name\":\"Partecipa\"}]},{\"@type\":\"WebSite\",\"@id\":\"https:\/\/www.pressenza.com\/it\/#website\",\"url\":\"https:\/\/www.pressenza.com\/it\/\",\"name\":\"Pressenza\",\"description\":\"Agenzia di Stampa Internazionale\",\"publisher\":{\"@id\":\"https:\/\/www.pressenza.com\/it\/#organization\"},\"potentialAction\":[{\"@type\":\"SearchAction\",\"target\":{\"@type\":\"EntryPoint\",\"urlTemplate\":\"https:\/\/www.pressenza.com\/it\/?s={search_term_string}\"},\"query-input\":{\"@type\":\"PropertyValueSpecification\",\"valueRequired\":true,\"valueName\":\"search_term_string\"}}],\"inLanguage\":\"it-IT\"},{\"@type\":\"Organization\",\"@id\":\"https:\/\/www.pressenza.com\/it\/#organization\",\"name\":\"Pressenza\",\"url\":\"https:\/\/www.pressenza.com\/it\/\",\"logo\":{\"@type\":\"ImageObject\",\"inLanguage\":\"it-IT\",\"@id\":\"https:\/\/www.pressenza.com\/it\/#\/schema\/logo\/image\/\",\"url\":\"https:\/\/www.pressenza.com\/wp-content\/uploads\/2022\/10\/pressenza_logo_200x200.jpg\",\"contentUrl\":\"https:\/\/www.pressenza.com\/wp-content\/uploads\/2022\/10\/pressenza_logo_200x200.jpg\",\"width\":200,\"height\":200,\"caption\":\"Pressenza\"},\"image\":{\"@id\":\"https:\/\/www.pressenza.com\/it\/#\/schema\/logo\/image\/\"},\"sameAs\":[\"https:\/\/www.facebook.com\/PressenzaItalia\",\"https:\/\/x.com\/PressenzaIPA\"]}]}<\/script>\n<!-- \/ Yoast SEO plugin. -->","yoast_head_json":{"title":"Partecipa - Pressenza","robots":{"index":"index","follow":"follow","max-snippet":"max-snippet:-1","max-image-preview":"max-image-preview:large","max-video-preview":"max-video-preview:-1"},"canonical":"https:\/\/www.pressenza.com\/it\/partecipa-e-sostieni\/","og_locale":"it_IT","og_type":"article","og_title":"Partecipa - Pressenza","og_description":"Sostieni e partecipa al nostro giornalismo indipendente. Da 10 anni diamo voce alle tante luci nell&#8217;oscurit\u00e0. Pressenza vive grazie al lavoro volontario di tantissime persone. Per farti un&#8217;idea di chi e quanti siamo consulta questa pagina. A Pressenza ci piace&hellip;","og_url":"https:\/\/www.pressenza.com\/it\/partecipa-e-sostieni\/","og_site_name":"Pressenza","article_publisher":"https:\/\/www.facebook.com\/PressenzaItalia","article_modified_time":"2019-02-02T08:51:02+00:00","og_image":[{"url":"https:\/\/www.pressenza.com\/wp-content\/uploads\/2019\/02\/IMG_7160-150x150.jpg","type":"","width":"","height":""}],"twitter_card":"summary_large_image","twitter_site":"@PressenzaIPA","twitter_misc":{"Tempo di lettura stimato":"3 minuti"},"schema":{"@context":"https:\/\/schema.org","@graph":[{"@type":"WebPage","@id":"https:\/\/www.pressenza.com\/it\/partecipa-e-sostieni\/","url":"https:\/\/www.pressenza.com\/it\/partecipa-e-sostieni\/","name":"Partecipa - Pressenza","isPartOf":{"@id":"https:\/\/www.pressenza.com\/it\/#website"},"primaryImageOfPage":{"@id":"https:\/\/www.pressenza.com\/it\/partecipa-e-sostieni\/#primaryimage"},"image":{"@id":"https:\/\/www.pressenza.com\/it\/partecipa-e-sostieni\/#primaryimage"},"thumbnailUrl":"https:\/\/www.pressenza.com\/wp-content\/uploads\/2019\/02\/IMG_7160-150x150.jpg","datePublished":"2015-02-28T17:47:37+00:00","dateModified":"2019-02-02T08:51:02+00:00","breadcrumb":{"@id":"https:\/\/www.pressenza.com\/it\/partecipa-e-sostieni\/#breadcrumb"},"inLanguage":"it-IT","potentialAction":[{"@type":"ReadAction","target":["https:\/\/www.pressenza.com\/it\/partecipa-e-sostieni\/"]}]},{"@type":"ImageObject","inLanguage":"it-IT","@id":"https:\/\/www.pressenza.com\/it\/partecipa-e-sostieni\/#primaryimage","url":"https:\/\/www.pressenza.com\/wp-content\/uploads\/2019\/02\/IMG_7160-150x150.jpg","contentUrl":"https:\/\/www.pressenza.com\/wp-content\/uploads\/2019\/02\/IMG_7160-150x150.jpg"},{"@type":"BreadcrumbList","@id":"https:\/\/www.pressenza.com\/it\/partecipa-e-sostieni\/#breadcrumb","itemListElement":[{"@type":"ListItem","position":1,"name":"Accueil","item":"https:\/\/www.pressenza.com\/it\/"},{"@type":"ListItem","position":2,"name":"Partecipa"}]},{"@type":"WebSite","@id":"https:\/\/www.pressenza.com\/it\/#website","url":"https:\/\/www.pressenza.com\/it\/","name":"Pressenza","description":"Agenzia di Stampa Internazionale","publisher":{"@id":"https:\/\/www.pressenza.com\/it\/#organization"},"potentialAction":[{"@type":"SearchAction","target":{"@type":"EntryPoint","urlTemplate":"https:\/\/www.pressenza.com\/it\/?s={search_term_string}"},"query-input":{"@type":"PropertyValueSpecification","valueRequired":true,"valueName":"search_term_string"}}],"inLanguage":"it-IT"},{"@type":"Organization","@id":"https:\/\/www.pressenza.com\/it\/#organization","name":"Pressenza","url":"https:\/\/www.pressenza.com\/it\/","logo":{"@type":"ImageObject","inLanguage":"it-IT","@id":"https:\/\/www.pressenza.com\/it\/#\/schema\/logo\/image\/","url":"https:\/\/www.pressenza.com\/wp-content\/uploads\/2022\/10\/pressenza_logo_200x200.jpg","contentUrl":"https:\/\/www.pressenza.com\/wp-content\/uploads\/2022\/10\/pressenza_logo_200x200.jpg","width":200,"height":200,"caption":"Pressenza"},"image":{"@id":"https:\/\/www.pressenza.com\/it\/#\/schema\/logo\/image\/"},"sameAs":["https:\/\/www.facebook.com\/PressenzaItalia","https:\/\/x.com\/PressenzaIPA"]}]}},"_links":{"self":[{"href":"https:\/\/www.pressenza.com\/it\/wp-json\/wp\/v2\/pages\/166418","targetHints":{"allow":["GET"]}}],"collection":[{"href":"https:\/\/www.pressenza.com\/it\/wp-json\/wp\/v2\/pages"}],"about":[{"href":"https:\/\/www.pressenza.com\/it\/wp-json\/wp\/v2\/types\/page"}],"author":[{"embeddable":true,"href":"https:\/\/www.pressenza.com\/it\/wp-json\/wp\/v2\/users\/6"}],"replies":[{"embeddable":true,"href":"https:\/\/www.pressenza.com\/it\/wp-json\/wp\/v2\/comments?post=166418"}],"version-history":[{"count":0,"href":"https:\/\/www.pressenza.com\/it\/wp-json\/wp\/v2\/pages\/166418\/revisions"}],"wp:attachment":[{"href":"https:\/\/www.pressenza.com\/it\/wp-json\/wp\/v2\/media?parent=166418"}],"curies":[{"name":"wp","href":"https:\/\/api.w.org\/{rel}","templated":true}]}}