{"id":1275592,"date":"2021-01-10T16:04:40","date_gmt":"2021-01-10T16:04:40","guid":{"rendered":"https:\/\/www.pressenza.com\/?page_id=1275592"},"modified":"2022-10-19T08:11:30","modified_gmt":"2022-10-19T07:11:30","slug":"catalogo-dei-documentari","status":"publish","type":"page","link":"https:\/\/www.pressenza.com\/it\/catalogo-dei-documentari\/","title":{"rendered":"Catalogo dei documentari"},"content":{"rendered":"<h1><img loading=\"lazy\" decoding=\"async\" width=\"640\" height=\"360\" class=\"aligncenter wp-image-1275593 size-full\" style=\"width: 100%; height: auto;\" src=\"https:\/\/www.pressenza.com\/wp-content\/uploads\/2021\/01\/documentari-banner.jpeg\" alt=\"\" srcset=\"https:\/\/www.pressenza.com\/wp-content\/uploads\/2021\/01\/documentari-banner.jpeg 640w, https:\/\/www.pressenza.com\/wp-content\/uploads\/2021\/01\/documentari-banner-300x169.jpeg 300w\" sizes=\"auto, (max-width: 640px) 100vw, 640px\" \/><\/h1>\n<h1 class=\"western\"><strong>CATALOGO DEI DOCUMENTARI<\/strong><\/h1>\n<p>Quella che segue \u00e8 una lista dei documentari prodotti da Pressenza e che sono disponibili sotto Licenza Creative Commons 4.0, cosa che consente ai canali televisivi la loro diffusione gratuita. Per richiedere i trailer o i documentari stessi, si prega di contattare direttamente il responsabile di ogni produzione.<\/p>\n<h2 class=\"western\"><span style=\"font-family: Arial Unicode MS;\"><strong><span style=\"color: #f58220;\">\u5979\u4eec\u611f\u89c9\u5230\u9ece\u660e\u8981\u6765\u4e86<\/span><\/strong><\/span><\/h2>\n<h2 class=\"western\"><strong>SENTONO <\/strong><strong><span style=\"color: #f58220;\">CHE L&#8217;ALBA SORGERA&#8217;<\/span><\/strong><\/h2>\n<h3 class=\"western\"><span style=\"color: #f58220;\">Dettagli tecnici<\/span><\/h3>\n<p><em>Anno di produzione:<\/em> 2019<br \/>\n<em>Durata:<\/em> 56\u2032<br \/>\n<em>Formato:<\/em> HD<br \/>\n<em>Schermo:<\/em> 16\/9<br \/>\n<em>Colore:<\/em> COLORE<br \/>\n<em>Genere:<\/em> DOCUMENTARIO<br \/>\n<em>Luogo delle riprese:<\/em> CILE, PER\u00da, ECUADOR, COLOMBIA E MESSICO<br \/>\n<em>Versione originale:<\/em> SPAGNOLO<br \/>\n<em>Narrazione:<\/em> Spagnolo, Inglese.<br \/>\n<em>Sottotitoli:<\/em> Spagnolo, cinese, inglese, italiano e tedesco (francese e greco in corso)<\/p>\n<p>Con la regia di An\u00edbal Feres, Pressenza ha realizzato questo documentario su richiesta della China Global Television Network (CGTN) per essere trasmesso dal canale asiatico il 9 e 10 novembre 2019, raggiungendo indici d&#8217;ascolto molto importanti e ottenendo l&#8217;uscita per la trasmissione su altri canali, come MNN1 negli Stati Uniti, TV UNAM in Messico, Channel 14 e UCR in Costa Rica, Channel 3, Channel 10 e Canal Santa Rosa in Argentina, Channel 3 de La Victoria in Cile, TeleAntioquia in Colombia, che lo hanno gi\u00e0 trasmesso.<\/p>\n<p>Attraverso diverse interviste, mette in evidenza il lavoro delle donne latinoamericane all&#8217;avanguardia applicato a vari campi della scienza e della tecnologia, con il fine di contribuire al comune futuro sociale e ambientale. Seguendole, abbiamo viaggiato in Cile, Per\u00f9, Ecuador, Colombia e Messico, mantenendo la speranza di una nuova alba.<\/p>\n<p><em>Trailer<\/em>: <a href=\"https:\/\/youtu.be\/AMlwGJ93ChQ\">https:\/\/youtu.be\/AMlwGJ93ChQ<\/a><\/p>\n<p><em>Contatto:<\/em> P\u00eda Figueroa <a href=\"mailto:piaf@pressenza.com\">piaf@pressenza.com<\/a> +569 97116536<\/p>\n<hr \/>\n<h2 class=\"western\"><strong>L&#8217;INIZIO DELLA FINE <\/strong><strong><span style=\"color: #f58220;\">DELLE ARMI NUCLEARI<\/span><\/strong><\/h2>\n<h3 class=\"western\"><span style=\"color: #f58220;\"><strong>Dettagli tecnici<\/strong><\/span><\/h3>\n<p><em>Anno di produzione:<\/em> 2019<br \/>\n<em>Durata:<\/em> 56\u2032<br \/>\n<em>Formato:<\/em> HD<br \/>\n<em>Schermo:<\/em> 16\/9<br \/>\n<em>Colore:<\/em> COLORE<br \/>\n<em>Genere:<\/em> DOCUMENTARIO<br \/>\n<em>Luogo delle riprese:<\/em> SPAGNA, USA, CANADA, PAESI BASSI, SVIZZERA<br \/>\n<em>Versione originale:<\/em> SPAGNOLO E INGLESE<br \/>\n<em>Narrazione:<\/em> Spagnolo, Inglese, Italiano, Portoghese, Greco, Tedesco, Giapponese, Francese, Ceco e Svedese. (Russo e Arabo in corso)<br \/>\n<em>Sottotitoli:<\/em> Spagnolo, Inglese, Italiano, Portoghese, Greco, Tedesco, Giapponese, Francese, Ceco e Svedese. (Russo, Catalano e Arabo in corso)<\/p>\n<p>Il 7 luglio 2017, 122 Paesi hanno votato a favore del Trattato per la Proibizione delle Armi Nucleari. A favore sono stati i Paesi che non hanno armi nucleari ma vivono sotto la loro minaccia. I governi delle maggiori potenze nucleari non hanno votato, eppure il divieto \u00e8 andato avanti. Stava succedendo qualcosa di nuovo.<\/p>\n<p>Questo documentario, diretto da Alvaro Orus, tratta degli sforzi per incorporare nel diritto internazionale un trattato di proibizione delle armi nucleari, e il ruolo della Campagna Internazionale per l&#8217;Abolizione delle Armi Nucleari, ICAN, \u00e8 raccontato attraverso le voci di importanti attivisti di varie organizzazioni e paesi e del presidente della conferenza di negoziazione.<\/p>\n<p>Conduce lo spettatore attraverso una breve storia della bomba e dell&#8217;attivismo antinucleare. Si passa poi a considerare l&#8217;iniziativa umanitaria che ha sfidato con successo la narrazione dominante in materia di sicurezza e le misure storiche adottate dal 2010 per rendere il trattato una realt\u00e0. Infine, il film mostra cosa pu\u00f2 fare ognuno per appoggiare l&#8217;entrata in vigore del trattato e condanna le armi nucleari affinch\u00e8 siano finalmente sradicate.<\/p>\n<p><em>Trailer<\/em>: <a href=\"https:\/\/youtu.be\/5Beo-rIaZHQ\">https:\/\/youtu.be\/5Beo-rIaZHQ<\/a><\/p>\n<p><em>Contatto:<\/em> Tony Robinson <a href=\"mailto:tonymrobinson@gmail.com\">tonymrobinson@gmail.com<\/a> +44 7958 254938<\/p>\n<hr \/>\n<h2 class=\"western\"><strong>REDDITO DI BASE UNIVERSALE <\/strong><strong><span style=\"color: #f58220;\">IL NOSTRO DIRITTO A VIVERE<\/span><\/strong><\/h2>\n<h3 class=\"western\"><span style=\"color: #f58220;\"><strong>Dettagli tecnici<\/strong><\/span><\/h3>\n<p><em>Anno di produzione: 2018<br \/>\nDurata: 56\u2032<br \/>\nFormato: HD<br \/>\nSchermo: 16\/9<br \/>\nColore: COLORE<br \/>\nGenere: DOCUMENTARIO<br \/>\nLuogo delle riprese: SPAGNA, REGNO UNITO<br \/>\nVersione originale: SPAGNOLO<br \/>\nNarrazione: Spagnolo, Inglese, Francese, Tedesco e Italiano<br \/>\nSottotitoli: Spagnolo, Inglese, Francese, Tedesco, Italiano, Portoghese e Greco (Turco e Ucraino in corso)<\/em><\/p>\n<p>Il documentario &#8220;RBUI, il nostro diritto a vivere&#8221;, diretto da \u00c1lvaro Orus, tratta del diritto a vivere di tutti gli esseri umani per il solo fatto di essere nati. \u00c8 un&#8217;idea che ha gi\u00e0 una storia, ma che si \u00e8 diffusa in modo spettacolare negli ultimi anni, soprattutto a causa dello sviluppo tecnologico, che minaccia di lasciare la maggioranza della popolazione senza lavoro per soddisfare le proprie necessit\u00e0. Il documentario \u00e8 composto principalmente da interviste realizzate non solo ai fondatori, che lavorano da pi\u00f9 di trent&#8217;anni su questa idea, ma anche ad accademici e attivisti, che ci raccontano le loro attivit\u00e0 ed esperienze in tutto il mondo.<\/p>\n<p>&nbsp;<\/p>\n<p><em>Trailer<\/em>: <a href=\"https:\/\/www.youtube.com\/watch?v=rYpRK2gqL4I\">https:\/\/www.youtube.com\/watch?v=rYpRK2gqL4I<\/a><\/p>\n<p><em>Contatto:<\/em> \u00c1lvaro Orus Andreu <a href=\"https:\/\/d.docs.live.net\/1c2842433367a038\/Documentos\/Buenas%20Ideas\/Presentaciones\/alvaro.orus@pressenza.com\" target=\"_blank\" rel=\"noopener\" data-saferedirecturl=\"https:\/\/www.google.com\/url?q=https:\/\/d.docs.live.net\/1c2842433367a038\/Documentos\/Buenas%2520Ideas\/Presentaciones\/alvaro.orus@pressenza.com&amp;source=gmail&amp;ust=1612806701962000&amp;usg=AFQjCNGKQdvhKb035yP_7UgR3OkU6Dmevg\">alvaro.orus@<wbr \/>pressenza.com<\/a><\/p>\n<hr \/>\n<h2 class=\"western\"><strong>OLTRE LA <\/strong><strong><span style=\"color: #f58220;\">VENDETTA<\/span><\/strong><\/h2>\n<h3 class=\"western\"><span style=\"color: #f58220;\"><strong>Dettagli tecnici<\/strong><\/span><\/h3>\n<p><em>Anno di produzione: 2016<br \/>\nDurata: 75\u2032<br \/>\nFormato: HD<br \/>\nSchermo: 16\/9<br \/>\nColore: COLORE<br \/>\nGenere: DOCUMENTARIO<br \/>\nLuogo delle riprese: SPAGNA, CILE, ITALIA E PER\u00da<br \/>\nVersione originale: SPAGNOLO E ITALIANO<br \/>\nNarrazione: Spagnolo, Inglese, Francese, Tedesco, Italiano e Portoghese<br \/>\nSottotitoli: Spagnolo, Inglese, Francese, Tedesco, Italiano, Portoghese e Greco <\/em><\/p>\n<p>&#8220;Oltre la vendetta&#8221; si addentra nella storia dell&#8217;Occidente per scoprire come essa sia diventata parte costitutiva di tutta la nostra cultura. Ci immergiamo con i protagonisti nell&#8217;oscurit\u00e0 dei nostri sentimenti per emergere verso la possibilit\u00e0 di riconciliazione.<\/p>\n<p><em>Trailer<\/em>: <a href=\"https:\/\/youtu.be\/JLZ9fU6Ljgs\">https:\/\/youtu.be\/JLZ9fU6Ljgs<\/a><\/p>\n<p><em>Contatto:<\/em> \u00c1lvaro Orus Andreu <a href=\"https:\/\/d.docs.live.net\/1c2842433367a038\/Documentos\/Buenas%20Ideas\/Presentaciones\/alvaro.orus@pressenza.com\" target=\"_blank\" rel=\"noopener\" data-saferedirecturl=\"https:\/\/www.google.com\/url?q=https:\/\/d.docs.live.net\/1c2842433367a038\/Documentos\/Buenas%2520Ideas\/Presentaciones\/alvaro.orus@pressenza.com&amp;source=gmail&amp;ust=1612806701962000&amp;usg=AFQjCNGKQdvhKb035yP_7UgR3OkU6Dmevg\">alvaro.orus@<wbr \/>pressenza.com<\/a><\/p>\n<hr \/>\n<h2 class=\"western\"><strong>ALZANDOSI <\/strong><strong><span style=\"color: #f58220;\">IN VOLO<\/span><\/strong><\/h2>\n<h3 class=\"western\"><span style=\"color: #f58220;\"><strong>Dettagli tecnici<\/strong><\/span><\/h3>\n<p><em>Anno di produzione: 2016<br \/>\nDurata: 57\u2032<br \/>\nFormato: HD<br \/>\nSchermo: 16\/9<br \/>\nColore: COLORE<br \/>\nGenere: DOCUMENTARIO<br \/>\nLuogo delle riprese: SPAGNA<br \/>\nVersione originale: SPAGNOLO<br \/>\nNarrazione: Spagnolo<br \/>\nSottotitoli: Spagnolo, Inglese<\/em><\/p>\n<p>Questo documentario \u00e8 dedicato a coloro che hanno perduto una persona cara. Le persone che hanno affrontato il dolore condividono le loro esperienze e le loro comprensioni.<\/p>\n<p><i>Versione completa<\/i>: <a href=\"https:\/\/youtu.be\/c1nGAxTEccc\">https:\/\/youtu.be\/c1nGAxTEccc<\/a><\/p>\n<p><em>Contatto:<\/em> \u00c1lvaro Orus Andreu <a href=\"https:\/\/d.docs.live.net\/1c2842433367a038\/Documentos\/Buenas%20Ideas\/Presentaciones\/alvaro.orus@pressenza.com\" target=\"_blank\" rel=\"noopener\" data-saferedirecturl=\"https:\/\/www.google.com\/url?q=https:\/\/d.docs.live.net\/1c2842433367a038\/Documentos\/Buenas%2520Ideas\/Presentaciones\/alvaro.orus@pressenza.com&amp;source=gmail&amp;ust=1612806701962000&amp;usg=AFQjCNGKQdvhKb035yP_7UgR3OkU6Dmevg\">alvaro.orus@<wbr \/>pressenza.com<\/a><\/p>\n<hr \/>\n<h2 class=\"western\"><strong>COMPAGNI <\/strong><strong><span style=\"color: #f58220;\">DI VIAGGIO<\/span><\/strong><\/h2>\n<h3 class=\"western\"><span style=\"color: #f58220;\"><strong>Dettagli tecnici<\/strong><\/span><\/h3>\n<p><em>Anno di produzione: 2015<br \/>\nDurata: 56\u2032<br \/>\nFormato: HD<br \/>\nSchermo: 16\/9<br \/>\nColore: COLORE<br \/>\nGenere: DOCUMENTARIO<br \/>\nLuogo delle riprese: SPAGNA<br \/>\nVersione originale: SPAGNOLO<br \/>\nNarrazione: Spagnolo<br \/>\nSottotitoli: Spagnolo, Inglese<\/em><\/p>\n<p>Un documentario per le persone che accompagnano i propri cari verso la fine della loro vita. Contiene informazioni e testimonianze di professionisti delle cure palliative, nonch\u00e9 dei pazienti e dei loro accompagnatori.<\/p>\n<p><em>Versione completa<\/em>: <a href=\"https:\/\/youtu.be\/S3QLAi0bU9k\">https:\/\/youtu.be\/S3QLAi0bU9k<\/a><\/p>\n<p><em>Contatto:<\/em> \u00c1lvaro Orus Andreu <a href=\"https:\/\/d.docs.live.net\/1c2842433367a038\/Documentos\/Buenas%20Ideas\/Presentaciones\/alvaro.orus@pressenza.com\" target=\"_blank\" rel=\"noopener\" data-saferedirecturl=\"https:\/\/www.google.com\/url?q=https:\/\/d.docs.live.net\/1c2842433367a038\/Documentos\/Buenas%2520Ideas\/Presentaciones\/alvaro.orus@pressenza.com&amp;source=gmail&amp;ust=1612806701962000&amp;usg=AFQjCNGKQdvhKb035yP_7UgR3OkU6Dmevg\">alvaro.orus@<wbr \/>pressenza.com<\/a><\/p>\n<hr \/>\n<h2 class=\"western\"><strong>TUPAC AMARU, <\/strong><strong><span style=\"color: #f58220;\">QUALCOSA STA CAMBIANDO<\/span><\/strong><\/h2>\n<h3 class=\"western\"><span style=\"color: #f58220;\"><strong>Dettagli tecnici<\/strong><\/span><\/h3>\n<p><em>Anno di produzione: 2012<br \/>\nDurata: 65\u2032<br \/>\nFormato: HD<br \/>\nSchermo: 16\/9<br \/>\nColore: COLORE<br \/>\nGenere: DOCUMENTARIO<br \/>\nLuogo delle riprese: ARGENTINA<br \/>\nVersione originale: SPAGNOLO<br \/>\nNarrazione: Spagnolo<br \/>\nSottotitoli: Spagnolo, Italiano<\/em><\/p>\n<p>Di Federico Palumbo e Magal\u00ed Buj. Di fronte alla crisi argentina degli anni Novanta, un gruppo di abitanti di Jujuy ha deciso di contrastare il disordine che regnava in quel periodo. Per risolvere le necessit\u00e0 pi\u00f9 profonde dell&#8217;essere umano \u00e8 apparsa un&#8217;organizzazione di quartiere che ha iniziato a plasmare un nuovo modello di lavoro cooperativo e solidale. La Tupac Amaru, un esempio, o un avvertimento.<\/p>\n<p><em>Trailer<\/em>: <a href=\"https:\/\/youtu.be\/LiBjj_Jl7GY\">https:\/\/youtu.be\/LiBjj_Jl7GY<\/a><\/p>\n<p><em>Contatto:<\/em> Magal\u00ed Buj <a href=\"mailto:maguibuj@gmail.com\">maguibuj@gmail.com<\/a> +393270246448<\/p>\n<hr \/>\n<h2 class=\"western\"><strong><span style=\"color: #f58220;\">UBUNTU<\/span><\/strong><\/h2>\n<h3 class=\"western\"><span style=\"color: #f58220;\"><strong>Dettagli tecnici<\/strong><\/span><\/h3>\n<p><em>Anno di produzione: 2019<br \/>\nDurata: 52\u2032<br \/>\nFormato: 4K<br \/>\nSchermo: 16\/9<br \/>\nColore: COLORE<br \/>\nGenere: DOCUMENTARIO<br \/>\nLuogo delle riprese: ITALIA<br \/>\nVersione originale: ITALIANO<br \/>\nNarrazione: Italiano<br \/>\nSottotitoli: N\/A<\/em><\/p>\n<p>Poggio alla Croce \u00e8 un piccolo paese di duecento anime in provincia di Firenze diviso tra due comuni, arroccato su un dente che domina due vallate. Un giorno, ad inizio del 2017, scoppia una \u201cbomba\u201d che sconvolge i ritmi della comunit\u00e0: arrivano i migranti.<\/p>\n<p>Basta la voce, senza conferme da parte di nessuno, per iniziare una raccolta di firme per dire no all\u2019arrivo degli stranieri nella residenza di Villa Viviana, un tempo ristorante e albergo.<\/p>\n<p>In pochi giorni la petizione ottiene circa 230 adesioni, un numero pi\u00f9 alto di quello dei residenti. Ma un gruppo di cittadini decide di prepararsi all\u2019accoglienza in maniera positiva, prima con incontri informativi e poi con una vera e propria scuola per i migranti, sul modello dell\u2019esperienza di don Milani.<\/p>\n<p>Lo fa lasciandosi guidare da Ubuntu, un\u2019antica filosofia di origine sudafricana che teorizza un legame universale di scambio che unisce l&#8217;intera umanit\u00e0: \u00abio sono ci\u00f2 che sono per merito di ci\u00f2 che siamo tutti\u00bb.<\/p>\n<p>Ubuntu \u00e8 anche il nome del software libero installato sui vecchi pc utilizzati per fare scuola ai migranti, rigenerati e riportati a nuova vita e dunque metafora della \u201crigenerazione umana\u201d avvenuta a Poggio alla Croce.<\/p>\n<p>Trailer: <a href=\"https:\/\/www.youtube.com\/watch?v=HgjH4ECctdQ&amp;t=9s\">https:\/\/www.youtube.com\/watch?v=HgjH4ECctdQ&amp;t=9s<\/a><br \/>\nFilm: <a href=\"http:\/\/iamarf.ch\/activism\/Ubuntu-master-it.mp4\">http:\/\/iamarf.ch\/activism\/Ubuntu-master-it.mp4<\/a><\/p>\n<p><em>Contatto:<\/em> Dario Lo Scalzo <a href=\"mailto:dario.loscalzo@pressenza.com\">dario.loscalzo@pressenza.com<\/a><\/p>\n<hr \/>\n<h2 class=\"western\"><strong><span style=\"color: #f58220;\">IL TENTATIVO<\/span> MEMORIE DEI PARLAMENTI INTERETNICI DI BASE IN EX YUGOSLAVIA 1993-1997<\/strong><\/h2>\n<h3 class=\"western\"><span style=\"color: #f58220;\"><strong>Dettagli tecnici<\/strong><\/span><\/h3>\n<p><em>Anno di produzione: 2021<br \/>\nDurata: 83\u2019<br \/>\nFormato: 4K<br \/>\nSchermo: 16\/9<br \/>\nColore: COLORE<br \/>\nGenere: DOCUMENTARIO<br \/>\nLuogo delle riprese: ITALIA<br \/>\nVersione originale: ITALIANO<br \/>\nNarrazione: Italiano.<br \/>\nSottotitoli: (Italiano, Spagnolo, Inglese in preparazione)<\/em><\/p>\n<p>L\u2019obiettivo di questo documentario \u00e8 quello di recuperare esperienze significative realizzate nella ex Yugoslavia negli anni novanta, dando loro un contesto.<\/p>\n<p>Non c\u2019\u00e8 l\u2019intenzione di ricostruire il quadro storico complesso e controverso degli eventi di quegli anni.<\/p>\n<p><em>Produzione e regia:<\/em> Silvia Nocera<br \/>\n<em>Fotografia:<\/em> Eric Souqi<\/p>\n<p>Visione completa: <a href=\"https:\/\/www.youtube.com\/watch?v=sQiAl0imQLo\">https:\/\/www.youtube.com\/watch?v=sQiAl0imQLo<\/a><\/p>\n<p><em>Contatto:<\/em> Silvia Nocera <a href=\"nocera.silvia@gmail.org\">nocera.silvia@gmail.org<\/a> +39 3890726139; Eric Souqi <a href=\"ericnassim@gmail.com\">ericnassim@gmail.com<\/a> +39 3714803140<\/p>\n","protected":false},"excerpt":{"rendered":"<p>CATALOGO DEI DOCUMENTARI Quella che segue \u00e8 una lista dei documentari prodotti da Pressenza e che sono disponibili sotto Licenza Creative Commons 4.0, cosa che consente ai canali televisivi la loro diffusione gratuita. Per richiedere i trailer o i documentari&hellip;<\/p>\n","protected":false},"author":1305,"featured_media":0,"parent":0,"menu_order":0,"comment_status":"closed","ping_status":"closed","template":"","meta":{"footnotes":""},"class_list":["post-1275592","page","type-page","status-publish","hentry"],"yoast_head":"<!-- This site is optimized with the Yoast SEO plugin v27.1.1 - https:\/\/yoast.com\/product\/yoast-seo-wordpress\/ -->\n<title>Catalogo dei documentari - Pressenza<\/title>\n<meta name=\"robots\" content=\"index, follow, max-snippet:-1, max-image-preview:large, max-video-preview:-1\" \/>\n<link rel=\"canonical\" href=\"https:\/\/www.pressenza.com\/it\/catalogo-dei-documentari\/\" \/>\n<meta property=\"og:locale\" content=\"it_IT\" \/>\n<meta property=\"og:type\" content=\"article\" \/>\n<meta property=\"og:title\" content=\"Catalogo dei documentari - Pressenza\" \/>\n<meta property=\"og:description\" content=\"CATALOGO DEI DOCUMENTARI Quella che segue \u00e8 una lista dei documentari prodotti da Pressenza e che sono disponibili sotto Licenza Creative Commons 4.0, cosa che consente ai canali televisivi la loro diffusione gratuita. Per richiedere i trailer o i documentari&hellip;\" \/>\n<meta property=\"og:url\" content=\"https:\/\/www.pressenza.com\/it\/catalogo-dei-documentari\/\" \/>\n<meta property=\"og:site_name\" content=\"Pressenza\" \/>\n<meta property=\"article:publisher\" content=\"https:\/\/www.facebook.com\/PressenzaItalia\" \/>\n<meta property=\"article:modified_time\" content=\"2022-10-19T07:11:30+00:00\" \/>\n<meta property=\"og:image\" content=\"https:\/\/www.pressenza.com\/wp-content\/uploads\/2021\/01\/documentari-banner.jpeg\" \/>\n<meta name=\"twitter:card\" content=\"summary_large_image\" \/>\n<meta name=\"twitter:site\" content=\"@PressenzaIPA\" \/>\n<meta name=\"twitter:label1\" content=\"Tempo di lettura stimato\" \/>\n\t<meta name=\"twitter:data1\" content=\"7 minuti\" \/>\n<script type=\"application\/ld+json\" class=\"yoast-schema-graph\">{\"@context\":\"https:\/\/schema.org\",\"@graph\":[{\"@type\":\"WebPage\",\"@id\":\"https:\/\/www.pressenza.com\/it\/catalogo-dei-documentari\/\",\"url\":\"https:\/\/www.pressenza.com\/it\/catalogo-dei-documentari\/\",\"name\":\"Catalogo dei documentari - Pressenza\",\"isPartOf\":{\"@id\":\"https:\/\/www.pressenza.com\/it\/#website\"},\"primaryImageOfPage\":{\"@id\":\"https:\/\/www.pressenza.com\/it\/catalogo-dei-documentari\/#primaryimage\"},\"image\":{\"@id\":\"https:\/\/www.pressenza.com\/it\/catalogo-dei-documentari\/#primaryimage\"},\"thumbnailUrl\":\"https:\/\/www.pressenza.com\/wp-content\/uploads\/2021\/01\/documentari-banner.jpeg\",\"datePublished\":\"2021-01-10T16:04:40+00:00\",\"dateModified\":\"2022-10-19T07:11:30+00:00\",\"breadcrumb\":{\"@id\":\"https:\/\/www.pressenza.com\/it\/catalogo-dei-documentari\/#breadcrumb\"},\"inLanguage\":\"it-IT\",\"potentialAction\":[{\"@type\":\"ReadAction\",\"target\":[\"https:\/\/www.pressenza.com\/it\/catalogo-dei-documentari\/\"]}]},{\"@type\":\"ImageObject\",\"inLanguage\":\"it-IT\",\"@id\":\"https:\/\/www.pressenza.com\/it\/catalogo-dei-documentari\/#primaryimage\",\"url\":\"https:\/\/www.pressenza.com\/wp-content\/uploads\/2021\/01\/documentari-banner.jpeg\",\"contentUrl\":\"https:\/\/www.pressenza.com\/wp-content\/uploads\/2021\/01\/documentari-banner.jpeg\"},{\"@type\":\"BreadcrumbList\",\"@id\":\"https:\/\/www.pressenza.com\/it\/catalogo-dei-documentari\/#breadcrumb\",\"itemListElement\":[{\"@type\":\"ListItem\",\"position\":1,\"name\":\"Accueil\",\"item\":\"https:\/\/www.pressenza.com\/it\/\"},{\"@type\":\"ListItem\",\"position\":2,\"name\":\"Catalogo dei documentari\"}]},{\"@type\":\"WebSite\",\"@id\":\"https:\/\/www.pressenza.com\/it\/#website\",\"url\":\"https:\/\/www.pressenza.com\/it\/\",\"name\":\"Pressenza\",\"description\":\"Agenzia di Stampa Internazionale\",\"publisher\":{\"@id\":\"https:\/\/www.pressenza.com\/it\/#organization\"},\"potentialAction\":[{\"@type\":\"SearchAction\",\"target\":{\"@type\":\"EntryPoint\",\"urlTemplate\":\"https:\/\/www.pressenza.com\/it\/?s={search_term_string}\"},\"query-input\":{\"@type\":\"PropertyValueSpecification\",\"valueRequired\":true,\"valueName\":\"search_term_string\"}}],\"inLanguage\":\"it-IT\"},{\"@type\":\"Organization\",\"@id\":\"https:\/\/www.pressenza.com\/it\/#organization\",\"name\":\"Pressenza\",\"url\":\"https:\/\/www.pressenza.com\/it\/\",\"logo\":{\"@type\":\"ImageObject\",\"inLanguage\":\"it-IT\",\"@id\":\"https:\/\/www.pressenza.com\/it\/#\/schema\/logo\/image\/\",\"url\":\"https:\/\/www.pressenza.com\/wp-content\/uploads\/2022\/10\/pressenza_logo_200x200.jpg\",\"contentUrl\":\"https:\/\/www.pressenza.com\/wp-content\/uploads\/2022\/10\/pressenza_logo_200x200.jpg\",\"width\":200,\"height\":200,\"caption\":\"Pressenza\"},\"image\":{\"@id\":\"https:\/\/www.pressenza.com\/it\/#\/schema\/logo\/image\/\"},\"sameAs\":[\"https:\/\/www.facebook.com\/PressenzaItalia\",\"https:\/\/x.com\/PressenzaIPA\"]}]}<\/script>\n<!-- \/ Yoast SEO plugin. -->","yoast_head_json":{"title":"Catalogo dei documentari - Pressenza","robots":{"index":"index","follow":"follow","max-snippet":"max-snippet:-1","max-image-preview":"max-image-preview:large","max-video-preview":"max-video-preview:-1"},"canonical":"https:\/\/www.pressenza.com\/it\/catalogo-dei-documentari\/","og_locale":"it_IT","og_type":"article","og_title":"Catalogo dei documentari - Pressenza","og_description":"CATALOGO DEI DOCUMENTARI Quella che segue \u00e8 una lista dei documentari prodotti da Pressenza e che sono disponibili sotto Licenza Creative Commons 4.0, cosa che consente ai canali televisivi la loro diffusione gratuita. Per richiedere i trailer o i documentari&hellip;","og_url":"https:\/\/www.pressenza.com\/it\/catalogo-dei-documentari\/","og_site_name":"Pressenza","article_publisher":"https:\/\/www.facebook.com\/PressenzaItalia","article_modified_time":"2022-10-19T07:11:30+00:00","og_image":[{"url":"https:\/\/www.pressenza.com\/wp-content\/uploads\/2021\/01\/documentari-banner.jpeg","type":"","width":"","height":""}],"twitter_card":"summary_large_image","twitter_site":"@PressenzaIPA","twitter_misc":{"Tempo di lettura stimato":"7 minuti"},"schema":{"@context":"https:\/\/schema.org","@graph":[{"@type":"WebPage","@id":"https:\/\/www.pressenza.com\/it\/catalogo-dei-documentari\/","url":"https:\/\/www.pressenza.com\/it\/catalogo-dei-documentari\/","name":"Catalogo dei documentari - Pressenza","isPartOf":{"@id":"https:\/\/www.pressenza.com\/it\/#website"},"primaryImageOfPage":{"@id":"https:\/\/www.pressenza.com\/it\/catalogo-dei-documentari\/#primaryimage"},"image":{"@id":"https:\/\/www.pressenza.com\/it\/catalogo-dei-documentari\/#primaryimage"},"thumbnailUrl":"https:\/\/www.pressenza.com\/wp-content\/uploads\/2021\/01\/documentari-banner.jpeg","datePublished":"2021-01-10T16:04:40+00:00","dateModified":"2022-10-19T07:11:30+00:00","breadcrumb":{"@id":"https:\/\/www.pressenza.com\/it\/catalogo-dei-documentari\/#breadcrumb"},"inLanguage":"it-IT","potentialAction":[{"@type":"ReadAction","target":["https:\/\/www.pressenza.com\/it\/catalogo-dei-documentari\/"]}]},{"@type":"ImageObject","inLanguage":"it-IT","@id":"https:\/\/www.pressenza.com\/it\/catalogo-dei-documentari\/#primaryimage","url":"https:\/\/www.pressenza.com\/wp-content\/uploads\/2021\/01\/documentari-banner.jpeg","contentUrl":"https:\/\/www.pressenza.com\/wp-content\/uploads\/2021\/01\/documentari-banner.jpeg"},{"@type":"BreadcrumbList","@id":"https:\/\/www.pressenza.com\/it\/catalogo-dei-documentari\/#breadcrumb","itemListElement":[{"@type":"ListItem","position":1,"name":"Accueil","item":"https:\/\/www.pressenza.com\/it\/"},{"@type":"ListItem","position":2,"name":"Catalogo dei documentari"}]},{"@type":"WebSite","@id":"https:\/\/www.pressenza.com\/it\/#website","url":"https:\/\/www.pressenza.com\/it\/","name":"Pressenza","description":"Agenzia di Stampa Internazionale","publisher":{"@id":"https:\/\/www.pressenza.com\/it\/#organization"},"potentialAction":[{"@type":"SearchAction","target":{"@type":"EntryPoint","urlTemplate":"https:\/\/www.pressenza.com\/it\/?s={search_term_string}"},"query-input":{"@type":"PropertyValueSpecification","valueRequired":true,"valueName":"search_term_string"}}],"inLanguage":"it-IT"},{"@type":"Organization","@id":"https:\/\/www.pressenza.com\/it\/#organization","name":"Pressenza","url":"https:\/\/www.pressenza.com\/it\/","logo":{"@type":"ImageObject","inLanguage":"it-IT","@id":"https:\/\/www.pressenza.com\/it\/#\/schema\/logo\/image\/","url":"https:\/\/www.pressenza.com\/wp-content\/uploads\/2022\/10\/pressenza_logo_200x200.jpg","contentUrl":"https:\/\/www.pressenza.com\/wp-content\/uploads\/2022\/10\/pressenza_logo_200x200.jpg","width":200,"height":200,"caption":"Pressenza"},"image":{"@id":"https:\/\/www.pressenza.com\/it\/#\/schema\/logo\/image\/"},"sameAs":["https:\/\/www.facebook.com\/PressenzaItalia","https:\/\/x.com\/PressenzaIPA"]}]}},"_links":{"self":[{"href":"https:\/\/www.pressenza.com\/it\/wp-json\/wp\/v2\/pages\/1275592","targetHints":{"allow":["GET"]}}],"collection":[{"href":"https:\/\/www.pressenza.com\/it\/wp-json\/wp\/v2\/pages"}],"about":[{"href":"https:\/\/www.pressenza.com\/it\/wp-json\/wp\/v2\/types\/page"}],"author":[{"embeddable":true,"href":"https:\/\/www.pressenza.com\/it\/wp-json\/wp\/v2\/users\/1305"}],"replies":[{"embeddable":true,"href":"https:\/\/www.pressenza.com\/it\/wp-json\/wp\/v2\/comments?post=1275592"}],"version-history":[{"count":0,"href":"https:\/\/www.pressenza.com\/it\/wp-json\/wp\/v2\/pages\/1275592\/revisions"}],"wp:attachment":[{"href":"https:\/\/www.pressenza.com\/it\/wp-json\/wp\/v2\/media?parent=1275592"}],"curies":[{"name":"wp","href":"https:\/\/api.w.org\/{rel}","templated":true}]}}