{"id":413859,"date":"2016-12-29T14:05:58","date_gmt":"2016-12-29T14:05:58","guid":{"rendered":"http:\/\/www.pressenza.com\/fr\/?page_id=413859"},"modified":"2024-01-05T21:48:35","modified_gmt":"2024-01-05T21:48:35","slug":"comment-participer","status":"publish","type":"page","link":"https:\/\/www.pressenza.com\/fr\/comment-participer\/","title":{"rendered":"Comment participer ?"},"content":{"rendered":"<h2><span style=\"color: #000000;\">Collaborer<\/span><\/h2>\n<h3><span style=\"color: #000000;\">Pressenza est un projet m\u00e9diatique ouvert<\/span><\/h3>\n<p><span style=\"color: #000000;\">Nous sommes une \u00e9quipe internationale de volontaires et nous nous engageons \u00e0 promouvoir un journalisme de paix et de non-violence sans contrepartie financi\u00e8re (voir aussi<\/span> <a href=\"https:\/\/www.pressenza.com\/fr\/qui-sommes-nous\/\">Qui sommes nous ?<\/a>)<\/p>\n<p><span style=\"color: #000000;\"><strong>Nous sommes \u00e0 la recherche de nouveaux membres pour notre \u00e9quipe <\/strong>(le fran\u00e7ais n&rsquo;est pas obligatoire comme langue maternelle).<\/span><\/p>\n<p><span style=\"color: #000000;\">Blogueuses \/ Blogueurs\u00a0<\/span><br \/>\n<span style=\"color: #000000;\">Journalistes<\/span><br \/>\n<span style=\"color: #000000;\">R\u00e9dactrices \/ R\u00e9dacteurs\u00a0<\/span><br \/>\n<span style=\"color: #000000;\">Photographes<\/span><br \/>\n<span style=\"color: #000000;\">vid\u00e9astes<\/span><br \/>\n<span style=\"color: #000000;\">Relectrices \/ Relecteurs\u00a0<\/span><br \/>\n<span style=\"color: #000000;\">Traductrices \/ Traducteurs<\/span><br \/>\n<span style=\"color: #000000;\">Caricaturistes \/ <\/span><span style=\"color: #000000;\">Dessinatrices ou <\/span><span style=\"color: #000000;\">Dessinateurs de presse<\/span><br \/>\n<span style=\"color: #000000;\">Sp\u00e9cialistes en informatique (WordPress)<\/span><br \/>\n<span style=\"color: #000000;\">Gestionnaires de m\u00e9dias sociaux<\/span><\/p>\n<blockquote>\n<p style=\"text-align: center;\"><span style=\"color: #000000;\">Si vous \u00eates socialement ou politiquement actif, si vous avez des sujets qui vous tiennent \u00e0 c\u0153ur ou si vous voulez simplement contribuer \u00e0 un journalisme diff\u00e9rent&#8230;<\/span><\/p>\n<\/blockquote>\n<p><span style=\"color: #000000;\">Alors nous pouvons :<\/span><\/p>\n<ul>\n<li><span style=\"color: #000000;\">Offrir \u00e0 vos articles, photos, vid\u00e9os, traductions et caricatures une plateforme multilingue et mondiale,<\/span><\/li>\n<li><span style=\"color: #000000;\">Transmettre une exp\u00e9rience dans le domaine du journalisme et des m\u00e9dias,<\/span><\/li>\n<li><span style=\"color: #000000;\">R\u00e9aliser ensemble de nouvelles id\u00e9es,<\/span><\/li>\n<li><span style=\"color: #000000;\">Vous offrir la possibilit\u00e9 d&rsquo;entrer en contact avec d&rsquo;autres journalistes volontaires de Pressenza dans le monde entier,<\/span><\/li>\n<li><span style=\"color: #000000;\">Fournir une attestation de volontariat pour votre CV si vous le souhaitez.<\/span><\/li>\n<\/ul>\n<p><span style=\"color: #000000;\"><strong>Contact<\/strong> : pressenzafrancophone(at)tutanota.com<\/span><\/p>\n","protected":false},"excerpt":{"rendered":"<p>Collaborer Pressenza est un projet m\u00e9diatique ouvert Nous sommes une \u00e9quipe internationale de volontaires et nous nous engageons \u00e0 promouvoir un journalisme de paix et de non-violence sans contrepartie financi\u00e8re (voir aussi Qui sommes nous ?) Nous sommes \u00e0 la&hellip;<\/p>\n","protected":false},"author":926,"featured_media":0,"parent":0,"menu_order":12,"comment_status":"closed","ping_status":"open","template":"","meta":{"footnotes":""},"class_list":["post-413859","page","type-page","status-publish","hentry"],"yoast_head":"<!-- This site is optimized with the Yoast SEO plugin v27.1.1 - https:\/\/yoast.com\/product\/yoast-seo-wordpress\/ -->\n<title>Comment participer ? - Pressenza<\/title>\n<meta name=\"robots\" content=\"index, follow, max-snippet:-1, max-image-preview:large, max-video-preview:-1\" \/>\n<link rel=\"canonical\" href=\"https:\/\/www.pressenza.com\/fr\/comment-participer\/\" \/>\n<meta property=\"og:locale\" content=\"fr_FR\" \/>\n<meta property=\"og:type\" content=\"article\" \/>\n<meta property=\"og:title\" content=\"Comment participer ? - Pressenza\" \/>\n<meta property=\"og:description\" content=\"Collaborer Pressenza est un projet m\u00e9diatique ouvert Nous sommes une \u00e9quipe internationale de volontaires et nous nous engageons \u00e0 promouvoir un journalisme de paix et de non-violence sans contrepartie financi\u00e8re (voir aussi Qui sommes nous ?) Nous sommes \u00e0 la&hellip;\" \/>\n<meta property=\"og:url\" content=\"https:\/\/www.pressenza.com\/fr\/comment-participer\/\" \/>\n<meta property=\"og:site_name\" content=\"Pressenza\" \/>\n<meta property=\"article:publisher\" content=\"https:\/\/www.facebook.com\/PressenzaItalia\" \/>\n<meta property=\"article:modified_time\" content=\"2024-01-05T21:48:35+00:00\" \/>\n<meta name=\"twitter:card\" content=\"summary_large_image\" \/>\n<meta name=\"twitter:site\" content=\"@PressenzaIPA\" \/>\n<meta name=\"twitter:label1\" content=\"Dur\u00e9e de lecture estim\u00e9e\" \/>\n\t<meta name=\"twitter:data1\" content=\"1 minute\" \/>\n<script type=\"application\/ld+json\" class=\"yoast-schema-graph\">{\"@context\":\"https:\/\/schema.org\",\"@graph\":[{\"@type\":\"WebPage\",\"@id\":\"https:\/\/www.pressenza.com\/fr\/comment-participer\/\",\"url\":\"https:\/\/www.pressenza.com\/fr\/comment-participer\/\",\"name\":\"Comment participer ? - Pressenza\",\"isPartOf\":{\"@id\":\"https:\/\/www.pressenza.com\/fr\/#website\"},\"datePublished\":\"2016-12-29T14:05:58+00:00\",\"dateModified\":\"2024-01-05T21:48:35+00:00\",\"breadcrumb\":{\"@id\":\"https:\/\/www.pressenza.com\/fr\/comment-participer\/#breadcrumb\"},\"inLanguage\":\"fr-FR\",\"potentialAction\":[{\"@type\":\"ReadAction\",\"target\":[\"https:\/\/www.pressenza.com\/fr\/comment-participer\/\"]}]},{\"@type\":\"BreadcrumbList\",\"@id\":\"https:\/\/www.pressenza.com\/fr\/comment-participer\/#breadcrumb\",\"itemListElement\":[{\"@type\":\"ListItem\",\"position\":1,\"name\":\"Accueil\",\"item\":\"https:\/\/www.pressenza.com\/fr\/\"},{\"@type\":\"ListItem\",\"position\":2,\"name\":\"Comment participer ?\"}]},{\"@type\":\"WebSite\",\"@id\":\"https:\/\/www.pressenza.com\/fr\/#website\",\"url\":\"https:\/\/www.pressenza.com\/fr\/\",\"name\":\"Pressenza\",\"description\":\"International Press Agency\",\"publisher\":{\"@id\":\"https:\/\/www.pressenza.com\/fr\/#organization\"},\"potentialAction\":[{\"@type\":\"SearchAction\",\"target\":{\"@type\":\"EntryPoint\",\"urlTemplate\":\"https:\/\/www.pressenza.com\/fr\/?s={search_term_string}\"},\"query-input\":{\"@type\":\"PropertyValueSpecification\",\"valueRequired\":true,\"valueName\":\"search_term_string\"}}],\"inLanguage\":\"fr-FR\"},{\"@type\":\"Organization\",\"@id\":\"https:\/\/www.pressenza.com\/fr\/#organization\",\"name\":\"Pressenza\",\"url\":\"https:\/\/www.pressenza.com\/fr\/\",\"logo\":{\"@type\":\"ImageObject\",\"inLanguage\":\"fr-FR\",\"@id\":\"https:\/\/www.pressenza.com\/fr\/#\/schema\/logo\/image\/\",\"url\":\"https:\/\/www.pressenza.com\/wp-content\/uploads\/2022\/10\/pressenza_logo_200x200.jpg\",\"contentUrl\":\"https:\/\/www.pressenza.com\/wp-content\/uploads\/2022\/10\/pressenza_logo_200x200.jpg\",\"width\":200,\"height\":200,\"caption\":\"Pressenza\"},\"image\":{\"@id\":\"https:\/\/www.pressenza.com\/fr\/#\/schema\/logo\/image\/\"},\"sameAs\":[\"https:\/\/www.facebook.com\/PressenzaItalia\",\"https:\/\/x.com\/PressenzaIPA\"]}]}<\/script>\n<!-- \/ Yoast SEO plugin. -->","yoast_head_json":{"title":"Comment participer ? - Pressenza","robots":{"index":"index","follow":"follow","max-snippet":"max-snippet:-1","max-image-preview":"max-image-preview:large","max-video-preview":"max-video-preview:-1"},"canonical":"https:\/\/www.pressenza.com\/fr\/comment-participer\/","og_locale":"fr_FR","og_type":"article","og_title":"Comment participer ? - Pressenza","og_description":"Collaborer Pressenza est un projet m\u00e9diatique ouvert Nous sommes une \u00e9quipe internationale de volontaires et nous nous engageons \u00e0 promouvoir un journalisme de paix et de non-violence sans contrepartie financi\u00e8re (voir aussi Qui sommes nous ?) Nous sommes \u00e0 la&hellip;","og_url":"https:\/\/www.pressenza.com\/fr\/comment-participer\/","og_site_name":"Pressenza","article_publisher":"https:\/\/www.facebook.com\/PressenzaItalia","article_modified_time":"2024-01-05T21:48:35+00:00","twitter_card":"summary_large_image","twitter_site":"@PressenzaIPA","twitter_misc":{"Dur\u00e9e de lecture estim\u00e9e":"1 minute"},"schema":{"@context":"https:\/\/schema.org","@graph":[{"@type":"WebPage","@id":"https:\/\/www.pressenza.com\/fr\/comment-participer\/","url":"https:\/\/www.pressenza.com\/fr\/comment-participer\/","name":"Comment participer ? - Pressenza","isPartOf":{"@id":"https:\/\/www.pressenza.com\/fr\/#website"},"datePublished":"2016-12-29T14:05:58+00:00","dateModified":"2024-01-05T21:48:35+00:00","breadcrumb":{"@id":"https:\/\/www.pressenza.com\/fr\/comment-participer\/#breadcrumb"},"inLanguage":"fr-FR","potentialAction":[{"@type":"ReadAction","target":["https:\/\/www.pressenza.com\/fr\/comment-participer\/"]}]},{"@type":"BreadcrumbList","@id":"https:\/\/www.pressenza.com\/fr\/comment-participer\/#breadcrumb","itemListElement":[{"@type":"ListItem","position":1,"name":"Accueil","item":"https:\/\/www.pressenza.com\/fr\/"},{"@type":"ListItem","position":2,"name":"Comment participer ?"}]},{"@type":"WebSite","@id":"https:\/\/www.pressenza.com\/fr\/#website","url":"https:\/\/www.pressenza.com\/fr\/","name":"Pressenza","description":"International Press Agency","publisher":{"@id":"https:\/\/www.pressenza.com\/fr\/#organization"},"potentialAction":[{"@type":"SearchAction","target":{"@type":"EntryPoint","urlTemplate":"https:\/\/www.pressenza.com\/fr\/?s={search_term_string}"},"query-input":{"@type":"PropertyValueSpecification","valueRequired":true,"valueName":"search_term_string"}}],"inLanguage":"fr-FR"},{"@type":"Organization","@id":"https:\/\/www.pressenza.com\/fr\/#organization","name":"Pressenza","url":"https:\/\/www.pressenza.com\/fr\/","logo":{"@type":"ImageObject","inLanguage":"fr-FR","@id":"https:\/\/www.pressenza.com\/fr\/#\/schema\/logo\/image\/","url":"https:\/\/www.pressenza.com\/wp-content\/uploads\/2022\/10\/pressenza_logo_200x200.jpg","contentUrl":"https:\/\/www.pressenza.com\/wp-content\/uploads\/2022\/10\/pressenza_logo_200x200.jpg","width":200,"height":200,"caption":"Pressenza"},"image":{"@id":"https:\/\/www.pressenza.com\/fr\/#\/schema\/logo\/image\/"},"sameAs":["https:\/\/www.facebook.com\/PressenzaItalia","https:\/\/x.com\/PressenzaIPA"]}]}},"_links":{"self":[{"href":"https:\/\/www.pressenza.com\/fr\/wp-json\/wp\/v2\/pages\/413859","targetHints":{"allow":["GET"]}}],"collection":[{"href":"https:\/\/www.pressenza.com\/fr\/wp-json\/wp\/v2\/pages"}],"about":[{"href":"https:\/\/www.pressenza.com\/fr\/wp-json\/wp\/v2\/types\/page"}],"author":[{"embeddable":true,"href":"https:\/\/www.pressenza.com\/fr\/wp-json\/wp\/v2\/users\/926"}],"replies":[{"embeddable":true,"href":"https:\/\/www.pressenza.com\/fr\/wp-json\/wp\/v2\/comments?post=413859"}],"version-history":[{"count":0,"href":"https:\/\/www.pressenza.com\/fr\/wp-json\/wp\/v2\/pages\/413859\/revisions"}],"wp:attachment":[{"href":"https:\/\/www.pressenza.com\/fr\/wp-json\/wp\/v2\/media?parent=413859"}],"curies":[{"name":"wp","href":"https:\/\/api.w.org\/{rel}","templated":true}]}}