{"id":2585797,"date":"2025-02-27T08:25:51","date_gmt":"2025-02-27T08:25:51","guid":{"rendered":"https:\/\/www.pressenza.com\/?page_id=2585797"},"modified":"2025-02-27T08:30:53","modified_gmt":"2025-02-27T08:30:53","slug":"cycle-dateliers-dintroduction-au-journalisme-non-violent","status":"publish","type":"page","link":"https:\/\/www.pressenza.com\/fr\/cycle-dateliers-dintroduction-au-journalisme-non-violent\/","title":{"rendered":"Cycle d&rsquo;ateliers d&rsquo;introduction au journalisme non-violent"},"content":{"rendered":"<h1>Cycle d&rsquo;ateliers d&rsquo;introduction au journalisme non-violent<\/h1>\n<p><span style=\"font-weight: 400;\">La r\u00e9daction belge de<\/span> <a href=\"https:\/\/www.facebook.com\/pressenzafrancophone?__cft__[0]=AZVAQ6-w4TSVBd5TOuEexIiA29DdWdX6SHGSaWurGU5BG8eO_9LpxUu3n80UvcSjuCpRerbnRksmF5hLi4CdcnAJQ7Aq9cMFwKo560WKfjI7O4z418SlHFE48c8ZbmolkU4WKWFfi_HvJYnuXQo_vMmqkb3cEPPGLtw-CkH4Yk2pBA&amp;__tn__=-]K-R\"><span style=\"font-weight: 400;\">Pressenza<\/span><\/a><span style=\"font-weight: 400;\">, en collaboration avec<\/span> <a href=\"https:\/\/www.facebook.com\/agirpourlapaix?__cft__[0]=AZVAQ6-w4TSVBd5TOuEexIiA29DdWdX6SHGSaWurGU5BG8eO_9LpxUu3n80UvcSjuCpRerbnRksmF5hLi4CdcnAJQ7Aq9cMFwKo560WKfjI7O4z418SlHFE48c8ZbmolkU4WKWFfi_HvJYnuXQo_vMmqkb3cEPPGLtw-CkH4Yk2pBA&amp;__tn__=-]K-R\"><span style=\"font-weight: 400;\">Agir pour la Paix<\/span><\/a><span style=\"font-weight: 400;\">, vous propose un cycle d\u2019ateliers visant \u00e0 \u00e9largir votre perception des \u00e9v\u00e9nements et \u00e0 adopter une approche non-violente face \u00e0 l\u2019actualit\u00e9.<\/span><\/p>\n<p><span style=\"font-weight: 400;\">L\u2019objectif de ces ateliers est d\u2019explorer les concepts du journalisme non-violent en lien avec notre exp\u00e9rience personnelle et du regard port\u00e9 sur le monde. Ces ateliers sont \u00e9galement pratiques et invitent les participants \u00e0 collaborer, cr\u00e9er du contenu.<\/span><\/p>\n<h2><span style=\"font-weight: 400;\">Programme des ateliers<\/span><\/h2>\n<p><span style=\"font-weight: 400;\">06\/03\/25, 18h-20h \u2013 Introduction au Journalisme Non-Violent<\/span> <a href=\"https:\/\/fb.me\/e\/8zM0S7oBp\"><span style=\"font-weight: 400;\">https:\/\/fb.me\/e\/8zM0S7oBp<\/span><\/a><\/p>\n<p><span style=\"font-weight: 400;\">27\/03\/25, 18h-20h \u2013 La r\u00e8gle d\u2019or &amp; la solidarit\u00e9<\/span> <a href=\"https:\/\/fb.me\/e\/56XSRrmag\"><span style=\"font-weight: 400;\">https:\/\/fb.me\/e\/56XSRrmag<\/span><\/a><\/p>\n<p><span style=\"font-weight: 400;\">10\/04\/25, 18h-20h \u2013 Paysages des formations<\/span> <a href=\"https:\/\/fb.me\/e\/2kFshoL7X\"><span style=\"font-weight: 400;\">https:\/\/fb.me\/e\/2kFshoL7X<\/span><\/a><\/p>\n<p><span style=\"font-weight: 400;\">17\/04\/25, 18h-20h \u2013 Conflits &amp; R\u00e9conciliations<\/span> <a href=\"https:\/\/fb.me\/e\/2c80Irxq8\"><span style=\"font-weight: 400;\">https:\/\/fb.me\/e\/2c80Irxq8<\/span><\/a><\/p>\n<h2><span style=\"font-weight: 400;\">Informations pratiques<\/span><\/h2>\n<p><span style=\"font-weight: 400;\">Lieu : Maison de la Paix, Rue Van Elewijck 35, 1050 Ixelles, Bruxelles<\/span><\/p>\n<p><span style=\"font-weight: 400;\">Participation : Libre<\/span><\/p>\n<p><span style=\"font-weight: 400;\">Inscription : Gratuite et obligatoire<\/span><\/p>\n<p><span style=\"font-weight: 400;\">C&rsquo;est ici :<\/span> <a href=\"https:\/\/framaforms.org\/cycle-dateliers-journalisme-non-violent-1739286932?fbclid=IwZXh0bgNhZW0CMTAAAR3DEvg9d0-rHE2ND5QLtgwgumAfJ1R0RpvRayVXjASbcFfLpTuFT_Akf0I_aem_Kctlwf2UnErOUzmxa39Hew\"><span style=\"font-weight: 400;\">https:\/\/framaforms.org\/cycle-dateliers-journalisme-non&#8230;<\/span><\/a><\/p>\n<h2><span style=\"font-weight: 400;\">Pour changer le monde, changeons l&rsquo;information !<\/span><\/h2>\n<p><a href=\"https:\/\/www.facebook.com\/hashtag\/journalismenonviolent?__eep__=6&amp;__cft__[0]=AZVAQ6-w4TSVBd5TOuEexIiA29DdWdX6SHGSaWurGU5BG8eO_9LpxUu3n80UvcSjuCpRerbnRksmF5hLi4CdcnAJQ7Aq9cMFwKo560WKfjI7O4z418SlHFE48c8ZbmolkU4WKWFfi_HvJYnuXQo_vMmqkb3cEPPGLtw-CkH4Yk2pBA&amp;__tn__=*NK-R\"><span style=\"font-weight: 400;\">#Journalismenonviolent<\/span><\/a> <a href=\"https:\/\/www.facebook.com\/hashtag\/nonviolence?__eep__=6&amp;__cft__[0]=AZVAQ6-w4TSVBd5TOuEexIiA29DdWdX6SHGSaWurGU5BG8eO_9LpxUu3n80UvcSjuCpRerbnRksmF5hLi4CdcnAJQ7Aq9cMFwKo560WKfjI7O4z418SlHFE48c8ZbmolkU4WKWFfi_HvJYnuXQo_vMmqkb3cEPPGLtw-CkH4Yk2pBA&amp;__tn__=*NK-R\"><span style=\"font-weight: 400;\">#NonViolence<\/span><\/a> <a href=\"https:\/\/www.facebook.com\/hashtag\/pascifisme?__eep__=6&amp;__cft__[0]=AZVAQ6-w4TSVBd5TOuEexIiA29DdWdX6SHGSaWurGU5BG8eO_9LpxUu3n80UvcSjuCpRerbnRksmF5hLi4CdcnAJQ7Aq9cMFwKo560WKfjI7O4z418SlHFE48c8ZbmolkU4WKWFfi_HvJYnuXQo_vMmqkb3cEPPGLtw-CkH4Yk2pBA&amp;__tn__=*NK-R\"><span style=\"font-weight: 400;\">#Pascifisme<\/span><\/a> <a href=\"https:\/\/www.facebook.com\/hashtag\/educationpermanente?__eep__=6&amp;__cft__[0]=AZVAQ6-w4TSVBd5TOuEexIiA29DdWdX6SHGSaWurGU5BG8eO_9LpxUu3n80UvcSjuCpRerbnRksmF5hLi4CdcnAJQ7Aq9cMFwKo560WKfjI7O4z418SlHFE48c8ZbmolkU4WKWFfi_HvJYnuXQo_vMmqkb3cEPPGLtw-CkH4Yk2pBA&amp;__tn__=*NK-R\"><span style=\"font-weight: 400;\">#Educationpermanente<\/span><\/a><\/p>\n","protected":false},"excerpt":{"rendered":"<p>Cycle d&rsquo;ateliers d&rsquo;introduction au journalisme non-violent La r\u00e9daction belge de Pressenza, en collaboration avec Agir pour la Paix, vous propose un cycle d\u2019ateliers visant \u00e0 \u00e9largir votre perception des \u00e9v\u00e9nements et \u00e0 adopter une approche non-violente face \u00e0 l\u2019actualit\u00e9. L\u2019objectif&hellip;<\/p>\n","protected":false},"author":2326,"featured_media":0,"parent":0,"menu_order":0,"comment_status":"closed","ping_status":"closed","template":"","meta":{"footnotes":""},"class_list":["post-2585797","page","type-page","status-publish","hentry"],"yoast_head":"<!-- This site is optimized with the Yoast SEO plugin v27.1.1 - https:\/\/yoast.com\/product\/yoast-seo-wordpress\/ -->\n<title>Cycle d&#039;ateliers d&#039;introduction au journalisme non-violent - Pressenza<\/title>\n<meta name=\"robots\" content=\"index, follow, max-snippet:-1, max-image-preview:large, max-video-preview:-1\" \/>\n<link rel=\"canonical\" href=\"https:\/\/www.pressenza.com\/fr\/cycle-dateliers-dintroduction-au-journalisme-non-violent\/\" \/>\n<meta property=\"og:locale\" content=\"fr_FR\" \/>\n<meta property=\"og:type\" content=\"article\" \/>\n<meta property=\"og:title\" content=\"Cycle d&#039;ateliers d&#039;introduction au journalisme non-violent - Pressenza\" \/>\n<meta property=\"og:description\" content=\"Cycle d&rsquo;ateliers d&rsquo;introduction au journalisme non-violent La r\u00e9daction belge de Pressenza, en collaboration avec Agir pour la Paix, vous propose un cycle d\u2019ateliers visant \u00e0 \u00e9largir votre perception des \u00e9v\u00e9nements et \u00e0 adopter une approche non-violente face \u00e0 l\u2019actualit\u00e9. L\u2019objectif&hellip;\" \/>\n<meta property=\"og:url\" content=\"https:\/\/www.pressenza.com\/fr\/cycle-dateliers-dintroduction-au-journalisme-non-violent\/\" \/>\n<meta property=\"og:site_name\" content=\"Pressenza\" \/>\n<meta property=\"article:publisher\" content=\"https:\/\/www.facebook.com\/PressenzaItalia\" \/>\n<meta property=\"article:modified_time\" content=\"2025-02-27T08:30:53+00:00\" \/>\n<meta name=\"twitter:card\" content=\"summary_large_image\" \/>\n<meta name=\"twitter:site\" content=\"@PressenzaIPA\" \/>\n<meta name=\"twitter:label1\" content=\"Dur\u00e9e de lecture estim\u00e9e\" \/>\n\t<meta name=\"twitter:data1\" content=\"1 minute\" \/>\n<script type=\"application\/ld+json\" class=\"yoast-schema-graph\">{\"@context\":\"https:\/\/schema.org\",\"@graph\":[{\"@type\":\"WebPage\",\"@id\":\"https:\/\/www.pressenza.com\/fr\/cycle-dateliers-dintroduction-au-journalisme-non-violent\/\",\"url\":\"https:\/\/www.pressenza.com\/fr\/cycle-dateliers-dintroduction-au-journalisme-non-violent\/\",\"name\":\"Cycle d'ateliers d'introduction au journalisme non-violent - Pressenza\",\"isPartOf\":{\"@id\":\"https:\/\/www.pressenza.com\/fr\/#website\"},\"datePublished\":\"2025-02-27T08:25:51+00:00\",\"dateModified\":\"2025-02-27T08:30:53+00:00\",\"breadcrumb\":{\"@id\":\"https:\/\/www.pressenza.com\/fr\/cycle-dateliers-dintroduction-au-journalisme-non-violent\/#breadcrumb\"},\"inLanguage\":\"fr-FR\",\"potentialAction\":[{\"@type\":\"ReadAction\",\"target\":[\"https:\/\/www.pressenza.com\/fr\/cycle-dateliers-dintroduction-au-journalisme-non-violent\/\"]}]},{\"@type\":\"BreadcrumbList\",\"@id\":\"https:\/\/www.pressenza.com\/fr\/cycle-dateliers-dintroduction-au-journalisme-non-violent\/#breadcrumb\",\"itemListElement\":[{\"@type\":\"ListItem\",\"position\":1,\"name\":\"Accueil\",\"item\":\"https:\/\/www.pressenza.com\/fr\/\"},{\"@type\":\"ListItem\",\"position\":2,\"name\":\"Cycle d&#8217;ateliers d&#8217;introduction au journalisme non-violent\"}]},{\"@type\":\"WebSite\",\"@id\":\"https:\/\/www.pressenza.com\/fr\/#website\",\"url\":\"https:\/\/www.pressenza.com\/fr\/\",\"name\":\"Pressenza\",\"description\":\"International Press Agency\",\"publisher\":{\"@id\":\"https:\/\/www.pressenza.com\/fr\/#organization\"},\"potentialAction\":[{\"@type\":\"SearchAction\",\"target\":{\"@type\":\"EntryPoint\",\"urlTemplate\":\"https:\/\/www.pressenza.com\/fr\/?s={search_term_string}\"},\"query-input\":{\"@type\":\"PropertyValueSpecification\",\"valueRequired\":true,\"valueName\":\"search_term_string\"}}],\"inLanguage\":\"fr-FR\"},{\"@type\":\"Organization\",\"@id\":\"https:\/\/www.pressenza.com\/fr\/#organization\",\"name\":\"Pressenza\",\"url\":\"https:\/\/www.pressenza.com\/fr\/\",\"logo\":{\"@type\":\"ImageObject\",\"inLanguage\":\"fr-FR\",\"@id\":\"https:\/\/www.pressenza.com\/fr\/#\/schema\/logo\/image\/\",\"url\":\"https:\/\/www.pressenza.com\/wp-content\/uploads\/2022\/10\/pressenza_logo_200x200.jpg\",\"contentUrl\":\"https:\/\/www.pressenza.com\/wp-content\/uploads\/2022\/10\/pressenza_logo_200x200.jpg\",\"width\":200,\"height\":200,\"caption\":\"Pressenza\"},\"image\":{\"@id\":\"https:\/\/www.pressenza.com\/fr\/#\/schema\/logo\/image\/\"},\"sameAs\":[\"https:\/\/www.facebook.com\/PressenzaItalia\",\"https:\/\/x.com\/PressenzaIPA\"]}]}<\/script>\n<!-- \/ Yoast SEO plugin. -->","yoast_head_json":{"title":"Cycle d'ateliers d'introduction au journalisme non-violent - Pressenza","robots":{"index":"index","follow":"follow","max-snippet":"max-snippet:-1","max-image-preview":"max-image-preview:large","max-video-preview":"max-video-preview:-1"},"canonical":"https:\/\/www.pressenza.com\/fr\/cycle-dateliers-dintroduction-au-journalisme-non-violent\/","og_locale":"fr_FR","og_type":"article","og_title":"Cycle d'ateliers d'introduction au journalisme non-violent - Pressenza","og_description":"Cycle d&rsquo;ateliers d&rsquo;introduction au journalisme non-violent La r\u00e9daction belge de Pressenza, en collaboration avec Agir pour la Paix, vous propose un cycle d\u2019ateliers visant \u00e0 \u00e9largir votre perception des \u00e9v\u00e9nements et \u00e0 adopter une approche non-violente face \u00e0 l\u2019actualit\u00e9. L\u2019objectif&hellip;","og_url":"https:\/\/www.pressenza.com\/fr\/cycle-dateliers-dintroduction-au-journalisme-non-violent\/","og_site_name":"Pressenza","article_publisher":"https:\/\/www.facebook.com\/PressenzaItalia","article_modified_time":"2025-02-27T08:30:53+00:00","twitter_card":"summary_large_image","twitter_site":"@PressenzaIPA","twitter_misc":{"Dur\u00e9e de lecture estim\u00e9e":"1 minute"},"schema":{"@context":"https:\/\/schema.org","@graph":[{"@type":"WebPage","@id":"https:\/\/www.pressenza.com\/fr\/cycle-dateliers-dintroduction-au-journalisme-non-violent\/","url":"https:\/\/www.pressenza.com\/fr\/cycle-dateliers-dintroduction-au-journalisme-non-violent\/","name":"Cycle d'ateliers d'introduction au journalisme non-violent - Pressenza","isPartOf":{"@id":"https:\/\/www.pressenza.com\/fr\/#website"},"datePublished":"2025-02-27T08:25:51+00:00","dateModified":"2025-02-27T08:30:53+00:00","breadcrumb":{"@id":"https:\/\/www.pressenza.com\/fr\/cycle-dateliers-dintroduction-au-journalisme-non-violent\/#breadcrumb"},"inLanguage":"fr-FR","potentialAction":[{"@type":"ReadAction","target":["https:\/\/www.pressenza.com\/fr\/cycle-dateliers-dintroduction-au-journalisme-non-violent\/"]}]},{"@type":"BreadcrumbList","@id":"https:\/\/www.pressenza.com\/fr\/cycle-dateliers-dintroduction-au-journalisme-non-violent\/#breadcrumb","itemListElement":[{"@type":"ListItem","position":1,"name":"Accueil","item":"https:\/\/www.pressenza.com\/fr\/"},{"@type":"ListItem","position":2,"name":"Cycle d&#8217;ateliers d&#8217;introduction au journalisme non-violent"}]},{"@type":"WebSite","@id":"https:\/\/www.pressenza.com\/fr\/#website","url":"https:\/\/www.pressenza.com\/fr\/","name":"Pressenza","description":"International Press Agency","publisher":{"@id":"https:\/\/www.pressenza.com\/fr\/#organization"},"potentialAction":[{"@type":"SearchAction","target":{"@type":"EntryPoint","urlTemplate":"https:\/\/www.pressenza.com\/fr\/?s={search_term_string}"},"query-input":{"@type":"PropertyValueSpecification","valueRequired":true,"valueName":"search_term_string"}}],"inLanguage":"fr-FR"},{"@type":"Organization","@id":"https:\/\/www.pressenza.com\/fr\/#organization","name":"Pressenza","url":"https:\/\/www.pressenza.com\/fr\/","logo":{"@type":"ImageObject","inLanguage":"fr-FR","@id":"https:\/\/www.pressenza.com\/fr\/#\/schema\/logo\/image\/","url":"https:\/\/www.pressenza.com\/wp-content\/uploads\/2022\/10\/pressenza_logo_200x200.jpg","contentUrl":"https:\/\/www.pressenza.com\/wp-content\/uploads\/2022\/10\/pressenza_logo_200x200.jpg","width":200,"height":200,"caption":"Pressenza"},"image":{"@id":"https:\/\/www.pressenza.com\/fr\/#\/schema\/logo\/image\/"},"sameAs":["https:\/\/www.facebook.com\/PressenzaItalia","https:\/\/x.com\/PressenzaIPA"]}]}},"_links":{"self":[{"href":"https:\/\/www.pressenza.com\/fr\/wp-json\/wp\/v2\/pages\/2585797","targetHints":{"allow":["GET"]}}],"collection":[{"href":"https:\/\/www.pressenza.com\/fr\/wp-json\/wp\/v2\/pages"}],"about":[{"href":"https:\/\/www.pressenza.com\/fr\/wp-json\/wp\/v2\/types\/page"}],"author":[{"embeddable":true,"href":"https:\/\/www.pressenza.com\/fr\/wp-json\/wp\/v2\/users\/2326"}],"replies":[{"embeddable":true,"href":"https:\/\/www.pressenza.com\/fr\/wp-json\/wp\/v2\/comments?post=2585797"}],"version-history":[{"count":0,"href":"https:\/\/www.pressenza.com\/fr\/wp-json\/wp\/v2\/pages\/2585797\/revisions"}],"wp:attachment":[{"href":"https:\/\/www.pressenza.com\/fr\/wp-json\/wp\/v2\/media?parent=2585797"}],"curies":[{"name":"wp","href":"https:\/\/api.w.org\/{rel}","templated":true}]}}