{"id":2529366,"date":"2024-06-10T22:57:55","date_gmt":"2024-06-10T21:57:55","guid":{"rendered":"https:\/\/www.pressenza.com\/?page_id=2529366"},"modified":"2026-01-07T09:26:13","modified_gmt":"2026-01-07T09:26:13","slug":"journalisme-non-violent","status":"publish","type":"page","link":"https:\/\/www.pressenza.com\/fr\/journalisme-non-violent\/","title":{"rendered":"Journalisme Non-Violent"},"content":{"rendered":"<h1 style=\"text-align: center;\">Journalisme Non-Violent<\/h1>\n<h2 style=\"text-align: center;\">Une approche humaniste de la communication<\/h2>\n<p><img loading=\"lazy\" decoding=\"async\" class=\"size-medium alignright\" src=\"https:\/\/www.pressenza.com\/fr\/?attachment_id=2529382\" width=\"400\" height=\"562\" \/><\/p>\n<p>Ce livre se veut le reflet des douze premi\u00e8res ann\u00e9es d&rsquo;effort collectif d&rsquo;une organisation \u00e0 but non lucratif, dans laquelle sont impliqu\u00e9s de nombreux volontaires dans le domaine du journalisme et de la communication : Pressenza, une agence de presse internationale avec une approche non-violente. C&rsquo;est sur la base de cet engagement et du processus pour le faire avancer que nous sommes en mesure de vous pr\u00e9senter ces pages. Douze ann\u00e9es de succ\u00e8s et d&rsquo;erreurs, d&rsquo;exp\u00e9rimentations, de collaborations, d&rsquo;apprentissage \u00e0 partir du dialogue et du savoir-faire de communicant\u00b7e\u00b7s, de militant\u00b7e\u00b7s, d\u2019ami\u00b7e\u00b7s du monde universitaire qui ont donn\u00e9 l\u2019impulsion pour formuler, au service de celles et ceux qui les trouvent utiles, les fondements et les principes, les outils et les suggestions qui pourraient configurer une approche non-violente de la communication et du travail journalistique. L\u2019\u00e9quipe qui a travaill\u00e9 sur cette production fait partie de l\u2019agence depuis ses origines. Nous la portons dans notre chair, et cela peut sans doute impliquer des avantages et des inconv\u00e9nients pour ce texte. C\u2019est pourquoi il est bon qu\u2019en le lisant, on dispose de ces informations.<\/p>\n<p>Comme vous le constaterez, cette production est \u00e0 mi-chemin entre un livre et un manuel. La raison en est simple : nous avons voulu rendre compte des \u00e9l\u00e9ments qui sous-tendent l\u2019approche non-violente, mais aussi fournir quelques pistes qui nous ont permis de la mettre en pratique ou de l\u2019identifier dans d\u2019autres m\u00e9dias du m\u00eame type. Nous ne sommes pas et ne voulons pas \u00eatre \u00ab propri\u00e9taires \u00bb du contenu : nous avons appris de nombreuses personnes et dans de nombreux espaces. Notre t\u00e2che consiste \u00e0 int\u00e9grer ces apprentissages de la meilleure fa\u00e7on possible.<\/p>\n<p>\u00c0 qui pensons-nous lorsque nous \u00e9crivons ces pages ? Plus particuli\u00e8rement aux nouvelles g\u00e9n\u00e9rations de communicant\u00b7e\u00b7s et de journalistes dans les structures de formation. Nous souhaiterions que ce livre soit utile dans les universit\u00e9s, tant pour les enseignant\u00b7e\u00b7s que pour les \u00e9tudiant\u00b7e\u00b7s. Mais nous pensons aussi aux sp\u00e9cialistes de la profession et aux militant\u00b7e\u00b7s des collectifs, mouvements et organisations sociales, qui ont des orientations \u00e9galement marqu\u00e9es par la non-violence, et qui peuvent, dans cette approche, trouver des outils pour leur diffusion.<\/p>\n<p>Il s&rsquo;agit de la premi\u00e8re \u00e9dition. Nous nous donnons le droit de l&rsquo;am\u00e9liorer et, dans quelque temps, d&rsquo;en avoir une deuxi\u00e8me, une troisi\u00e8me&#8230; Il s&rsquo;agit donc d&rsquo;une publication vivante.<\/p>\n<h2 style=\"text-align: center;\"><a href=\"mailto:pressenzafrancophone@tutanota.com\">Cliquez ici pour acheter le livre en fran\u00e7ais, 12\u20ac<\/a><\/h2>\n<h3 style=\"text-align: center;\"><a href=\"https:\/\/www.pressenza.com\/wp-content\/uploads\/2024\/08\/LIVRE_Journalisme_Non-Violent_aout_2024.pdf\" target=\"_blank\" rel=\"noopener\">Cliquez ici pour t\u00e9l\u00e9charger le livre en PDF<\/a><\/h3>\n<p>&nbsp;<\/p>\n<h2 style=\"text-align: center;\">A propos des auteur.e.s<\/h2>\n<p><a href=\"https:\/\/www.pressenza.com\/wp-content\/uploads\/2023\/04\/About-the-authors.jpg\"><img loading=\"lazy\" decoding=\"async\" class=\"size-large wp-image-1735947 aligncenter\" src=\"https:\/\/www.pressenza.com\/wp-content\/uploads\/2023\/04\/About-the-authors-820x164.jpg\" alt=\"\" width=\"820\" height=\"164\" srcset=\"https:\/\/www.pressenza.com\/wp-content\/uploads\/2023\/04\/About-the-authors-820x164.jpg 820w, https:\/\/www.pressenza.com\/wp-content\/uploads\/2023\/04\/About-the-authors-300x60.jpg 300w, https:\/\/www.pressenza.com\/wp-content\/uploads\/2023\/04\/About-the-authors.jpg 1000w\" sizes=\"auto, (max-width: 820px) 100vw, 820px\" \/><\/a><\/p>\n<h3><strong>P\u00eda Figueroa Edwards (Chili)<\/strong><\/h3>\n<p>Chilienne, dipl\u00f4m\u00e9e en histoire de l&rsquo;art et experte en \u00e9cologie. Depuis 2008, elle est codirectrice de Pressenza. Elle \u00e9crit r\u00e9guli\u00e8rement, est productrice de documentaires t\u00e9l\u00e9vis\u00e9s et a produit plusieurs monographies de recherche. Elle a publi\u00e9 trois livres qui s&rsquo;appuient sur le courant de pens\u00e9e connu sous le nom d&rsquo;Humanisme Universaliste.<\/p>\n<h3><strong>Nelsy Lizarazo Castro (\u00c9quateur\/Colombie)<br \/>\n<\/strong><\/h3>\n<p>De nationalit\u00e9 colombienne et \u00e9quatorienne, est titulaire d&rsquo;un dipl\u00f4me de troisi\u00e8me cycle en sciences politiques et relations internationales et d&rsquo;un dipl\u00f4me de premier cycle en philosophie et litt\u00e9rature. En tant que communicatrice et \u00e9ducatrice, elle a travaill\u00e9 pendant douze ans, sur deux p\u00e9riodes diff\u00e9rentes, \u00e0 l\u2019Association Latino-am\u00e9ricaine d\u2019\u00c9ducation Radiophonique ALER. Elle est professeure d&rsquo;universit\u00e9 et fondatrice de Pressenza, ainsi que r\u00e9dactrice dans la r\u00e9daction \u00e9quatorienne et, depuis sept ans, coproductrice du programme radiophonique <em>Cuatro<\/em> <em>Elementos<\/em>, qui se concentre sur l&rsquo;analyse des \u00e9v\u00e9nements internationaux.<\/p>\n<h3><strong>Juana P\u00e9rez Montero (Espagne)<br \/>\n<\/strong><\/h3>\n<p>Est dipl\u00f4m\u00e9e en journalisme de la Facult\u00e9 des sciences de l&rsquo;information de l&rsquo;Universit\u00e9 Complutense de Madrid. Elle a travaill\u00e9 dans la presse \u00e9crite et \u00e0 la radio. Elle a d\u00e9velopp\u00e9 son travail journalistique en collaborant avec diff\u00e9rents groupes, mouvements sociaux et expressions spirituelles. Son engagement pour la cr\u00e9ation collective l&rsquo;a amen\u00e9e \u00e0 participer \u00e0 la production de documentaires, de livres et de monographies, ainsi qu&rsquo;\u00e0 la construction de r\u00e9seaux d&rsquo;activistes qui militent pour un revenu de base universel inconditionnel, pour le d\u00e9sarmement nucl\u00e9aire, pour le dialogue et la r\u00e9conciliation entre les individus et les peuples.<\/p>\n<h3><strong>Tony Robinson (Royaume-Uni)<\/strong><\/h3>\n<p>En tant qu&rsquo;activiste de Monde Sans Guerres et Sans violence, il a particip\u00e9 \u00e0 la premi\u00e8re Marche mondiale pour la Paix et la Non-Violence qui a fait campagne pour l&rsquo;\u00e9limination des arsenaux nucl\u00e9aires et de toutes les formes de violence. Depuis, il a d&rsquo;abord \u00e9t\u00e9 r\u00e9dacteur, puis \u00e9diteur et enfin codirecteur de Pressenza. En 2019, il a produit le documentaire prim\u00e9 <em><a href=\"https:\/\/youtu.be\/M7ghPHSW7R8?si=PKCLJ18JomNP8XHv\">Le d\u00e9but de la fin des armes nucl\u00e9aires<\/a><\/em>, avec le r\u00e9alisateur \u00c1lvaro Or\u00fas.<\/p>\n<h3><strong>Javier Tolcachier (Argentine)<br \/>\n<\/strong><\/h3>\n<p>Est chercheur au Centre Mondial d\u2019\u00c9tudes Humanistes. Il est chroniqueur et membre de l&rsquo;\u00e9quipe fondatrice de Pressenza. Ses travaux comprennent les livres <em>Souvenirs du Futur, la Chute du Dragon et de l\u2019Aigle, Humaniser l\u2019Histoire <\/em>et<em> Tendances<\/em>, ainsi que des articles, des \u00e9tudes et des monographies qui tentent d&rsquo;appliquer un regard humaniste \u00e0 divers domaines de l&rsquo;activit\u00e9 humaine. Il est engag\u00e9 dans le Mouvement humaniste depuis quatre d\u00e9cennies et vit \u00e0 C\u00f3rdoba, Argentine, sa ville natale.<\/p>\n<h2 style=\"text-align: center;\">A propos du livre<\/h2>\n<p>Le livre a \u00e9t\u00e9 publi\u00e9 dans 4 \u00e9ditions diff\u00e9rentes : en espagnol (<a href=\"https:\/\/www.libreriahumanista.com\/p\/periodismo-no-violento-hacia-un-enfoque-humanizador-de-la-comunicacion-pressenza\/\" target=\"_blank\" rel=\"noopener\">Chili<\/a>, \u00c9quateur et <a href=\"https:\/\/libreria.desdeabajo.info\/index.php?route=product\/product&amp;product_id=313\" target=\"_blank\" rel=\"noopener\">Colombie)<\/a> en <a href=\"https:\/\/www.mondadoristore.it\/Giornalismo-nonviolento-na\/eai978883226294\/\" target=\"_blank\" rel=\"noopener\">italien<\/a>, en <a href=\"https:\/\/www.amazon.com\/Nonviolent-Journalism-humanist-approach-communication\/dp\/B0C3L8ZSNZ\/\">anglais<\/a> et en fran\u00e7ais.<\/p>\n<p>Langue \u200f : \u200e Fran\u00e7ais<br \/>\nBroch\u00e9 \u200f : \u200e 240 pages<br \/>\nISBN-13 \u200f : \u200e 978-2-9585294-0-6<\/p>\n<h2 style=\"text-align: center;\"><a href=\"mailto:pressenzafrancophone@tutanota.com\">Cliquez ici pour acheter le livre en fran\u00e7ais, 12\u20ac<\/a><\/h2>\n","protected":false},"excerpt":{"rendered":"<p>Journalisme Non-Violent Une approche humaniste de la communication Ce livre se veut le reflet des douze premi\u00e8res ann\u00e9es d&rsquo;effort collectif d&rsquo;une organisation \u00e0 but non lucratif, dans laquelle sont impliqu\u00e9s de nombreux volontaires dans le domaine du journalisme et de&hellip;<\/p>\n","protected":false},"author":886,"featured_media":0,"parent":0,"menu_order":0,"comment_status":"closed","ping_status":"closed","template":"","meta":{"footnotes":""},"class_list":["post-2529366","page","type-page","status-publish","hentry"],"yoast_head":"<!-- This site is optimized with the Yoast SEO plugin v27.1.1 - https:\/\/yoast.com\/product\/yoast-seo-wordpress\/ -->\n<title>Journalisme Non-Violent - Pressenza<\/title>\n<meta name=\"robots\" content=\"index, follow, max-snippet:-1, max-image-preview:large, max-video-preview:-1\" \/>\n<link rel=\"canonical\" href=\"https:\/\/www.pressenza.com\/fr\/journalisme-non-violent\/\" \/>\n<meta property=\"og:locale\" content=\"fr_FR\" \/>\n<meta property=\"og:type\" content=\"article\" \/>\n<meta property=\"og:title\" content=\"Journalisme Non-Violent - Pressenza\" \/>\n<meta property=\"og:description\" content=\"Journalisme Non-Violent Une approche humaniste de la communication Ce livre se veut le reflet des douze premi\u00e8res ann\u00e9es d&rsquo;effort collectif d&rsquo;une organisation \u00e0 but non lucratif, dans laquelle sont impliqu\u00e9s de nombreux volontaires dans le domaine du journalisme et de&hellip;\" \/>\n<meta property=\"og:url\" content=\"https:\/\/www.pressenza.com\/fr\/journalisme-non-violent\/\" \/>\n<meta property=\"og:site_name\" content=\"Pressenza\" \/>\n<meta property=\"article:publisher\" content=\"https:\/\/www.facebook.com\/PressenzaItalia\" \/>\n<meta property=\"article:modified_time\" content=\"2026-01-07T09:26:13+00:00\" \/>\n<meta property=\"og:image\" content=\"https:\/\/www.pressenza.com\/fr\/?attachment_id=2529382\" \/>\n<meta name=\"twitter:card\" content=\"summary_large_image\" \/>\n<meta name=\"twitter:site\" content=\"@PressenzaIPA\" \/>\n<meta name=\"twitter:label1\" content=\"Dur\u00e9e de lecture estim\u00e9e\" \/>\n\t<meta name=\"twitter:data1\" content=\"5 minutes\" \/>\n<script type=\"application\/ld+json\" class=\"yoast-schema-graph\">{\"@context\":\"https:\/\/schema.org\",\"@graph\":[{\"@type\":\"WebPage\",\"@id\":\"https:\/\/www.pressenza.com\/fr\/journalisme-non-violent\/\",\"url\":\"https:\/\/www.pressenza.com\/fr\/journalisme-non-violent\/\",\"name\":\"Journalisme Non-Violent - Pressenza\",\"isPartOf\":{\"@id\":\"https:\/\/www.pressenza.com\/fr\/#website\"},\"primaryImageOfPage\":{\"@id\":\"https:\/\/www.pressenza.com\/fr\/journalisme-non-violent\/#primaryimage\"},\"image\":{\"@id\":\"https:\/\/www.pressenza.com\/fr\/journalisme-non-violent\/#primaryimage\"},\"thumbnailUrl\":\"https:\/\/www.pressenza.com\/fr\/?attachment_id=2529382\",\"datePublished\":\"2024-06-10T21:57:55+00:00\",\"dateModified\":\"2026-01-07T09:26:13+00:00\",\"breadcrumb\":{\"@id\":\"https:\/\/www.pressenza.com\/fr\/journalisme-non-violent\/#breadcrumb\"},\"inLanguage\":\"fr-FR\",\"potentialAction\":[{\"@type\":\"ReadAction\",\"target\":[\"https:\/\/www.pressenza.com\/fr\/journalisme-non-violent\/\"]}]},{\"@type\":\"ImageObject\",\"inLanguage\":\"fr-FR\",\"@id\":\"https:\/\/www.pressenza.com\/fr\/journalisme-non-violent\/#primaryimage\",\"url\":\"https:\/\/www.pressenza.com\/fr\/?attachment_id=2529382\",\"contentUrl\":\"https:\/\/www.pressenza.com\/fr\/?attachment_id=2529382\"},{\"@type\":\"BreadcrumbList\",\"@id\":\"https:\/\/www.pressenza.com\/fr\/journalisme-non-violent\/#breadcrumb\",\"itemListElement\":[{\"@type\":\"ListItem\",\"position\":1,\"name\":\"Accueil\",\"item\":\"https:\/\/www.pressenza.com\/fr\/\"},{\"@type\":\"ListItem\",\"position\":2,\"name\":\"Journalisme Non-Violent\"}]},{\"@type\":\"WebSite\",\"@id\":\"https:\/\/www.pressenza.com\/fr\/#website\",\"url\":\"https:\/\/www.pressenza.com\/fr\/\",\"name\":\"Pressenza\",\"description\":\"International Press Agency\",\"publisher\":{\"@id\":\"https:\/\/www.pressenza.com\/fr\/#organization\"},\"potentialAction\":[{\"@type\":\"SearchAction\",\"target\":{\"@type\":\"EntryPoint\",\"urlTemplate\":\"https:\/\/www.pressenza.com\/fr\/?s={search_term_string}\"},\"query-input\":{\"@type\":\"PropertyValueSpecification\",\"valueRequired\":true,\"valueName\":\"search_term_string\"}}],\"inLanguage\":\"fr-FR\"},{\"@type\":\"Organization\",\"@id\":\"https:\/\/www.pressenza.com\/fr\/#organization\",\"name\":\"Pressenza\",\"url\":\"https:\/\/www.pressenza.com\/fr\/\",\"logo\":{\"@type\":\"ImageObject\",\"inLanguage\":\"fr-FR\",\"@id\":\"https:\/\/www.pressenza.com\/fr\/#\/schema\/logo\/image\/\",\"url\":\"https:\/\/www.pressenza.com\/wp-content\/uploads\/2022\/10\/pressenza_logo_200x200.jpg\",\"contentUrl\":\"https:\/\/www.pressenza.com\/wp-content\/uploads\/2022\/10\/pressenza_logo_200x200.jpg\",\"width\":200,\"height\":200,\"caption\":\"Pressenza\"},\"image\":{\"@id\":\"https:\/\/www.pressenza.com\/fr\/#\/schema\/logo\/image\/\"},\"sameAs\":[\"https:\/\/www.facebook.com\/PressenzaItalia\",\"https:\/\/x.com\/PressenzaIPA\"]}]}<\/script>\n<!-- \/ Yoast SEO plugin. -->","yoast_head_json":{"title":"Journalisme Non-Violent - Pressenza","robots":{"index":"index","follow":"follow","max-snippet":"max-snippet:-1","max-image-preview":"max-image-preview:large","max-video-preview":"max-video-preview:-1"},"canonical":"https:\/\/www.pressenza.com\/fr\/journalisme-non-violent\/","og_locale":"fr_FR","og_type":"article","og_title":"Journalisme Non-Violent - Pressenza","og_description":"Journalisme Non-Violent Une approche humaniste de la communication Ce livre se veut le reflet des douze premi\u00e8res ann\u00e9es d&rsquo;effort collectif d&rsquo;une organisation \u00e0 but non lucratif, dans laquelle sont impliqu\u00e9s de nombreux volontaires dans le domaine du journalisme et de&hellip;","og_url":"https:\/\/www.pressenza.com\/fr\/journalisme-non-violent\/","og_site_name":"Pressenza","article_publisher":"https:\/\/www.facebook.com\/PressenzaItalia","article_modified_time":"2026-01-07T09:26:13+00:00","og_image":[{"url":"https:\/\/www.pressenza.com\/fr\/?attachment_id=2529382","type":"","width":"","height":""}],"twitter_card":"summary_large_image","twitter_site":"@PressenzaIPA","twitter_misc":{"Dur\u00e9e de lecture estim\u00e9e":"5 minutes"},"schema":{"@context":"https:\/\/schema.org","@graph":[{"@type":"WebPage","@id":"https:\/\/www.pressenza.com\/fr\/journalisme-non-violent\/","url":"https:\/\/www.pressenza.com\/fr\/journalisme-non-violent\/","name":"Journalisme Non-Violent - Pressenza","isPartOf":{"@id":"https:\/\/www.pressenza.com\/fr\/#website"},"primaryImageOfPage":{"@id":"https:\/\/www.pressenza.com\/fr\/journalisme-non-violent\/#primaryimage"},"image":{"@id":"https:\/\/www.pressenza.com\/fr\/journalisme-non-violent\/#primaryimage"},"thumbnailUrl":"https:\/\/www.pressenza.com\/fr\/?attachment_id=2529382","datePublished":"2024-06-10T21:57:55+00:00","dateModified":"2026-01-07T09:26:13+00:00","breadcrumb":{"@id":"https:\/\/www.pressenza.com\/fr\/journalisme-non-violent\/#breadcrumb"},"inLanguage":"fr-FR","potentialAction":[{"@type":"ReadAction","target":["https:\/\/www.pressenza.com\/fr\/journalisme-non-violent\/"]}]},{"@type":"ImageObject","inLanguage":"fr-FR","@id":"https:\/\/www.pressenza.com\/fr\/journalisme-non-violent\/#primaryimage","url":"https:\/\/www.pressenza.com\/fr\/?attachment_id=2529382","contentUrl":"https:\/\/www.pressenza.com\/fr\/?attachment_id=2529382"},{"@type":"BreadcrumbList","@id":"https:\/\/www.pressenza.com\/fr\/journalisme-non-violent\/#breadcrumb","itemListElement":[{"@type":"ListItem","position":1,"name":"Accueil","item":"https:\/\/www.pressenza.com\/fr\/"},{"@type":"ListItem","position":2,"name":"Journalisme Non-Violent"}]},{"@type":"WebSite","@id":"https:\/\/www.pressenza.com\/fr\/#website","url":"https:\/\/www.pressenza.com\/fr\/","name":"Pressenza","description":"International Press Agency","publisher":{"@id":"https:\/\/www.pressenza.com\/fr\/#organization"},"potentialAction":[{"@type":"SearchAction","target":{"@type":"EntryPoint","urlTemplate":"https:\/\/www.pressenza.com\/fr\/?s={search_term_string}"},"query-input":{"@type":"PropertyValueSpecification","valueRequired":true,"valueName":"search_term_string"}}],"inLanguage":"fr-FR"},{"@type":"Organization","@id":"https:\/\/www.pressenza.com\/fr\/#organization","name":"Pressenza","url":"https:\/\/www.pressenza.com\/fr\/","logo":{"@type":"ImageObject","inLanguage":"fr-FR","@id":"https:\/\/www.pressenza.com\/fr\/#\/schema\/logo\/image\/","url":"https:\/\/www.pressenza.com\/wp-content\/uploads\/2022\/10\/pressenza_logo_200x200.jpg","contentUrl":"https:\/\/www.pressenza.com\/wp-content\/uploads\/2022\/10\/pressenza_logo_200x200.jpg","width":200,"height":200,"caption":"Pressenza"},"image":{"@id":"https:\/\/www.pressenza.com\/fr\/#\/schema\/logo\/image\/"},"sameAs":["https:\/\/www.facebook.com\/PressenzaItalia","https:\/\/x.com\/PressenzaIPA"]}]}},"_links":{"self":[{"href":"https:\/\/www.pressenza.com\/fr\/wp-json\/wp\/v2\/pages\/2529366","targetHints":{"allow":["GET"]}}],"collection":[{"href":"https:\/\/www.pressenza.com\/fr\/wp-json\/wp\/v2\/pages"}],"about":[{"href":"https:\/\/www.pressenza.com\/fr\/wp-json\/wp\/v2\/types\/page"}],"author":[{"embeddable":true,"href":"https:\/\/www.pressenza.com\/fr\/wp-json\/wp\/v2\/users\/886"}],"replies":[{"embeddable":true,"href":"https:\/\/www.pressenza.com\/fr\/wp-json\/wp\/v2\/comments?post=2529366"}],"version-history":[{"count":2,"href":"https:\/\/www.pressenza.com\/fr\/wp-json\/wp\/v2\/pages\/2529366\/revisions"}],"predecessor-version":[{"id":2666237,"href":"https:\/\/www.pressenza.com\/fr\/wp-json\/wp\/v2\/pages\/2529366\/revisions\/2666237"}],"wp:attachment":[{"href":"https:\/\/www.pressenza.com\/fr\/wp-json\/wp\/v2\/media?parent=2529366"}],"curies":[{"name":"wp","href":"https:\/\/api.w.org\/{rel}","templated":true}]}}