{"id":2526782,"date":"2024-05-25T16:25:22","date_gmt":"2024-05-25T15:25:22","guid":{"rendered":"https:\/\/www.pressenza.com\/?page_id=2526782"},"modified":"2024-11-10T20:35:03","modified_gmt":"2024-11-10T20:35:03","slug":"pressenza-promoteur-mediatique-de-la-3eme-marche-mondiale-pour-la-paix-et-la-non-violence","status":"publish","type":"page","link":"https:\/\/www.pressenza.com\/fr\/pressenza-promoteur-mediatique-de-la-3eme-marche-mondiale-pour-la-paix-et-la-non-violence\/","title":{"rendered":"Pressenza, promoteur m\u00e9diatique de la 3\u00e8me Marche Mondiale pour la Paix et la Non-violence"},"content":{"rendered":"<h1>Pressenza, promoteur m\u00e9diatique de la 3\u00e8me Marche Mondiale pour la Paix et la Non-violence<\/h1>\n<h3 dir=\"ltr\" style=\"text-align: center;\">Voir les articles sur la Marche mondiale, <a href=\"https:\/\/www.pressenza.com\/fr\/tag\/marche-mondiale\/\">ICI<\/a><\/h3>\n<p dir=\"ltr\"><span style=\"color: #003300;\">Pressenza fut cr\u00e9\u00e9e en 2009 en tant qu&rsquo;agence de presse pour accompagner la premi\u00e8re Marche mondiale pour la Paix et la Non-violence.\u00a0 Depuis lors, elle a acquis une solide assise. Con\u00e7ue au c\u0153ur d&rsquo;une vague de paix, Pressenza adopte une approche de diffusion multilingue, multiculturelle et multicontinentale. Chaque jour, nous nous effor\u00e7ons de fournir des photos, des vid\u00e9os, des reportages, des interviews et des tables rondes, quelles que soient les conditions m\u00e9t\u00e9orologiques, 24 heures sur 24 et 7 jours sur 7, d&rsquo;est en ouest et du nord au sud. Aujourd&rsquo;hui, nous poursuivons cette mission avec plus de langues, une couverture plus large et une exp\u00e9rience enrichie.<\/span><\/p>\n<p dir=\"ltr\"><span style=\"color: #003300;\">Nous sommes extr\u00eamement fiers d&rsquo;annoncer notre r\u00f4le de promoteur m\u00e9diatique de la<\/span> <a href=\"https:\/\/theworldmarch.org\/fr\/\">3e Marche mondiale<\/a><span style=\"color: #003300;\">. Nous participerons activement \u00e0 son lancement au Costa Rica le 2 octobre 2024 et accompagnerons la marche jusqu&rsquo;\u00e0 sa conclusion en 2025.<\/span><\/p>\n<p dir=\"ltr\"><span style=\"color: #003300;\">Il y a quatorze ans, les concepts de Paix et de Non-violence \u00e9taient d\u00e9j\u00e0 reconnus comme des solutions cruciales pour fa\u00e7onner un avenir meilleur pour l&rsquo;humanit\u00e9. Aujourd&rsquo;hui, leur importance n&rsquo;a fait que cro\u00eetre, car l&rsquo;urgence de nos crises globales en fait le moyen imp\u00e9ratif, voire unique, de r\u00e9orienter notre monde.<\/span><\/p>\n<p dir=\"ltr\"><span style=\"color: #003300;\">Nous accueillons chaleureusement toutes les personnes qui contribuent \u00e0 cet effort immense : organisateurs, b\u00e9n\u00e9voles, artistes, participants, institutions, personnalit\u00e9s politiques et mouvements sociaux. Pressenza est honor\u00e9e d&rsquo;amplifier les voix et les actions de ces personnes. Cette initiative est l&rsquo;une des actions les plus humanisantes de notre \u00e9poque. Alors que notre humanit\u00e9 se transforme, nous plaidons pour la Paix et la Non-violence.<\/span><\/p>\n<h3 dir=\"ltr\" style=\"text-align: center;\">Voir les articles sur la Marche mondiale, <a href=\"https:\/\/www.pressenza.com\/fr\/tag\/marche-mondiale\/\">ICI<\/a><\/h3>\n","protected":false},"excerpt":{"rendered":"<p>Pressenza, promoteur m\u00e9diatique de la 3\u00e8me Marche Mondiale pour la Paix et la Non-violence Voir les articles sur la Marche mondiale, ICI Pressenza fut cr\u00e9\u00e9e en 2009 en tant qu&rsquo;agence de presse pour accompagner la premi\u00e8re Marche mondiale pour la&hellip;<\/p>\n","protected":false},"author":1201,"featured_media":0,"parent":0,"menu_order":0,"comment_status":"closed","ping_status":"closed","template":"","meta":{"footnotes":""},"class_list":["post-2526782","page","type-page","status-publish","hentry"],"yoast_head":"<!-- This site is optimized with the Yoast SEO plugin v27.1.1 - https:\/\/yoast.com\/product\/yoast-seo-wordpress\/ -->\n<title>Pressenza, promoteur m\u00e9diatique de la 3\u00e8me Marche Mondiale pour la Paix et la Non-violence - Pressenza<\/title>\n<meta name=\"robots\" content=\"index, follow, max-snippet:-1, max-image-preview:large, max-video-preview:-1\" \/>\n<link rel=\"canonical\" href=\"https:\/\/www.pressenza.com\/fr\/pressenza-promoteur-mediatique-de-la-3eme-marche-mondiale-pour-la-paix-et-la-non-violence\/\" \/>\n<meta property=\"og:locale\" content=\"fr_FR\" \/>\n<meta property=\"og:type\" content=\"article\" \/>\n<meta property=\"og:title\" content=\"Pressenza, promoteur m\u00e9diatique de la 3\u00e8me Marche Mondiale pour la Paix et la Non-violence - Pressenza\" \/>\n<meta property=\"og:description\" content=\"Pressenza, promoteur m\u00e9diatique de la 3\u00e8me Marche Mondiale pour la Paix et la Non-violence Voir les articles sur la Marche mondiale, ICI Pressenza fut cr\u00e9\u00e9e en 2009 en tant qu&rsquo;agence de presse pour accompagner la premi\u00e8re Marche mondiale pour la&hellip;\" \/>\n<meta property=\"og:url\" content=\"https:\/\/www.pressenza.com\/fr\/pressenza-promoteur-mediatique-de-la-3eme-marche-mondiale-pour-la-paix-et-la-non-violence\/\" \/>\n<meta property=\"og:site_name\" content=\"Pressenza\" \/>\n<meta property=\"article:publisher\" content=\"https:\/\/www.facebook.com\/PressenzaItalia\" \/>\n<meta property=\"article:modified_time\" content=\"2024-11-10T20:35:03+00:00\" \/>\n<meta name=\"twitter:card\" content=\"summary_large_image\" \/>\n<meta name=\"twitter:site\" content=\"@PressenzaIPA\" \/>\n<meta name=\"twitter:label1\" content=\"Dur\u00e9e de lecture estim\u00e9e\" \/>\n\t<meta name=\"twitter:data1\" content=\"2 minutes\" \/>\n<script type=\"application\/ld+json\" class=\"yoast-schema-graph\">{\"@context\":\"https:\/\/schema.org\",\"@graph\":[{\"@type\":\"WebPage\",\"@id\":\"https:\/\/www.pressenza.com\/fr\/pressenza-promoteur-mediatique-de-la-3eme-marche-mondiale-pour-la-paix-et-la-non-violence\/\",\"url\":\"https:\/\/www.pressenza.com\/fr\/pressenza-promoteur-mediatique-de-la-3eme-marche-mondiale-pour-la-paix-et-la-non-violence\/\",\"name\":\"Pressenza, promoteur m\u00e9diatique de la 3\u00e8me Marche Mondiale pour la Paix et la Non-violence - Pressenza\",\"isPartOf\":{\"@id\":\"https:\/\/www.pressenza.com\/fr\/#website\"},\"datePublished\":\"2024-05-25T15:25:22+00:00\",\"dateModified\":\"2024-11-10T20:35:03+00:00\",\"breadcrumb\":{\"@id\":\"https:\/\/www.pressenza.com\/fr\/pressenza-promoteur-mediatique-de-la-3eme-marche-mondiale-pour-la-paix-et-la-non-violence\/#breadcrumb\"},\"inLanguage\":\"fr-FR\",\"potentialAction\":[{\"@type\":\"ReadAction\",\"target\":[\"https:\/\/www.pressenza.com\/fr\/pressenza-promoteur-mediatique-de-la-3eme-marche-mondiale-pour-la-paix-et-la-non-violence\/\"]}]},{\"@type\":\"BreadcrumbList\",\"@id\":\"https:\/\/www.pressenza.com\/fr\/pressenza-promoteur-mediatique-de-la-3eme-marche-mondiale-pour-la-paix-et-la-non-violence\/#breadcrumb\",\"itemListElement\":[{\"@type\":\"ListItem\",\"position\":1,\"name\":\"Accueil\",\"item\":\"https:\/\/www.pressenza.com\/fr\/\"},{\"@type\":\"ListItem\",\"position\":2,\"name\":\"Pressenza, promoteur m\u00e9diatique de la 3\u00e8me Marche Mondiale pour la Paix et la Non-violence\"}]},{\"@type\":\"WebSite\",\"@id\":\"https:\/\/www.pressenza.com\/fr\/#website\",\"url\":\"https:\/\/www.pressenza.com\/fr\/\",\"name\":\"Pressenza\",\"description\":\"International Press Agency\",\"publisher\":{\"@id\":\"https:\/\/www.pressenza.com\/fr\/#organization\"},\"potentialAction\":[{\"@type\":\"SearchAction\",\"target\":{\"@type\":\"EntryPoint\",\"urlTemplate\":\"https:\/\/www.pressenza.com\/fr\/?s={search_term_string}\"},\"query-input\":{\"@type\":\"PropertyValueSpecification\",\"valueRequired\":true,\"valueName\":\"search_term_string\"}}],\"inLanguage\":\"fr-FR\"},{\"@type\":\"Organization\",\"@id\":\"https:\/\/www.pressenza.com\/fr\/#organization\",\"name\":\"Pressenza\",\"url\":\"https:\/\/www.pressenza.com\/fr\/\",\"logo\":{\"@type\":\"ImageObject\",\"inLanguage\":\"fr-FR\",\"@id\":\"https:\/\/www.pressenza.com\/fr\/#\/schema\/logo\/image\/\",\"url\":\"https:\/\/www.pressenza.com\/wp-content\/uploads\/2022\/10\/pressenza_logo_200x200.jpg\",\"contentUrl\":\"https:\/\/www.pressenza.com\/wp-content\/uploads\/2022\/10\/pressenza_logo_200x200.jpg\",\"width\":200,\"height\":200,\"caption\":\"Pressenza\"},\"image\":{\"@id\":\"https:\/\/www.pressenza.com\/fr\/#\/schema\/logo\/image\/\"},\"sameAs\":[\"https:\/\/www.facebook.com\/PressenzaItalia\",\"https:\/\/x.com\/PressenzaIPA\"]}]}<\/script>\n<!-- \/ Yoast SEO plugin. -->","yoast_head_json":{"title":"Pressenza, promoteur m\u00e9diatique de la 3\u00e8me Marche Mondiale pour la Paix et la Non-violence - Pressenza","robots":{"index":"index","follow":"follow","max-snippet":"max-snippet:-1","max-image-preview":"max-image-preview:large","max-video-preview":"max-video-preview:-1"},"canonical":"https:\/\/www.pressenza.com\/fr\/pressenza-promoteur-mediatique-de-la-3eme-marche-mondiale-pour-la-paix-et-la-non-violence\/","og_locale":"fr_FR","og_type":"article","og_title":"Pressenza, promoteur m\u00e9diatique de la 3\u00e8me Marche Mondiale pour la Paix et la Non-violence - Pressenza","og_description":"Pressenza, promoteur m\u00e9diatique de la 3\u00e8me Marche Mondiale pour la Paix et la Non-violence Voir les articles sur la Marche mondiale, ICI Pressenza fut cr\u00e9\u00e9e en 2009 en tant qu&rsquo;agence de presse pour accompagner la premi\u00e8re Marche mondiale pour la&hellip;","og_url":"https:\/\/www.pressenza.com\/fr\/pressenza-promoteur-mediatique-de-la-3eme-marche-mondiale-pour-la-paix-et-la-non-violence\/","og_site_name":"Pressenza","article_publisher":"https:\/\/www.facebook.com\/PressenzaItalia","article_modified_time":"2024-11-10T20:35:03+00:00","twitter_card":"summary_large_image","twitter_site":"@PressenzaIPA","twitter_misc":{"Dur\u00e9e de lecture estim\u00e9e":"2 minutes"},"schema":{"@context":"https:\/\/schema.org","@graph":[{"@type":"WebPage","@id":"https:\/\/www.pressenza.com\/fr\/pressenza-promoteur-mediatique-de-la-3eme-marche-mondiale-pour-la-paix-et-la-non-violence\/","url":"https:\/\/www.pressenza.com\/fr\/pressenza-promoteur-mediatique-de-la-3eme-marche-mondiale-pour-la-paix-et-la-non-violence\/","name":"Pressenza, promoteur m\u00e9diatique de la 3\u00e8me Marche Mondiale pour la Paix et la Non-violence - Pressenza","isPartOf":{"@id":"https:\/\/www.pressenza.com\/fr\/#website"},"datePublished":"2024-05-25T15:25:22+00:00","dateModified":"2024-11-10T20:35:03+00:00","breadcrumb":{"@id":"https:\/\/www.pressenza.com\/fr\/pressenza-promoteur-mediatique-de-la-3eme-marche-mondiale-pour-la-paix-et-la-non-violence\/#breadcrumb"},"inLanguage":"fr-FR","potentialAction":[{"@type":"ReadAction","target":["https:\/\/www.pressenza.com\/fr\/pressenza-promoteur-mediatique-de-la-3eme-marche-mondiale-pour-la-paix-et-la-non-violence\/"]}]},{"@type":"BreadcrumbList","@id":"https:\/\/www.pressenza.com\/fr\/pressenza-promoteur-mediatique-de-la-3eme-marche-mondiale-pour-la-paix-et-la-non-violence\/#breadcrumb","itemListElement":[{"@type":"ListItem","position":1,"name":"Accueil","item":"https:\/\/www.pressenza.com\/fr\/"},{"@type":"ListItem","position":2,"name":"Pressenza, promoteur m\u00e9diatique de la 3\u00e8me Marche Mondiale pour la Paix et la Non-violence"}]},{"@type":"WebSite","@id":"https:\/\/www.pressenza.com\/fr\/#website","url":"https:\/\/www.pressenza.com\/fr\/","name":"Pressenza","description":"International Press Agency","publisher":{"@id":"https:\/\/www.pressenza.com\/fr\/#organization"},"potentialAction":[{"@type":"SearchAction","target":{"@type":"EntryPoint","urlTemplate":"https:\/\/www.pressenza.com\/fr\/?s={search_term_string}"},"query-input":{"@type":"PropertyValueSpecification","valueRequired":true,"valueName":"search_term_string"}}],"inLanguage":"fr-FR"},{"@type":"Organization","@id":"https:\/\/www.pressenza.com\/fr\/#organization","name":"Pressenza","url":"https:\/\/www.pressenza.com\/fr\/","logo":{"@type":"ImageObject","inLanguage":"fr-FR","@id":"https:\/\/www.pressenza.com\/fr\/#\/schema\/logo\/image\/","url":"https:\/\/www.pressenza.com\/wp-content\/uploads\/2022\/10\/pressenza_logo_200x200.jpg","contentUrl":"https:\/\/www.pressenza.com\/wp-content\/uploads\/2022\/10\/pressenza_logo_200x200.jpg","width":200,"height":200,"caption":"Pressenza"},"image":{"@id":"https:\/\/www.pressenza.com\/fr\/#\/schema\/logo\/image\/"},"sameAs":["https:\/\/www.facebook.com\/PressenzaItalia","https:\/\/x.com\/PressenzaIPA"]}]}},"_links":{"self":[{"href":"https:\/\/www.pressenza.com\/fr\/wp-json\/wp\/v2\/pages\/2526782","targetHints":{"allow":["GET"]}}],"collection":[{"href":"https:\/\/www.pressenza.com\/fr\/wp-json\/wp\/v2\/pages"}],"about":[{"href":"https:\/\/www.pressenza.com\/fr\/wp-json\/wp\/v2\/types\/page"}],"author":[{"embeddable":true,"href":"https:\/\/www.pressenza.com\/fr\/wp-json\/wp\/v2\/users\/1201"}],"replies":[{"embeddable":true,"href":"https:\/\/www.pressenza.com\/fr\/wp-json\/wp\/v2\/comments?post=2526782"}],"version-history":[{"count":0,"href":"https:\/\/www.pressenza.com\/fr\/wp-json\/wp\/v2\/pages\/2526782\/revisions"}],"wp:attachment":[{"href":"https:\/\/www.pressenza.com\/fr\/wp-json\/wp\/v2\/media?parent=2526782"}],"curies":[{"name":"wp","href":"https:\/\/api.w.org\/{rel}","templated":true}]}}