{"id":1835640,"date":"2024-03-30T10:27:28","date_gmt":"2024-03-30T10:27:28","guid":{"rendered":"https:\/\/www.pressenza.com\/?page_id=1835640"},"modified":"2024-04-04T08:04:16","modified_gmt":"2024-04-04T07:04:16","slug":"marque-d-editeur","status":"publish","type":"page","link":"https:\/\/www.pressenza.com\/fr\/marque-d-editeur\/","title":{"rendered":"Marque d&rsquo;\u00e9diteur"},"content":{"rendered":"<p><span style=\"color: #000000;\"><strong>Responsable du contenu :<\/strong><\/span><\/p>\n<p><span style=\"color: #000000;\">Corporaci\u00f3n PRESSENZA-IPA Agencia de Noticias de Paz y No Violencia<\/span><br \/>\n<span style=\"color: #000000;\">calle Carlos Tobar E6-124 y Eloy Alfaro<\/span><br \/>\n<span style=\"color: #000000;\">Dpto. 403<\/span><br \/>\n<span style=\"color: #000000;\">Quito 170517<\/span><br \/>\n<span style=\"color: #000000;\">Ecuador<\/span><br \/>\n<span style=\"color: #000000;\"><a style=\"color: #000000;\" href=\"mailto:info@pressenza.com\">info@pressenza.com<\/a><\/span><br \/>\n<span style=\"color: #000000;\">M\u00e9mo # SNC-DAL-2014-0011-O # 037 Accord du 4 juin 2014 du Minist\u00e8re National des Communications, Equateur<\/span><\/p>\n<p><span style=\"color: #000000;\"><strong>Avis de responsabilit\u00e9 :<\/strong><\/span><br \/>\n<span style=\"color: #000000;\">Malgr\u00e9 un contr\u00f4le minutieux du contenu, nous n&rsquo;assumons aucune responsabilit\u00e9 pour le contenu des liens externes. Les exploitants des pages li\u00e9es sont seuls responsables de leur contenu.<\/span><\/p>\n","protected":false},"excerpt":{"rendered":"<p>Responsable du contenu : Corporaci\u00f3n PRESSENZA-IPA Agencia de Noticias de Paz y No Violencia calle Carlos Tobar E6-124 y Eloy Alfaro Dpto. 403 Quito 170517 Ecuador info@pressenza.com M\u00e9mo # SNC-DAL-2014-0011-O # 037 Accord du 4 juin 2014 du Minist\u00e8re National&hellip;<\/p>\n","protected":false},"author":1201,"featured_media":0,"parent":0,"menu_order":0,"comment_status":"closed","ping_status":"closed","template":"","meta":{"footnotes":""},"class_list":["post-1835640","page","type-page","status-publish","hentry"],"yoast_head":"<!-- This site is optimized with the Yoast SEO plugin v27.1.1 - https:\/\/yoast.com\/product\/yoast-seo-wordpress\/ -->\n<title>Marque d&#039;\u00e9diteur - Pressenza<\/title>\n<meta name=\"robots\" content=\"index, follow, max-snippet:-1, max-image-preview:large, max-video-preview:-1\" \/>\n<link rel=\"canonical\" href=\"https:\/\/www.pressenza.com\/fr\/marque-d-editeur\/\" \/>\n<meta property=\"og:locale\" content=\"fr_FR\" \/>\n<meta property=\"og:type\" content=\"article\" \/>\n<meta property=\"og:title\" content=\"Marque d&#039;\u00e9diteur - Pressenza\" \/>\n<meta property=\"og:description\" content=\"Responsable du contenu : Corporaci\u00f3n PRESSENZA-IPA Agencia de Noticias de Paz y No Violencia calle Carlos Tobar E6-124 y Eloy Alfaro Dpto. 403 Quito 170517 Ecuador info@pressenza.com M\u00e9mo # SNC-DAL-2014-0011-O # 037 Accord du 4 juin 2014 du Minist\u00e8re National&hellip;\" \/>\n<meta property=\"og:url\" content=\"https:\/\/www.pressenza.com\/fr\/marque-d-editeur\/\" \/>\n<meta property=\"og:site_name\" content=\"Pressenza\" \/>\n<meta property=\"article:publisher\" content=\"https:\/\/www.facebook.com\/PressenzaItalia\" \/>\n<meta property=\"article:modified_time\" content=\"2024-04-04T07:04:16+00:00\" \/>\n<meta name=\"twitter:card\" content=\"summary_large_image\" \/>\n<meta name=\"twitter:site\" content=\"@PressenzaIPA\" \/>\n<meta name=\"twitter:label1\" content=\"Dur\u00e9e de lecture estim\u00e9e\" \/>\n\t<meta name=\"twitter:data1\" content=\"1 minute\" \/>\n<script type=\"application\/ld+json\" class=\"yoast-schema-graph\">{\"@context\":\"https:\/\/schema.org\",\"@graph\":[{\"@type\":\"WebPage\",\"@id\":\"https:\/\/www.pressenza.com\/fr\/marque-d-editeur\/\",\"url\":\"https:\/\/www.pressenza.com\/fr\/marque-d-editeur\/\",\"name\":\"Marque d'\u00e9diteur - Pressenza\",\"isPartOf\":{\"@id\":\"https:\/\/www.pressenza.com\/fr\/#website\"},\"datePublished\":\"2024-03-30T10:27:28+00:00\",\"dateModified\":\"2024-04-04T07:04:16+00:00\",\"breadcrumb\":{\"@id\":\"https:\/\/www.pressenza.com\/fr\/marque-d-editeur\/#breadcrumb\"},\"inLanguage\":\"fr-FR\",\"potentialAction\":[{\"@type\":\"ReadAction\",\"target\":[\"https:\/\/www.pressenza.com\/fr\/marque-d-editeur\/\"]}]},{\"@type\":\"BreadcrumbList\",\"@id\":\"https:\/\/www.pressenza.com\/fr\/marque-d-editeur\/#breadcrumb\",\"itemListElement\":[{\"@type\":\"ListItem\",\"position\":1,\"name\":\"Accueil\",\"item\":\"https:\/\/www.pressenza.com\/fr\/\"},{\"@type\":\"ListItem\",\"position\":2,\"name\":\"Marque d&rsquo;\u00e9diteur\"}]},{\"@type\":\"WebSite\",\"@id\":\"https:\/\/www.pressenza.com\/fr\/#website\",\"url\":\"https:\/\/www.pressenza.com\/fr\/\",\"name\":\"Pressenza\",\"description\":\"International Press Agency\",\"publisher\":{\"@id\":\"https:\/\/www.pressenza.com\/fr\/#organization\"},\"potentialAction\":[{\"@type\":\"SearchAction\",\"target\":{\"@type\":\"EntryPoint\",\"urlTemplate\":\"https:\/\/www.pressenza.com\/fr\/?s={search_term_string}\"},\"query-input\":{\"@type\":\"PropertyValueSpecification\",\"valueRequired\":true,\"valueName\":\"search_term_string\"}}],\"inLanguage\":\"fr-FR\"},{\"@type\":\"Organization\",\"@id\":\"https:\/\/www.pressenza.com\/fr\/#organization\",\"name\":\"Pressenza\",\"url\":\"https:\/\/www.pressenza.com\/fr\/\",\"logo\":{\"@type\":\"ImageObject\",\"inLanguage\":\"fr-FR\",\"@id\":\"https:\/\/www.pressenza.com\/fr\/#\/schema\/logo\/image\/\",\"url\":\"https:\/\/www.pressenza.com\/wp-content\/uploads\/2022\/10\/pressenza_logo_200x200.jpg\",\"contentUrl\":\"https:\/\/www.pressenza.com\/wp-content\/uploads\/2022\/10\/pressenza_logo_200x200.jpg\",\"width\":200,\"height\":200,\"caption\":\"Pressenza\"},\"image\":{\"@id\":\"https:\/\/www.pressenza.com\/fr\/#\/schema\/logo\/image\/\"},\"sameAs\":[\"https:\/\/www.facebook.com\/PressenzaItalia\",\"https:\/\/x.com\/PressenzaIPA\"]}]}<\/script>\n<!-- \/ Yoast SEO plugin. -->","yoast_head_json":{"title":"Marque d'\u00e9diteur - Pressenza","robots":{"index":"index","follow":"follow","max-snippet":"max-snippet:-1","max-image-preview":"max-image-preview:large","max-video-preview":"max-video-preview:-1"},"canonical":"https:\/\/www.pressenza.com\/fr\/marque-d-editeur\/","og_locale":"fr_FR","og_type":"article","og_title":"Marque d'\u00e9diteur - Pressenza","og_description":"Responsable du contenu : Corporaci\u00f3n PRESSENZA-IPA Agencia de Noticias de Paz y No Violencia calle Carlos Tobar E6-124 y Eloy Alfaro Dpto. 403 Quito 170517 Ecuador info@pressenza.com M\u00e9mo # SNC-DAL-2014-0011-O # 037 Accord du 4 juin 2014 du Minist\u00e8re National&hellip;","og_url":"https:\/\/www.pressenza.com\/fr\/marque-d-editeur\/","og_site_name":"Pressenza","article_publisher":"https:\/\/www.facebook.com\/PressenzaItalia","article_modified_time":"2024-04-04T07:04:16+00:00","twitter_card":"summary_large_image","twitter_site":"@PressenzaIPA","twitter_misc":{"Dur\u00e9e de lecture estim\u00e9e":"1 minute"},"schema":{"@context":"https:\/\/schema.org","@graph":[{"@type":"WebPage","@id":"https:\/\/www.pressenza.com\/fr\/marque-d-editeur\/","url":"https:\/\/www.pressenza.com\/fr\/marque-d-editeur\/","name":"Marque d'\u00e9diteur - Pressenza","isPartOf":{"@id":"https:\/\/www.pressenza.com\/fr\/#website"},"datePublished":"2024-03-30T10:27:28+00:00","dateModified":"2024-04-04T07:04:16+00:00","breadcrumb":{"@id":"https:\/\/www.pressenza.com\/fr\/marque-d-editeur\/#breadcrumb"},"inLanguage":"fr-FR","potentialAction":[{"@type":"ReadAction","target":["https:\/\/www.pressenza.com\/fr\/marque-d-editeur\/"]}]},{"@type":"BreadcrumbList","@id":"https:\/\/www.pressenza.com\/fr\/marque-d-editeur\/#breadcrumb","itemListElement":[{"@type":"ListItem","position":1,"name":"Accueil","item":"https:\/\/www.pressenza.com\/fr\/"},{"@type":"ListItem","position":2,"name":"Marque d&rsquo;\u00e9diteur"}]},{"@type":"WebSite","@id":"https:\/\/www.pressenza.com\/fr\/#website","url":"https:\/\/www.pressenza.com\/fr\/","name":"Pressenza","description":"International Press Agency","publisher":{"@id":"https:\/\/www.pressenza.com\/fr\/#organization"},"potentialAction":[{"@type":"SearchAction","target":{"@type":"EntryPoint","urlTemplate":"https:\/\/www.pressenza.com\/fr\/?s={search_term_string}"},"query-input":{"@type":"PropertyValueSpecification","valueRequired":true,"valueName":"search_term_string"}}],"inLanguage":"fr-FR"},{"@type":"Organization","@id":"https:\/\/www.pressenza.com\/fr\/#organization","name":"Pressenza","url":"https:\/\/www.pressenza.com\/fr\/","logo":{"@type":"ImageObject","inLanguage":"fr-FR","@id":"https:\/\/www.pressenza.com\/fr\/#\/schema\/logo\/image\/","url":"https:\/\/www.pressenza.com\/wp-content\/uploads\/2022\/10\/pressenza_logo_200x200.jpg","contentUrl":"https:\/\/www.pressenza.com\/wp-content\/uploads\/2022\/10\/pressenza_logo_200x200.jpg","width":200,"height":200,"caption":"Pressenza"},"image":{"@id":"https:\/\/www.pressenza.com\/fr\/#\/schema\/logo\/image\/"},"sameAs":["https:\/\/www.facebook.com\/PressenzaItalia","https:\/\/x.com\/PressenzaIPA"]}]}},"_links":{"self":[{"href":"https:\/\/www.pressenza.com\/fr\/wp-json\/wp\/v2\/pages\/1835640","targetHints":{"allow":["GET"]}}],"collection":[{"href":"https:\/\/www.pressenza.com\/fr\/wp-json\/wp\/v2\/pages"}],"about":[{"href":"https:\/\/www.pressenza.com\/fr\/wp-json\/wp\/v2\/types\/page"}],"author":[{"embeddable":true,"href":"https:\/\/www.pressenza.com\/fr\/wp-json\/wp\/v2\/users\/1201"}],"replies":[{"embeddable":true,"href":"https:\/\/www.pressenza.com\/fr\/wp-json\/wp\/v2\/comments?post=1835640"}],"version-history":[{"count":0,"href":"https:\/\/www.pressenza.com\/fr\/wp-json\/wp\/v2\/pages\/1835640\/revisions"}],"wp:attachment":[{"href":"https:\/\/www.pressenza.com\/fr\/wp-json\/wp\/v2\/media?parent=1835640"}],"curies":[{"name":"wp","href":"https:\/\/api.w.org\/{rel}","templated":true}]}}