{"id":1721758,"date":"2023-03-03T06:51:28","date_gmt":"2023-03-03T06:51:28","guid":{"rendered":"https:\/\/www.pressenza.com\/?page_id=1721758"},"modified":"2026-02-18T13:23:09","modified_gmt":"2026-02-18T13:23:09","slug":"ateliers-journalisme-non-violent","status":"publish","type":"page","link":"https:\/\/www.pressenza.com\/fr\/ateliers-journalisme-non-violent\/","title":{"rendered":"NOUVEAU : Livre \u00ab Journalisme Non-Violent \u00bb"},"content":{"rendered":"<h1>Livre \u00ab Journalisme Non-Violent \u00bb<\/h1>\n<h3><strong>Contexte<\/strong><\/h3>\n<p><a href=\"https:\/\/www.pressenza.com\/fr\">Pressenza<\/a> est une agence de presse internationale pour la paix et l\u2019action non-violente.<\/p>\n<p>Apr\u00e8s plusieurs ateliers en 2023 sur la r\u00e9daction d&rsquo;articles, en 2024 nous avons r\u00e9alis\u00e9 des ateliers pour pr\u00e9senter le livre \u00ab Journalisme Non-Violent \u00bb, en visio (par zoom).<\/p>\n<p>Nous allons programmer d&rsquo;autres ateliers en 2026.<\/p>\n<h4><strong>Pour plus d\u2019informations, achat ou d\u00e9charge PDF du livre <\/strong>\u00ab\u00a0Journalisme Non-Violent, Une approche humaniste de la communication\u00a0\u00bb, cliquez : <a href=\"https:\/\/www.pressenza.com\/fr\/journalisme-non-violent\/\"><u><span style=\"color: #0000ff;\">ICI<\/span><\/u><\/a><\/h4>\n<p><strong>\u00a0<\/strong><\/p>\n<p>Afin de vous maintenir inform\u00e9.e.s merci de compl\u00e9ter le formulaire ci-dessous :<\/p>\n<h3><strong>Formulaire pour recevoir des informations sur les prochaines dates d&rsquo;activit\u00e9s :<br \/>\n<\/strong><\/h3>\n<p>* Champ obligatoire<\/p>\n<div class=\"wpforms-container wpforms-container-full\" id=\"wpforms-1720665\"><form id=\"wpforms-form-1720665\" class=\"wpforms-validate wpforms-form wpforms-ajax-form\" data-formid=\"1720665\" method=\"post\" enctype=\"multipart\/form-data\" action=\"\/fr\/wp-json\/wp\/v2\/pages\/1721758\" data-token=\"c7dfd9e4ba2ca163112adb2f0cc34a40\" data-token-time=\"1775981600\"><noscript class=\"wpforms-error-noscript\">Veuillez activer JavaScript dans votre navigateur pour remplir ce formulaire.<\/noscript><div class=\"wpforms-field-container\"><div id=\"wpforms-1720665-field_1-container\" class=\"wpforms-field wpforms-field-name\" data-field-id=\"1\"><label class=\"wpforms-field-label\" for=\"wpforms-1720665-field_1\">Nom et pr\u00e9nom  <span class=\"wpforms-required-label\">*<\/span><\/label><input type=\"text\" id=\"wpforms-1720665-field_1\" class=\"wpforms-field-medium wpforms-field-required\" name=\"wpforms[fields][1]\" required><\/div><div id=\"wpforms-1720665-field_5-container\" class=\"wpforms-field wpforms-field-text\" data-field-id=\"5\"><label class=\"wpforms-field-label\" for=\"wpforms-1720665-field_5\">Dans quel pays vivez-vous actuellement ? <span class=\"wpforms-required-label\">*<\/span><\/label><input type=\"text\" id=\"wpforms-1720665-field_5\" class=\"wpforms-field-medium wpforms-field-required\" name=\"wpforms[fields][5]\" required><\/div><div id=\"wpforms-1720665-field_2-container\" class=\"wpforms-field wpforms-field-email\" data-field-id=\"2\"><label class=\"wpforms-field-label\" for=\"wpforms-1720665-field_2\">Courriel <span class=\"wpforms-required-label\">*<\/span><\/label><input type=\"email\" id=\"wpforms-1720665-field_2\" class=\"wpforms-field-medium wpforms-field-required\" name=\"wpforms[fields][2]\" spellcheck=\"false\" required><\/div><div id=\"wpforms-1720665-field_4-container\" class=\"wpforms-field wpforms-field-text\" data-field-id=\"4\"><label class=\"wpforms-field-label\" for=\"wpforms-1720665-field_4\">Num\u00e9ro de t\u00e9l\u00e9phone <span class=\"wpforms-required-label\">*<\/span><\/label><input type=\"text\" id=\"wpforms-1720665-field_4\" class=\"wpforms-field-medium wpforms-field-required\" name=\"wpforms[fields][4]\" required><div class=\"wpforms-field-description\">Num\u00e9ro de contact sur whatsapp<\/div><\/div><div id=\"wpforms-1720665-field_7-container\" class=\"wpforms-field wpforms-field-text\" data-field-id=\"7\"><label class=\"wpforms-field-label\" for=\"wpforms-1720665-field_7\">Motivation, pourquoi souhaitez-vous vous inscrire \u00e0 ces ateliers ? <span class=\"wpforms-required-label\">*<\/span><\/label><input type=\"text\" id=\"wpforms-1720665-field_7\" class=\"wpforms-field-medium wpforms-field-required\" name=\"wpforms[fields][7]\" required><\/div><\/div><!-- .wpforms-field-container --><div class=\"wpforms-submit-container\" ><input type=\"hidden\" name=\"wpforms[id]\" value=\"1720665\"><input type=\"hidden\" name=\"page_title\" value=\"\"><input type=\"hidden\" name=\"page_url\" value=\"https:\/\/www.pressenza.com\/fr\/wp-json\/wp\/v2\/pages\/1721758\"><input type=\"hidden\" name=\"url_referer\" value=\"\"><button type=\"submit\" name=\"wpforms[submit]\" id=\"wpforms-submit-1720665\" class=\"wpforms-submit\" data-alt-text=\"Envoi...\" data-submit-text=\"ENVOYER\" aria-live=\"assertive\" value=\"wpforms-submit\">ENVOYER<\/button><img loading=\"lazy\" decoding=\"async\" src=\"https:\/\/www.pressenza.com\/wp-content\/plugins\/wpforms-lite\/assets\/images\/submit-spin.svg\" class=\"wpforms-submit-spinner\" style=\"display: none;\" width=\"26\" height=\"26\" alt=\"Chargement en cours\"><\/div><\/form><\/div>  <!-- .wpforms-container -->\n<h3><\/h3>\n<p>&nbsp;<\/p>\n<p><img loading=\"lazy\" decoding=\"async\" class=\"size-medium aligncenter\" src=\"https:\/\/www.pressenza.com\/wp-content\/uploads\/2026\/02\/presenza_presentation-en-ligne-724x1024-1.jpg\" width=\"724\" height=\"1022\" \/><\/p>\n<p>Courriel Pressenza pour nous contacter\u00a0: <a href=\"mailto:tatiana.de.barelli@pressenza.com\">tatiana.de.barelli@pressenza.com<\/a><\/p>\n","protected":false},"excerpt":{"rendered":"<p>Livre \u00ab Journalisme Non-Violent \u00bb Contexte Pressenza est une agence de presse internationale pour la paix et l\u2019action non-violente. Apr\u00e8s plusieurs ateliers en 2023 sur la r\u00e9daction d&rsquo;articles, en 2024 nous avons r\u00e9alis\u00e9 des ateliers pour pr\u00e9senter le livre \u00ab&hellip;<\/p>\n","protected":false},"author":1201,"featured_media":0,"parent":0,"menu_order":0,"comment_status":"closed","ping_status":"closed","template":"","meta":{"footnotes":""},"class_list":["post-1721758","page","type-page","status-publish","hentry"],"yoast_head":"<!-- This site is optimized with the Yoast SEO plugin v27.1.1 - https:\/\/yoast.com\/product\/yoast-seo-wordpress\/ -->\n<title>NOUVEAU : Livre \u00ab Journalisme Non-Violent \u00bb - Pressenza<\/title>\n<meta name=\"robots\" content=\"index, follow, max-snippet:-1, max-image-preview:large, max-video-preview:-1\" \/>\n<link rel=\"canonical\" href=\"https:\/\/www.pressenza.com\/fr\/ateliers-journalisme-non-violent\/\" \/>\n<meta property=\"og:locale\" content=\"fr_FR\" \/>\n<meta property=\"og:type\" content=\"article\" \/>\n<meta property=\"og:title\" content=\"NOUVEAU : Livre \u00ab Journalisme Non-Violent \u00bb - Pressenza\" \/>\n<meta property=\"og:description\" content=\"Livre \u00ab Journalisme Non-Violent \u00bb Contexte Pressenza est une agence de presse internationale pour la paix et l\u2019action non-violente. Apr\u00e8s plusieurs ateliers en 2023 sur la r\u00e9daction d&rsquo;articles, en 2024 nous avons r\u00e9alis\u00e9 des ateliers pour pr\u00e9senter le livre \u00ab&hellip;\" \/>\n<meta property=\"og:url\" content=\"https:\/\/www.pressenza.com\/fr\/ateliers-journalisme-non-violent\/\" \/>\n<meta property=\"og:site_name\" content=\"Pressenza\" \/>\n<meta property=\"article:publisher\" content=\"https:\/\/www.facebook.com\/PressenzaItalia\" \/>\n<meta property=\"article:modified_time\" content=\"2026-02-18T13:23:09+00:00\" \/>\n<meta property=\"og:image\" content=\"https:\/\/www.pressenza.com\/wp-content\/uploads\/2026\/02\/presenza_presentation-en-ligne-724x1024-1.jpg\" \/>\n<meta name=\"twitter:card\" content=\"summary_large_image\" \/>\n<meta name=\"twitter:site\" content=\"@PressenzaIPA\" \/>\n<meta name=\"twitter:label1\" content=\"Dur\u00e9e de lecture estim\u00e9e\" \/>\n\t<meta name=\"twitter:data1\" content=\"1 minute\" \/>\n<script type=\"application\/ld+json\" class=\"yoast-schema-graph\">{\"@context\":\"https:\/\/schema.org\",\"@graph\":[{\"@type\":\"WebPage\",\"@id\":\"https:\/\/www.pressenza.com\/fr\/ateliers-journalisme-non-violent\/\",\"url\":\"https:\/\/www.pressenza.com\/fr\/ateliers-journalisme-non-violent\/\",\"name\":\"NOUVEAU : Livre \u00ab Journalisme Non-Violent \u00bb - Pressenza\",\"isPartOf\":{\"@id\":\"https:\/\/www.pressenza.com\/fr\/#website\"},\"primaryImageOfPage\":{\"@id\":\"https:\/\/www.pressenza.com\/fr\/ateliers-journalisme-non-violent\/#primaryimage\"},\"image\":{\"@id\":\"https:\/\/www.pressenza.com\/fr\/ateliers-journalisme-non-violent\/#primaryimage\"},\"thumbnailUrl\":\"https:\/\/www.pressenza.com\/wp-content\/uploads\/2026\/02\/presenza_presentation-en-ligne-724x1024-1.jpg\",\"datePublished\":\"2023-03-03T06:51:28+00:00\",\"dateModified\":\"2026-02-18T13:23:09+00:00\",\"breadcrumb\":{\"@id\":\"https:\/\/www.pressenza.com\/fr\/ateliers-journalisme-non-violent\/#breadcrumb\"},\"inLanguage\":\"fr-FR\",\"potentialAction\":[{\"@type\":\"ReadAction\",\"target\":[\"https:\/\/www.pressenza.com\/fr\/ateliers-journalisme-non-violent\/\"]}]},{\"@type\":\"ImageObject\",\"inLanguage\":\"fr-FR\",\"@id\":\"https:\/\/www.pressenza.com\/fr\/ateliers-journalisme-non-violent\/#primaryimage\",\"url\":\"https:\/\/www.pressenza.com\/wp-content\/uploads\/2026\/02\/presenza_presentation-en-ligne-724x1024-1.jpg\",\"contentUrl\":\"https:\/\/www.pressenza.com\/wp-content\/uploads\/2026\/02\/presenza_presentation-en-ligne-724x1024-1.jpg\"},{\"@type\":\"BreadcrumbList\",\"@id\":\"https:\/\/www.pressenza.com\/fr\/ateliers-journalisme-non-violent\/#breadcrumb\",\"itemListElement\":[{\"@type\":\"ListItem\",\"position\":1,\"name\":\"Accueil\",\"item\":\"https:\/\/www.pressenza.com\/fr\/\"},{\"@type\":\"ListItem\",\"position\":2,\"name\":\"NOUVEAU : Livre \u00ab Journalisme Non-Violent \u00bb\"}]},{\"@type\":\"WebSite\",\"@id\":\"https:\/\/www.pressenza.com\/fr\/#website\",\"url\":\"https:\/\/www.pressenza.com\/fr\/\",\"name\":\"Pressenza\",\"description\":\"International Press Agency\",\"publisher\":{\"@id\":\"https:\/\/www.pressenza.com\/fr\/#organization\"},\"potentialAction\":[{\"@type\":\"SearchAction\",\"target\":{\"@type\":\"EntryPoint\",\"urlTemplate\":\"https:\/\/www.pressenza.com\/fr\/?s={search_term_string}\"},\"query-input\":{\"@type\":\"PropertyValueSpecification\",\"valueRequired\":true,\"valueName\":\"search_term_string\"}}],\"inLanguage\":\"fr-FR\"},{\"@type\":\"Organization\",\"@id\":\"https:\/\/www.pressenza.com\/fr\/#organization\",\"name\":\"Pressenza\",\"url\":\"https:\/\/www.pressenza.com\/fr\/\",\"logo\":{\"@type\":\"ImageObject\",\"inLanguage\":\"fr-FR\",\"@id\":\"https:\/\/www.pressenza.com\/fr\/#\/schema\/logo\/image\/\",\"url\":\"https:\/\/www.pressenza.com\/wp-content\/uploads\/2022\/10\/pressenza_logo_200x200.jpg\",\"contentUrl\":\"https:\/\/www.pressenza.com\/wp-content\/uploads\/2022\/10\/pressenza_logo_200x200.jpg\",\"width\":200,\"height\":200,\"caption\":\"Pressenza\"},\"image\":{\"@id\":\"https:\/\/www.pressenza.com\/fr\/#\/schema\/logo\/image\/\"},\"sameAs\":[\"https:\/\/www.facebook.com\/PressenzaItalia\",\"https:\/\/x.com\/PressenzaIPA\"]}]}<\/script>\n<!-- \/ Yoast SEO plugin. -->","yoast_head_json":{"title":"NOUVEAU : Livre \u00ab Journalisme Non-Violent \u00bb - Pressenza","robots":{"index":"index","follow":"follow","max-snippet":"max-snippet:-1","max-image-preview":"max-image-preview:large","max-video-preview":"max-video-preview:-1"},"canonical":"https:\/\/www.pressenza.com\/fr\/ateliers-journalisme-non-violent\/","og_locale":"fr_FR","og_type":"article","og_title":"NOUVEAU : Livre \u00ab Journalisme Non-Violent \u00bb - Pressenza","og_description":"Livre \u00ab Journalisme Non-Violent \u00bb Contexte Pressenza est une agence de presse internationale pour la paix et l\u2019action non-violente. Apr\u00e8s plusieurs ateliers en 2023 sur la r\u00e9daction d&rsquo;articles, en 2024 nous avons r\u00e9alis\u00e9 des ateliers pour pr\u00e9senter le livre \u00ab&hellip;","og_url":"https:\/\/www.pressenza.com\/fr\/ateliers-journalisme-non-violent\/","og_site_name":"Pressenza","article_publisher":"https:\/\/www.facebook.com\/PressenzaItalia","article_modified_time":"2026-02-18T13:23:09+00:00","og_image":[{"url":"https:\/\/www.pressenza.com\/wp-content\/uploads\/2026\/02\/presenza_presentation-en-ligne-724x1024-1.jpg","type":"","width":"","height":""}],"twitter_card":"summary_large_image","twitter_site":"@PressenzaIPA","twitter_misc":{"Dur\u00e9e de lecture estim\u00e9e":"1 minute"},"schema":{"@context":"https:\/\/schema.org","@graph":[{"@type":"WebPage","@id":"https:\/\/www.pressenza.com\/fr\/ateliers-journalisme-non-violent\/","url":"https:\/\/www.pressenza.com\/fr\/ateliers-journalisme-non-violent\/","name":"NOUVEAU : Livre \u00ab Journalisme Non-Violent \u00bb - Pressenza","isPartOf":{"@id":"https:\/\/www.pressenza.com\/fr\/#website"},"primaryImageOfPage":{"@id":"https:\/\/www.pressenza.com\/fr\/ateliers-journalisme-non-violent\/#primaryimage"},"image":{"@id":"https:\/\/www.pressenza.com\/fr\/ateliers-journalisme-non-violent\/#primaryimage"},"thumbnailUrl":"https:\/\/www.pressenza.com\/wp-content\/uploads\/2026\/02\/presenza_presentation-en-ligne-724x1024-1.jpg","datePublished":"2023-03-03T06:51:28+00:00","dateModified":"2026-02-18T13:23:09+00:00","breadcrumb":{"@id":"https:\/\/www.pressenza.com\/fr\/ateliers-journalisme-non-violent\/#breadcrumb"},"inLanguage":"fr-FR","potentialAction":[{"@type":"ReadAction","target":["https:\/\/www.pressenza.com\/fr\/ateliers-journalisme-non-violent\/"]}]},{"@type":"ImageObject","inLanguage":"fr-FR","@id":"https:\/\/www.pressenza.com\/fr\/ateliers-journalisme-non-violent\/#primaryimage","url":"https:\/\/www.pressenza.com\/wp-content\/uploads\/2026\/02\/presenza_presentation-en-ligne-724x1024-1.jpg","contentUrl":"https:\/\/www.pressenza.com\/wp-content\/uploads\/2026\/02\/presenza_presentation-en-ligne-724x1024-1.jpg"},{"@type":"BreadcrumbList","@id":"https:\/\/www.pressenza.com\/fr\/ateliers-journalisme-non-violent\/#breadcrumb","itemListElement":[{"@type":"ListItem","position":1,"name":"Accueil","item":"https:\/\/www.pressenza.com\/fr\/"},{"@type":"ListItem","position":2,"name":"NOUVEAU : Livre \u00ab Journalisme Non-Violent \u00bb"}]},{"@type":"WebSite","@id":"https:\/\/www.pressenza.com\/fr\/#website","url":"https:\/\/www.pressenza.com\/fr\/","name":"Pressenza","description":"International Press Agency","publisher":{"@id":"https:\/\/www.pressenza.com\/fr\/#organization"},"potentialAction":[{"@type":"SearchAction","target":{"@type":"EntryPoint","urlTemplate":"https:\/\/www.pressenza.com\/fr\/?s={search_term_string}"},"query-input":{"@type":"PropertyValueSpecification","valueRequired":true,"valueName":"search_term_string"}}],"inLanguage":"fr-FR"},{"@type":"Organization","@id":"https:\/\/www.pressenza.com\/fr\/#organization","name":"Pressenza","url":"https:\/\/www.pressenza.com\/fr\/","logo":{"@type":"ImageObject","inLanguage":"fr-FR","@id":"https:\/\/www.pressenza.com\/fr\/#\/schema\/logo\/image\/","url":"https:\/\/www.pressenza.com\/wp-content\/uploads\/2022\/10\/pressenza_logo_200x200.jpg","contentUrl":"https:\/\/www.pressenza.com\/wp-content\/uploads\/2022\/10\/pressenza_logo_200x200.jpg","width":200,"height":200,"caption":"Pressenza"},"image":{"@id":"https:\/\/www.pressenza.com\/fr\/#\/schema\/logo\/image\/"},"sameAs":["https:\/\/www.facebook.com\/PressenzaItalia","https:\/\/x.com\/PressenzaIPA"]}]}},"_links":{"self":[{"href":"https:\/\/www.pressenza.com\/fr\/wp-json\/wp\/v2\/pages\/1721758","targetHints":{"allow":["GET"]}}],"collection":[{"href":"https:\/\/www.pressenza.com\/fr\/wp-json\/wp\/v2\/pages"}],"about":[{"href":"https:\/\/www.pressenza.com\/fr\/wp-json\/wp\/v2\/types\/page"}],"author":[{"embeddable":true,"href":"https:\/\/www.pressenza.com\/fr\/wp-json\/wp\/v2\/users\/1201"}],"replies":[{"embeddable":true,"href":"https:\/\/www.pressenza.com\/fr\/wp-json\/wp\/v2\/comments?post=1721758"}],"version-history":[{"count":3,"href":"https:\/\/www.pressenza.com\/fr\/wp-json\/wp\/v2\/pages\/1721758\/revisions"}],"predecessor-version":[{"id":2677483,"href":"https:\/\/www.pressenza.com\/fr\/wp-json\/wp\/v2\/pages\/1721758\/revisions\/2677483"}],"wp:attachment":[{"href":"https:\/\/www.pressenza.com\/fr\/wp-json\/wp\/v2\/media?parent=1721758"}],"curies":[{"name":"wp","href":"https:\/\/api.w.org\/{rel}","templated":true}]}}