{"id":16,"date":"2012-07-29T23:11:50","date_gmt":"2012-07-29T21:11:50","guid":{"rendered":"http:\/\/pressenza.hermes.acasici.org\/?page_id=16"},"modified":"2024-04-04T08:07:03","modified_gmt":"2024-04-04T07:07:03","slug":"qui-sommes-nous","status":"publish","type":"page","link":"https:\/\/www.pressenza.com\/fr\/qui-sommes-nous\/","title":{"rendered":"Qui sommes nous ?"},"content":{"rendered":"<h3 class=\"lead\">Humanisme,<br \/>\nNon-violence,<br \/>\nDroits humains,<br \/>\nD\u00e9sarmement,<br \/>\nDiversit\u00e9<\/h3>\n<h2 class=\"bg-green\">Qui sommes-nous ?<\/h2>\n<p>Pressenza est un espace m\u00e9diatique ouvert \u00e0 l\u2019expression de la base sociale. Elle privil\u00e9gie un point de vue humaniste universaliste et impulse des partenariats avec d\u2019autres agences, ainsi que des liens de r\u00e9ciprocit\u00e9 avec des portails, des plateformes, des m\u00e9dias, des communaut\u00e9s et cultures sp\u00e9cifiques. PRESSENZA fait partie d\u2019un large r\u00e9seau de nouveaux m\u00e9dias qui donnent une visibilit\u00e9 mondiale \u00e0 leurs th\u00e9matiques locales tout en enrichissant leurs informations avec les contenus que l\u2019agence fournit.<\/p>\n<p>L\u2019\u00e9quipe de Pressenza regroupe des volontaires qui poss\u00e8dent une vaste exp\u00e9rience en communication, en militantisme social, et dans des domaines culturels et acad\u00e9miques. L\u2019agence est ind\u00e9pendante de tout int\u00e9r\u00eat \u00e9conomique, condition essentielle de son autonomie. Y participent des chroniqueurs, des reporters, des photographes, des vid\u00e9astes et traducteurs, <i> sur les cinq continents, <\/i>qui offrent un travail professionnel \u00e0 titre gratuit.<\/p>\n<p>Cr\u00e9\u00e9e \u00e0 Milan, Italie en 2009, elle obtient le statut juridique d\u2019agence internationale \u00e0 Quito, \u00c9quateur, d\u00e8s 2014 <i>(SNC-DAL-2014-0011-O Accord N\u00b0037 du 4 Juin 2014 du Minist\u00e8re de la Communication) <\/i>et s\u2019organise en \u00e9quipes et r\u00e9dactions d\u00e9centralis\u00e9es. Pr\u00e9sente dans 24 pays, elle \u00e9met quotidiennement son service d\u2019informations en anglais, italien, espagnol, fran\u00e7ais, portugais, allemand, grec et catalan.<\/p>\n<h2 class=\"bg-blue\">Objectif<\/h2>\n<p>Pressenza pr\u00e9sente des informations, initiatives, propositions et possibilit\u00e9s li\u00e9es \u00e0 la Paix, \u00e0 la NonViolence, au D\u00e9sarmement, aux Droits Humains et \u00e0 la lutte contre toute forme de Discrimination. Elle place l\u2019\u00eatre humain comme valeur et pr\u00e9occupation centrale et valorise la diversit\u00e9. C\u2019est ainsi qu\u2019elle propose un journalisme actif et lucide qui respecte ces pr\u00e9alables essentiels, visant la r\u00e9solution des crises et conflits sociaux sous toutes les latitudes.<\/p>\n<p>Dans cette perspective, elle diffuse des \u00e9tudes, analyses et actions qui contribuent \u00e0 la paix dans le monde et au d\u00e9passement de la violence\u00a0; en donnant la priorit\u00e9 au d\u00e9sarmement nucl\u00e9aire et conventionnel, \u00e0 la r\u00e9solution pacifique des conflits, \u00e0 leur pr\u00e9vention, et au retrait des territoires occup\u00e9s.<\/p>\n<p>En m\u00eame temps, elle d\u00e9nonce les faits et situations qui provoquent douleur et souffrance au sein des populations, en essayant de d\u00e9crypter et transformer les causes de ces \u00e9v\u00e9nements, au del\u00e0 d&rsquo;une simple attitude de spectateurs. L\u2019agence forme \u00e9galement des \u00e9tudiants et des b\u00e9n\u00e9voles en accord avec ces convictions.<\/p>\n<h2 class=\"bg-orange\">Abonnement gratuit<\/h2>\n<p>Tout le contenu produit par Pressenza est disponible gratuitement sous la licence Creative Commons\u00a04.0. Il parvient aux abonn\u00e9s par courrier \u00e9lectronique, RSS et de mani\u00e8re permanente sur le portail <a href=\"http:\/\/www.pressenza.com\/fr\/\">www.pressenza.com<\/a><\/p>\n","protected":false},"excerpt":{"rendered":"<p>Humanisme, Non-violence, Droits humains, D\u00e9sarmement, Diversit\u00e9 Qui sommes-nous ? Pressenza est un espace m\u00e9diatique ouvert \u00e0 l\u2019expression de la base sociale. Elle privil\u00e9gie un point de vue humaniste universaliste et impulse des partenariats avec d\u2019autres agences, ainsi que des liens&hellip;<\/p>\n","protected":false},"author":19,"featured_media":0,"parent":0,"menu_order":2,"comment_status":"closed","ping_status":"closed","template":"page_about.php","meta":{"footnotes":""},"class_list":["post-16","page","type-page","status-publish","hentry"],"yoast_head":"<!-- This site is optimized with the Yoast SEO plugin v27.1.1 - https:\/\/yoast.com\/product\/yoast-seo-wordpress\/ -->\n<title>Qui sommes nous ? - Pressenza<\/title>\n<meta name=\"robots\" content=\"index, follow, max-snippet:-1, max-image-preview:large, max-video-preview:-1\" \/>\n<link rel=\"canonical\" href=\"https:\/\/www.pressenza.com\/fr\/qui-sommes-nous\/\" \/>\n<meta property=\"og:locale\" content=\"fr_FR\" \/>\n<meta property=\"og:type\" content=\"article\" \/>\n<meta property=\"og:title\" content=\"Qui sommes nous ? - Pressenza\" \/>\n<meta property=\"og:description\" content=\"Humanisme, Non-violence, Droits humains, D\u00e9sarmement, Diversit\u00e9 Qui sommes-nous ? Pressenza est un espace m\u00e9diatique ouvert \u00e0 l\u2019expression de la base sociale. Elle privil\u00e9gie un point de vue humaniste universaliste et impulse des partenariats avec d\u2019autres agences, ainsi que des liens&hellip;\" \/>\n<meta property=\"og:url\" content=\"https:\/\/www.pressenza.com\/fr\/qui-sommes-nous\/\" \/>\n<meta property=\"og:site_name\" content=\"Pressenza\" \/>\n<meta property=\"article:publisher\" content=\"https:\/\/www.facebook.com\/PressenzaItalia\" \/>\n<meta property=\"article:modified_time\" content=\"2024-04-04T07:07:03+00:00\" \/>\n<meta name=\"twitter:card\" content=\"summary_large_image\" \/>\n<meta name=\"twitter:site\" content=\"@PressenzaIPA\" \/>\n<meta name=\"twitter:label1\" content=\"Dur\u00e9e de lecture estim\u00e9e\" \/>\n\t<meta name=\"twitter:data1\" content=\"2 minutes\" \/>\n<script type=\"application\/ld+json\" class=\"yoast-schema-graph\">{\"@context\":\"https:\/\/schema.org\",\"@graph\":[{\"@type\":\"WebPage\",\"@id\":\"https:\/\/www.pressenza.com\/fr\/qui-sommes-nous\/\",\"url\":\"https:\/\/www.pressenza.com\/fr\/qui-sommes-nous\/\",\"name\":\"Qui sommes nous ? - Pressenza\",\"isPartOf\":{\"@id\":\"https:\/\/www.pressenza.com\/fr\/#website\"},\"datePublished\":\"2012-07-29T21:11:50+00:00\",\"dateModified\":\"2024-04-04T07:07:03+00:00\",\"breadcrumb\":{\"@id\":\"https:\/\/www.pressenza.com\/fr\/qui-sommes-nous\/#breadcrumb\"},\"inLanguage\":\"fr-FR\",\"potentialAction\":[{\"@type\":\"ReadAction\",\"target\":[\"https:\/\/www.pressenza.com\/fr\/qui-sommes-nous\/\"]}]},{\"@type\":\"BreadcrumbList\",\"@id\":\"https:\/\/www.pressenza.com\/fr\/qui-sommes-nous\/#breadcrumb\",\"itemListElement\":[{\"@type\":\"ListItem\",\"position\":1,\"name\":\"Accueil\",\"item\":\"https:\/\/www.pressenza.com\/fr\/\"},{\"@type\":\"ListItem\",\"position\":2,\"name\":\"Qui sommes nous ?\"}]},{\"@type\":\"WebSite\",\"@id\":\"https:\/\/www.pressenza.com\/fr\/#website\",\"url\":\"https:\/\/www.pressenza.com\/fr\/\",\"name\":\"Pressenza\",\"description\":\"International Press Agency\",\"publisher\":{\"@id\":\"https:\/\/www.pressenza.com\/fr\/#organization\"},\"potentialAction\":[{\"@type\":\"SearchAction\",\"target\":{\"@type\":\"EntryPoint\",\"urlTemplate\":\"https:\/\/www.pressenza.com\/fr\/?s={search_term_string}\"},\"query-input\":{\"@type\":\"PropertyValueSpecification\",\"valueRequired\":true,\"valueName\":\"search_term_string\"}}],\"inLanguage\":\"fr-FR\"},{\"@type\":\"Organization\",\"@id\":\"https:\/\/www.pressenza.com\/fr\/#organization\",\"name\":\"Pressenza\",\"url\":\"https:\/\/www.pressenza.com\/fr\/\",\"logo\":{\"@type\":\"ImageObject\",\"inLanguage\":\"fr-FR\",\"@id\":\"https:\/\/www.pressenza.com\/fr\/#\/schema\/logo\/image\/\",\"url\":\"https:\/\/www.pressenza.com\/wp-content\/uploads\/2022\/10\/pressenza_logo_200x200.jpg\",\"contentUrl\":\"https:\/\/www.pressenza.com\/wp-content\/uploads\/2022\/10\/pressenza_logo_200x200.jpg\",\"width\":200,\"height\":200,\"caption\":\"Pressenza\"},\"image\":{\"@id\":\"https:\/\/www.pressenza.com\/fr\/#\/schema\/logo\/image\/\"},\"sameAs\":[\"https:\/\/www.facebook.com\/PressenzaItalia\",\"https:\/\/x.com\/PressenzaIPA\"]}]}<\/script>\n<!-- \/ Yoast SEO plugin. -->","yoast_head_json":{"title":"Qui sommes nous ? - Pressenza","robots":{"index":"index","follow":"follow","max-snippet":"max-snippet:-1","max-image-preview":"max-image-preview:large","max-video-preview":"max-video-preview:-1"},"canonical":"https:\/\/www.pressenza.com\/fr\/qui-sommes-nous\/","og_locale":"fr_FR","og_type":"article","og_title":"Qui sommes nous ? - Pressenza","og_description":"Humanisme, Non-violence, Droits humains, D\u00e9sarmement, Diversit\u00e9 Qui sommes-nous ? Pressenza est un espace m\u00e9diatique ouvert \u00e0 l\u2019expression de la base sociale. Elle privil\u00e9gie un point de vue humaniste universaliste et impulse des partenariats avec d\u2019autres agences, ainsi que des liens&hellip;","og_url":"https:\/\/www.pressenza.com\/fr\/qui-sommes-nous\/","og_site_name":"Pressenza","article_publisher":"https:\/\/www.facebook.com\/PressenzaItalia","article_modified_time":"2024-04-04T07:07:03+00:00","twitter_card":"summary_large_image","twitter_site":"@PressenzaIPA","twitter_misc":{"Dur\u00e9e de lecture estim\u00e9e":"2 minutes"},"schema":{"@context":"https:\/\/schema.org","@graph":[{"@type":"WebPage","@id":"https:\/\/www.pressenza.com\/fr\/qui-sommes-nous\/","url":"https:\/\/www.pressenza.com\/fr\/qui-sommes-nous\/","name":"Qui sommes nous ? - Pressenza","isPartOf":{"@id":"https:\/\/www.pressenza.com\/fr\/#website"},"datePublished":"2012-07-29T21:11:50+00:00","dateModified":"2024-04-04T07:07:03+00:00","breadcrumb":{"@id":"https:\/\/www.pressenza.com\/fr\/qui-sommes-nous\/#breadcrumb"},"inLanguage":"fr-FR","potentialAction":[{"@type":"ReadAction","target":["https:\/\/www.pressenza.com\/fr\/qui-sommes-nous\/"]}]},{"@type":"BreadcrumbList","@id":"https:\/\/www.pressenza.com\/fr\/qui-sommes-nous\/#breadcrumb","itemListElement":[{"@type":"ListItem","position":1,"name":"Accueil","item":"https:\/\/www.pressenza.com\/fr\/"},{"@type":"ListItem","position":2,"name":"Qui sommes nous ?"}]},{"@type":"WebSite","@id":"https:\/\/www.pressenza.com\/fr\/#website","url":"https:\/\/www.pressenza.com\/fr\/","name":"Pressenza","description":"International Press Agency","publisher":{"@id":"https:\/\/www.pressenza.com\/fr\/#organization"},"potentialAction":[{"@type":"SearchAction","target":{"@type":"EntryPoint","urlTemplate":"https:\/\/www.pressenza.com\/fr\/?s={search_term_string}"},"query-input":{"@type":"PropertyValueSpecification","valueRequired":true,"valueName":"search_term_string"}}],"inLanguage":"fr-FR"},{"@type":"Organization","@id":"https:\/\/www.pressenza.com\/fr\/#organization","name":"Pressenza","url":"https:\/\/www.pressenza.com\/fr\/","logo":{"@type":"ImageObject","inLanguage":"fr-FR","@id":"https:\/\/www.pressenza.com\/fr\/#\/schema\/logo\/image\/","url":"https:\/\/www.pressenza.com\/wp-content\/uploads\/2022\/10\/pressenza_logo_200x200.jpg","contentUrl":"https:\/\/www.pressenza.com\/wp-content\/uploads\/2022\/10\/pressenza_logo_200x200.jpg","width":200,"height":200,"caption":"Pressenza"},"image":{"@id":"https:\/\/www.pressenza.com\/fr\/#\/schema\/logo\/image\/"},"sameAs":["https:\/\/www.facebook.com\/PressenzaItalia","https:\/\/x.com\/PressenzaIPA"]}]}},"_links":{"self":[{"href":"https:\/\/www.pressenza.com\/fr\/wp-json\/wp\/v2\/pages\/16","targetHints":{"allow":["GET"]}}],"collection":[{"href":"https:\/\/www.pressenza.com\/fr\/wp-json\/wp\/v2\/pages"}],"about":[{"href":"https:\/\/www.pressenza.com\/fr\/wp-json\/wp\/v2\/types\/page"}],"author":[{"embeddable":true,"href":"https:\/\/www.pressenza.com\/fr\/wp-json\/wp\/v2\/users\/19"}],"replies":[{"embeddable":true,"href":"https:\/\/www.pressenza.com\/fr\/wp-json\/wp\/v2\/comments?post=16"}],"version-history":[{"count":0,"href":"https:\/\/www.pressenza.com\/fr\/wp-json\/wp\/v2\/pages\/16\/revisions"}],"wp:attachment":[{"href":"https:\/\/www.pressenza.com\/fr\/wp-json\/wp\/v2\/media?parent=16"}],"curies":[{"name":"wp","href":"https:\/\/api.w.org\/{rel}","templated":true}]}}