{"id":1567413,"date":"2022-04-20T11:13:59","date_gmt":"2022-04-20T10:13:59","guid":{"rendered":"https:\/\/www.pressenza.com\/?page_id=1567413"},"modified":"2022-04-26T21:03:46","modified_gmt":"2022-04-26T20:03:46","slug":"formation-journalisme-non-violent","status":"publish","type":"page","link":"https:\/\/www.pressenza.com\/fr\/journalisme-non-violent\/formation-journalisme-non-violent\/","title":{"rendered":"Formation : \u00ab\u00a0Journalisme Non-Violent\u00a0\u00bb"},"content":{"rendered":"<h1><b>Formation : \u00ab\u00a0Journalisme Non-Violent\u00a0\u00bb<\/b><\/h1>\n<h3><b>Contexte<\/b><\/h3>\n<p>Pressenza est une agence de presse internationale qui diffuse de l&rsquo;information dans diff\u00e9rents domaines depuis 14 ans. Pressenza est un partenaire reconnu aupr\u00e8s des organisations civiles qui \u0153uvrent dans la r\u00e9solution des conflits, avec les peuples autochtones, les associations engag\u00e9es dans le respect des droits humains et pour le d\u00e9sarmement nucl\u00e9aire. Fond\u00e9e \u00e0 partir des principes de l&rsquo;Humanisme Universaliste et du Nouvel Humanisme, la vision de Pressenza va au-del\u00e0 des probl\u00e8mes isol\u00e9s et soul\u00e8ve les liens sous-jacents entre tous les conflits qui g\u00e9n\u00e8rent tant de douleur et de souffrance \u00e0 travers le monde : nous vivons dans un syst\u00e8me global qui n&rsquo;est pas viable et ni apte \u00e0 g\u00e9n\u00e9rer une soci\u00e9t\u00e9 civilis\u00e9e.<\/p>\n<p>En fait, l&rsquo;argent n&rsquo;est pas au service des \u00eatres humains. Chaque \u00eatre humain est valoris\u00e9 en fonction de ce qu&rsquo;il peut produire et de ce qu&rsquo;il peut consommer et cette situation conduit \u00e0 tous les maux dont souffre le monde aujourd&rsquo;hui : changement climatique et catastrophe environnementale ; incapacit\u00e9 \u00e0 contr\u00f4ler les pand\u00e9mies ; pauvret\u00e9 croissante versus nombre croissant de milliardaires ; militarisme extr\u00eame et arme d&rsquo;extinction massive, armes nucl\u00e9aires ; violence contre les femmes et les enfants sous de multiples formes\u2026 La liste s&rsquo;allonge encore et encore.<\/p>\n<p>Au m\u00eame moment, nous constatons \u00e9galement que la discipline du journalisme est en crise. Les grands m\u00e9dias, les plus influents, appartiennent soit aux gouvernements des \u00c9tats-Unis, soit \u00e0 des milliardaires qui d\u00e9fendent leurs propres int\u00e9r\u00eats en se souciant gu\u00e8re du bien-\u00eatre de la population. Ainsi, ils sont devenus porte-parole des \u00e9lites et leur manipulation de l&rsquo;opinion publique g\u00e9n\u00e8re le consentement de toutes les fl\u00e9aux; consentement aux guerres, \u00e0 la pauvret\u00e9, aux migrants qui meurent dans les mers et sur la terre, \u00e0 la destruction de l&rsquo;environnement et au r\u00e9chauffement climatique. Et finalement, les journalistes qui poursuivent leur \u00ab\u00a0vocation\u00a0\u00bb afin de diffuser une information juste et r\u00e9elle et changer le monde, finissent par soutenir le syst\u00e8me pour gagner leur vie. Pourtant, ils s&rsquo;opposent \u00e0 ce syst\u00e8me violent.<\/p>\n<h3><b>Ce \u00e0 quoi vous pouvez vous attendre en tant qu&rsquo;\u00e9tudiant\u00a0<\/b><\/h3>\n<p>Pressenza offre la possibilit\u00e9 aux \u00e9tudiants et aux journalistes volontaires d&rsquo;acqu\u00e9rir une pratique professionnelle dans le journalisme non violent. Pendant 6 mois, les \u00e9tudiants participeront \u00e0 des sessions de formation, des s\u00e9minaires et des ateliers sur la philosophie de l&rsquo;humanisme universaliste, sur laquelle le journalisme non violent a \u00e9t\u00e9 con\u00e7u, et sur les outils et principes du journalisme non violent lui-m\u00eame.<\/p>\n<p>De plus, chaque \u00e9tudiant se verra attribuer un mentor parmi les \u00e9diteurs de Pressenza dont les int\u00e9r\u00eats et la langue parl\u00e9e refl\u00e8tent ceux de l&rsquo;\u00e9tudiant. Les mentors de Pressenza permettent aux \u00e9tudiants de d\u00e9velopper leurs propres productions m\u00e9diatiques en coh\u00e9rence avec la ligne \u00e9ditoriale de Pressenza. Les travaux des \u00e9tudiants seront publi\u00e9s sur le site Web de Pressenza et sur les r\u00e9seaux sociaux pertinents avec tout le cr\u00e9dit qu&rsquo;ils m\u00e9ritent. Les \u00e9tudiants seront encourag\u00e9s \u00e0 amener leur cr\u00e9ativit\u00e9 et leurs propres initiatives, et Pressenza aidera les \u00e9tudiants \u00e0 acqu\u00e9rir de l&rsquo;exp\u00e9rience se rapportant aux questions et th\u00e9matiques qui les int\u00e9ressent. C&rsquo;est une belle opportunit\u00e9 de pouvoir b\u00e9n\u00e9ficier d&rsquo;un tel encadrement pour le d\u00e9veloppement du journalisme non violent.<\/p>\n<p>Apr\u00e8s avoir compl\u00e9t\u00e9 une p\u00e9riode de 6 mois avec succ\u00e8s, Pressenza se fera un plaisir d&rsquo;\u00e9crire des lettres de recommandation \u00e0 tout futur employeur en fonction du travail effectu\u00e9. De plus, nous encourageons les \u00e9tudiants inspir\u00e9s par la fa\u00e7on dont Pressenza travaille \u00e0 rejoindre notre \u00e9quipe de r\u00e9dacteurs et \u00e0 nous aider \u00e0 d\u00e9velopper encore davantage l&rsquo;agence.<\/p>\n<h3><b>Formulaire de candidature<\/b><\/h3>\n<p>Lorsque vous soumettez votre candidature ci-dessous, merci d&rsquo;envoyer \u00e9galement votre Curriculum-Vitae par courriel \u00e0 <a class=\"\" href=\"mailto:pressenza.af@gmail.com\" target=\"_blank\" rel=\"noopener noreferrer\">pressenza.af@gmail.com<\/a><\/p>\n<div class=\"wpforms-container wpforms-container-full\" id=\"wpforms-1567414\"><form id=\"wpforms-form-1567414\" class=\"wpforms-validate wpforms-form wpforms-ajax-form\" data-formid=\"1567414\" method=\"post\" enctype=\"multipart\/form-data\" action=\"\/fr\/wp-json\/wp\/v2\/pages\/1567413\" data-token=\"aa15cfbf09f1ef0d50dfc6e151d7f7f0\" data-token-time=\"1775305800\"><noscript class=\"wpforms-error-noscript\">Veuillez activer JavaScript dans votre navigateur pour remplir ce formulaire.<\/noscript><div class=\"wpforms-field-container\"><div id=\"wpforms-1567414-field_1-container\" class=\"wpforms-field wpforms-field-name\" data-field-id=\"1\"><label class=\"wpforms-field-label\" for=\"wpforms-1567414-field_1\">Nom et pr\u00e9nom  <span class=\"wpforms-required-label\">*<\/span><\/label><input type=\"text\" id=\"wpforms-1567414-field_1\" class=\"wpforms-field-medium wpforms-field-required\" name=\"wpforms[fields][1]\" required><\/div><div id=\"wpforms-1567414-field_5-container\" class=\"wpforms-field wpforms-field-text\" data-field-id=\"5\"><label class=\"wpforms-field-label\" for=\"wpforms-1567414-field_5\">Dans quel pays vivez-vous actuellement ? <span class=\"wpforms-required-label\">*<\/span><\/label><input type=\"text\" id=\"wpforms-1567414-field_5\" class=\"wpforms-field-medium wpforms-field-required\" name=\"wpforms[fields][5]\" required><\/div><div id=\"wpforms-1567414-field_6-container\" class=\"wpforms-field wpforms-field-text\" data-field-id=\"6\"><label class=\"wpforms-field-label\" for=\"wpforms-1567414-field_6\">Dans quel \u00e9tablissement d&#039;enseignement faites-vous vos \u00e9tudes ? <span class=\"wpforms-required-label\">*<\/span><\/label><input type=\"text\" id=\"wpforms-1567414-field_6\" class=\"wpforms-field-medium wpforms-field-required\" name=\"wpforms[fields][6]\" required><\/div><div id=\"wpforms-1567414-field_2-container\" class=\"wpforms-field wpforms-field-email\" data-field-id=\"2\"><label class=\"wpforms-field-label\" for=\"wpforms-1567414-field_2\">Courriel <span class=\"wpforms-required-label\">*<\/span><\/label><input type=\"email\" id=\"wpforms-1567414-field_2\" class=\"wpforms-field-medium wpforms-field-required\" name=\"wpforms[fields][2]\" spellcheck=\"false\" required><\/div><div id=\"wpforms-1567414-field_4-container\" class=\"wpforms-field wpforms-field-text\" data-field-id=\"4\"><label class=\"wpforms-field-label\" for=\"wpforms-1567414-field_4\">Num\u00e9ro de t\u00e9l\u00e9phone <span class=\"wpforms-required-label\">*<\/span><\/label><input type=\"text\" id=\"wpforms-1567414-field_4\" class=\"wpforms-field-medium wpforms-field-required\" name=\"wpforms[fields][4]\" required><div class=\"wpforms-field-description\">Num\u00e9ro de contact sur whatsapp<\/div><\/div><div id=\"wpforms-1567414-field_3-container\" class=\"wpforms-field wpforms-field-checkbox wpforms-list-2-columns\" data-field-id=\"3\"><label class=\"wpforms-field-label\">Th\u00e8mes d&#039;int\u00e9r\u00eat <span class=\"wpforms-required-label\">*<\/span><\/label><ul id=\"wpforms-1567414-field_3\" class=\"wpforms-field-required\" data-choice-limit=\"4\"><li class=\"choice-1 depth-1\"><input type=\"checkbox\" id=\"wpforms-1567414-field_3_1\" data-rule-check-limit=\"true\" name=\"wpforms[fields][3][]\" value=\"Culture et m\u00e9dias\" required ><label class=\"wpforms-field-label-inline\" for=\"wpforms-1567414-field_3_1\">Culture et m\u00e9dias<\/label><\/li><li class=\"choice-2 depth-1\"><input type=\"checkbox\" id=\"wpforms-1567414-field_3_2\" data-rule-check-limit=\"true\" name=\"wpforms[fields][3][]\" value=\"Diversit\u00e9\" required ><label class=\"wpforms-field-label-inline\" for=\"wpforms-1567414-field_3_2\">Diversit\u00e9<\/label><\/li><li class=\"choice-3 depth-1\"><input type=\"checkbox\" id=\"wpforms-1567414-field_3_3\" data-rule-check-limit=\"true\" name=\"wpforms[fields][3][]\" value=\"Droits humains\" required ><label class=\"wpforms-field-label-inline\" for=\"wpforms-1567414-field_3_3\">Droits humains<\/label><\/li><li class=\"choice-8 depth-1\"><input type=\"checkbox\" id=\"wpforms-1567414-field_3_8\" data-rule-check-limit=\"true\" name=\"wpforms[fields][3][]\" value=\"\u00c9cologie et environnement\" required ><label class=\"wpforms-field-label-inline\" for=\"wpforms-1567414-field_3_8\">\u00c9cologie et environnement<\/label><\/li><li class=\"choice-7 depth-1\"><input type=\"checkbox\" id=\"wpforms-1567414-field_3_7\" data-rule-check-limit=\"true\" name=\"wpforms[fields][3][]\" value=\"\u00c9conomie\" required ><label class=\"wpforms-field-label-inline\" for=\"wpforms-1567414-field_3_7\">\u00c9conomie<\/label><\/li><li class=\"choice-6 depth-1\"><input type=\"checkbox\" id=\"wpforms-1567414-field_3_6\" data-rule-check-limit=\"true\" name=\"wpforms[fields][3][]\" value=\"\u00c9ducation\" required ><label class=\"wpforms-field-label-inline\" for=\"wpforms-1567414-field_3_6\">\u00c9ducation<\/label><\/li><li class=\"choice-5 depth-1\"><input type=\"checkbox\" id=\"wpforms-1567414-field_3_5\" data-rule-check-limit=\"true\" name=\"wpforms[fields][3][]\" value=\"Genre et f\u00e9minisme\" required ><label class=\"wpforms-field-label-inline\" for=\"wpforms-1567414-field_3_5\">Genre et f\u00e9minisme<\/label><\/li><li class=\"choice-4 depth-1\"><input type=\"checkbox\" id=\"wpforms-1567414-field_3_4\" data-rule-check-limit=\"true\" name=\"wpforms[fields][3][]\" value=\"Humanisme et Spiritualit\u00e9\" required ><label class=\"wpforms-field-label-inline\" for=\"wpforms-1567414-field_3_4\">Humanisme et Spiritualit\u00e9<\/label><\/li><li class=\"choice-11 depth-1\"><input type=\"checkbox\" id=\"wpforms-1567414-field_3_11\" data-rule-check-limit=\"true\" name=\"wpforms[fields][3][]\" value=\"Jeunes\" required ><label class=\"wpforms-field-label-inline\" for=\"wpforms-1567414-field_3_11\">Jeunes<\/label><\/li><li class=\"choice-10 depth-1\"><input type=\"checkbox\" id=\"wpforms-1567414-field_3_10\" data-rule-check-limit=\"true\" name=\"wpforms[fields][3][]\" value=\"Indigenous Peoples\" required ><label class=\"wpforms-field-label-inline\" for=\"wpforms-1567414-field_3_10\">Indigenous Peoples<\/label><\/li><li class=\"choice-9 depth-1\"><input type=\"checkbox\" id=\"wpforms-1567414-field_3_9\" data-rule-check-limit=\"true\" name=\"wpforms[fields][3][]\" value=\"Migrants\" required ><label class=\"wpforms-field-label-inline\" for=\"wpforms-1567414-field_3_9\">Migrants<\/label><\/li><li class=\"choice-14 depth-1\"><input type=\"checkbox\" id=\"wpforms-1567414-field_3_14\" data-rule-check-limit=\"true\" name=\"wpforms[fields][3][]\" value=\"Non-violence\" required ><label class=\"wpforms-field-label-inline\" for=\"wpforms-1567414-field_3_14\">Non-violence<\/label><\/li><li class=\"choice-13 depth-1\"><input type=\"checkbox\" id=\"wpforms-1567414-field_3_13\" data-rule-check-limit=\"true\" name=\"wpforms[fields][3][]\" value=\"Paix et d\u00e9sarmement\" required ><label class=\"wpforms-field-label-inline\" for=\"wpforms-1567414-field_3_13\">Paix et d\u00e9sarmement<\/label><\/li><li class=\"choice-12 depth-1\"><input type=\"checkbox\" id=\"wpforms-1567414-field_3_12\" data-rule-check-limit=\"true\" name=\"wpforms[fields][3][]\" value=\"Peuples originaires\" required ><label class=\"wpforms-field-label-inline\" for=\"wpforms-1567414-field_3_12\">Peuples originaires<\/label><\/li><li class=\"choice-16 depth-1\"><input type=\"checkbox\" id=\"wpforms-1567414-field_3_16\" data-rule-check-limit=\"true\" name=\"wpforms[fields][3][]\" value=\"Politique\" required ><label class=\"wpforms-field-label-inline\" for=\"wpforms-1567414-field_3_16\">Politique<\/label><\/li><li class=\"choice-15 depth-1\"><input type=\"checkbox\" id=\"wpforms-1567414-field_3_15\" data-rule-check-limit=\"true\" name=\"wpforms[fields][3][]\" value=\"Sant\u00e9\" required ><label class=\"wpforms-field-label-inline\" for=\"wpforms-1567414-field_3_15\">Sant\u00e9<\/label><\/li><li class=\"choice-17 depth-1\"><input type=\"checkbox\" id=\"wpforms-1567414-field_3_17\" data-rule-check-limit=\"true\" name=\"wpforms[fields][3][]\" value=\"Science et technologie\" required ><label class=\"wpforms-field-label-inline\" for=\"wpforms-1567414-field_3_17\">Science et technologie<\/label><\/li><\/ul><div class=\"wpforms-field-description\">S\u00e9lectionnez jusqu'\u00e0 4 th\u00e8mes<\/div><\/div><\/div><!-- .wpforms-field-container --><div class=\"wpforms-submit-container\" ><input type=\"hidden\" name=\"wpforms[id]\" value=\"1567414\"><input type=\"hidden\" name=\"page_title\" value=\"\"><input type=\"hidden\" name=\"page_url\" value=\"https:\/\/www.pressenza.com\/fr\/wp-json\/wp\/v2\/pages\/1567413\"><input type=\"hidden\" name=\"url_referer\" value=\"\"><button type=\"submit\" name=\"wpforms[submit]\" id=\"wpforms-submit-1567414\" class=\"wpforms-submit\" data-alt-text=\"Envoi...\" data-submit-text=\"ENVOYER\" aria-live=\"assertive\" value=\"wpforms-submit\">ENVOYER<\/button><img loading=\"lazy\" decoding=\"async\" src=\"https:\/\/www.pressenza.com\/wp-content\/plugins\/wpforms-lite\/assets\/images\/submit-spin.svg\" class=\"wpforms-submit-spinner\" style=\"display: none;\" width=\"26\" height=\"26\" alt=\"Chargement en cours\"><\/div><\/form><\/div>  <!-- .wpforms-container -->\n<p>&nbsp;<\/p>\n","protected":false},"excerpt":{"rendered":"<p>Formation : \u00ab\u00a0Journalisme Non-Violent\u00a0\u00bb Contexte Pressenza est une agence de presse internationale qui diffuse de l&rsquo;information dans diff\u00e9rents domaines depuis 14 ans. Pressenza est un partenaire reconnu aupr\u00e8s des organisations civiles qui \u0153uvrent dans la r\u00e9solution des conflits, avec les&hellip;<\/p>\n","protected":false},"author":6,"featured_media":0,"parent":2529366,"menu_order":0,"comment_status":"closed","ping_status":"closed","template":"","meta":{"footnotes":""},"class_list":["post-1567413","page","type-page","status-publish","hentry"],"yoast_head":"<!-- This site is optimized with the Yoast SEO plugin v27.1.1 - https:\/\/yoast.com\/product\/yoast-seo-wordpress\/ -->\n<title>Formation : &quot;Journalisme Non-Violent&quot; - Pressenza<\/title>\n<meta name=\"robots\" content=\"index, follow, max-snippet:-1, max-image-preview:large, max-video-preview:-1\" \/>\n<link rel=\"canonical\" href=\"https:\/\/www.pressenza.com\/fr\/journalisme-non-violent\/formation-journalisme-non-violent\/\" \/>\n<meta property=\"og:locale\" content=\"fr_FR\" \/>\n<meta property=\"og:type\" content=\"article\" \/>\n<meta property=\"og:title\" content=\"Formation : &quot;Journalisme Non-Violent&quot; - Pressenza\" \/>\n<meta property=\"og:description\" content=\"Formation : \u00ab\u00a0Journalisme Non-Violent\u00a0\u00bb Contexte Pressenza est une agence de presse internationale qui diffuse de l&rsquo;information dans diff\u00e9rents domaines depuis 14 ans. Pressenza est un partenaire reconnu aupr\u00e8s des organisations civiles qui \u0153uvrent dans la r\u00e9solution des conflits, avec les&hellip;\" \/>\n<meta property=\"og:url\" content=\"https:\/\/www.pressenza.com\/fr\/journalisme-non-violent\/formation-journalisme-non-violent\/\" \/>\n<meta property=\"og:site_name\" content=\"Pressenza\" \/>\n<meta property=\"article:publisher\" content=\"https:\/\/www.facebook.com\/PressenzaItalia\" \/>\n<meta property=\"article:modified_time\" content=\"2022-04-26T20:03:46+00:00\" \/>\n<meta name=\"twitter:card\" content=\"summary_large_image\" \/>\n<meta name=\"twitter:site\" content=\"@PressenzaIPA\" \/>\n<meta name=\"twitter:label1\" content=\"Dur\u00e9e de lecture estim\u00e9e\" \/>\n\t<meta name=\"twitter:data1\" content=\"4 minutes\" \/>\n<script type=\"application\/ld+json\" class=\"yoast-schema-graph\">{\"@context\":\"https:\/\/schema.org\",\"@graph\":[{\"@type\":\"WebPage\",\"@id\":\"https:\/\/www.pressenza.com\/fr\/journalisme-non-violent\/formation-journalisme-non-violent\/\",\"url\":\"https:\/\/www.pressenza.com\/fr\/journalisme-non-violent\/formation-journalisme-non-violent\/\",\"name\":\"Formation : \\\"Journalisme Non-Violent\\\" - Pressenza\",\"isPartOf\":{\"@id\":\"https:\/\/www.pressenza.com\/fr\/#website\"},\"datePublished\":\"2022-04-20T10:13:59+00:00\",\"dateModified\":\"2022-04-26T20:03:46+00:00\",\"breadcrumb\":{\"@id\":\"https:\/\/www.pressenza.com\/fr\/journalisme-non-violent\/formation-journalisme-non-violent\/#breadcrumb\"},\"inLanguage\":\"fr-FR\",\"potentialAction\":[{\"@type\":\"ReadAction\",\"target\":[\"https:\/\/www.pressenza.com\/fr\/journalisme-non-violent\/formation-journalisme-non-violent\/\"]}]},{\"@type\":\"BreadcrumbList\",\"@id\":\"https:\/\/www.pressenza.com\/fr\/journalisme-non-violent\/formation-journalisme-non-violent\/#breadcrumb\",\"itemListElement\":[{\"@type\":\"ListItem\",\"position\":1,\"name\":\"Accueil\",\"item\":\"https:\/\/www.pressenza.com\/fr\/\"},{\"@type\":\"ListItem\",\"position\":2,\"name\":\"Journalisme Non-Violent\",\"item\":\"https:\/\/www.pressenza.com\/fr\/journalisme-non-violent\/\"},{\"@type\":\"ListItem\",\"position\":3,\"name\":\"Formation : \u00ab\u00a0Journalisme Non-Violent\u00a0\u00bb\"}]},{\"@type\":\"WebSite\",\"@id\":\"https:\/\/www.pressenza.com\/fr\/#website\",\"url\":\"https:\/\/www.pressenza.com\/fr\/\",\"name\":\"Pressenza\",\"description\":\"International Press Agency\",\"publisher\":{\"@id\":\"https:\/\/www.pressenza.com\/fr\/#organization\"},\"potentialAction\":[{\"@type\":\"SearchAction\",\"target\":{\"@type\":\"EntryPoint\",\"urlTemplate\":\"https:\/\/www.pressenza.com\/fr\/?s={search_term_string}\"},\"query-input\":{\"@type\":\"PropertyValueSpecification\",\"valueRequired\":true,\"valueName\":\"search_term_string\"}}],\"inLanguage\":\"fr-FR\"},{\"@type\":\"Organization\",\"@id\":\"https:\/\/www.pressenza.com\/fr\/#organization\",\"name\":\"Pressenza\",\"url\":\"https:\/\/www.pressenza.com\/fr\/\",\"logo\":{\"@type\":\"ImageObject\",\"inLanguage\":\"fr-FR\",\"@id\":\"https:\/\/www.pressenza.com\/fr\/#\/schema\/logo\/image\/\",\"url\":\"https:\/\/www.pressenza.com\/wp-content\/uploads\/2022\/10\/pressenza_logo_200x200.jpg\",\"contentUrl\":\"https:\/\/www.pressenza.com\/wp-content\/uploads\/2022\/10\/pressenza_logo_200x200.jpg\",\"width\":200,\"height\":200,\"caption\":\"Pressenza\"},\"image\":{\"@id\":\"https:\/\/www.pressenza.com\/fr\/#\/schema\/logo\/image\/\"},\"sameAs\":[\"https:\/\/www.facebook.com\/PressenzaItalia\",\"https:\/\/x.com\/PressenzaIPA\"]}]}<\/script>\n<!-- \/ Yoast SEO plugin. -->","yoast_head_json":{"title":"Formation : \"Journalisme Non-Violent\" - Pressenza","robots":{"index":"index","follow":"follow","max-snippet":"max-snippet:-1","max-image-preview":"max-image-preview:large","max-video-preview":"max-video-preview:-1"},"canonical":"https:\/\/www.pressenza.com\/fr\/journalisme-non-violent\/formation-journalisme-non-violent\/","og_locale":"fr_FR","og_type":"article","og_title":"Formation : \"Journalisme Non-Violent\" - Pressenza","og_description":"Formation : \u00ab\u00a0Journalisme Non-Violent\u00a0\u00bb Contexte Pressenza est une agence de presse internationale qui diffuse de l&rsquo;information dans diff\u00e9rents domaines depuis 14 ans. Pressenza est un partenaire reconnu aupr\u00e8s des organisations civiles qui \u0153uvrent dans la r\u00e9solution des conflits, avec les&hellip;","og_url":"https:\/\/www.pressenza.com\/fr\/journalisme-non-violent\/formation-journalisme-non-violent\/","og_site_name":"Pressenza","article_publisher":"https:\/\/www.facebook.com\/PressenzaItalia","article_modified_time":"2022-04-26T20:03:46+00:00","twitter_card":"summary_large_image","twitter_site":"@PressenzaIPA","twitter_misc":{"Dur\u00e9e de lecture estim\u00e9e":"4 minutes"},"schema":{"@context":"https:\/\/schema.org","@graph":[{"@type":"WebPage","@id":"https:\/\/www.pressenza.com\/fr\/journalisme-non-violent\/formation-journalisme-non-violent\/","url":"https:\/\/www.pressenza.com\/fr\/journalisme-non-violent\/formation-journalisme-non-violent\/","name":"Formation : \"Journalisme Non-Violent\" - Pressenza","isPartOf":{"@id":"https:\/\/www.pressenza.com\/fr\/#website"},"datePublished":"2022-04-20T10:13:59+00:00","dateModified":"2022-04-26T20:03:46+00:00","breadcrumb":{"@id":"https:\/\/www.pressenza.com\/fr\/journalisme-non-violent\/formation-journalisme-non-violent\/#breadcrumb"},"inLanguage":"fr-FR","potentialAction":[{"@type":"ReadAction","target":["https:\/\/www.pressenza.com\/fr\/journalisme-non-violent\/formation-journalisme-non-violent\/"]}]},{"@type":"BreadcrumbList","@id":"https:\/\/www.pressenza.com\/fr\/journalisme-non-violent\/formation-journalisme-non-violent\/#breadcrumb","itemListElement":[{"@type":"ListItem","position":1,"name":"Accueil","item":"https:\/\/www.pressenza.com\/fr\/"},{"@type":"ListItem","position":2,"name":"Journalisme Non-Violent","item":"https:\/\/www.pressenza.com\/fr\/journalisme-non-violent\/"},{"@type":"ListItem","position":3,"name":"Formation : \u00ab\u00a0Journalisme Non-Violent\u00a0\u00bb"}]},{"@type":"WebSite","@id":"https:\/\/www.pressenza.com\/fr\/#website","url":"https:\/\/www.pressenza.com\/fr\/","name":"Pressenza","description":"International Press Agency","publisher":{"@id":"https:\/\/www.pressenza.com\/fr\/#organization"},"potentialAction":[{"@type":"SearchAction","target":{"@type":"EntryPoint","urlTemplate":"https:\/\/www.pressenza.com\/fr\/?s={search_term_string}"},"query-input":{"@type":"PropertyValueSpecification","valueRequired":true,"valueName":"search_term_string"}}],"inLanguage":"fr-FR"},{"@type":"Organization","@id":"https:\/\/www.pressenza.com\/fr\/#organization","name":"Pressenza","url":"https:\/\/www.pressenza.com\/fr\/","logo":{"@type":"ImageObject","inLanguage":"fr-FR","@id":"https:\/\/www.pressenza.com\/fr\/#\/schema\/logo\/image\/","url":"https:\/\/www.pressenza.com\/wp-content\/uploads\/2022\/10\/pressenza_logo_200x200.jpg","contentUrl":"https:\/\/www.pressenza.com\/wp-content\/uploads\/2022\/10\/pressenza_logo_200x200.jpg","width":200,"height":200,"caption":"Pressenza"},"image":{"@id":"https:\/\/www.pressenza.com\/fr\/#\/schema\/logo\/image\/"},"sameAs":["https:\/\/www.facebook.com\/PressenzaItalia","https:\/\/x.com\/PressenzaIPA"]}]}},"_links":{"self":[{"href":"https:\/\/www.pressenza.com\/fr\/wp-json\/wp\/v2\/pages\/1567413","targetHints":{"allow":["GET"]}}],"collection":[{"href":"https:\/\/www.pressenza.com\/fr\/wp-json\/wp\/v2\/pages"}],"about":[{"href":"https:\/\/www.pressenza.com\/fr\/wp-json\/wp\/v2\/types\/page"}],"author":[{"embeddable":true,"href":"https:\/\/www.pressenza.com\/fr\/wp-json\/wp\/v2\/users\/6"}],"replies":[{"embeddable":true,"href":"https:\/\/www.pressenza.com\/fr\/wp-json\/wp\/v2\/comments?post=1567413"}],"version-history":[{"count":0,"href":"https:\/\/www.pressenza.com\/fr\/wp-json\/wp\/v2\/pages\/1567413\/revisions"}],"up":[{"embeddable":true,"href":"https:\/\/www.pressenza.com\/fr\/wp-json\/wp\/v2\/pages\/2529366"}],"wp:attachment":[{"href":"https:\/\/www.pressenza.com\/fr\/wp-json\/wp\/v2\/media?parent=1567413"}],"curies":[{"name":"wp","href":"https:\/\/api.w.org\/{rel}","templated":true}]}}