{"id":1152965,"date":"2020-07-05T17:21:58","date_gmt":"2020-07-05T16:21:58","guid":{"rendered":"https:\/\/www.pressenza.com\/?page_id=1152965"},"modified":"2023-04-07T20:07:02","modified_gmt":"2023-04-07T19:07:02","slug":"catalogue-de-documentaires","status":"publish","type":"page","link":"https:\/\/www.pressenza.com\/fr\/catalogue-de-documentaires\/","title":{"rendered":"Catalogue de documentaires"},"content":{"rendered":"<h1><img loading=\"lazy\" decoding=\"async\" class=\"img-responsive alignnone wp-image-1147674 size-full\" src=\"https:\/\/www.pressenza.com\/wp-content\/uploads\/2020\/07\/documentaires-banner.jpg\" alt=\"\" width=\"1120\" height=\"630\" \/><\/h1>\n<h1><strong>CATALOGUE DE DOCUMENTAIRES<\/strong><\/h1>\n<p>Voici la liste des documentaires produits par Pressenza disponibles sous la Licence Creative Commons 4.0, ce qui permet leur diffusion gratuite sur les cha\u00eenes de t\u00e9l\u00e9vision. Les films sont disponibles sur demande, en prenant contact avec Tatiana De Barelli (Belgique) <a href=\"mailto:tatianadebarelli@yahoo.fr\">tatianadebarelli@yahoo.fr<\/a> &#8211; tel +32 (0)486 846 812 ou Olivier Flumian (France) <a href=\"mailto:olivierflumian@yahoo.fr\">olivierflumian@yahoo.fr<\/a> ; t\u00e9l + 33 6 62 58 17 34<br \/>\nProductrice responsable\u00a0: P\u00eda Figueroa <a href=\"mailto:piaf@pressenza.com\">piaf@pressenza.com<\/a> +569 97116536<\/p>\n<h2><strong><span style=\"color: #f58220;\">\u5979\u4eec\u611f\u89c9\u5230\u9ece\u660e\u8981\u6765\u4e86<\/span><\/strong><\/h2>\n<h2><strong>ELLAS SIENTEN <span style=\"color: #f58220;\">QUE AMANECER\u00c1<\/span><\/strong><\/h2>\n<h2><em>Elles sentent l\u2019arriv\u00e9e d\u2019une aube nouvelle<\/em><\/h2>\n<h3><span style=\"color: #f58220;\">D\u00e9tails techniques<\/span><\/h3>\n<p><em>Ann\u00e9e de Production:<\/em> 2019<br \/>\n<em>Dur\u00e9e:<\/em> 56\u2032<br \/>\n<em>Format:<\/em> HD<br \/>\n<em>Ecran:<\/em> 16\/9<br \/>\n<em>Couleur:<\/em> COLOR<br \/>\n<em>Genre:<\/em> DOCUMENTAIRE<br \/>\n<em>Lieux de tournage:<\/em> Chili, P\u00e9rou, Equateur, Colombie et Mexique<br \/>\n<em>Version originale:<\/em> Espagnol<br \/>\n<em>Narration:<\/em> Espagnol, Anglais.<br \/>\n<em>Sous-titres:<\/em> Espagnol, Chinois, Anglais, Italien et Allemand (Fran\u00e7ais et Grec en cours)<\/p>\n<p>Sous la direction d&rsquo;An\u00edbal Feres, Pressenza a r\u00e9alis\u00e9 ce documentaire demand\u00e9 par China Global Television Network (CGTN) et diffus\u00e9 par la cha\u00eene asiatique les 9 et 10 novembre 2019, atteignant des taux d&rsquo;audience tr\u00e8s importants. Libre de droits, ce documentaire peut \u00eatre diffus\u00e9 par d&rsquo;autres cha\u00eenes, ce qui fut d\u00e9j\u00e0 le cas par MNN1 aux \u00c9tats-Unis, TV UNAM au Mexique, Channel 14 et UCR au Costa Rica, Channel 3 et Canal Santa Rosa en Argentine, Channel 3 de La Victoria au Chili.<\/p>\n<p>\u00c0 travers plusieurs rencontres, ce documentaire met en lumi\u00e8re le travail de femmes latino-am\u00e9ricaines d&rsquo;avant-garde, appliqu\u00e9es \u00e0 diff\u00e9rents domaines de la science et de la technologie afin de contribuer \u00e0 l&rsquo;avenir social et environnemental commun. Nous les avons suivies au Chili, au P\u00e9rou, en \u00c9quateur, en Colombie et au Mexique, nous laissant avec l&rsquo;espoir d&rsquo;une aube nouvelle.<\/p>\n<p><em>Le lien vers la bande-annonce est le suivant : <\/em> <a href=\"https:\/\/youtu.be\/coiJ5LZYcAA\">https:\/\/youtu.be\/coiJ5LZYcAA<\/a><\/p>\n<hr \/>\n<h2><strong>EL PRINCIPIO DEL FIN <span style=\"color: #f58220;\">DE LAS ARMAS NUCLEARES<\/span><\/strong><\/h2>\n<h2><em>Le d\u00e9but de la fin des armes nucl\u00e9aires<\/em><\/h2>\n<h3><strong><span style=\"color: #f58220;\">D\u00e9tails techniques<\/span><\/strong><\/h3>\n<p><em>Ann\u00e9e de Production:<\/em> 2019<br \/>\n<em>Dur\u00e9e:<\/em> 56\u2032<br \/>\n<em>Format:<\/em> HD<br \/>\n<em>Ecran:<\/em> 16\/9<br \/>\n<em>Couleur:<\/em> COLOR<br \/>\n<em>Genre:<\/em> DOCUMENTAIRE<br \/>\n<em>Lieux de tournage:<\/em> Espagne, Etats-Unis d\u2019Am\u00e9rique, Canada, Pays-Bas, Suisse<br \/>\n<em>Version originale:<\/em> Espagnol &amp; Anglais<br \/>\n<em>Narration:<\/em> Espagnol, Anglais, Italien, Portugais, Grec, Allemand, Japonais, Fran\u00e7ais, Tch\u00e8que et Su\u00e9dois. (Russe et Arabe en cours)<br \/>\n<em>Sous-titres:<\/em> Espagnol, Anglais, Italien, Portugais, Grec, Allemand, Japonais, Fran\u00e7ais, Tch\u00e8que et Su\u00e9dois. (Russe, Catal\u00e1n, Grec et Arabe en cours)<\/p>\n<p>Le 7 juillet 2017, 122 pays votaient en faveur du trait\u00e9 d&rsquo;interdiction des armes nucl\u00e9aires. Les pays qui ne poss\u00e8dent pas d&rsquo;armes nucl\u00e9aires mais qui vivent sous leur menace l\u2019ont approuv\u00e9. Malgr\u00e9 le faut que les gouvernements des grandes puissances nucl\u00e9aires n&rsquo;ont pas vot\u00e9, l&rsquo;interdiction a \u00e9t\u00e9 maintenue. Quelque chose de nouveau \u00e9tait en train de se passer.<\/p>\n<p>Ce documentaire r\u00e9alis\u00e9 par Alvaro Orus traite des efforts d\u00e9ploy\u00e9s pour int\u00e9grer un trait\u00e9 d&rsquo;interdiction des armes nucl\u00e9aires au sein du droit international. Le r\u00f4le de la Campagne internationale pour l&rsquo;abolition des armes nucl\u00e9aires, ICAN, est racont\u00e9 \u00e0 travers les voix d&rsquo;\u00e9minents militants de diverses organisations et pays et du pr\u00e9sident de la conf\u00e9rence de n\u00e9gociation.<\/p>\n<p>Le spectateur est emmen\u00e9 \u00e0 travers un bref historique de la bombe et de l&rsquo;activisme anti-nucl\u00e9aire. Il poursuit en examinant l&rsquo;initiative humanitaire qui a r\u00e9ussi \u00e0 remettre en question le discours dominant sur la s\u00e9curit\u00e9 et les mesures historiques prises depuis 2010 pour faire du trait\u00e9 une r\u00e9alit\u00e9. Enfin, le film montre ce que chacun peut faire pour aider l\u2019entr\u00e9e en vigueur du trait\u00e9 et stigmatiser les armes nucl\u00e9aires jusqu&rsquo;\u00e0 ce qu&rsquo;elles soient finalement \u00e9radiqu\u00e9es.<\/p>\n<p><em>Le lien vers la bande-annonce est le suivant :<\/em> <a href=\"https:\/\/youtu.be\/h6nco4AgywI\">https:\/\/youtu.be\/h6nco4AgywI<\/a><\/p>\n<p><em>Producteur:<\/em> Tony Robinson<\/p>\n<hr \/>\n<h2><strong>RENTA B\u00c1SICA UNIVERSAL <span style=\"color: #f58220;\">NUESTRO DERECHO A VIVIR<\/span><\/strong><\/h2>\n<h2><em>Revenu de Base Universel et inconditionnel, notre droit de Vivre<\/em><\/h2>\n<h3><strong><span style=\"color: #f58220;\">D\u00e9tails techniques<\/span><\/strong><\/h3>\n<p><em>Ann\u00e9e de Production:<\/em> 2018<br \/>\n<em>Dur\u00e9e:<\/em> 56\u2032<br \/>\n<em>Format:<\/em> HD<br \/>\n<em>Ecran:<\/em> 16\/9<br \/>\n<em>Couleur:<\/em> COLOR<br \/>\n<em>Genre:<\/em> DOCUMENTAIRE<br \/>\n<em>Lieux de tournage:<\/em> Espagne, Royaume-Uni<br \/>\n<em>Version originale:<\/em> Espagnol<br \/>\n<em>Narration:<\/em> Espagnol, Anglais, Fran\u00e7ais, Allemand et Italien<br \/>\n<em>Sous-titres:<\/em> Espagnol, Anglais, Fran\u00e7ais, Allemand, Italien, Portugais et Grec. Turc et Ukrainien en proc\u00e8s.<\/p>\n<p>El documental \u201cRBUI, nuestro derecho a vivir\u201d, con la direcci\u00f3n de \u00c1lvaro Orus, trata sobre el derecho de todos los seres humanos a subsistir por el solo hecho de haber nacido. Es una idea ya con historia, pero que se ha propagado espectacularmente en los \u00faltimos a\u00f1os, sobre todo debido al hecho de que el desarrollo tecnol\u00f3gico amenaza con dejar a la mayor\u00eda de la poblaci\u00f3n sin empleo para cubrir sus necesidades. El documental est\u00e1 compuesto principalmente por entrevistas hechas no s\u00f3lo a los fundadores, que llevan m\u00e1s de treinta a\u00f1os trabajando por esta idea, sino tambi\u00e9n a acad\u00e9micos y activistas, que nos relatan sus actividades y experiencias alrededor del mundo.<\/p>\n<p><em>Le lien vers la bande-annonce est le suivant : <\/em><a href=\"https:\/\/youtu.be\/OmfOXoLdgHU\">https:\/\/youtu.be\/OmfOXoLdgHU<\/a><\/p>\n<p><em>Producteur:<\/em> \u00c1lvaro Orus Andreu<\/p>\n<hr \/>\n<h2><strong>M\u00c1S ALL\u00c1 DE LA <span style=\"color: #f58220;\">VENGANZA<\/span><\/strong><\/h2>\n<h2><em>Au-del\u00e0 de la Vengeance<\/em><\/h2>\n<h3><strong><span style=\"color: #f58220;\">D\u00e9tails techniques<\/span><\/strong><\/h3>\n<p><em>Ann\u00e9e de Production:<\/em> 2016<br \/>\n<em>Dur\u00e9e:<\/em> 75\u2032<br \/>\n<em>Format:<\/em> HD<br \/>\n<em>Ecran:<\/em> 16\/9<br \/>\n<em>Couleur:<\/em> COLOR<br \/>\n<em>Genre:<\/em> DOCUMENTAIRE<br \/>\n<em>Lieux de tournage:<\/em> Espagne, Chili, Italie et P\u00e9rou<br \/>\n<em>Version originale:<\/em> Espagnol et Italien<br \/>\n<em>Narration:<\/em> Espagnol, Anglais, Fran\u00e7ais, Allemand, Italien et Portugais<br \/>\n<em>Sous-titres:<\/em> Espagnol, Anglais, Fran\u00e7ais, Allemand, Italien, Portugais et Grec.<\/p>\n<p><em>\u201cAu-del\u00e0 de la vengeance\u201d<\/em> nous plonge dans l&rsquo;histoire de l&rsquo;Occident pour d\u00e9couvrir comment il est posible qu\u2019elle soit devenue un \u00e9l\u00e9ment constitutif de toute notre culture. Nous nous immergeons avec les protagonistes dans l&rsquo;obscurit\u00e9 de nos sentiments pour \u00e9merger vers la possibilit\u00e9 d&rsquo;une r\u00e9conciliation.<\/p>\n<p><em>Le lien vers la bande-annonce est le suivant : (en espagnol)<\/em> <a href=\"https:\/\/www.facebook.com\/rodrigo.vau\/videos\/10153867554812405\/\">https:\/\/www.facebook.com\/rodrigo.vau\/videos\/10153867554812405\/<\/a><\/p>\n<p><em>Producteur:<\/em> \u00c1lvaro Orus Andreu <a href=\"https:\/\/d.docs.live.net\/1c2842433367a038\/Documentos\/Buenas%20Ideas\/Presentaciones\/alvaro.orus@pressenza.com\" target=\"_blank\" rel=\"noopener\" data-saferedirecturl=\"https:\/\/www.google.com\/url?q=https:\/\/d.docs.live.net\/1c2842433367a038\/Documentos\/Buenas%2520Ideas\/Presentaciones\/alvaro.orus@pressenza.com&amp;source=gmail&amp;ust=1612806701962000&amp;usg=AFQjCNGKQdvhKb035yP_7UgR3OkU6Dmevg\">alvaro.orus@<wbr \/>pressenza.com<\/a><\/p>\n<hr \/>\n<h2><strong>TUPAC AMARU, <span style=\"color: #f58220;\">ALGO EST\u00c1 CAMBIANDO<\/span><\/strong><\/h2>\n<h2><em>Tupac Amaru, quelque chose est en train de changer<\/em><\/h2>\n<h3><strong><span style=\"color: #f58220;\">D\u00e9tails techniques<\/span><\/strong><\/h3>\n<p>Ann\u00e9e de Production: 2012<br \/>\nDur\u00e9e: 65\u2032<br \/>\nFormat: HD<br \/>\nEcran: 16\/9<br \/>\nCouleur: COLOR<br \/>\nGenre: DOCUMENTAIRE<br \/>\nLieux de tournage: ARGENTINA<br \/>\nVersion originale: Espagnol<br \/>\nNarration: Espagnol<br \/>\nSous-titres: Espagnol, Italien<\/p>\n<p>Par Federico Palumbo et Magal\u00ed Buj. Face \u00e0 la crise argentine des ann\u00e9es 1990, un groupe de Jujuy (Argentine) d\u00e9cidait de faire face au d\u00e9sordre qui r\u00e9gnait \u00e0 l&rsquo;\u00e9poque. Afin de r\u00e9pondre aux besoins les plus profonds de l&rsquo;\u00eatre humain, une organisation de quartier a vu le jour, commen\u00e7ant \u00e0 fa\u00e7onner un nouveau mod\u00e8le de travail coop\u00e9ratif et solidaire.<\/p>\n<p>Le Tupac Amaru, un exemple, ou un avertissement.<\/p>\n<p><em>Le lien vers la bande-annonce est le suivant\u00a0: (en espagnol)<\/em> <a href=\"https:\/\/youtu.be\/LiBjj_Jl7GY\">https:\/\/youtu.be\/LiBjj_Jl7GY<\/a><br \/>\n<em>Informations sur le film et sur le combat de Milagro Sala :<\/em> <a href=\"https:\/\/www.welcometothecantri.com\/fr\/\">https:\/\/www.welcometothecantri.com\/fr\/<\/a><\/p>\n<p><em>Producteurs:<\/em> Magal\u00ed Buj et Federico Palumbo<\/p>\n<hr \/>\n<h2><strong><span style=\"color: #f58220;\">UBUNTU<\/span><\/strong><\/h2>\n<h3><strong><span style=\"color: #f58220;\">D\u00e9tails techniques<\/span><\/strong><\/h3>\n<p><em>Ann\u00e9e de Production:<\/em> 2019<br \/>\n<em>Dur\u00e9e:<\/em> 52\u2032<br \/>\n<em>Format:<\/em> 4K<br \/>\n<em>Ecran:<\/em> 16\/9<br \/>\n<em>Couleur:<\/em> COLOR<br \/>\n<em>Genre:<\/em> DOCUMENTAIRE<br \/>\n<em>Lieux de tournage:<\/em> Italie<br \/>\n<em>Version originale:<\/em> Italien<br \/>\n<em>Narration:<\/em> Italien<br \/>\n<em>Sous-titres:<\/em> N\/A<\/p>\n<p>Poggio alla Croce est un petit village de deux cents \u00e2mes de la province de Florence divis\u00e9 entre deux communes, sur une cr\u00eate qui domine deux vall\u00e9es. Un jour, au d\u00e9but de l&rsquo;ann\u00e9e 2017, une \u00ab\u00a0bombe\u00a0\u00bb a explos\u00e9 et a modifi\u00e9 les rythmes de la communaut\u00e9 : des immigrants sont arriv\u00e9s.<\/p>\n<p>Le mot suffit, sans que personne ne le confirme, pour lancer une collecte de signatures pour dire non \u00e0 l&rsquo;arriv\u00e9e d&rsquo;\u00e9trangers dans la r\u00e9sidence Villa Viviana, autrefois restaurant et h\u00f4tel.<\/p>\n<p>En quelques jours, la p\u00e9tition a re\u00e7u environ 230 signatures, soit plus que le nombre de r\u00e9sidents. Mais un groupe de citoyens a d\u00e9cid\u00e9 de pr\u00e9parer l&rsquo;accueil de mani\u00e8re positive, d&rsquo;abord avec des r\u00e9unions d&rsquo;information, puis avec une v\u00e9ritable \u00e9cole pour les immigrants, sur le mod\u00e8le de l&rsquo;exp\u00e9rience de Don Milani.<\/p>\n<p>Pour ce faire, ils sont guid\u00e9s par l&rsquo;Ubuntu, une ancienne philosophie d&rsquo;origine sud-africaine qui th\u00e9orise un lien d&rsquo;\u00e9change universel unissant toute l&rsquo;humanit\u00e9.<\/p>\n<p>L&rsquo;Ubuntu est une ancienne philosophie d&rsquo;origine sud-africaine qui th\u00e9orise un lien d&rsquo;\u00e9change universel unissant toute l&rsquo;humanit\u00e9 : \u00ab\u00a0Je suis ce que je suis gr\u00e2ce \u00e0 ce que nous sommes tous\u00a0\u00bb.<\/p>\n<p>Ubuntu est \u00e9galement le nom du logiciel libre qui est install\u00e9 sur les vieux ordinateurs utilis\u00e9s pour enseigner aux immigrants, r\u00e9g\u00e9n\u00e9r\u00e9s et ramen\u00e9s \u00e0 la vie, et donc une m\u00e9taphore de la \u00ab\u00a0r\u00e9g\u00e9n\u00e9ration humaine\u00a0\u00bb qui a eu lieu \u00e0 Poggio alla Croce.<\/p>\n<p><em>Documentaire : (en italien)<\/em> <a href=\"http:\/\/iamarf.ch\/activism\/Ubuntu-master-fr.mp4\">http:\/\/iamarf.ch\/activism\/Ubuntu-master-fr.mp4<\/a><\/p>\n<p><em>Producteur:<\/em> Dario Lo Scalzo <a href=\"mailto:dario.loscalzo@pressenza.com\">dario.loscalzo@pressenza.com<\/a><\/p>\n<hr \/>\n<h2><strong><span style=\"color: #f58220;\">ELDORADO<\/span><\/strong><\/h2>\n<h3><strong><span style=\"color: #f58220;\">D\u00e9tails techniques<\/span><\/strong><\/h3>\n<p><em>Ann\u00e9e de Production:<\/em> 2023<br \/>\n<em>Dur\u00e9e:<\/em> 66\u2032<br \/>\n<em>Format:<\/em> 4K<br \/>\n<em>Ecran:<\/em> 16\/9<br \/>\n<em>Couleur:<\/em> COLOR<br \/>\n<em>Genre:<\/em> DOCUMENTAIRE<br \/>\n<em>Lieux de tournage:<\/em> C\u00f4te d\u2019Ivoire, Guin\u00e9e<br \/>\n<em>Version originale:<\/em> Fran\u00e7ais<br \/>\n<em>Narration:<\/em> Fran\u00e7ais, Malink\u00e9<br \/>\n<em>Sous-titres:<\/em> Fran\u00e7ais<\/p>\n<p>Mohamed Camara est un jeune migrant guin\u00e9en qui apr\u00e8s plusieurs tentatives, parvient \u00e0 rejoindre l\u2019Europe. Il vit en France depuis deux ans o\u00f9 il doit se contenter de la p\u00e9nibilit\u00e9 du travail d\u2019agent de s\u00e9curit\u00e9 et d\u2019un titre provisoire de protection humanitaire. En r\u00e9alisant enfin son r\u00eave, il se doutait que la vie ne serait pas rose mais il ne s\u2019imaginait pas vivre dans une telle pr\u00e9carit\u00e9.<\/p>\n<p>Autour de lui, il conna\u00eet ces migrants pris au pi\u00e8ge. Ceux qui, sans le croire vraiment, esp\u00e8rent que leur situation finira par s\u2019am\u00e9liorer. Mais les ann\u00e9es passent et ils s\u2019enlisent dans cette impasse. Mohamed lui, rentre en Guin\u00e9e cette ann\u00e9e. Il n\u2019est pas encore s\u00fbr de ce qu\u2019il va y faire mais apr\u00e8s tout ce qu\u2019il a v\u00e9cu, rien ne lui fait peur ou honte. M\u00eame le regard de ses proches au pays. Que ce soient ceux qui le b\u00e9nissent pour les quelques Euros qu\u2019il leur envoie en fin de mois ou ceux qui le prenaient pour un fou quand il a pris la route.<\/p>\n<p>Parmi ces derniers, son meilleur ami et r\u00e9alisateur qui l\u2019accompagne durant ce voyage retour de la C\u00f4te d\u2019Ivoire \u00e0 l\u2019Italie, en passant par la Guin\u00e9e et le Niger. Mohamed accepte de revenir sur ses pas pour mieux raconter cette aventure, revoir ces amis rencontr\u00e9s, prendre des nouvelles de ceux perdus de vue et expliquer comment lui, le chantre de l\u2019immigration a radicalement chang\u00e9 d\u2019avis.<\/p>\n<p>Est-ce du fait de la d\u00e9sillusion en Europe, d\u2019avoir \u00e9chapp\u00e9 \u00e0 la mort ou son s\u00e9jour en prison en Libye ? Que dira-t-il \u00e0 ses proches qui le consid\u00e8rent comme un mod\u00e8le et esp\u00e8rent qu\u2019il les aide \u00e0 partir ? Comment se fera ce retour dans cette Guin\u00e9e qu\u2019il a peu connu, son p\u00e8re ayant immigr\u00e9 en C\u00f4te d\u2019Ivoire alors qu\u2019il avait 5 ans ?<\/p>\n<p><em>Bande-d\u2019annonce :<\/em> <a href=\"https:\/\/youtu.be\/QDETWsWsuwU\">https:\/\/youtu.be\/QDETWsWsuwU<\/a><\/p>\n<p><em>Producteurs:<\/em> Dja Damien DALLY (damdyy@gmail.com), Gaston MOBIO, Mohamed CAMARA, Vakoumba CISSE<\/p>\n","protected":false},"excerpt":{"rendered":"<p>CATALOGUE DE DOCUMENTAIRES Voici la liste des documentaires produits par Pressenza disponibles sous la Licence Creative Commons 4.0, ce qui permet leur diffusion gratuite sur les cha\u00eenes de t\u00e9l\u00e9vision. Les films sont disponibles sur demande, en prenant contact avec Tatiana&hellip;<\/p>\n","protected":false},"author":1201,"featured_media":0,"parent":0,"menu_order":0,"comment_status":"closed","ping_status":"closed","template":"","meta":{"footnotes":""},"class_list":["post-1152965","page","type-page","status-publish","hentry"],"yoast_head":"<!-- This site is optimized with the Yoast SEO plugin v27.1.1 - https:\/\/yoast.com\/product\/yoast-seo-wordpress\/ -->\n<title>Catalogue de documentaires - Pressenza<\/title>\n<meta name=\"robots\" content=\"index, follow, max-snippet:-1, max-image-preview:large, max-video-preview:-1\" \/>\n<link rel=\"canonical\" href=\"https:\/\/www.pressenza.com\/fr\/catalogue-de-documentaires\/\" \/>\n<meta property=\"og:locale\" content=\"fr_FR\" \/>\n<meta property=\"og:type\" content=\"article\" \/>\n<meta property=\"og:title\" content=\"Catalogue de documentaires - Pressenza\" \/>\n<meta property=\"og:description\" content=\"CATALOGUE DE DOCUMENTAIRES Voici la liste des documentaires produits par Pressenza disponibles sous la Licence Creative Commons 4.0, ce qui permet leur diffusion gratuite sur les cha\u00eenes de t\u00e9l\u00e9vision. Les films sont disponibles sur demande, en prenant contact avec Tatiana&hellip;\" \/>\n<meta property=\"og:url\" content=\"https:\/\/www.pressenza.com\/fr\/catalogue-de-documentaires\/\" \/>\n<meta property=\"og:site_name\" content=\"Pressenza\" \/>\n<meta property=\"article:publisher\" content=\"https:\/\/www.facebook.com\/PressenzaItalia\" \/>\n<meta property=\"article:modified_time\" content=\"2023-04-07T19:07:02+00:00\" \/>\n<meta property=\"og:image\" content=\"https:\/\/www.pressenza.com\/wp-content\/uploads\/2020\/07\/documentaires-banner.jpg\" \/>\n<meta name=\"twitter:card\" content=\"summary_large_image\" \/>\n<meta name=\"twitter:site\" content=\"@PressenzaIPA\" \/>\n<meta name=\"twitter:label1\" content=\"Dur\u00e9e de lecture estim\u00e9e\" \/>\n\t<meta name=\"twitter:data1\" content=\"9 minutes\" \/>\n<script type=\"application\/ld+json\" class=\"yoast-schema-graph\">{\"@context\":\"https:\/\/schema.org\",\"@graph\":[{\"@type\":\"WebPage\",\"@id\":\"https:\/\/www.pressenza.com\/fr\/catalogue-de-documentaires\/\",\"url\":\"https:\/\/www.pressenza.com\/fr\/catalogue-de-documentaires\/\",\"name\":\"Catalogue de documentaires - Pressenza\",\"isPartOf\":{\"@id\":\"https:\/\/www.pressenza.com\/fr\/#website\"},\"primaryImageOfPage\":{\"@id\":\"https:\/\/www.pressenza.com\/fr\/catalogue-de-documentaires\/#primaryimage\"},\"image\":{\"@id\":\"https:\/\/www.pressenza.com\/fr\/catalogue-de-documentaires\/#primaryimage\"},\"thumbnailUrl\":\"https:\/\/www.pressenza.com\/wp-content\/uploads\/2020\/07\/documentaires-banner.jpg\",\"datePublished\":\"2020-07-05T16:21:58+00:00\",\"dateModified\":\"2023-04-07T19:07:02+00:00\",\"breadcrumb\":{\"@id\":\"https:\/\/www.pressenza.com\/fr\/catalogue-de-documentaires\/#breadcrumb\"},\"inLanguage\":\"fr-FR\",\"potentialAction\":[{\"@type\":\"ReadAction\",\"target\":[\"https:\/\/www.pressenza.com\/fr\/catalogue-de-documentaires\/\"]}]},{\"@type\":\"ImageObject\",\"inLanguage\":\"fr-FR\",\"@id\":\"https:\/\/www.pressenza.com\/fr\/catalogue-de-documentaires\/#primaryimage\",\"url\":\"https:\/\/www.pressenza.com\/wp-content\/uploads\/2020\/07\/documentaires-banner.jpg\",\"contentUrl\":\"https:\/\/www.pressenza.com\/wp-content\/uploads\/2020\/07\/documentaires-banner.jpg\"},{\"@type\":\"BreadcrumbList\",\"@id\":\"https:\/\/www.pressenza.com\/fr\/catalogue-de-documentaires\/#breadcrumb\",\"itemListElement\":[{\"@type\":\"ListItem\",\"position\":1,\"name\":\"Accueil\",\"item\":\"https:\/\/www.pressenza.com\/fr\/\"},{\"@type\":\"ListItem\",\"position\":2,\"name\":\"Catalogue de documentaires\"}]},{\"@type\":\"WebSite\",\"@id\":\"https:\/\/www.pressenza.com\/fr\/#website\",\"url\":\"https:\/\/www.pressenza.com\/fr\/\",\"name\":\"Pressenza\",\"description\":\"International Press Agency\",\"publisher\":{\"@id\":\"https:\/\/www.pressenza.com\/fr\/#organization\"},\"potentialAction\":[{\"@type\":\"SearchAction\",\"target\":{\"@type\":\"EntryPoint\",\"urlTemplate\":\"https:\/\/www.pressenza.com\/fr\/?s={search_term_string}\"},\"query-input\":{\"@type\":\"PropertyValueSpecification\",\"valueRequired\":true,\"valueName\":\"search_term_string\"}}],\"inLanguage\":\"fr-FR\"},{\"@type\":\"Organization\",\"@id\":\"https:\/\/www.pressenza.com\/fr\/#organization\",\"name\":\"Pressenza\",\"url\":\"https:\/\/www.pressenza.com\/fr\/\",\"logo\":{\"@type\":\"ImageObject\",\"inLanguage\":\"fr-FR\",\"@id\":\"https:\/\/www.pressenza.com\/fr\/#\/schema\/logo\/image\/\",\"url\":\"https:\/\/www.pressenza.com\/wp-content\/uploads\/2022\/10\/pressenza_logo_200x200.jpg\",\"contentUrl\":\"https:\/\/www.pressenza.com\/wp-content\/uploads\/2022\/10\/pressenza_logo_200x200.jpg\",\"width\":200,\"height\":200,\"caption\":\"Pressenza\"},\"image\":{\"@id\":\"https:\/\/www.pressenza.com\/fr\/#\/schema\/logo\/image\/\"},\"sameAs\":[\"https:\/\/www.facebook.com\/PressenzaItalia\",\"https:\/\/x.com\/PressenzaIPA\"]}]}<\/script>\n<!-- \/ Yoast SEO plugin. -->","yoast_head_json":{"title":"Catalogue de documentaires - Pressenza","robots":{"index":"index","follow":"follow","max-snippet":"max-snippet:-1","max-image-preview":"max-image-preview:large","max-video-preview":"max-video-preview:-1"},"canonical":"https:\/\/www.pressenza.com\/fr\/catalogue-de-documentaires\/","og_locale":"fr_FR","og_type":"article","og_title":"Catalogue de documentaires - Pressenza","og_description":"CATALOGUE DE DOCUMENTAIRES Voici la liste des documentaires produits par Pressenza disponibles sous la Licence Creative Commons 4.0, ce qui permet leur diffusion gratuite sur les cha\u00eenes de t\u00e9l\u00e9vision. Les films sont disponibles sur demande, en prenant contact avec Tatiana&hellip;","og_url":"https:\/\/www.pressenza.com\/fr\/catalogue-de-documentaires\/","og_site_name":"Pressenza","article_publisher":"https:\/\/www.facebook.com\/PressenzaItalia","article_modified_time":"2023-04-07T19:07:02+00:00","og_image":[{"url":"https:\/\/www.pressenza.com\/wp-content\/uploads\/2020\/07\/documentaires-banner.jpg","type":"","width":"","height":""}],"twitter_card":"summary_large_image","twitter_site":"@PressenzaIPA","twitter_misc":{"Dur\u00e9e de lecture estim\u00e9e":"9 minutes"},"schema":{"@context":"https:\/\/schema.org","@graph":[{"@type":"WebPage","@id":"https:\/\/www.pressenza.com\/fr\/catalogue-de-documentaires\/","url":"https:\/\/www.pressenza.com\/fr\/catalogue-de-documentaires\/","name":"Catalogue de documentaires - Pressenza","isPartOf":{"@id":"https:\/\/www.pressenza.com\/fr\/#website"},"primaryImageOfPage":{"@id":"https:\/\/www.pressenza.com\/fr\/catalogue-de-documentaires\/#primaryimage"},"image":{"@id":"https:\/\/www.pressenza.com\/fr\/catalogue-de-documentaires\/#primaryimage"},"thumbnailUrl":"https:\/\/www.pressenza.com\/wp-content\/uploads\/2020\/07\/documentaires-banner.jpg","datePublished":"2020-07-05T16:21:58+00:00","dateModified":"2023-04-07T19:07:02+00:00","breadcrumb":{"@id":"https:\/\/www.pressenza.com\/fr\/catalogue-de-documentaires\/#breadcrumb"},"inLanguage":"fr-FR","potentialAction":[{"@type":"ReadAction","target":["https:\/\/www.pressenza.com\/fr\/catalogue-de-documentaires\/"]}]},{"@type":"ImageObject","inLanguage":"fr-FR","@id":"https:\/\/www.pressenza.com\/fr\/catalogue-de-documentaires\/#primaryimage","url":"https:\/\/www.pressenza.com\/wp-content\/uploads\/2020\/07\/documentaires-banner.jpg","contentUrl":"https:\/\/www.pressenza.com\/wp-content\/uploads\/2020\/07\/documentaires-banner.jpg"},{"@type":"BreadcrumbList","@id":"https:\/\/www.pressenza.com\/fr\/catalogue-de-documentaires\/#breadcrumb","itemListElement":[{"@type":"ListItem","position":1,"name":"Accueil","item":"https:\/\/www.pressenza.com\/fr\/"},{"@type":"ListItem","position":2,"name":"Catalogue de documentaires"}]},{"@type":"WebSite","@id":"https:\/\/www.pressenza.com\/fr\/#website","url":"https:\/\/www.pressenza.com\/fr\/","name":"Pressenza","description":"International Press Agency","publisher":{"@id":"https:\/\/www.pressenza.com\/fr\/#organization"},"potentialAction":[{"@type":"SearchAction","target":{"@type":"EntryPoint","urlTemplate":"https:\/\/www.pressenza.com\/fr\/?s={search_term_string}"},"query-input":{"@type":"PropertyValueSpecification","valueRequired":true,"valueName":"search_term_string"}}],"inLanguage":"fr-FR"},{"@type":"Organization","@id":"https:\/\/www.pressenza.com\/fr\/#organization","name":"Pressenza","url":"https:\/\/www.pressenza.com\/fr\/","logo":{"@type":"ImageObject","inLanguage":"fr-FR","@id":"https:\/\/www.pressenza.com\/fr\/#\/schema\/logo\/image\/","url":"https:\/\/www.pressenza.com\/wp-content\/uploads\/2022\/10\/pressenza_logo_200x200.jpg","contentUrl":"https:\/\/www.pressenza.com\/wp-content\/uploads\/2022\/10\/pressenza_logo_200x200.jpg","width":200,"height":200,"caption":"Pressenza"},"image":{"@id":"https:\/\/www.pressenza.com\/fr\/#\/schema\/logo\/image\/"},"sameAs":["https:\/\/www.facebook.com\/PressenzaItalia","https:\/\/x.com\/PressenzaIPA"]}]}},"_links":{"self":[{"href":"https:\/\/www.pressenza.com\/fr\/wp-json\/wp\/v2\/pages\/1152965","targetHints":{"allow":["GET"]}}],"collection":[{"href":"https:\/\/www.pressenza.com\/fr\/wp-json\/wp\/v2\/pages"}],"about":[{"href":"https:\/\/www.pressenza.com\/fr\/wp-json\/wp\/v2\/types\/page"}],"author":[{"embeddable":true,"href":"https:\/\/www.pressenza.com\/fr\/wp-json\/wp\/v2\/users\/1201"}],"replies":[{"embeddable":true,"href":"https:\/\/www.pressenza.com\/fr\/wp-json\/wp\/v2\/comments?post=1152965"}],"version-history":[{"count":0,"href":"https:\/\/www.pressenza.com\/fr\/wp-json\/wp\/v2\/pages\/1152965\/revisions"}],"wp:attachment":[{"href":"https:\/\/www.pressenza.com\/fr\/wp-json\/wp\/v2\/media?parent=1152965"}],"curies":[{"name":"wp","href":"https:\/\/api.w.org\/{rel}","templated":true}]}}