{"id":773577,"date":"2018-12-09T22:54:00","date_gmt":"2018-12-09T22:54:00","guid":{"rendered":"https:\/\/www.pressenza.com\/?page_id=773577"},"modified":"2024-04-15T02:44:11","modified_gmt":"2024-04-15T01:44:11","slug":"participa-2","status":"publish","type":"page","link":"https:\/\/www.pressenza.com\/es\/participa-2\/","title":{"rendered":"\u00a1Participa!"},"content":{"rendered":"<p>Pressenza es un equipo de voluntarios. A nadie se le paga por el tiempo que dedica a este proyecto. Nuestra recompensa es el placer que obtenemos al difundir informaci\u00f3n y opiniones importantes que pueden cambiar el mundo.<\/p>\n<p>Siempre estamos buscando nuevos amigos para unirse a nuestro equipo. Las habilidades que buscamos son: personas que puedan escribir art\u00edculos y noticias, dar cobertura a eventos, fot\u00f3grafos, videastas, relacionadores, traductores, correctores, editores, community managers y especialistas en TI, programadores, dise\u00f1adores gr\u00e1ficos, especialmente en el campo de WordPress.<\/p>\n<p>Remuneraci\u00f3n: Ninguna. Pressenza es una organizaci\u00f3n basada en voluntarios en la que nadie recibe dinero por el tiempo que invierte en el proyecto. Es esta autonom\u00eda financiera la que nos permite mantener nuestra l\u00ednea editorial y la defendemos con orgullo. La recompensa por trabajar en Pressenza es saber que se es parte de un equipo internacional que se esfuerza por cambiar el mundo a trav\u00e9s de la publicaci\u00f3n de informaci\u00f3n no violenta.<\/p>\n<p>Contacto: Valerio Marinai valeriomarinai@pressenza.com<\/p>\n","protected":false},"excerpt":{"rendered":"<p>Pressenza es un equipo de voluntarios. A nadie se le paga por el tiempo que dedica a este proyecto. Nuestra recompensa es el placer que obtenemos al difundir informaci\u00f3n y opiniones importantes que pueden cambiar el mundo. Siempre estamos buscando&hellip;<\/p>\n","protected":false},"author":970,"featured_media":0,"parent":0,"menu_order":10,"comment_status":"closed","ping_status":"open","template":"","meta":{"footnotes":""},"class_list":["post-773577","page","type-page","status-publish","hentry"],"yoast_head":"<!-- This site is optimized with the Yoast SEO plugin v27.1.1 - https:\/\/yoast.com\/product\/yoast-seo-wordpress\/ -->\n<title>\u00a1Participa! - Pressenza<\/title>\n<meta name=\"robots\" content=\"index, follow, max-snippet:-1, max-image-preview:large, max-video-preview:-1\" \/>\n<link rel=\"canonical\" href=\"https:\/\/www.pressenza.com\/es\/participa-2\/\" \/>\n<meta property=\"og:locale\" content=\"es_ES\" \/>\n<meta property=\"og:type\" content=\"article\" \/>\n<meta property=\"og:title\" content=\"\u00a1Participa! - Pressenza\" \/>\n<meta property=\"og:description\" content=\"Pressenza es un equipo de voluntarios. A nadie se le paga por el tiempo que dedica a este proyecto. Nuestra recompensa es el placer que obtenemos al difundir informaci\u00f3n y opiniones importantes que pueden cambiar el mundo. Siempre estamos buscando&hellip;\" \/>\n<meta property=\"og:url\" content=\"https:\/\/www.pressenza.com\/es\/participa-2\/\" \/>\n<meta property=\"og:site_name\" content=\"Pressenza\" \/>\n<meta property=\"article:publisher\" content=\"https:\/\/www.facebook.com\/PressenzaItalia\" \/>\n<meta property=\"article:modified_time\" content=\"2024-04-15T01:44:11+00:00\" \/>\n<meta name=\"twitter:card\" content=\"summary_large_image\" \/>\n<meta name=\"twitter:site\" content=\"@PressenzaIPA\" \/>\n<meta name=\"twitter:label1\" content=\"Tiempo de lectura\" \/>\n\t<meta name=\"twitter:data1\" content=\"1 minuto\" \/>\n<script type=\"application\/ld+json\" class=\"yoast-schema-graph\">{\"@context\":\"https:\/\/schema.org\",\"@graph\":[{\"@type\":\"WebPage\",\"@id\":\"https:\/\/www.pressenza.com\/es\/participa-2\/\",\"url\":\"https:\/\/www.pressenza.com\/es\/participa-2\/\",\"name\":\"\u00a1Participa! - Pressenza\",\"isPartOf\":{\"@id\":\"https:\/\/www.pressenza.com\/es\/#website\"},\"datePublished\":\"2018-12-09T22:54:00+00:00\",\"dateModified\":\"2024-04-15T01:44:11+00:00\",\"breadcrumb\":{\"@id\":\"https:\/\/www.pressenza.com\/es\/participa-2\/#breadcrumb\"},\"inLanguage\":\"es\",\"potentialAction\":[{\"@type\":\"ReadAction\",\"target\":[\"https:\/\/www.pressenza.com\/es\/participa-2\/\"]}]},{\"@type\":\"BreadcrumbList\",\"@id\":\"https:\/\/www.pressenza.com\/es\/participa-2\/#breadcrumb\",\"itemListElement\":[{\"@type\":\"ListItem\",\"position\":1,\"name\":\"Accueil\",\"item\":\"https:\/\/www.pressenza.com\/es\/\"},{\"@type\":\"ListItem\",\"position\":2,\"name\":\"\u00a1Participa!\"}]},{\"@type\":\"WebSite\",\"@id\":\"https:\/\/www.pressenza.com\/es\/#website\",\"url\":\"https:\/\/www.pressenza.com\/es\/\",\"name\":\"Pressenza\",\"description\":\"International Press Agency\",\"publisher\":{\"@id\":\"https:\/\/www.pressenza.com\/es\/#organization\"},\"potentialAction\":[{\"@type\":\"SearchAction\",\"target\":{\"@type\":\"EntryPoint\",\"urlTemplate\":\"https:\/\/www.pressenza.com\/es\/?s={search_term_string}\"},\"query-input\":{\"@type\":\"PropertyValueSpecification\",\"valueRequired\":true,\"valueName\":\"search_term_string\"}}],\"inLanguage\":\"es\"},{\"@type\":\"Organization\",\"@id\":\"https:\/\/www.pressenza.com\/es\/#organization\",\"name\":\"Pressenza\",\"url\":\"https:\/\/www.pressenza.com\/es\/\",\"logo\":{\"@type\":\"ImageObject\",\"inLanguage\":\"es\",\"@id\":\"https:\/\/www.pressenza.com\/es\/#\/schema\/logo\/image\/\",\"url\":\"https:\/\/www.pressenza.com\/wp-content\/uploads\/2022\/10\/pressenza_logo_200x200.jpg\",\"contentUrl\":\"https:\/\/www.pressenza.com\/wp-content\/uploads\/2022\/10\/pressenza_logo_200x200.jpg\",\"width\":200,\"height\":200,\"caption\":\"Pressenza\"},\"image\":{\"@id\":\"https:\/\/www.pressenza.com\/es\/#\/schema\/logo\/image\/\"},\"sameAs\":[\"https:\/\/www.facebook.com\/PressenzaItalia\",\"https:\/\/x.com\/PressenzaIPA\"]}]}<\/script>\n<!-- \/ Yoast SEO plugin. -->","yoast_head_json":{"title":"\u00a1Participa! - Pressenza","robots":{"index":"index","follow":"follow","max-snippet":"max-snippet:-1","max-image-preview":"max-image-preview:large","max-video-preview":"max-video-preview:-1"},"canonical":"https:\/\/www.pressenza.com\/es\/participa-2\/","og_locale":"es_ES","og_type":"article","og_title":"\u00a1Participa! - Pressenza","og_description":"Pressenza es un equipo de voluntarios. A nadie se le paga por el tiempo que dedica a este proyecto. Nuestra recompensa es el placer que obtenemos al difundir informaci\u00f3n y opiniones importantes que pueden cambiar el mundo. Siempre estamos buscando&hellip;","og_url":"https:\/\/www.pressenza.com\/es\/participa-2\/","og_site_name":"Pressenza","article_publisher":"https:\/\/www.facebook.com\/PressenzaItalia","article_modified_time":"2024-04-15T01:44:11+00:00","twitter_card":"summary_large_image","twitter_site":"@PressenzaIPA","twitter_misc":{"Tiempo de lectura":"1 minuto"},"schema":{"@context":"https:\/\/schema.org","@graph":[{"@type":"WebPage","@id":"https:\/\/www.pressenza.com\/es\/participa-2\/","url":"https:\/\/www.pressenza.com\/es\/participa-2\/","name":"\u00a1Participa! - Pressenza","isPartOf":{"@id":"https:\/\/www.pressenza.com\/es\/#website"},"datePublished":"2018-12-09T22:54:00+00:00","dateModified":"2024-04-15T01:44:11+00:00","breadcrumb":{"@id":"https:\/\/www.pressenza.com\/es\/participa-2\/#breadcrumb"},"inLanguage":"es","potentialAction":[{"@type":"ReadAction","target":["https:\/\/www.pressenza.com\/es\/participa-2\/"]}]},{"@type":"BreadcrumbList","@id":"https:\/\/www.pressenza.com\/es\/participa-2\/#breadcrumb","itemListElement":[{"@type":"ListItem","position":1,"name":"Accueil","item":"https:\/\/www.pressenza.com\/es\/"},{"@type":"ListItem","position":2,"name":"\u00a1Participa!"}]},{"@type":"WebSite","@id":"https:\/\/www.pressenza.com\/es\/#website","url":"https:\/\/www.pressenza.com\/es\/","name":"Pressenza","description":"International Press Agency","publisher":{"@id":"https:\/\/www.pressenza.com\/es\/#organization"},"potentialAction":[{"@type":"SearchAction","target":{"@type":"EntryPoint","urlTemplate":"https:\/\/www.pressenza.com\/es\/?s={search_term_string}"},"query-input":{"@type":"PropertyValueSpecification","valueRequired":true,"valueName":"search_term_string"}}],"inLanguage":"es"},{"@type":"Organization","@id":"https:\/\/www.pressenza.com\/es\/#organization","name":"Pressenza","url":"https:\/\/www.pressenza.com\/es\/","logo":{"@type":"ImageObject","inLanguage":"es","@id":"https:\/\/www.pressenza.com\/es\/#\/schema\/logo\/image\/","url":"https:\/\/www.pressenza.com\/wp-content\/uploads\/2022\/10\/pressenza_logo_200x200.jpg","contentUrl":"https:\/\/www.pressenza.com\/wp-content\/uploads\/2022\/10\/pressenza_logo_200x200.jpg","width":200,"height":200,"caption":"Pressenza"},"image":{"@id":"https:\/\/www.pressenza.com\/es\/#\/schema\/logo\/image\/"},"sameAs":["https:\/\/www.facebook.com\/PressenzaItalia","https:\/\/x.com\/PressenzaIPA"]}]}},"_links":{"self":[{"href":"https:\/\/www.pressenza.com\/es\/wp-json\/wp\/v2\/pages\/773577","targetHints":{"allow":["GET"]}}],"collection":[{"href":"https:\/\/www.pressenza.com\/es\/wp-json\/wp\/v2\/pages"}],"about":[{"href":"https:\/\/www.pressenza.com\/es\/wp-json\/wp\/v2\/types\/page"}],"author":[{"embeddable":true,"href":"https:\/\/www.pressenza.com\/es\/wp-json\/wp\/v2\/users\/970"}],"replies":[{"embeddable":true,"href":"https:\/\/www.pressenza.com\/es\/wp-json\/wp\/v2\/comments?post=773577"}],"version-history":[{"count":0,"href":"https:\/\/www.pressenza.com\/es\/wp-json\/wp\/v2\/pages\/773577\/revisions"}],"wp:attachment":[{"href":"https:\/\/www.pressenza.com\/es\/wp-json\/wp\/v2\/media?parent=773577"}],"curies":[{"name":"wp","href":"https:\/\/api.w.org\/{rel}","templated":true}]}}