{"id":39219,"date":"2021-07-16T14:56:27","date_gmt":"2021-07-16T13:56:27","guid":{"rendered":"http:\/\/www.pressenza.com\/?page_id=39219"},"modified":"2026-03-17T16:38:59","modified_gmt":"2026-03-17T16:38:59","slug":"donacion","status":"publish","type":"page","link":"https:\/\/www.pressenza.com\/es\/donacion\/","title":{"rendered":"Donaci\u00f3n"},"content":{"rendered":"<h1 class=\"bg-green\">Donaci\u00f3n<\/h1>\n<p>Apoye el periodismo por la paz y la no violencia con una donaci\u00f3n:<\/p>\n<p>Por transferencia bancaria:<\/p>\n<p>Pressenza e. V., Helmholtzstr. 34, 10587 Berlin<br \/>\nGLS Bank<br \/>\nIBAN: DE45 4306 0967 1074 1427 00<br \/>\nBIC: GENODEM1GLS<\/p>\n<p>O con PayPal:<br \/>\n<a href=\"https:\/\/www.paypal.com\/donate?hosted_button_id=NDE7SEWNR2RQE\" target=\"_blank\" rel=\"noopener\"><u><span style=\"color: #3366ff;\">Donate by PayPal<\/span><\/u><\/a><\/p>\n<p>QR-Code:<\/p>\n<p><img loading=\"lazy\" decoding=\"async\" class=\"alignnone size-full wp-image-1400416\" src=\"https:\/\/www.pressenza.com\/wp-content\/uploads\/2021\/07\/donation_qrcode.png\" alt=\"\" width=\"128\" height=\"128\" \/><\/p>\n","protected":false},"excerpt":{"rendered":"<p>Donaci\u00f3n Apoye el periodismo por la paz y la no violencia con una donaci\u00f3n: Por transferencia bancaria: Pressenza e. V., Helmholtzstr. 34, 10587 Berlin GLS Bank IBAN: DE45 4306 0967 1074 1427 00 BIC: GENODEM1GLS O con PayPal: Donate by&hellip;<\/p>\n","protected":false},"author":6,"featured_media":0,"parent":0,"menu_order":20,"comment_status":"closed","ping_status":"closed","template":"","meta":{"footnotes":""},"class_list":["post-39219","page","type-page","status-publish","hentry"],"yoast_head":"<!-- This site is optimized with the Yoast SEO plugin v27.1.1 - https:\/\/yoast.com\/product\/yoast-seo-wordpress\/ -->\n<title>Donaci\u00f3n - Pressenza<\/title>\n<meta name=\"robots\" content=\"index, follow, max-snippet:-1, max-image-preview:large, max-video-preview:-1\" \/>\n<link rel=\"canonical\" href=\"https:\/\/www.pressenza.com\/es\/donacion\/\" \/>\n<meta property=\"og:locale\" content=\"es_ES\" \/>\n<meta property=\"og:type\" content=\"article\" \/>\n<meta property=\"og:title\" content=\"Donaci\u00f3n - Pressenza\" \/>\n<meta property=\"og:description\" content=\"Donaci\u00f3n Apoye el periodismo por la paz y la no violencia con una donaci\u00f3n: Por transferencia bancaria: Pressenza e. V., Helmholtzstr. 34, 10587 Berlin GLS Bank IBAN: DE45 4306 0967 1074 1427 00 BIC: GENODEM1GLS O con PayPal: Donate by&hellip;\" \/>\n<meta property=\"og:url\" content=\"https:\/\/www.pressenza.com\/es\/donacion\/\" \/>\n<meta property=\"og:site_name\" content=\"Pressenza\" \/>\n<meta property=\"article:publisher\" content=\"https:\/\/www.facebook.com\/PressenzaItalia\" \/>\n<meta property=\"article:modified_time\" content=\"2026-03-17T16:38:59+00:00\" \/>\n<meta property=\"og:image\" content=\"https:\/\/www.pressenza.com\/wp-content\/uploads\/2021\/07\/donation_qrcode.png\" \/>\n\t<meta property=\"og:image:width\" content=\"128\" \/>\n\t<meta property=\"og:image:height\" content=\"128\" \/>\n\t<meta property=\"og:image:type\" content=\"image\/png\" \/>\n<meta name=\"twitter:card\" content=\"summary_large_image\" \/>\n<meta name=\"twitter:site\" content=\"@PressenzaIPA\" \/>\n<meta name=\"twitter:label1\" content=\"Tiempo de lectura\" \/>\n\t<meta name=\"twitter:data1\" content=\"1 minuto\" \/>\n<script type=\"application\/ld+json\" class=\"yoast-schema-graph\">{\"@context\":\"https:\/\/schema.org\",\"@graph\":[{\"@type\":\"WebPage\",\"@id\":\"https:\/\/www.pressenza.com\/es\/donacion\/\",\"url\":\"https:\/\/www.pressenza.com\/es\/donacion\/\",\"name\":\"Donaci\u00f3n - Pressenza\",\"isPartOf\":{\"@id\":\"https:\/\/www.pressenza.com\/es\/#website\"},\"primaryImageOfPage\":{\"@id\":\"https:\/\/www.pressenza.com\/es\/donacion\/#primaryimage\"},\"image\":{\"@id\":\"https:\/\/www.pressenza.com\/es\/donacion\/#primaryimage\"},\"thumbnailUrl\":\"https:\/\/www.pressenza.com\/wp-content\/uploads\/2021\/07\/donation_qrcode.png\",\"datePublished\":\"2021-07-16T13:56:27+00:00\",\"dateModified\":\"2026-03-17T16:38:59+00:00\",\"breadcrumb\":{\"@id\":\"https:\/\/www.pressenza.com\/es\/donacion\/#breadcrumb\"},\"inLanguage\":\"es\",\"potentialAction\":[{\"@type\":\"ReadAction\",\"target\":[\"https:\/\/www.pressenza.com\/es\/donacion\/\"]}]},{\"@type\":\"ImageObject\",\"inLanguage\":\"es\",\"@id\":\"https:\/\/www.pressenza.com\/es\/donacion\/#primaryimage\",\"url\":\"https:\/\/www.pressenza.com\/wp-content\/uploads\/2021\/07\/donation_qrcode.png\",\"contentUrl\":\"https:\/\/www.pressenza.com\/wp-content\/uploads\/2021\/07\/donation_qrcode.png\"},{\"@type\":\"BreadcrumbList\",\"@id\":\"https:\/\/www.pressenza.com\/es\/donacion\/#breadcrumb\",\"itemListElement\":[{\"@type\":\"ListItem\",\"position\":1,\"name\":\"Accueil\",\"item\":\"https:\/\/www.pressenza.com\/es\/\"},{\"@type\":\"ListItem\",\"position\":2,\"name\":\"Donaci\u00f3n\"}]},{\"@type\":\"WebSite\",\"@id\":\"https:\/\/www.pressenza.com\/es\/#website\",\"url\":\"https:\/\/www.pressenza.com\/es\/\",\"name\":\"Pressenza\",\"description\":\"International Press Agency\",\"publisher\":{\"@id\":\"https:\/\/www.pressenza.com\/es\/#organization\"},\"potentialAction\":[{\"@type\":\"SearchAction\",\"target\":{\"@type\":\"EntryPoint\",\"urlTemplate\":\"https:\/\/www.pressenza.com\/es\/?s={search_term_string}\"},\"query-input\":{\"@type\":\"PropertyValueSpecification\",\"valueRequired\":true,\"valueName\":\"search_term_string\"}}],\"inLanguage\":\"es\"},{\"@type\":\"Organization\",\"@id\":\"https:\/\/www.pressenza.com\/es\/#organization\",\"name\":\"Pressenza\",\"url\":\"https:\/\/www.pressenza.com\/es\/\",\"logo\":{\"@type\":\"ImageObject\",\"inLanguage\":\"es\",\"@id\":\"https:\/\/www.pressenza.com\/es\/#\/schema\/logo\/image\/\",\"url\":\"https:\/\/www.pressenza.com\/wp-content\/uploads\/2022\/10\/pressenza_logo_200x200.jpg\",\"contentUrl\":\"https:\/\/www.pressenza.com\/wp-content\/uploads\/2022\/10\/pressenza_logo_200x200.jpg\",\"width\":200,\"height\":200,\"caption\":\"Pressenza\"},\"image\":{\"@id\":\"https:\/\/www.pressenza.com\/es\/#\/schema\/logo\/image\/\"},\"sameAs\":[\"https:\/\/www.facebook.com\/PressenzaItalia\",\"https:\/\/x.com\/PressenzaIPA\"]}]}<\/script>\n<!-- \/ Yoast SEO plugin. -->","yoast_head_json":{"title":"Donaci\u00f3n - Pressenza","robots":{"index":"index","follow":"follow","max-snippet":"max-snippet:-1","max-image-preview":"max-image-preview:large","max-video-preview":"max-video-preview:-1"},"canonical":"https:\/\/www.pressenza.com\/es\/donacion\/","og_locale":"es_ES","og_type":"article","og_title":"Donaci\u00f3n - Pressenza","og_description":"Donaci\u00f3n Apoye el periodismo por la paz y la no violencia con una donaci\u00f3n: Por transferencia bancaria: Pressenza e. V., Helmholtzstr. 34, 10587 Berlin GLS Bank IBAN: DE45 4306 0967 1074 1427 00 BIC: GENODEM1GLS O con PayPal: Donate by&hellip;","og_url":"https:\/\/www.pressenza.com\/es\/donacion\/","og_site_name":"Pressenza","article_publisher":"https:\/\/www.facebook.com\/PressenzaItalia","article_modified_time":"2026-03-17T16:38:59+00:00","og_image":[{"width":128,"height":128,"url":"https:\/\/www.pressenza.com\/wp-content\/uploads\/2021\/07\/donation_qrcode.png","type":"image\/png"}],"twitter_card":"summary_large_image","twitter_site":"@PressenzaIPA","twitter_misc":{"Tiempo de lectura":"1 minuto"},"schema":{"@context":"https:\/\/schema.org","@graph":[{"@type":"WebPage","@id":"https:\/\/www.pressenza.com\/es\/donacion\/","url":"https:\/\/www.pressenza.com\/es\/donacion\/","name":"Donaci\u00f3n - Pressenza","isPartOf":{"@id":"https:\/\/www.pressenza.com\/es\/#website"},"primaryImageOfPage":{"@id":"https:\/\/www.pressenza.com\/es\/donacion\/#primaryimage"},"image":{"@id":"https:\/\/www.pressenza.com\/es\/donacion\/#primaryimage"},"thumbnailUrl":"https:\/\/www.pressenza.com\/wp-content\/uploads\/2021\/07\/donation_qrcode.png","datePublished":"2021-07-16T13:56:27+00:00","dateModified":"2026-03-17T16:38:59+00:00","breadcrumb":{"@id":"https:\/\/www.pressenza.com\/es\/donacion\/#breadcrumb"},"inLanguage":"es","potentialAction":[{"@type":"ReadAction","target":["https:\/\/www.pressenza.com\/es\/donacion\/"]}]},{"@type":"ImageObject","inLanguage":"es","@id":"https:\/\/www.pressenza.com\/es\/donacion\/#primaryimage","url":"https:\/\/www.pressenza.com\/wp-content\/uploads\/2021\/07\/donation_qrcode.png","contentUrl":"https:\/\/www.pressenza.com\/wp-content\/uploads\/2021\/07\/donation_qrcode.png"},{"@type":"BreadcrumbList","@id":"https:\/\/www.pressenza.com\/es\/donacion\/#breadcrumb","itemListElement":[{"@type":"ListItem","position":1,"name":"Accueil","item":"https:\/\/www.pressenza.com\/es\/"},{"@type":"ListItem","position":2,"name":"Donaci\u00f3n"}]},{"@type":"WebSite","@id":"https:\/\/www.pressenza.com\/es\/#website","url":"https:\/\/www.pressenza.com\/es\/","name":"Pressenza","description":"International Press Agency","publisher":{"@id":"https:\/\/www.pressenza.com\/es\/#organization"},"potentialAction":[{"@type":"SearchAction","target":{"@type":"EntryPoint","urlTemplate":"https:\/\/www.pressenza.com\/es\/?s={search_term_string}"},"query-input":{"@type":"PropertyValueSpecification","valueRequired":true,"valueName":"search_term_string"}}],"inLanguage":"es"},{"@type":"Organization","@id":"https:\/\/www.pressenza.com\/es\/#organization","name":"Pressenza","url":"https:\/\/www.pressenza.com\/es\/","logo":{"@type":"ImageObject","inLanguage":"es","@id":"https:\/\/www.pressenza.com\/es\/#\/schema\/logo\/image\/","url":"https:\/\/www.pressenza.com\/wp-content\/uploads\/2022\/10\/pressenza_logo_200x200.jpg","contentUrl":"https:\/\/www.pressenza.com\/wp-content\/uploads\/2022\/10\/pressenza_logo_200x200.jpg","width":200,"height":200,"caption":"Pressenza"},"image":{"@id":"https:\/\/www.pressenza.com\/es\/#\/schema\/logo\/image\/"},"sameAs":["https:\/\/www.facebook.com\/PressenzaItalia","https:\/\/x.com\/PressenzaIPA"]}]}},"_links":{"self":[{"href":"https:\/\/www.pressenza.com\/es\/wp-json\/wp\/v2\/pages\/39219","targetHints":{"allow":["GET"]}}],"collection":[{"href":"https:\/\/www.pressenza.com\/es\/wp-json\/wp\/v2\/pages"}],"about":[{"href":"https:\/\/www.pressenza.com\/es\/wp-json\/wp\/v2\/types\/page"}],"author":[{"embeddable":true,"href":"https:\/\/www.pressenza.com\/es\/wp-json\/wp\/v2\/users\/6"}],"replies":[{"embeddable":true,"href":"https:\/\/www.pressenza.com\/es\/wp-json\/wp\/v2\/comments?post=39219"}],"version-history":[{"count":1,"href":"https:\/\/www.pressenza.com\/es\/wp-json\/wp\/v2\/pages\/39219\/revisions"}],"predecessor-version":[{"id":2685199,"href":"https:\/\/www.pressenza.com\/es\/wp-json\/wp\/v2\/pages\/39219\/revisions\/2685199"}],"wp:attachment":[{"href":"https:\/\/www.pressenza.com\/es\/wp-json\/wp\/v2\/media?parent=39219"}],"curies":[{"name":"wp","href":"https:\/\/api.w.org\/{rel}","templated":true}]}}