{"id":2662820,"date":"2025-12-31T16:33:19","date_gmt":"2025-12-31T16:33:19","guid":{"rendered":"https:\/\/www.pressenza.com\/?page_id=2662820"},"modified":"2025-12-31T16:35:43","modified_gmt":"2025-12-31T16:35:43","slug":"campana-el-buen-gobierno-es-un-derecho","status":"publish","type":"page","link":"https:\/\/www.pressenza.com\/es\/campana-el-buen-gobierno-es-un-derecho\/","title":{"rendered":"Campa\u00f1a \u00abEl Buen Gobierno es un derecho\u00bb"},"content":{"rendered":"<h1>Campa\u00f1a \u00abEl Buen Gobierno es un derecho\u00bb<\/h1>\n<p>Este a\u00f1o 2025, Pressenza lanza la campa\u00f1a \u00ab<b>El Buen Gobierno es un derecho<\/b>\u00ab, consecuente con el enfoque de periodismo no violento, activo e identificado con las demandas sociales; entre estas la lucha anticorrupci\u00f3n, que llevan a cabo millones de ciudadanos en todo el mundo.<\/p>\n<p>La buena gobernanza es un derecho fundamental que asegura el desarrollo social, econ\u00f3mico y cultural de las poblaciones, y es respaldado por las Naciones Unidas mediante el ODS 16 \u00abPaz, justicia e instituciones s\u00f3lidas\u00bb que busca garantizar el estado de derecho y combatir la corrupci\u00f3n y la delincuencia.<\/p>\n<p>Mediante la campa\u00f1a \u00abEl buen gobierno es un derecho\u00bb Pressenza informar\u00e1 a nivel mundial los hechos noticiosos que se\u00a0susciten y que aporten a la generaci\u00f3n de un buen gobierno y a la lucha anticorrupci\u00f3n.<\/p>\n<p>\u00a1\u00danete y apoya el rescate de nuestro futuro!<\/p>\n<p>#BuenGobierno<br \/>\n#BuenGobiernoEsUnDerecho<\/p>\n<p>Comun\u00edcate y act\u00edvate:<br \/>\n+51 937 259 384<br \/>\n+33 6 05 98 80 06<br \/>\n+880 1552-395518<\/p>\n<hr \/>\n<h2><em>Art\u00edculos relacionados con la campa\u00f1a:<\/em><\/h2>\n<div class=\"list-item\">\n    <h2><a href=\"https:\/\/www.pressenza.com\/es\/2026\/04\/hector-bejar-desnuda-estas-elecciones\/\">H\u00e9ctor Bejar desnuda estas elecciones<\/a><\/h2>        <div class=\"post-info\">\n            <time class=\"entry-date published\" datetime=\"2026-04-25T06:49:49+01:00\">25.04.26<\/time><span class=\"byline\">  <a class=\"url fn dark\" href=\"https:\/\/www.pressenza.com\/es\/author\/redaccion-peru\/\">Redacci\u00f3n Per\u00fa<\/a><\/span>        <\/div>\n        <div class=\"row\">\n        <div class=\"col-xs-12 col-sm-6 col-md-4\">\n            <a href=\"https:\/\/www.pressenza.com\/es\/2026\/04\/hector-bejar-desnuda-estas-elecciones\/\">\n            <img loading=\"lazy\" decoding=\"async\" width=\"800\" height=\"560\" src=\"https:\/\/www.pressenza.com\/wp-content\/uploads\/2026\/04\/Servindi.png\" class=\"img-responsive wp-post-image\" alt=\"\" srcset=\"https:\/\/www.pressenza.com\/wp-content\/uploads\/2026\/04\/Servindi.png 800w, https:\/\/www.pressenza.com\/wp-content\/uploads\/2026\/04\/Servindi-300x210.png 300w\" sizes=\"auto, (max-width: 800px) 100vw, 800px\" \/>            <\/a>\n        <\/div>\n        <div class=\"col-xs-12 col-sm-6 col-md-8\">\n            <p>La Oficina Nacional de Procesos Electorales (ONPE) culmin\u00f3 este 22 de abril el procesamiento de las actas correspondientes a la elecci\u00f3n de f\u00f3rmula presidencial, pero a\u00fan quedan los casos pendientes de subsanaci\u00f3n por irregularidades presentadas. As\u00ed, al cierre de edici\u00f3n,&hellip;<\/p>\n        <\/div>\n    <\/div>\n<\/div>\n<div class=\"list-item\">\n    <h2><a href=\"https:\/\/www.pressenza.com\/es\/2026\/04\/peru-una-eleccion-en-suspenso-que-expone-la-fragilidad-de-la-confianza-democratica\/\">Per\u00fa: Una elecci\u00f3n en suspenso que expone la fragilidad de la confianza democr\u00e1tica<\/a><\/h2>        <div class=\"post-info\">\n            <time class=\"entry-date published\" datetime=\"2026-04-22T04:51:46+01:00\">22.04.26<\/time><span class=\"byline\">  <a class=\"url fn dark\" href=\"https:\/\/www.pressenza.com\/es\/author\/melissa-rubio\/\">Melissa Rubio<\/a><\/span>        <\/div>\n        <div class=\"row\">\n        <div class=\"col-xs-12 col-sm-6 col-md-4\">\n            <a href=\"https:\/\/www.pressenza.com\/es\/2026\/04\/peru-una-eleccion-en-suspenso-que-expone-la-fragilidad-de-la-confianza-democratica\/\">\n            <img loading=\"lazy\" decoding=\"async\" width=\"696\" height=\"409\" src=\"https:\/\/www.pressenza.com\/wp-content\/uploads\/2026\/04\/El-machete-Peru.jpg\" class=\"img-responsive wp-post-image\" alt=\"\" srcset=\"https:\/\/www.pressenza.com\/wp-content\/uploads\/2026\/04\/El-machete-Peru.jpg 696w, https:\/\/www.pressenza.com\/wp-content\/uploads\/2026\/04\/El-machete-Peru-300x176.jpg 300w\" sizes=\"auto, (max-width: 696px) 100vw, 696px\" \/>            <\/a>\n        <\/div>\n        <div class=\"col-xs-12 col-sm-6 col-md-8\">\n            <p>Con m\u00e1s del 93% de actas procesadas, el pa\u00eds sigue sin definir qui\u00e9n pasar\u00e1 a segunda vuelta. Entre fallas log\u00edsticas, actas extraviadas, denuncias sin pruebas y una renuncia clave en la autoridad electoral, el proceso peruano revela una crisis m\u00e1s&hellip;<\/p>\n        <\/div>\n    <\/div>\n<\/div>\n<div class=\"list-item\">\n    <h2><a href=\"https:\/\/www.pressenza.com\/es\/2026\/04\/peru-jefe-de-la-onpe-renuncia-en-pleno-proceso-electoral\/\">Per\u00fa: Jefe de la ONPE renuncia en pleno proceso electoral<\/a><\/h2>        <div class=\"post-info\">\n            <time class=\"entry-date published\" datetime=\"2026-04-22T04:32:55+01:00\">22.04.26<\/time><span class=\"byline\">  <a class=\"url fn dark\" href=\"https:\/\/www.pressenza.com\/es\/author\/redaccion-peru\/\">Redacci\u00f3n Per\u00fa<\/a><\/span>        <\/div>\n        <div class=\"row\">\n        <div class=\"col-xs-12 col-sm-6 col-md-4\">\n            <a href=\"https:\/\/www.pressenza.com\/es\/2026\/04\/peru-jefe-de-la-onpe-renuncia-en-pleno-proceso-electoral\/\">\n            <img loading=\"lazy\" decoding=\"async\" width=\"1200\" height=\"630\" src=\"https:\/\/www.pressenza.com\/wp-content\/uploads\/2026\/04\/LP-Pasion-por-el-derecho.jpg\" class=\"img-responsive wp-post-image\" alt=\"\" srcset=\"https:\/\/www.pressenza.com\/wp-content\/uploads\/2026\/04\/LP-Pasion-por-el-derecho.jpg 1200w, https:\/\/www.pressenza.com\/wp-content\/uploads\/2026\/04\/LP-Pasion-por-el-derecho-300x158.jpg 300w, https:\/\/www.pressenza.com\/wp-content\/uploads\/2026\/04\/LP-Pasion-por-el-derecho-820x431.jpg 820w\" sizes=\"auto, (max-width: 1200px) 100vw, 1200px\" \/>            <\/a>\n        <\/div>\n        <div class=\"col-xs-12 col-sm-6 col-md-8\">\n            <p>Se incrementa la crisis pol\u00edtica. El Jefe de la Oficina Nacional de Procesos Electorales (ONPE), Piero Corvetto, renunci\u00f3 a la instituci\u00f3n que organiz\u00f3 y ejecut\u00f3 las Elecciones Generales 2026, en su primera vuelta. Pese a que la ley establece que&hellip;<\/p>\n        <\/div>\n    <\/div>\n<\/div>\n<div class=\"list-item\">\n    <h2><a href=\"https:\/\/www.pressenza.com\/es\/2026\/04\/elecciones-y-persistente-agenda-antidemocratica\/\">Elecciones y persistente agenda antidemocr\u00e1tica<\/a><\/h2>        <div class=\"post-info\">\n            <time class=\"entry-date published\" datetime=\"2026-04-18T02:49:49+01:00\">18.04.26<\/time><span class=\"byline\">  <a class=\"url fn dark\" href=\"https:\/\/www.pressenza.com\/es\/author\/servindi\/\">SERVINDI<\/a><\/span>        <\/div>\n        <div class=\"row\">\n        <div class=\"col-xs-12 col-sm-6 col-md-4\">\n            <a href=\"https:\/\/www.pressenza.com\/es\/2026\/04\/elecciones-y-persistente-agenda-antidemocratica\/\">\n            <img loading=\"lazy\" decoding=\"async\" width=\"686\" height=\"386\" src=\"https:\/\/www.pressenza.com\/wp-content\/uploads\/2026\/04\/Youtube.jpg\" class=\"img-responsive wp-post-image\" alt=\"\" srcset=\"https:\/\/www.pressenza.com\/wp-content\/uploads\/2026\/04\/Youtube.jpg 686w, https:\/\/www.pressenza.com\/wp-content\/uploads\/2026\/04\/Youtube-300x169.jpg 300w\" sizes=\"auto, (max-width: 686px) 100vw, 686px\" \/>            <\/a>\n        <\/div>\n        <div class=\"col-xs-12 col-sm-6 col-md-8\">\n            <p>La exigencia de garant\u00edas para el cumplimiento efectivo de derechos y la defensa de la democracia y el Estado de Derecho: eso es lo que sigue estando en el centro de la agenda ciudadana el d\u00eda de hoy. Por: IDEHPUCP*&hellip;<\/p>\n        <\/div>\n    <\/div>\n<\/div>\n<div class=\"list-item\">\n    <h2><a href=\"https:\/\/www.pressenza.com\/es\/2026\/04\/peru-elecciones-2026-pronunciamiento-por-la-paz-social-y-estado-de-derecho\/\">Per\u00fa &#8211; Elecciones 2026: Pronunciamiento por la Paz Social y Estado de Derecho<\/a><\/h2>        <div class=\"post-info\">\n            <time class=\"entry-date published\" datetime=\"2026-04-16T16:22:33+01:00\">16.04.26<\/time><span class=\"byline\">  <a class=\"url fn dark\" href=\"https:\/\/www.pressenza.com\/es\/author\/redaccion-peru\/\">Redacci\u00f3n Per\u00fa<\/a><\/span>        <\/div>\n        <div class=\"row\">\n        <div class=\"col-xs-12 col-sm-6 col-md-4\">\n            <a href=\"https:\/\/www.pressenza.com\/es\/2026\/04\/peru-elecciones-2026-pronunciamiento-por-la-paz-social-y-estado-de-derecho\/\">\n            <img loading=\"lazy\" decoding=\"async\" width=\"500\" height=\"334\" src=\"https:\/\/www.pressenza.com\/wp-content\/uploads\/2026\/04\/Andina.jpg\" class=\"img-responsive wp-post-image\" alt=\"\" srcset=\"https:\/\/www.pressenza.com\/wp-content\/uploads\/2026\/04\/Andina.jpg 500w, https:\/\/www.pressenza.com\/wp-content\/uploads\/2026\/04\/Andina-300x200.jpg 300w\" sizes=\"auto, (max-width: 500px) 100vw, 500px\" \/>            <\/a>\n        <\/div>\n        <div class=\"col-xs-12 col-sm-6 col-md-8\">\n            <p>A cuatro d\u00edas de las Elecciones Generales 2026, realizadas el pasado domingo 12 de abril, el escrutinio de votos para presidente, senadores y diputados sigue en marcha. Y ante la incertidumbre, algunos candidatos aprovechan para \u201cjalar agua para su molino\u201d,&hellip;<\/p>\n        <\/div>\n    <\/div>\n<\/div>\n<div class=\"list-item\">\n    <h2><a href=\"https:\/\/www.pressenza.com\/es\/2026\/04\/elecciones-con-olor-a-fraude\/\">Elecciones con olor a \u201cfraude\u201d<\/a><\/h2>        <div class=\"post-info\">\n            <time class=\"entry-date published\" datetime=\"2026-04-14T07:19:05+01:00\">14.04.26<\/time><span class=\"byline\">  <a class=\"url fn dark\" href=\"https:\/\/www.pressenza.com\/es\/author\/redaccion-peru\/\">Redacci\u00f3n Per\u00fa<\/a><\/span>        <\/div>\n        <div class=\"row\">\n        <div class=\"col-xs-12 col-sm-6 col-md-4\">\n            <a href=\"https:\/\/www.pressenza.com\/es\/2026\/04\/elecciones-con-olor-a-fraude\/\">\n            <img loading=\"lazy\" decoding=\"async\" width=\"1200\" height=\"675\" src=\"https:\/\/www.pressenza.com\/wp-content\/uploads\/2026\/04\/La-Gaceta.jpg\" class=\"img-responsive wp-post-image\" alt=\"\" srcset=\"https:\/\/www.pressenza.com\/wp-content\/uploads\/2026\/04\/La-Gaceta.jpg 1200w, https:\/\/www.pressenza.com\/wp-content\/uploads\/2026\/04\/La-Gaceta-300x169.jpg 300w, https:\/\/www.pressenza.com\/wp-content\/uploads\/2026\/04\/La-Gaceta-820x461.jpg 820w\" sizes=\"auto, (max-width: 1200px) 100vw, 1200px\" \/>            <\/a>\n        <\/div>\n        <div class=\"col-xs-12 col-sm-6 col-md-8\">\n            <p>En el segundo d\u00eda de Elecciones Generales 2026, el Per\u00fa amaneci\u00f3 indignado e inmerso en una vor\u00e1gine de noticias que solo confund\u00edan a la poblaci\u00f3n y contribu\u00eda a un ambiente de creciente desconfianza por los resultados. La palabra \u201cfraude\u201d circula&hellip;<\/p>\n        <\/div>\n    <\/div>\n<\/div>\n<div class=\"list-item\">\n    <h2><a href=\"https:\/\/www.pressenza.com\/es\/2026\/04\/elecciones-2026-la-buena-gobernanza-queda-rezagada\/\">Elecciones 2026: La buena gobernanza queda rezagada<\/a><\/h2>        <div class=\"post-info\">\n            <time class=\"entry-date published\" datetime=\"2026-04-13T04:15:11+01:00\">13.04.26<\/time><span class=\"byline\">  <a class=\"url fn dark\" href=\"https:\/\/www.pressenza.com\/es\/author\/redaccion-peru\/\">Redacci\u00f3n Per\u00fa<\/a><\/span>        <\/div>\n        <div class=\"row\">\n        <div class=\"col-xs-12 col-sm-6 col-md-4\">\n            <a href=\"https:\/\/www.pressenza.com\/es\/2026\/04\/elecciones-2026-la-buena-gobernanza-queda-rezagada\/\">\n            <img loading=\"lazy\" decoding=\"async\" width=\"756\" height=\"427\" src=\"https:\/\/www.pressenza.com\/wp-content\/uploads\/2026\/04\/Latina-Tv.png\" class=\"img-responsive wp-post-image\" alt=\"\" srcset=\"https:\/\/www.pressenza.com\/wp-content\/uploads\/2026\/04\/Latina-Tv.png 756w, https:\/\/www.pressenza.com\/wp-content\/uploads\/2026\/04\/Latina-Tv-300x169.png 300w\" sizes=\"auto, (max-width: 756px) 100vw, 756px\" \/>            <\/a>\n        <\/div>\n        <div class=\"col-xs-12 col-sm-6 col-md-8\">\n            <p>Luego de las Elecciones Generales 2026, el Per\u00fa vive un nuevo momento de incertidumbre ya que los primeros resultados a boca de urna indicaban que la candidata Keiko Fujimori (Fuerza Popular) pasaba a la segunda vuelta como primera candidata (16,6%);&hellip;<\/p>\n        <\/div>\n    <\/div>\n<\/div>\n<div class=\"list-item\">\n    <h2><a href=\"https:\/\/www.pressenza.com\/es\/2026\/04\/delia-espinoza-denuncia-privacion-de-su-derecho-al-voto\/\">Delia Espinoza denuncia privaci\u00f3n de su derecho al voto<\/a><\/h2>        <div class=\"post-info\">\n            <time class=\"entry-date published\" datetime=\"2026-04-12T18:34:00+01:00\">12.04.26<\/time><span class=\"byline\">  <a class=\"url fn dark\" href=\"https:\/\/www.pressenza.com\/es\/author\/redaccion-peru\/\">Redacci\u00f3n Per\u00fa<\/a><\/span>        <\/div>\n        <div class=\"row\">\n        <div class=\"col-xs-12 col-sm-6 col-md-4\">\n            <a href=\"https:\/\/www.pressenza.com\/es\/2026\/04\/delia-espinoza-denuncia-privacion-de-su-derecho-al-voto\/\">\n            <img loading=\"lazy\" decoding=\"async\" width=\"795\" height=\"438\" src=\"https:\/\/www.pressenza.com\/wp-content\/uploads\/2026\/04\/CanalB.jpeg\" class=\"img-responsive wp-post-image\" alt=\"\" srcset=\"https:\/\/www.pressenza.com\/wp-content\/uploads\/2026\/04\/CanalB.jpeg 795w, https:\/\/www.pressenza.com\/wp-content\/uploads\/2026\/04\/CanalB-300x165.jpeg 300w\" sizes=\"auto, (max-width: 795px) 100vw, 795px\" \/>            <\/a>\n        <\/div>\n        <div class=\"col-xs-12 col-sm-6 col-md-8\">\n            <p>En plena jornada electoral, la doctora Delia Espinoza Valenzuela, denunci\u00f3 ante la ciudadan\u00eda y los organismos de Misiones de Observaci\u00f3n Electoral nacionales e internacionales, la decisi\u00f3n del Pleno del Jurado Nacional de Elecciones (JNE), de privarle su derecho al voto,&hellip;<\/p>\n        <\/div>\n    <\/div>\n<\/div>\n<div class=\"list-item\">\n    <h2><a href=\"https:\/\/www.pressenza.com\/es\/2026\/04\/el-miedo-sirve-hasta-que-deja-de-funcionar\/\">El miedo sirve\u2026 hasta que deja de funcionar<\/a><\/h2>        <div class=\"post-info\">\n            <time class=\"entry-date published\" datetime=\"2026-04-11T03:01:51+01:00\">11.04.26<\/time><span class=\"byline\">  <a class=\"url fn dark\" href=\"https:\/\/www.pressenza.com\/es\/author\/marcelo-trivelli\/\">Marcelo Trivelli<\/a><\/span>        <\/div>\n        <div class=\"row\">\n        <div class=\"col-xs-12 col-sm-6 col-md-4\">\n            <a href=\"https:\/\/www.pressenza.com\/es\/2026\/04\/el-miedo-sirve-hasta-que-deja-de-funcionar\/\">\n            <img loading=\"lazy\" decoding=\"async\" width=\"1200\" height=\"675\" src=\"https:\/\/www.pressenza.com\/wp-content\/uploads\/2026\/04\/Psicologia-y-Mente.webp\" class=\"img-responsive wp-post-image\" alt=\"\" srcset=\"https:\/\/www.pressenza.com\/wp-content\/uploads\/2026\/04\/Psicologia-y-Mente.webp 1200w, https:\/\/www.pressenza.com\/wp-content\/uploads\/2026\/04\/Psicologia-y-Mente-300x169.webp 300w, https:\/\/www.pressenza.com\/wp-content\/uploads\/2026\/04\/Psicologia-y-Mente-820x461.webp 820w\" sizes=\"auto, (max-width: 1200px) 100vw, 1200px\" \/>            <\/a>\n        <\/div>\n        <div class=\"col-xs-12 col-sm-6 col-md-8\">\n            <p>Chile no est\u00e1 siendo gobernado desde la raz\u00f3n. Est\u00e1 siendo gestionado desde el miedo. Se instala una l\u00f3gica peligrosa: reducir problemas complejos a un enemigo identificable y actuar contra \u00e9l como si eso fuera una soluci\u00f3n. Y el miedo sirve.&hellip;<\/p>\n        <\/div>\n    <\/div>\n<\/div>\n<div class=\"list-item\">\n    <h2><a href=\"https:\/\/www.pressenza.com\/es\/2026\/04\/elecciones-2026-por-nuestro-derecho-a-un-buen-gobierno\/\">Elecciones 2026: Por nuestro derecho a un Buen Gobierno<\/a><\/h2>        <div class=\"post-info\">\n            <time class=\"entry-date published\" datetime=\"2026-04-06T07:08:01+01:00\">06.04.26<\/time><span class=\"byline\">  <a class=\"url fn dark\" href=\"https:\/\/www.pressenza.com\/es\/author\/redaccion-peru\/\">Redacci\u00f3n Per\u00fa<\/a><\/span>        <\/div>\n        <div class=\"row\">\n        <div class=\"col-xs-12 col-sm-6 col-md-4\">\n            <a href=\"https:\/\/www.pressenza.com\/es\/2026\/04\/elecciones-2026-por-nuestro-derecho-a-un-buen-gobierno\/\">\n            <img loading=\"lazy\" decoding=\"async\" width=\"1200\" height=\"650\" src=\"https:\/\/www.pressenza.com\/wp-content\/uploads\/2026\/04\/futbol-peruano.jpg\" class=\"img-responsive wp-post-image\" alt=\"\" srcset=\"https:\/\/www.pressenza.com\/wp-content\/uploads\/2026\/04\/futbol-peruano.jpg 1200w, https:\/\/www.pressenza.com\/wp-content\/uploads\/2026\/04\/futbol-peruano-300x163.jpg 300w, https:\/\/www.pressenza.com\/wp-content\/uploads\/2026\/04\/futbol-peruano-820x444.jpg 820w\" sizes=\"auto, (max-width: 1200px) 100vw, 1200px\" \/>            <\/a>\n        <\/div>\n        <div class=\"col-xs-12 col-sm-6 col-md-8\">\n            <p>A solo una semana de las Elecciones Generales 2026, en que se elegir\u00e1n al presidente de la Rep\u00fablica, 60 senadores, 130 diputados y 05 parlamentarios andinos, los peruanos nos preparamos para enfrentar una de las elecciones \u201cm\u00e1s dif\u00edciles de nuestra&hellip;<\/p>\n        <\/div>\n    <\/div>\n<\/div>\n<div class=\"paginator\"><span aria-current=\"page\" class=\"page-numbers current\">1<\/span>\n<a class=\"page-numbers\" href=\"https:\/\/www.pressenza.com\/es\/wp-json\/wp\/v2\/pages\/2662820\/page\/2\/\">2<\/a>\n<a class=\"page-numbers\" href=\"https:\/\/www.pressenza.com\/es\/wp-json\/wp\/v2\/pages\/2662820\/page\/3\/\">3<\/a>\n<span class=\"page-numbers dots\">&hellip;<\/span>\n<a class=\"page-numbers\" href=\"https:\/\/www.pressenza.com\/es\/wp-json\/wp\/v2\/pages\/2662820\/page\/6\/\">6<\/a>\n<a class=\"next page-numbers\" href=\"https:\/\/www.pressenza.com\/es\/wp-json\/wp\/v2\/pages\/2662820\/page\/2\/\">\u00bb<\/a><\/div>\n","protected":false},"excerpt":{"rendered":"<p>Campa\u00f1a \u00abEl Buen Gobierno es un derecho\u00bb Este a\u00f1o 2025, Pressenza lanza la campa\u00f1a \u00abEl Buen Gobierno es un derecho\u00ab, consecuente con el enfoque de periodismo no violento, activo e identificado con las demandas sociales; entre estas la lucha anticorrupci\u00f3n,&hellip;<\/p>\n","protected":false},"author":1201,"featured_media":0,"parent":0,"menu_order":0,"comment_status":"closed","ping_status":"closed","template":"","meta":{"footnotes":""},"class_list":["post-2662820","page","type-page","status-publish","hentry"],"yoast_head":"<!-- This site is optimized with the Yoast SEO plugin v27.1.1 - https:\/\/yoast.com\/product\/yoast-seo-wordpress\/ -->\n<title>Campa\u00f1a &quot;El Buen Gobierno es un derecho&quot; - Pressenza<\/title>\n<meta name=\"robots\" content=\"index, follow, max-snippet:-1, max-image-preview:large, max-video-preview:-1\" \/>\n<link rel=\"canonical\" href=\"https:\/\/www.pressenza.com\/es\/campana-el-buen-gobierno-es-un-derecho\/\" \/>\n<meta property=\"og:locale\" content=\"es_ES\" \/>\n<meta property=\"og:type\" content=\"article\" \/>\n<meta property=\"og:title\" content=\"Campa\u00f1a &quot;El Buen Gobierno es un derecho&quot; - Pressenza\" \/>\n<meta property=\"og:description\" content=\"Campa\u00f1a \u00abEl Buen Gobierno es un derecho\u00bb Este a\u00f1o 2025, Pressenza lanza la campa\u00f1a \u00abEl Buen Gobierno es un derecho\u00ab, consecuente con el enfoque de periodismo no violento, activo e identificado con las demandas sociales; entre estas la lucha anticorrupci\u00f3n,&hellip;\" \/>\n<meta property=\"og:url\" content=\"https:\/\/www.pressenza.com\/es\/campana-el-buen-gobierno-es-un-derecho\/\" \/>\n<meta property=\"og:site_name\" content=\"Pressenza\" \/>\n<meta property=\"article:publisher\" content=\"https:\/\/www.facebook.com\/PressenzaItalia\" \/>\n<meta property=\"article:modified_time\" content=\"2025-12-31T16:35:43+00:00\" \/>\n<meta name=\"twitter:card\" content=\"summary_large_image\" \/>\n<meta name=\"twitter:site\" content=\"@PressenzaIPA\" \/>\n<meta name=\"twitter:label1\" content=\"Tiempo de lectura\" \/>\n\t<meta name=\"twitter:data1\" content=\"1 minuto\" \/>\n<script type=\"application\/ld+json\" class=\"yoast-schema-graph\">{\"@context\":\"https:\/\/schema.org\",\"@graph\":[{\"@type\":\"WebPage\",\"@id\":\"https:\/\/www.pressenza.com\/es\/campana-el-buen-gobierno-es-un-derecho\/\",\"url\":\"https:\/\/www.pressenza.com\/es\/campana-el-buen-gobierno-es-un-derecho\/\",\"name\":\"Campa\u00f1a \\\"El Buen Gobierno es un derecho\\\" - Pressenza\",\"isPartOf\":{\"@id\":\"https:\/\/www.pressenza.com\/es\/#website\"},\"datePublished\":\"2025-12-31T16:33:19+00:00\",\"dateModified\":\"2025-12-31T16:35:43+00:00\",\"breadcrumb\":{\"@id\":\"https:\/\/www.pressenza.com\/es\/campana-el-buen-gobierno-es-un-derecho\/#breadcrumb\"},\"inLanguage\":\"es\",\"potentialAction\":[{\"@type\":\"ReadAction\",\"target\":[\"https:\/\/www.pressenza.com\/es\/campana-el-buen-gobierno-es-un-derecho\/\"]}]},{\"@type\":\"BreadcrumbList\",\"@id\":\"https:\/\/www.pressenza.com\/es\/campana-el-buen-gobierno-es-un-derecho\/#breadcrumb\",\"itemListElement\":[{\"@type\":\"ListItem\",\"position\":1,\"name\":\"Accueil\",\"item\":\"https:\/\/www.pressenza.com\/es\/\"},{\"@type\":\"ListItem\",\"position\":2,\"name\":\"Campa\u00f1a &#8220;El Buen Gobierno es un derecho&#8221;\"}]},{\"@type\":\"WebSite\",\"@id\":\"https:\/\/www.pressenza.com\/es\/#website\",\"url\":\"https:\/\/www.pressenza.com\/es\/\",\"name\":\"Pressenza\",\"description\":\"International Press Agency\",\"publisher\":{\"@id\":\"https:\/\/www.pressenza.com\/es\/#organization\"},\"potentialAction\":[{\"@type\":\"SearchAction\",\"target\":{\"@type\":\"EntryPoint\",\"urlTemplate\":\"https:\/\/www.pressenza.com\/es\/?s={search_term_string}\"},\"query-input\":{\"@type\":\"PropertyValueSpecification\",\"valueRequired\":true,\"valueName\":\"search_term_string\"}}],\"inLanguage\":\"es\"},{\"@type\":\"Organization\",\"@id\":\"https:\/\/www.pressenza.com\/es\/#organization\",\"name\":\"Pressenza\",\"url\":\"https:\/\/www.pressenza.com\/es\/\",\"logo\":{\"@type\":\"ImageObject\",\"inLanguage\":\"es\",\"@id\":\"https:\/\/www.pressenza.com\/es\/#\/schema\/logo\/image\/\",\"url\":\"https:\/\/www.pressenza.com\/wp-content\/uploads\/2022\/10\/pressenza_logo_200x200.jpg\",\"contentUrl\":\"https:\/\/www.pressenza.com\/wp-content\/uploads\/2022\/10\/pressenza_logo_200x200.jpg\",\"width\":200,\"height\":200,\"caption\":\"Pressenza\"},\"image\":{\"@id\":\"https:\/\/www.pressenza.com\/es\/#\/schema\/logo\/image\/\"},\"sameAs\":[\"https:\/\/www.facebook.com\/PressenzaItalia\",\"https:\/\/x.com\/PressenzaIPA\"]}]}<\/script>\n<!-- \/ Yoast SEO plugin. -->","yoast_head_json":{"title":"Campa\u00f1a \"El Buen Gobierno es un derecho\" - Pressenza","robots":{"index":"index","follow":"follow","max-snippet":"max-snippet:-1","max-image-preview":"max-image-preview:large","max-video-preview":"max-video-preview:-1"},"canonical":"https:\/\/www.pressenza.com\/es\/campana-el-buen-gobierno-es-un-derecho\/","og_locale":"es_ES","og_type":"article","og_title":"Campa\u00f1a \"El Buen Gobierno es un derecho\" - Pressenza","og_description":"Campa\u00f1a \u00abEl Buen Gobierno es un derecho\u00bb Este a\u00f1o 2025, Pressenza lanza la campa\u00f1a \u00abEl Buen Gobierno es un derecho\u00ab, consecuente con el enfoque de periodismo no violento, activo e identificado con las demandas sociales; entre estas la lucha anticorrupci\u00f3n,&hellip;","og_url":"https:\/\/www.pressenza.com\/es\/campana-el-buen-gobierno-es-un-derecho\/","og_site_name":"Pressenza","article_publisher":"https:\/\/www.facebook.com\/PressenzaItalia","article_modified_time":"2025-12-31T16:35:43+00:00","twitter_card":"summary_large_image","twitter_site":"@PressenzaIPA","twitter_misc":{"Tiempo de lectura":"1 minuto"},"schema":{"@context":"https:\/\/schema.org","@graph":[{"@type":"WebPage","@id":"https:\/\/www.pressenza.com\/es\/campana-el-buen-gobierno-es-un-derecho\/","url":"https:\/\/www.pressenza.com\/es\/campana-el-buen-gobierno-es-un-derecho\/","name":"Campa\u00f1a \"El Buen Gobierno es un derecho\" - Pressenza","isPartOf":{"@id":"https:\/\/www.pressenza.com\/es\/#website"},"datePublished":"2025-12-31T16:33:19+00:00","dateModified":"2025-12-31T16:35:43+00:00","breadcrumb":{"@id":"https:\/\/www.pressenza.com\/es\/campana-el-buen-gobierno-es-un-derecho\/#breadcrumb"},"inLanguage":"es","potentialAction":[{"@type":"ReadAction","target":["https:\/\/www.pressenza.com\/es\/campana-el-buen-gobierno-es-un-derecho\/"]}]},{"@type":"BreadcrumbList","@id":"https:\/\/www.pressenza.com\/es\/campana-el-buen-gobierno-es-un-derecho\/#breadcrumb","itemListElement":[{"@type":"ListItem","position":1,"name":"Accueil","item":"https:\/\/www.pressenza.com\/es\/"},{"@type":"ListItem","position":2,"name":"Campa\u00f1a &#8220;El Buen Gobierno es un derecho&#8221;"}]},{"@type":"WebSite","@id":"https:\/\/www.pressenza.com\/es\/#website","url":"https:\/\/www.pressenza.com\/es\/","name":"Pressenza","description":"International Press Agency","publisher":{"@id":"https:\/\/www.pressenza.com\/es\/#organization"},"potentialAction":[{"@type":"SearchAction","target":{"@type":"EntryPoint","urlTemplate":"https:\/\/www.pressenza.com\/es\/?s={search_term_string}"},"query-input":{"@type":"PropertyValueSpecification","valueRequired":true,"valueName":"search_term_string"}}],"inLanguage":"es"},{"@type":"Organization","@id":"https:\/\/www.pressenza.com\/es\/#organization","name":"Pressenza","url":"https:\/\/www.pressenza.com\/es\/","logo":{"@type":"ImageObject","inLanguage":"es","@id":"https:\/\/www.pressenza.com\/es\/#\/schema\/logo\/image\/","url":"https:\/\/www.pressenza.com\/wp-content\/uploads\/2022\/10\/pressenza_logo_200x200.jpg","contentUrl":"https:\/\/www.pressenza.com\/wp-content\/uploads\/2022\/10\/pressenza_logo_200x200.jpg","width":200,"height":200,"caption":"Pressenza"},"image":{"@id":"https:\/\/www.pressenza.com\/es\/#\/schema\/logo\/image\/"},"sameAs":["https:\/\/www.facebook.com\/PressenzaItalia","https:\/\/x.com\/PressenzaIPA"]}]}},"_links":{"self":[{"href":"https:\/\/www.pressenza.com\/es\/wp-json\/wp\/v2\/pages\/2662820","targetHints":{"allow":["GET"]}}],"collection":[{"href":"https:\/\/www.pressenza.com\/es\/wp-json\/wp\/v2\/pages"}],"about":[{"href":"https:\/\/www.pressenza.com\/es\/wp-json\/wp\/v2\/types\/page"}],"author":[{"embeddable":true,"href":"https:\/\/www.pressenza.com\/es\/wp-json\/wp\/v2\/users\/1201"}],"replies":[{"embeddable":true,"href":"https:\/\/www.pressenza.com\/es\/wp-json\/wp\/v2\/comments?post=2662820"}],"version-history":[{"count":10,"href":"https:\/\/www.pressenza.com\/es\/wp-json\/wp\/v2\/pages\/2662820\/revisions"}],"predecessor-version":[{"id":2664908,"href":"https:\/\/www.pressenza.com\/es\/wp-json\/wp\/v2\/pages\/2662820\/revisions\/2664908"}],"wp:attachment":[{"href":"https:\/\/www.pressenza.com\/es\/wp-json\/wp\/v2\/media?parent=2662820"}],"curies":[{"name":"wp","href":"https:\/\/api.w.org\/{rel}","templated":true}]}}