{"id":1828284,"date":"2024-03-06T20:15:20","date_gmt":"2024-03-06T20:15:20","guid":{"rendered":"https:\/\/www.pressenza.com\/?page_id=1828284"},"modified":"2024-03-07T14:26:02","modified_gmt":"2024-03-07T14:26:02","slug":"pressenza-auspiciador-mediatico-de-la-3a-marcha-mundial-por-la-paz-y-la-no-violencia","status":"publish","type":"page","link":"https:\/\/www.pressenza.com\/es\/pressenza-auspiciador-mediatico-de-la-3a-marcha-mundial-por-la-paz-y-la-no-violencia\/","title":{"rendered":"Pressenza Auspiciador Medi\u00e1tico de la 3\u00aa Marcha Mundial por la Paz y la No Violencia"},"content":{"rendered":"<h1>Pressenza Auspiciador Medi\u00e1tico de la 3\u00aa Marcha Mundial por la Paz y la No Violencia<\/h1>\n<p>Pressenza, creada inicialmente como agencia de noticias para la primera Marcha Mundial por la Paz y la No Violencia en 2009, cuenta con unos incre\u00edbles cimientos. Fuimos concebidos en medio de la ola de paz, adoptando un enfoque multiling\u00fce, multicultural y multicontinental de la difusi\u00f3n multimedial. Cada d\u00eda, nos esforzamos por ofrecer fotos, v\u00eddeos, reportajes, entrevistas y mesas redondas, independientemente del clima, operando 24 horas al d\u00eda, 7 d\u00edas a la semana, de este a oeste, de norte a sur. Hoy continuamos esta misi\u00f3n con m\u00e1s idiomas, una cobertura m\u00e1s amplia y una mejor experiencia.<\/p>\n<p>Estamos inmensamente orgullosos de anunciar nuestro papel como Auspiciador Medi\u00e1tico de la <a href=\"https:\/\/theworldmarch.org\/\">3\u00aa Marcha Mundial<\/a>, y participaremos activamente en su lanzamiento en Costa Rica el 2 de octubre de 2024, acompa\u00f1ando la marcha hasta su conclusi\u00f3n en 2025.<\/p>\n<p>Hace catorce a\u00f1os, los conceptos de Paz y No Violencia ya eran reconocidos como soluciones cruciales para forjar un futuro mejor para la humanidad. Hoy en d\u00eda, su importancia no ha hecho m\u00e1s que aumentar, ya que la urgencia de nuestras crisis globales los convierte en imperativos y quiz\u00e1s lo \u00fanico que podr\u00eda reconducir nuestro mundo.<\/p>\n<p>Damos nuestra m\u00e1s calurosa bienvenida a todos aquellos que contribuyen a este esfuerzo supremo: organizadores, voluntarios, artistas, participantes, instituciones, figuras pol\u00edticas y movimientos sociales. Pressenza tiene el honor de amplificar las voces y acciones de estas personas. Esta iniciativa es una de las acciones m\u00e1s humanizadoras de nuestro tiempo. A medida que nuestra humanidad se transforma, abogamos por la Paz y la No Violencia.<\/p>\n","protected":false},"excerpt":{"rendered":"<p>Pressenza Auspiciador Medi\u00e1tico de la 3\u00aa Marcha Mundial por la Paz y la No Violencia Pressenza, creada inicialmente como agencia de noticias para la primera Marcha Mundial por la Paz y la No Violencia en 2009, cuenta con unos incre\u00edbles&hellip;<\/p>\n","protected":false},"author":33,"featured_media":0,"parent":0,"menu_order":0,"comment_status":"closed","ping_status":"closed","template":"","meta":{"footnotes":""},"class_list":["post-1828284","page","type-page","status-publish","hentry"],"yoast_head":"<!-- This site is optimized with the Yoast SEO plugin v27.1.1 - https:\/\/yoast.com\/product\/yoast-seo-wordpress\/ -->\n<title>Pressenza Auspiciador Medi\u00e1tico de la 3\u00aa Marcha Mundial por la Paz y la No Violencia - Pressenza<\/title>\n<meta name=\"robots\" content=\"index, follow, max-snippet:-1, max-image-preview:large, max-video-preview:-1\" \/>\n<link rel=\"canonical\" href=\"https:\/\/www.pressenza.com\/es\/pressenza-auspiciador-mediatico-de-la-3a-marcha-mundial-por-la-paz-y-la-no-violencia\/\" \/>\n<meta property=\"og:locale\" content=\"es_ES\" \/>\n<meta property=\"og:type\" content=\"article\" \/>\n<meta property=\"og:title\" content=\"Pressenza Auspiciador Medi\u00e1tico de la 3\u00aa Marcha Mundial por la Paz y la No Violencia - Pressenza\" \/>\n<meta property=\"og:description\" content=\"Pressenza Auspiciador Medi\u00e1tico de la 3\u00aa Marcha Mundial por la Paz y la No Violencia Pressenza, creada inicialmente como agencia de noticias para la primera Marcha Mundial por la Paz y la No Violencia en 2009, cuenta con unos incre\u00edbles&hellip;\" \/>\n<meta property=\"og:url\" content=\"https:\/\/www.pressenza.com\/es\/pressenza-auspiciador-mediatico-de-la-3a-marcha-mundial-por-la-paz-y-la-no-violencia\/\" \/>\n<meta property=\"og:site_name\" content=\"Pressenza\" \/>\n<meta property=\"article:publisher\" content=\"https:\/\/www.facebook.com\/PressenzaItalia\" \/>\n<meta property=\"article:modified_time\" content=\"2024-03-07T14:26:02+00:00\" \/>\n<meta name=\"twitter:card\" content=\"summary_large_image\" \/>\n<meta name=\"twitter:site\" content=\"@PressenzaIPA\" \/>\n<meta name=\"twitter:label1\" content=\"Tiempo de lectura\" \/>\n\t<meta name=\"twitter:data1\" content=\"2 minutos\" \/>\n<script type=\"application\/ld+json\" class=\"yoast-schema-graph\">{\"@context\":\"https:\/\/schema.org\",\"@graph\":[{\"@type\":\"WebPage\",\"@id\":\"https:\/\/www.pressenza.com\/es\/pressenza-auspiciador-mediatico-de-la-3a-marcha-mundial-por-la-paz-y-la-no-violencia\/\",\"url\":\"https:\/\/www.pressenza.com\/es\/pressenza-auspiciador-mediatico-de-la-3a-marcha-mundial-por-la-paz-y-la-no-violencia\/\",\"name\":\"Pressenza Auspiciador Medi\u00e1tico de la 3\u00aa Marcha Mundial por la Paz y la No Violencia - Pressenza\",\"isPartOf\":{\"@id\":\"https:\/\/www.pressenza.com\/es\/#website\"},\"datePublished\":\"2024-03-06T20:15:20+00:00\",\"dateModified\":\"2024-03-07T14:26:02+00:00\",\"breadcrumb\":{\"@id\":\"https:\/\/www.pressenza.com\/es\/pressenza-auspiciador-mediatico-de-la-3a-marcha-mundial-por-la-paz-y-la-no-violencia\/#breadcrumb\"},\"inLanguage\":\"es\",\"potentialAction\":[{\"@type\":\"ReadAction\",\"target\":[\"https:\/\/www.pressenza.com\/es\/pressenza-auspiciador-mediatico-de-la-3a-marcha-mundial-por-la-paz-y-la-no-violencia\/\"]}]},{\"@type\":\"BreadcrumbList\",\"@id\":\"https:\/\/www.pressenza.com\/es\/pressenza-auspiciador-mediatico-de-la-3a-marcha-mundial-por-la-paz-y-la-no-violencia\/#breadcrumb\",\"itemListElement\":[{\"@type\":\"ListItem\",\"position\":1,\"name\":\"Accueil\",\"item\":\"https:\/\/www.pressenza.com\/es\/\"},{\"@type\":\"ListItem\",\"position\":2,\"name\":\"Pressenza Auspiciador Medi\u00e1tico de la 3\u00aa Marcha Mundial por la Paz y la No Violencia\"}]},{\"@type\":\"WebSite\",\"@id\":\"https:\/\/www.pressenza.com\/es\/#website\",\"url\":\"https:\/\/www.pressenza.com\/es\/\",\"name\":\"Pressenza\",\"description\":\"International Press Agency\",\"publisher\":{\"@id\":\"https:\/\/www.pressenza.com\/es\/#organization\"},\"potentialAction\":[{\"@type\":\"SearchAction\",\"target\":{\"@type\":\"EntryPoint\",\"urlTemplate\":\"https:\/\/www.pressenza.com\/es\/?s={search_term_string}\"},\"query-input\":{\"@type\":\"PropertyValueSpecification\",\"valueRequired\":true,\"valueName\":\"search_term_string\"}}],\"inLanguage\":\"es\"},{\"@type\":\"Organization\",\"@id\":\"https:\/\/www.pressenza.com\/es\/#organization\",\"name\":\"Pressenza\",\"url\":\"https:\/\/www.pressenza.com\/es\/\",\"logo\":{\"@type\":\"ImageObject\",\"inLanguage\":\"es\",\"@id\":\"https:\/\/www.pressenza.com\/es\/#\/schema\/logo\/image\/\",\"url\":\"https:\/\/www.pressenza.com\/wp-content\/uploads\/2022\/10\/pressenza_logo_200x200.jpg\",\"contentUrl\":\"https:\/\/www.pressenza.com\/wp-content\/uploads\/2022\/10\/pressenza_logo_200x200.jpg\",\"width\":200,\"height\":200,\"caption\":\"Pressenza\"},\"image\":{\"@id\":\"https:\/\/www.pressenza.com\/es\/#\/schema\/logo\/image\/\"},\"sameAs\":[\"https:\/\/www.facebook.com\/PressenzaItalia\",\"https:\/\/x.com\/PressenzaIPA\"]}]}<\/script>\n<!-- \/ Yoast SEO plugin. -->","yoast_head_json":{"title":"Pressenza Auspiciador Medi\u00e1tico de la 3\u00aa Marcha Mundial por la Paz y la No Violencia - Pressenza","robots":{"index":"index","follow":"follow","max-snippet":"max-snippet:-1","max-image-preview":"max-image-preview:large","max-video-preview":"max-video-preview:-1"},"canonical":"https:\/\/www.pressenza.com\/es\/pressenza-auspiciador-mediatico-de-la-3a-marcha-mundial-por-la-paz-y-la-no-violencia\/","og_locale":"es_ES","og_type":"article","og_title":"Pressenza Auspiciador Medi\u00e1tico de la 3\u00aa Marcha Mundial por la Paz y la No Violencia - Pressenza","og_description":"Pressenza Auspiciador Medi\u00e1tico de la 3\u00aa Marcha Mundial por la Paz y la No Violencia Pressenza, creada inicialmente como agencia de noticias para la primera Marcha Mundial por la Paz y la No Violencia en 2009, cuenta con unos incre\u00edbles&hellip;","og_url":"https:\/\/www.pressenza.com\/es\/pressenza-auspiciador-mediatico-de-la-3a-marcha-mundial-por-la-paz-y-la-no-violencia\/","og_site_name":"Pressenza","article_publisher":"https:\/\/www.facebook.com\/PressenzaItalia","article_modified_time":"2024-03-07T14:26:02+00:00","twitter_card":"summary_large_image","twitter_site":"@PressenzaIPA","twitter_misc":{"Tiempo de lectura":"2 minutos"},"schema":{"@context":"https:\/\/schema.org","@graph":[{"@type":"WebPage","@id":"https:\/\/www.pressenza.com\/es\/pressenza-auspiciador-mediatico-de-la-3a-marcha-mundial-por-la-paz-y-la-no-violencia\/","url":"https:\/\/www.pressenza.com\/es\/pressenza-auspiciador-mediatico-de-la-3a-marcha-mundial-por-la-paz-y-la-no-violencia\/","name":"Pressenza Auspiciador Medi\u00e1tico de la 3\u00aa Marcha Mundial por la Paz y la No Violencia - Pressenza","isPartOf":{"@id":"https:\/\/www.pressenza.com\/es\/#website"},"datePublished":"2024-03-06T20:15:20+00:00","dateModified":"2024-03-07T14:26:02+00:00","breadcrumb":{"@id":"https:\/\/www.pressenza.com\/es\/pressenza-auspiciador-mediatico-de-la-3a-marcha-mundial-por-la-paz-y-la-no-violencia\/#breadcrumb"},"inLanguage":"es","potentialAction":[{"@type":"ReadAction","target":["https:\/\/www.pressenza.com\/es\/pressenza-auspiciador-mediatico-de-la-3a-marcha-mundial-por-la-paz-y-la-no-violencia\/"]}]},{"@type":"BreadcrumbList","@id":"https:\/\/www.pressenza.com\/es\/pressenza-auspiciador-mediatico-de-la-3a-marcha-mundial-por-la-paz-y-la-no-violencia\/#breadcrumb","itemListElement":[{"@type":"ListItem","position":1,"name":"Accueil","item":"https:\/\/www.pressenza.com\/es\/"},{"@type":"ListItem","position":2,"name":"Pressenza Auspiciador Medi\u00e1tico de la 3\u00aa Marcha Mundial por la Paz y la No Violencia"}]},{"@type":"WebSite","@id":"https:\/\/www.pressenza.com\/es\/#website","url":"https:\/\/www.pressenza.com\/es\/","name":"Pressenza","description":"International Press Agency","publisher":{"@id":"https:\/\/www.pressenza.com\/es\/#organization"},"potentialAction":[{"@type":"SearchAction","target":{"@type":"EntryPoint","urlTemplate":"https:\/\/www.pressenza.com\/es\/?s={search_term_string}"},"query-input":{"@type":"PropertyValueSpecification","valueRequired":true,"valueName":"search_term_string"}}],"inLanguage":"es"},{"@type":"Organization","@id":"https:\/\/www.pressenza.com\/es\/#organization","name":"Pressenza","url":"https:\/\/www.pressenza.com\/es\/","logo":{"@type":"ImageObject","inLanguage":"es","@id":"https:\/\/www.pressenza.com\/es\/#\/schema\/logo\/image\/","url":"https:\/\/www.pressenza.com\/wp-content\/uploads\/2022\/10\/pressenza_logo_200x200.jpg","contentUrl":"https:\/\/www.pressenza.com\/wp-content\/uploads\/2022\/10\/pressenza_logo_200x200.jpg","width":200,"height":200,"caption":"Pressenza"},"image":{"@id":"https:\/\/www.pressenza.com\/es\/#\/schema\/logo\/image\/"},"sameAs":["https:\/\/www.facebook.com\/PressenzaItalia","https:\/\/x.com\/PressenzaIPA"]}]}},"_links":{"self":[{"href":"https:\/\/www.pressenza.com\/es\/wp-json\/wp\/v2\/pages\/1828284","targetHints":{"allow":["GET"]}}],"collection":[{"href":"https:\/\/www.pressenza.com\/es\/wp-json\/wp\/v2\/pages"}],"about":[{"href":"https:\/\/www.pressenza.com\/es\/wp-json\/wp\/v2\/types\/page"}],"author":[{"embeddable":true,"href":"https:\/\/www.pressenza.com\/es\/wp-json\/wp\/v2\/users\/33"}],"replies":[{"embeddable":true,"href":"https:\/\/www.pressenza.com\/es\/wp-json\/wp\/v2\/comments?post=1828284"}],"version-history":[{"count":0,"href":"https:\/\/www.pressenza.com\/es\/wp-json\/wp\/v2\/pages\/1828284\/revisions"}],"wp:attachment":[{"href":"https:\/\/www.pressenza.com\/es\/wp-json\/wp\/v2\/media?parent=1828284"}],"curies":[{"name":"wp","href":"https:\/\/api.w.org\/{rel}","templated":true}]}}