{"id":13,"date":"2012-07-29T23:10:36","date_gmt":"2012-07-29T21:10:36","guid":{"rendered":"http:\/\/pressenza.hermes.acasici.org\/?page_id=13"},"modified":"2024-12-05T00:04:13","modified_gmt":"2024-12-05T00:04:13","slug":"acerca-de-nosotros","status":"publish","type":"page","link":"https:\/\/www.pressenza.com\/es\/acerca-de-nosotros\/","title":{"rendered":"Acerca de nosotros"},"content":{"rendered":"<h3 class=\"lead\">Humanismo,<br \/>\nNo-Violencia,<br \/>\nDerechos Humanos,<br \/>\nDesarme,<br \/>\nDiversidad<\/h3>\n<h2 class=\"bg-green\">Qu\u00e9 somos<\/h2>\n<p>Pressenza es un espacio abierto a la expresi\u00f3n de la base social. Privilegia una \u00f3ptica humanista universalista y promueve activamente convenios de colaboraci\u00f3n y alianzas con otras agencias, as\u00ed como v\u00ednculos de reciprocidad con portales, plataformas, medios informativos y de comunicaci\u00f3n, de colectividades y culturas espec\u00edficas. Pressenza participa de una amplia red de nuevos medios que logran difusi\u00f3n mundial de sus propuestas locales al tiempo que nutren sus informaciones con el material que provee la agencia.<\/p>\n<p>El equipo de Pressenza est\u00e1 conformado por voluntarios con vasta experiencia en comunicaci\u00f3n, activismo social, \u00e1mbitos culturales y acad\u00e9micos. La agencia es independiente de cualquier inter\u00e9s econ\u00f3mico, condici\u00f3n b\u00e1sica de su autonom\u00eda. Cuenta con columnistas, reporteros, fot\u00f3grafos, gr\u00e1ficos, videastas y traductores en los cinco continentes que aportan, sin fines de lucro, su trabajo profesional.<\/p>\n<p>Originada en Mil\u00e1n, Italia, en el 2009, tiene personer\u00eda jur\u00eddica como agencia internacional en Quito, Ecuador, desde el 2014 (Oficio N\u00b0SNC-DAL-2014-0011-O Acuerdo N\u00b0037 del 4 de Junio del 2014 de la Secretar\u00eda Nacional de Comunicaci\u00f3n) y est\u00e1 organizada en equipos y redacciones descentralizadas. Con presencia en 24 pa\u00edses, emite diariamente su servicio informativo en ingl\u00e9s, italiano, espa\u00f1ol, franc\u00e9s, portugu\u00e9s, alem\u00e1n, griego, ruso y catal\u00e1n.<\/p>\n<h2 class=\"bg-blue\">Prop\u00f3sito<\/h2>\n<p>Pressenza da visibilidad a las noticias, iniciativas, propuestas y escenarios ligados a la Paz, la No Violencia, el Desarme, los Derechos Humanos y la lucha contra toda forma de Discriminaci\u00f3n. Coloca al ser humano como valor y preocupaci\u00f3n central y celebra la diversidad. Es as\u00ed que propone un periodismo activo y l\u00facido que respete estas premisas esenciales, apuntando hacia la resoluci\u00f3n de las crisis y conflictos sociales en todas las latitudes.<\/p>\n<p>En ese sentido, difunde estudios, an\u00e1lisis y acciones que contribuyan a la paz mundial y a la superaci\u00f3n de la violencia; priorizando el desarme nuclear y convencional, la resoluci\u00f3n pac\u00edfica de conflictos, su prevenci\u00f3n y el retiro de los territorios ocupados.<\/p>\n<p>A la vez denuncia todos los hechos y situaciones que provocan dolor y sufrimiento en las poblaciones, intentando descifrar y transformar las causas de estos eventos, yendo m\u00e1s all\u00e1 de ser meros espectadores.<\/p>\n<p>La Agencia tambi\u00e9n forma en Periodismo No Violento a estudiantes, dirigentes sociales y voluntarios que confluyen en estas convicciones.<\/p>\n<h2 class=\"bg-orange\">Suscripci\u00f3n gratuita<\/h2>\n<p>Todo el contenido producido por Pressenza est\u00e1 disponible gratuitamente bajo la Licencia Creative Commons 4.0. El material llega a los suscriptores a trav\u00e9s de correo electr\u00f3nico, RSS y de manera permanente en el portal <a href=\"http:\/\/www.pressenza.com\/es\">www.pressenza.com<\/a><\/p>\n<h2 class=\"bg-orange\">Redacci\u00f3n en Castellano<\/h2>\n<p><strong>Editores:<\/strong> Juana P\u00e9rez Montero (Redacci\u00f3n Madrid), Sasha Volkoff, Cloty Rubio y Javier Belda (Redacci\u00f3n Barcelona), \u00c1ngeles Gonz\u00e1lez y Luis Nisa (Redacci\u00f3n Valencia), Magaly Navarrete (Redacci\u00f3n Berl\u00edn), Alicia Blanco (Redacci\u00f3n Mar del Plata), Mariano Quiroga y Javier Tolcachier (Redacci\u00f3n Argentina), Nelsy Lizarazo y Carlos Crespo (Redacci\u00f3n Ecuador), Fernando Torres y Judith Purizaga (Redacci\u00f3n Per\u00fa), Edgar D\u00e1vila (Redacci\u00f3n Bolivia), P\u00eda Figueroa y David Mel\u00e9ndez (Redacci\u00f3n Chile).<\/p>\n<p><strong>Columnistas:<\/strong> Javier Tolcachier (procesos hist\u00f3ricos), Guillermo Sullings (econom\u00eda), Gabriela Amaya (nuevos movimientos sociales), Javier Belda (geopol\u00edtica), V\u00edctor Pichinini (salud, psicolog\u00eda y nuevo humanismo), Gustavo C\u00e9spedes (derechos humanos), Gonzalo Larenas (sociolog\u00eda y pol\u00edtica), Gerardo Alc\u00e1ntara (pol\u00edticas sociales peruanas), Amador Fern\u00e1ndez-Savater (no-violencia), Xafier Leibs (cultura), Rodolfo Schmal (pol\u00edtica chilena), Nicol\u00e1s Boeglin (armamentismo), Mariano Quiroga (pol\u00edtica argentina), Oleg Yasinsky (movimientos revolucionarios), Sasha Volkoff (internacional), Daniel Botero (Proceso de Paz en Colombia), Aram Aharonian (Am\u00e9rica Latina), Andr\u00e9s Figueroa Cornejo (medio ambiente y derechos humanos), Juan Pablo C\u00e1rdenas (pol\u00edtica), Marcelo Trivelli (educaci\u00f3n, no-violencia), Francisco Herreros (pol\u00edtica), Juan G\u00f3mez (desarme y no-violencia), Cristina Bianchi (movimientos sociales), Mariana Hales (rese\u00f1as literarias), Marcelo Castillo (educaci\u00f3n).<\/p>\n<p><strong>Edici\u00f3n Fotogr\u00e1fica: <\/strong>Iris Colil (Coordinaci\u00f3n internacional)<\/p>\n<p><strong>Fot\u00f3grafos:<\/strong> Walker Vizcarra, Riccardo Marinai, Enzo Blondel<\/p>\n<p><strong>V\u00eddeos:<\/strong> Federico Palumbo (Director documentales), \u00c1lvaro Orus (Director documentales), Magal\u00ed Buj (Productora internacional), An\u00edbal Feres (Director documentales), Gerardo Femina (videasta y editor).<\/p>\n<p><strong>Relaciones y Eventos:<\/strong> M\u00f3nica Freyer, Esperanza Fern\u00e1ndez, Tony Robinson<\/p>\n<p><strong>Traducciones:<\/strong> Fernando Torres, Antonio Carvallo, Jon Swinden<\/p>\n<p><strong>An\u00e1lisis y Gesti\u00f3n de Datos:<\/strong> Valerio Marinai, Tony Robinson<\/p>\n<p><strong>Webmasters:<\/strong> Tom B\u00fctikofer, Valerio Marinai<\/p>\n","protected":false},"excerpt":{"rendered":"<p>Humanismo, No-Violencia, Derechos Humanos, Desarme, Diversidad Qu\u00e9 somos Pressenza es un espacio abierto a la expresi\u00f3n de la base social. Privilegia una \u00f3ptica humanista universalista y promueve activamente convenios de colaboraci\u00f3n y alianzas con otras agencias, as\u00ed como v\u00ednculos de&hellip;<\/p>\n","protected":false},"author":19,"featured_media":0,"parent":0,"menu_order":2,"comment_status":"closed","ping_status":"closed","template":"page_about.php","meta":{"footnotes":""},"class_list":["post-13","page","type-page","status-publish","hentry"],"yoast_head":"<!-- This site is optimized with the Yoast SEO plugin v27.1.1 - https:\/\/yoast.com\/product\/yoast-seo-wordpress\/ -->\n<title>Acerca de nosotros - Pressenza<\/title>\n<meta name=\"robots\" content=\"index, follow, max-snippet:-1, max-image-preview:large, max-video-preview:-1\" \/>\n<link rel=\"canonical\" href=\"https:\/\/www.pressenza.com\/es\/acerca-de-nosotros\/\" \/>\n<meta property=\"og:locale\" content=\"es_ES\" \/>\n<meta property=\"og:type\" content=\"article\" \/>\n<meta property=\"og:title\" content=\"Acerca de nosotros - Pressenza\" \/>\n<meta property=\"og:description\" content=\"Humanismo, No-Violencia, Derechos Humanos, Desarme, Diversidad Qu\u00e9 somos Pressenza es un espacio abierto a la expresi\u00f3n de la base social. Privilegia una \u00f3ptica humanista universalista y promueve activamente convenios de colaboraci\u00f3n y alianzas con otras agencias, as\u00ed como v\u00ednculos de&hellip;\" \/>\n<meta property=\"og:url\" content=\"https:\/\/www.pressenza.com\/es\/acerca-de-nosotros\/\" \/>\n<meta property=\"og:site_name\" content=\"Pressenza\" \/>\n<meta property=\"article:publisher\" content=\"https:\/\/www.facebook.com\/PressenzaItalia\" \/>\n<meta property=\"article:modified_time\" content=\"2024-12-05T00:04:13+00:00\" \/>\n<meta name=\"twitter:card\" content=\"summary_large_image\" \/>\n<meta name=\"twitter:site\" content=\"@PressenzaIPA\" \/>\n<meta name=\"twitter:label1\" content=\"Tiempo de lectura\" \/>\n\t<meta name=\"twitter:data1\" content=\"3 minutos\" \/>\n<script type=\"application\/ld+json\" class=\"yoast-schema-graph\">{\"@context\":\"https:\/\/schema.org\",\"@graph\":[{\"@type\":\"WebPage\",\"@id\":\"https:\/\/www.pressenza.com\/es\/acerca-de-nosotros\/\",\"url\":\"https:\/\/www.pressenza.com\/es\/acerca-de-nosotros\/\",\"name\":\"Acerca de nosotros - Pressenza\",\"isPartOf\":{\"@id\":\"https:\/\/www.pressenza.com\/es\/#website\"},\"datePublished\":\"2012-07-29T21:10:36+00:00\",\"dateModified\":\"2024-12-05T00:04:13+00:00\",\"breadcrumb\":{\"@id\":\"https:\/\/www.pressenza.com\/es\/acerca-de-nosotros\/#breadcrumb\"},\"inLanguage\":\"es\",\"potentialAction\":[{\"@type\":\"ReadAction\",\"target\":[\"https:\/\/www.pressenza.com\/es\/acerca-de-nosotros\/\"]}]},{\"@type\":\"BreadcrumbList\",\"@id\":\"https:\/\/www.pressenza.com\/es\/acerca-de-nosotros\/#breadcrumb\",\"itemListElement\":[{\"@type\":\"ListItem\",\"position\":1,\"name\":\"Accueil\",\"item\":\"https:\/\/www.pressenza.com\/es\/\"},{\"@type\":\"ListItem\",\"position\":2,\"name\":\"Acerca de nosotros\"}]},{\"@type\":\"WebSite\",\"@id\":\"https:\/\/www.pressenza.com\/es\/#website\",\"url\":\"https:\/\/www.pressenza.com\/es\/\",\"name\":\"Pressenza\",\"description\":\"International Press Agency\",\"publisher\":{\"@id\":\"https:\/\/www.pressenza.com\/es\/#organization\"},\"potentialAction\":[{\"@type\":\"SearchAction\",\"target\":{\"@type\":\"EntryPoint\",\"urlTemplate\":\"https:\/\/www.pressenza.com\/es\/?s={search_term_string}\"},\"query-input\":{\"@type\":\"PropertyValueSpecification\",\"valueRequired\":true,\"valueName\":\"search_term_string\"}}],\"inLanguage\":\"es\"},{\"@type\":\"Organization\",\"@id\":\"https:\/\/www.pressenza.com\/es\/#organization\",\"name\":\"Pressenza\",\"url\":\"https:\/\/www.pressenza.com\/es\/\",\"logo\":{\"@type\":\"ImageObject\",\"inLanguage\":\"es\",\"@id\":\"https:\/\/www.pressenza.com\/es\/#\/schema\/logo\/image\/\",\"url\":\"https:\/\/www.pressenza.com\/wp-content\/uploads\/2022\/10\/pressenza_logo_200x200.jpg\",\"contentUrl\":\"https:\/\/www.pressenza.com\/wp-content\/uploads\/2022\/10\/pressenza_logo_200x200.jpg\",\"width\":200,\"height\":200,\"caption\":\"Pressenza\"},\"image\":{\"@id\":\"https:\/\/www.pressenza.com\/es\/#\/schema\/logo\/image\/\"},\"sameAs\":[\"https:\/\/www.facebook.com\/PressenzaItalia\",\"https:\/\/x.com\/PressenzaIPA\"]}]}<\/script>\n<!-- \/ Yoast SEO plugin. -->","yoast_head_json":{"title":"Acerca de nosotros - Pressenza","robots":{"index":"index","follow":"follow","max-snippet":"max-snippet:-1","max-image-preview":"max-image-preview:large","max-video-preview":"max-video-preview:-1"},"canonical":"https:\/\/www.pressenza.com\/es\/acerca-de-nosotros\/","og_locale":"es_ES","og_type":"article","og_title":"Acerca de nosotros - Pressenza","og_description":"Humanismo, No-Violencia, Derechos Humanos, Desarme, Diversidad Qu\u00e9 somos Pressenza es un espacio abierto a la expresi\u00f3n de la base social. Privilegia una \u00f3ptica humanista universalista y promueve activamente convenios de colaboraci\u00f3n y alianzas con otras agencias, as\u00ed como v\u00ednculos de&hellip;","og_url":"https:\/\/www.pressenza.com\/es\/acerca-de-nosotros\/","og_site_name":"Pressenza","article_publisher":"https:\/\/www.facebook.com\/PressenzaItalia","article_modified_time":"2024-12-05T00:04:13+00:00","twitter_card":"summary_large_image","twitter_site":"@PressenzaIPA","twitter_misc":{"Tiempo de lectura":"3 minutos"},"schema":{"@context":"https:\/\/schema.org","@graph":[{"@type":"WebPage","@id":"https:\/\/www.pressenza.com\/es\/acerca-de-nosotros\/","url":"https:\/\/www.pressenza.com\/es\/acerca-de-nosotros\/","name":"Acerca de nosotros - Pressenza","isPartOf":{"@id":"https:\/\/www.pressenza.com\/es\/#website"},"datePublished":"2012-07-29T21:10:36+00:00","dateModified":"2024-12-05T00:04:13+00:00","breadcrumb":{"@id":"https:\/\/www.pressenza.com\/es\/acerca-de-nosotros\/#breadcrumb"},"inLanguage":"es","potentialAction":[{"@type":"ReadAction","target":["https:\/\/www.pressenza.com\/es\/acerca-de-nosotros\/"]}]},{"@type":"BreadcrumbList","@id":"https:\/\/www.pressenza.com\/es\/acerca-de-nosotros\/#breadcrumb","itemListElement":[{"@type":"ListItem","position":1,"name":"Accueil","item":"https:\/\/www.pressenza.com\/es\/"},{"@type":"ListItem","position":2,"name":"Acerca de nosotros"}]},{"@type":"WebSite","@id":"https:\/\/www.pressenza.com\/es\/#website","url":"https:\/\/www.pressenza.com\/es\/","name":"Pressenza","description":"International Press Agency","publisher":{"@id":"https:\/\/www.pressenza.com\/es\/#organization"},"potentialAction":[{"@type":"SearchAction","target":{"@type":"EntryPoint","urlTemplate":"https:\/\/www.pressenza.com\/es\/?s={search_term_string}"},"query-input":{"@type":"PropertyValueSpecification","valueRequired":true,"valueName":"search_term_string"}}],"inLanguage":"es"},{"@type":"Organization","@id":"https:\/\/www.pressenza.com\/es\/#organization","name":"Pressenza","url":"https:\/\/www.pressenza.com\/es\/","logo":{"@type":"ImageObject","inLanguage":"es","@id":"https:\/\/www.pressenza.com\/es\/#\/schema\/logo\/image\/","url":"https:\/\/www.pressenza.com\/wp-content\/uploads\/2022\/10\/pressenza_logo_200x200.jpg","contentUrl":"https:\/\/www.pressenza.com\/wp-content\/uploads\/2022\/10\/pressenza_logo_200x200.jpg","width":200,"height":200,"caption":"Pressenza"},"image":{"@id":"https:\/\/www.pressenza.com\/es\/#\/schema\/logo\/image\/"},"sameAs":["https:\/\/www.facebook.com\/PressenzaItalia","https:\/\/x.com\/PressenzaIPA"]}]}},"_links":{"self":[{"href":"https:\/\/www.pressenza.com\/es\/wp-json\/wp\/v2\/pages\/13","targetHints":{"allow":["GET"]}}],"collection":[{"href":"https:\/\/www.pressenza.com\/es\/wp-json\/wp\/v2\/pages"}],"about":[{"href":"https:\/\/www.pressenza.com\/es\/wp-json\/wp\/v2\/types\/page"}],"author":[{"embeddable":true,"href":"https:\/\/www.pressenza.com\/es\/wp-json\/wp\/v2\/users\/19"}],"replies":[{"embeddable":true,"href":"https:\/\/www.pressenza.com\/es\/wp-json\/wp\/v2\/comments?post=13"}],"version-history":[{"count":0,"href":"https:\/\/www.pressenza.com\/es\/wp-json\/wp\/v2\/pages\/13\/revisions"}],"wp:attachment":[{"href":"https:\/\/www.pressenza.com\/es\/wp-json\/wp\/v2\/media?parent=13"}],"curies":[{"name":"wp","href":"https:\/\/api.w.org\/{rel}","templated":true}]}}