{"id":354870,"date":"2016-08-19T15:43:38","date_gmt":"2016-08-19T14:43:38","guid":{"rendered":"http:\/\/www.pressenza.com\/de\/?page_id=354870"},"modified":"2025-07-19T10:44:22","modified_gmt":"2025-07-19T09:44:22","slug":"mitarbeiten","status":"publish","type":"page","link":"https:\/\/www.pressenza.com\/de\/mitarbeiten\/","title":{"rendered":"Mitarbeiten"},"content":{"rendered":"<h1>Mitarbeiten<\/h1>\n<h2>Pressenza ist ein offenes Medienprojekt<\/h2>\n<p>Wir sind ein internationales Team von Freiwilligen und wir engagieren uns ohne finanzielle Gegenleistung f\u00fcr einen Journalismus des Friedens und der Gewaltfreiheit (siehe auch <a href=\"https:\/\/www.pressenza.com\/uber-uns\/\" target=\"_blank\" rel=\"noopener\">\u00dcber Uns<\/a>).<\/p>\n<p>Wir sind auf der Suche nach neuen Mitgliedern f\u00fcr unser Team (Deutsch als Muttersprache nicht zwingend).<\/p>\n<ul>\n<li>Blogger_innen<\/li>\n<li>Journalisten \/ Journalistinnen<\/li>\n<li>Redakteure \/ Redakteurinnen<\/li>\n<li>Photographen \/ Photographinnen<\/li>\n<li>Videofilmer \/ Videofilmerinnen<\/li>\n<li>Lektoren \/ Lektorinnen<\/li>\n<li>\u00dcbersetzer \/ \u00dcbersetzerinnen<\/li>\n<li>Karikaturisten \/ Karikaturistinnen<\/li>\n<li>IT-Spezialisten \/ -Spezialistinnen (WordPress)<\/li>\n<li>Social-Media Manager_innen<\/li>\n<\/ul>\n<blockquote>\n<p style=\"text-align: center;\"><strong>Wenn Du sozial, politisch aktiv bist, Dir Themen auf dem Herzen brennen oder einfach mithelfen willst einen anderen Journalismus zu betreiben\u2026<\/strong><\/p>\n<\/blockquote>\n<p>Dann k\u00f6nnen wir:<\/p>\n<ul>\n<li>Deinen Artikeln, Fotos, Videos, \u00dcbersetzungen, Karikaturen eine mehrsprachige weltweite Plattform bieten<\/li>\n<li>Erfahrungen im Journalismus und Medien-Bereich vermitteln<\/li>\n<li>Gemeinsam neue Ideen verwirklichen<\/li>\n<li>Dir die M\u00f6glichkeit bieten, mit anderen ehrenamtlich f\u00fcr Pressenza t\u00e4tigen Journalisten weltweit in Kontakt zu treten<\/li>\n<li>Auf Wunsch eine Best\u00e4tigung \u00fcber die ehrenamtliche T\u00e4tigkeit f\u00fcr Deinen Lebenslauf ausstellen<\/li>\n<\/ul>\n<p><strong>Kontakt:<\/strong> <a href=\"mailto:deutsch@pressenza.eu\">deutsch(at)pressenza.eu<\/a><\/p>\n","protected":false},"excerpt":{"rendered":"<p>Mitarbeiten Pressenza ist ein offenes Medienprojekt Wir sind ein internationales Team von Freiwilligen und wir engagieren uns ohne finanzielle Gegenleistung f\u00fcr einen Journalismus des Friedens und der Gewaltfreiheit (siehe auch \u00dcber Uns). Wir sind auf der Suche nach neuen Mitgliedern&hellip;<\/p>\n","protected":false},"author":1089,"featured_media":0,"parent":0,"menu_order":0,"comment_status":"closed","ping_status":"open","template":"","meta":{"footnotes":""},"class_list":["post-354870","page","type-page","status-publish","hentry"],"yoast_head":"<!-- This site is optimized with the Yoast SEO plugin v27.1.1 - https:\/\/yoast.com\/product\/yoast-seo-wordpress\/ -->\n<title>Mitarbeiten - Pressenza<\/title>\n<meta name=\"robots\" content=\"index, follow, max-snippet:-1, max-image-preview:large, max-video-preview:-1\" \/>\n<link rel=\"canonical\" href=\"https:\/\/www.pressenza.com\/de\/mitarbeiten\/\" \/>\n<meta property=\"og:locale\" content=\"de_DE\" \/>\n<meta property=\"og:type\" content=\"article\" \/>\n<meta property=\"og:title\" content=\"Mitarbeiten - Pressenza\" \/>\n<meta property=\"og:description\" content=\"Mitarbeiten Pressenza ist ein offenes Medienprojekt Wir sind ein internationales Team von Freiwilligen und wir engagieren uns ohne finanzielle Gegenleistung f\u00fcr einen Journalismus des Friedens und der Gewaltfreiheit (siehe auch \u00dcber Uns). Wir sind auf der Suche nach neuen Mitgliedern&hellip;\" \/>\n<meta property=\"og:url\" content=\"https:\/\/www.pressenza.com\/de\/mitarbeiten\/\" \/>\n<meta property=\"og:site_name\" content=\"Pressenza\" \/>\n<meta property=\"article:publisher\" content=\"https:\/\/www.facebook.com\/PressenzaItalia\" \/>\n<meta property=\"article:modified_time\" content=\"2025-07-19T09:44:22+00:00\" \/>\n<meta name=\"twitter:card\" content=\"summary_large_image\" \/>\n<meta name=\"twitter:site\" content=\"@PressenzaIPA\" \/>\n<meta name=\"twitter:label1\" content=\"Gesch\u00e4tzte Lesezeit\" \/>\n\t<meta name=\"twitter:data1\" content=\"1\u00a0Minute\" \/>\n<script type=\"application\/ld+json\" class=\"yoast-schema-graph\">{\"@context\":\"https:\/\/schema.org\",\"@graph\":[{\"@type\":\"WebPage\",\"@id\":\"https:\/\/www.pressenza.com\/de\/mitarbeiten\/\",\"url\":\"https:\/\/www.pressenza.com\/de\/mitarbeiten\/\",\"name\":\"Mitarbeiten - Pressenza\",\"isPartOf\":{\"@id\":\"https:\/\/www.pressenza.com\/de\/#website\"},\"datePublished\":\"2016-08-19T14:43:38+00:00\",\"dateModified\":\"2025-07-19T09:44:22+00:00\",\"breadcrumb\":{\"@id\":\"https:\/\/www.pressenza.com\/de\/mitarbeiten\/#breadcrumb\"},\"inLanguage\":\"de\",\"potentialAction\":[{\"@type\":\"ReadAction\",\"target\":[\"https:\/\/www.pressenza.com\/de\/mitarbeiten\/\"]}]},{\"@type\":\"BreadcrumbList\",\"@id\":\"https:\/\/www.pressenza.com\/de\/mitarbeiten\/#breadcrumb\",\"itemListElement\":[{\"@type\":\"ListItem\",\"position\":1,\"name\":\"Accueil\",\"item\":\"https:\/\/www.pressenza.com\/de\/\"},{\"@type\":\"ListItem\",\"position\":2,\"name\":\"Mitarbeiten\"}]},{\"@type\":\"WebSite\",\"@id\":\"https:\/\/www.pressenza.com\/de\/#website\",\"url\":\"https:\/\/www.pressenza.com\/de\/\",\"name\":\"Pressenza\",\"description\":\"International Press Agency\",\"publisher\":{\"@id\":\"https:\/\/www.pressenza.com\/de\/#organization\"},\"potentialAction\":[{\"@type\":\"SearchAction\",\"target\":{\"@type\":\"EntryPoint\",\"urlTemplate\":\"https:\/\/www.pressenza.com\/de\/?s={search_term_string}\"},\"query-input\":{\"@type\":\"PropertyValueSpecification\",\"valueRequired\":true,\"valueName\":\"search_term_string\"}}],\"inLanguage\":\"de\"},{\"@type\":\"Organization\",\"@id\":\"https:\/\/www.pressenza.com\/de\/#organization\",\"name\":\"Pressenza\",\"url\":\"https:\/\/www.pressenza.com\/de\/\",\"logo\":{\"@type\":\"ImageObject\",\"inLanguage\":\"de\",\"@id\":\"https:\/\/www.pressenza.com\/de\/#\/schema\/logo\/image\/\",\"url\":\"https:\/\/www.pressenza.com\/wp-content\/uploads\/2022\/10\/pressenza_logo_200x200.jpg\",\"contentUrl\":\"https:\/\/www.pressenza.com\/wp-content\/uploads\/2022\/10\/pressenza_logo_200x200.jpg\",\"width\":200,\"height\":200,\"caption\":\"Pressenza\"},\"image\":{\"@id\":\"https:\/\/www.pressenza.com\/de\/#\/schema\/logo\/image\/\"},\"sameAs\":[\"https:\/\/www.facebook.com\/PressenzaItalia\",\"https:\/\/x.com\/PressenzaIPA\"]}]}<\/script>\n<!-- \/ Yoast SEO plugin. -->","yoast_head_json":{"title":"Mitarbeiten - Pressenza","robots":{"index":"index","follow":"follow","max-snippet":"max-snippet:-1","max-image-preview":"max-image-preview:large","max-video-preview":"max-video-preview:-1"},"canonical":"https:\/\/www.pressenza.com\/de\/mitarbeiten\/","og_locale":"de_DE","og_type":"article","og_title":"Mitarbeiten - Pressenza","og_description":"Mitarbeiten Pressenza ist ein offenes Medienprojekt Wir sind ein internationales Team von Freiwilligen und wir engagieren uns ohne finanzielle Gegenleistung f\u00fcr einen Journalismus des Friedens und der Gewaltfreiheit (siehe auch \u00dcber Uns). Wir sind auf der Suche nach neuen Mitgliedern&hellip;","og_url":"https:\/\/www.pressenza.com\/de\/mitarbeiten\/","og_site_name":"Pressenza","article_publisher":"https:\/\/www.facebook.com\/PressenzaItalia","article_modified_time":"2025-07-19T09:44:22+00:00","twitter_card":"summary_large_image","twitter_site":"@PressenzaIPA","twitter_misc":{"Gesch\u00e4tzte Lesezeit":"1\u00a0Minute"},"schema":{"@context":"https:\/\/schema.org","@graph":[{"@type":"WebPage","@id":"https:\/\/www.pressenza.com\/de\/mitarbeiten\/","url":"https:\/\/www.pressenza.com\/de\/mitarbeiten\/","name":"Mitarbeiten - Pressenza","isPartOf":{"@id":"https:\/\/www.pressenza.com\/de\/#website"},"datePublished":"2016-08-19T14:43:38+00:00","dateModified":"2025-07-19T09:44:22+00:00","breadcrumb":{"@id":"https:\/\/www.pressenza.com\/de\/mitarbeiten\/#breadcrumb"},"inLanguage":"de","potentialAction":[{"@type":"ReadAction","target":["https:\/\/www.pressenza.com\/de\/mitarbeiten\/"]}]},{"@type":"BreadcrumbList","@id":"https:\/\/www.pressenza.com\/de\/mitarbeiten\/#breadcrumb","itemListElement":[{"@type":"ListItem","position":1,"name":"Accueil","item":"https:\/\/www.pressenza.com\/de\/"},{"@type":"ListItem","position":2,"name":"Mitarbeiten"}]},{"@type":"WebSite","@id":"https:\/\/www.pressenza.com\/de\/#website","url":"https:\/\/www.pressenza.com\/de\/","name":"Pressenza","description":"International Press Agency","publisher":{"@id":"https:\/\/www.pressenza.com\/de\/#organization"},"potentialAction":[{"@type":"SearchAction","target":{"@type":"EntryPoint","urlTemplate":"https:\/\/www.pressenza.com\/de\/?s={search_term_string}"},"query-input":{"@type":"PropertyValueSpecification","valueRequired":true,"valueName":"search_term_string"}}],"inLanguage":"de"},{"@type":"Organization","@id":"https:\/\/www.pressenza.com\/de\/#organization","name":"Pressenza","url":"https:\/\/www.pressenza.com\/de\/","logo":{"@type":"ImageObject","inLanguage":"de","@id":"https:\/\/www.pressenza.com\/de\/#\/schema\/logo\/image\/","url":"https:\/\/www.pressenza.com\/wp-content\/uploads\/2022\/10\/pressenza_logo_200x200.jpg","contentUrl":"https:\/\/www.pressenza.com\/wp-content\/uploads\/2022\/10\/pressenza_logo_200x200.jpg","width":200,"height":200,"caption":"Pressenza"},"image":{"@id":"https:\/\/www.pressenza.com\/de\/#\/schema\/logo\/image\/"},"sameAs":["https:\/\/www.facebook.com\/PressenzaItalia","https:\/\/x.com\/PressenzaIPA"]}]}},"_links":{"self":[{"href":"https:\/\/www.pressenza.com\/de\/wp-json\/wp\/v2\/pages\/354870","targetHints":{"allow":["GET"]}}],"collection":[{"href":"https:\/\/www.pressenza.com\/de\/wp-json\/wp\/v2\/pages"}],"about":[{"href":"https:\/\/www.pressenza.com\/de\/wp-json\/wp\/v2\/types\/page"}],"author":[{"embeddable":true,"href":"https:\/\/www.pressenza.com\/de\/wp-json\/wp\/v2\/users\/1089"}],"replies":[{"embeddable":true,"href":"https:\/\/www.pressenza.com\/de\/wp-json\/wp\/v2\/comments?post=354870"}],"version-history":[{"count":1,"href":"https:\/\/www.pressenza.com\/de\/wp-json\/wp\/v2\/pages\/354870\/revisions"}],"predecessor-version":[{"id":2620398,"href":"https:\/\/www.pressenza.com\/de\/wp-json\/wp\/v2\/pages\/354870\/revisions\/2620398"}],"wp:attachment":[{"href":"https:\/\/www.pressenza.com\/de\/wp-json\/wp\/v2\/media?parent=354870"}],"curies":[{"name":"wp","href":"https:\/\/api.w.org\/{rel}","templated":true}]}}