{"id":2526385,"date":"2024-05-23T17:26:16","date_gmt":"2024-05-23T16:26:16","guid":{"rendered":"https:\/\/www.pressenza.com\/?page_id=2526385"},"modified":"2024-05-27T09:22:26","modified_gmt":"2024-05-27T08:22:26","slug":"pressenza-als-medienpartner-des-3-weltmarsches-fuer-frieden-und-gewaltfreiheit","status":"publish","type":"page","link":"https:\/\/www.pressenza.com\/de\/pressenza-als-medienpartner-des-3-weltmarsches-fuer-frieden-und-gewaltfreiheit\/","title":{"rendered":"Pressenza als Medienpartner des 3. Weltmarsches f\u00fcr Frieden und Gewaltfreiheit"},"content":{"rendered":"<h1>Pressenza als Medienpartner des 3. Weltmarsches f\u00fcr Frieden und Gewaltfreiheit<\/h1>\n<p>Pressenza wurde urspr\u00fcnglich als Medienagentur f\u00fcr den ersten Weltmarsch f\u00fcr Frieden und Gewaltfreiheit im Jahr 2009 gegr\u00fcndet und kann seitdem auf eine beeindruckende Erfolgsgeschichte zur\u00fcckblicken.<\/p>\n<p>Gegr\u00fcndet im Zuge einer Friedensbewegung, verfolgt Pressenza einen mehrsprachigen, multikulturellen und multikontinentalen Ansatz f\u00fcr multimediale Ver\u00f6ffentlichungen.<\/p>\n<p>T\u00e4glich liefern wir rund um die Uhr Fotos, Videos, Berichte, Interviews und Rundtischgespr\u00e4che \u2013 von Osten nach Westen, von Norden nach S\u00fcden. Heute setzen wir diese Aufgabe mit einer gr\u00f6\u00dferen sprachlichen Vielfalt, einer breiteren Abdeckung und gr\u00f6\u00dferer Erfahrung fort.<\/p>\n<p>Wir sind stolz darauf, unsere Rolle als Medienpartner des <a href=\"https:\/\/de.theworldmarch.org\/\" target=\"_blank\" rel=\"noopener\">3. Weltmarsches f\u00fcr Frieden und Gewaltfreiheit<\/a> bekannt zu geben. Wir werden aktiv an seinem Start am 2. Oktober 2024 in Costa Rica teilnehmen und den Marsch bis zu seinem Ende im Jahr 2025 begleiten.<\/p>\n<p>Vor vierzehn Jahren wurden die Konzepte des Friedens und der Gewaltfreiheit bereits als entscheidende L\u00f6sungen f\u00fcr die Gestaltung einer besseren Zukunft f\u00fcr die Menschheit anerkannt. Heute hat ihre Bedeutung nur noch zugenommen, denn die Dringlichkeit unserer globalen Krisen macht sie zu den wichtigsten und m\u00f6glicherweise einzigen Mitteln, um unsere Welt neu zu gestalten.<\/p>\n<p>Wir hei\u00dfen alle herzlich willkommen, die zu diesem gro\u00dfartigen Vorhaben beitragen: Organisator*innen, Freiwillige, K\u00fcnstler*innen, Teilnehmende, Institutionen, politische Pers\u00f6nlichkeiten und soziale Bewegungen. Pressenza f\u00fchlt sich geehrt, die Stimmen und Aktionen dieser Menschen zu verst\u00e4rken. Diese Initiative ist eine der menschlichsten Aktionen unserer Zeit. In dem Ma\u00dfe, in dem sich unsere Menschheit wandelt, setzen wir uns daf\u00fcr ein, dass Frieden und Gewaltfreiheit integrale Bestandteile dieser Entwicklung sind.<\/p>\n<p><a href=\"https:\/\/www.pressenza.com\/de\/tag\/3-weltmarsch-fuer-frieden-und-gewaltfreiheit\/\" target=\"_blank\" rel=\"noopener\"><strong><em>Beitr\u00e4ge \u00fcber den 3. Weltmarsch<\/em><\/strong><\/a><\/p>\n<p><strong><em><a href=\"https:\/\/de.theworldmarch.org\/\" target=\"_blank\" rel=\"noopener\">Offizielle Webseite des Weltmarsches<\/a><\/em><\/strong><\/p>\n","protected":false},"excerpt":{"rendered":"<p>Pressenza als Medienpartner des 3. Weltmarsches f\u00fcr Frieden und Gewaltfreiheit Pressenza wurde urspr\u00fcnglich als Medienagentur f\u00fcr den ersten Weltmarsch f\u00fcr Frieden und Gewaltfreiheit im Jahr 2009 gegr\u00fcndet und kann seitdem auf eine beeindruckende Erfolgsgeschichte zur\u00fcckblicken. Gegr\u00fcndet im Zuge einer Friedensbewegung,&hellip;<\/p>\n","protected":false},"author":1089,"featured_media":0,"parent":0,"menu_order":0,"comment_status":"closed","ping_status":"closed","template":"","meta":{"footnotes":""},"class_list":["post-2526385","page","type-page","status-publish","hentry"],"yoast_head":"<!-- This site is optimized with the Yoast SEO plugin v27.1.1 - https:\/\/yoast.com\/product\/yoast-seo-wordpress\/ -->\n<title>Pressenza als Medienpartner des 3. Weltmarsches f\u00fcr Frieden und Gewaltfreiheit - Pressenza<\/title>\n<meta name=\"robots\" content=\"index, follow, max-snippet:-1, max-image-preview:large, max-video-preview:-1\" \/>\n<link rel=\"canonical\" href=\"https:\/\/www.pressenza.com\/de\/pressenza-als-medienpartner-des-3-weltmarsches-fuer-frieden-und-gewaltfreiheit\/\" \/>\n<meta property=\"og:locale\" content=\"de_DE\" \/>\n<meta property=\"og:type\" content=\"article\" \/>\n<meta property=\"og:title\" content=\"Pressenza als Medienpartner des 3. Weltmarsches f\u00fcr Frieden und Gewaltfreiheit - Pressenza\" \/>\n<meta property=\"og:description\" content=\"Pressenza als Medienpartner des 3. Weltmarsches f\u00fcr Frieden und Gewaltfreiheit Pressenza wurde urspr\u00fcnglich als Medienagentur f\u00fcr den ersten Weltmarsch f\u00fcr Frieden und Gewaltfreiheit im Jahr 2009 gegr\u00fcndet und kann seitdem auf eine beeindruckende Erfolgsgeschichte zur\u00fcckblicken. Gegr\u00fcndet im Zuge einer Friedensbewegung,&hellip;\" \/>\n<meta property=\"og:url\" content=\"https:\/\/www.pressenza.com\/de\/pressenza-als-medienpartner-des-3-weltmarsches-fuer-frieden-und-gewaltfreiheit\/\" \/>\n<meta property=\"og:site_name\" content=\"Pressenza\" \/>\n<meta property=\"article:publisher\" content=\"https:\/\/www.facebook.com\/PressenzaItalia\" \/>\n<meta property=\"article:modified_time\" content=\"2024-05-27T08:22:26+00:00\" \/>\n<meta name=\"twitter:card\" content=\"summary_large_image\" \/>\n<meta name=\"twitter:site\" content=\"@PressenzaIPA\" \/>\n<meta name=\"twitter:label1\" content=\"Gesch\u00e4tzte Lesezeit\" \/>\n\t<meta name=\"twitter:data1\" content=\"2\u00a0Minuten\" \/>\n<script type=\"application\/ld+json\" class=\"yoast-schema-graph\">{\"@context\":\"https:\/\/schema.org\",\"@graph\":[{\"@type\":\"WebPage\",\"@id\":\"https:\/\/www.pressenza.com\/de\/pressenza-als-medienpartner-des-3-weltmarsches-fuer-frieden-und-gewaltfreiheit\/\",\"url\":\"https:\/\/www.pressenza.com\/de\/pressenza-als-medienpartner-des-3-weltmarsches-fuer-frieden-und-gewaltfreiheit\/\",\"name\":\"Pressenza als Medienpartner des 3. Weltmarsches f\u00fcr Frieden und Gewaltfreiheit - Pressenza\",\"isPartOf\":{\"@id\":\"https:\/\/www.pressenza.com\/de\/#website\"},\"datePublished\":\"2024-05-23T16:26:16+00:00\",\"dateModified\":\"2024-05-27T08:22:26+00:00\",\"breadcrumb\":{\"@id\":\"https:\/\/www.pressenza.com\/de\/pressenza-als-medienpartner-des-3-weltmarsches-fuer-frieden-und-gewaltfreiheit\/#breadcrumb\"},\"inLanguage\":\"de\",\"potentialAction\":[{\"@type\":\"ReadAction\",\"target\":[\"https:\/\/www.pressenza.com\/de\/pressenza-als-medienpartner-des-3-weltmarsches-fuer-frieden-und-gewaltfreiheit\/\"]}]},{\"@type\":\"BreadcrumbList\",\"@id\":\"https:\/\/www.pressenza.com\/de\/pressenza-als-medienpartner-des-3-weltmarsches-fuer-frieden-und-gewaltfreiheit\/#breadcrumb\",\"itemListElement\":[{\"@type\":\"ListItem\",\"position\":1,\"name\":\"Accueil\",\"item\":\"https:\/\/www.pressenza.com\/de\/\"},{\"@type\":\"ListItem\",\"position\":2,\"name\":\"Pressenza als Medienpartner des 3. Weltmarsches f\u00fcr Frieden und Gewaltfreiheit\"}]},{\"@type\":\"WebSite\",\"@id\":\"https:\/\/www.pressenza.com\/de\/#website\",\"url\":\"https:\/\/www.pressenza.com\/de\/\",\"name\":\"Pressenza\",\"description\":\"International Press Agency\",\"publisher\":{\"@id\":\"https:\/\/www.pressenza.com\/de\/#organization\"},\"potentialAction\":[{\"@type\":\"SearchAction\",\"target\":{\"@type\":\"EntryPoint\",\"urlTemplate\":\"https:\/\/www.pressenza.com\/de\/?s={search_term_string}\"},\"query-input\":{\"@type\":\"PropertyValueSpecification\",\"valueRequired\":true,\"valueName\":\"search_term_string\"}}],\"inLanguage\":\"de\"},{\"@type\":\"Organization\",\"@id\":\"https:\/\/www.pressenza.com\/de\/#organization\",\"name\":\"Pressenza\",\"url\":\"https:\/\/www.pressenza.com\/de\/\",\"logo\":{\"@type\":\"ImageObject\",\"inLanguage\":\"de\",\"@id\":\"https:\/\/www.pressenza.com\/de\/#\/schema\/logo\/image\/\",\"url\":\"https:\/\/www.pressenza.com\/wp-content\/uploads\/2022\/10\/pressenza_logo_200x200.jpg\",\"contentUrl\":\"https:\/\/www.pressenza.com\/wp-content\/uploads\/2022\/10\/pressenza_logo_200x200.jpg\",\"width\":200,\"height\":200,\"caption\":\"Pressenza\"},\"image\":{\"@id\":\"https:\/\/www.pressenza.com\/de\/#\/schema\/logo\/image\/\"},\"sameAs\":[\"https:\/\/www.facebook.com\/PressenzaItalia\",\"https:\/\/x.com\/PressenzaIPA\"]}]}<\/script>\n<!-- \/ Yoast SEO plugin. -->","yoast_head_json":{"title":"Pressenza als Medienpartner des 3. Weltmarsches f\u00fcr Frieden und Gewaltfreiheit - Pressenza","robots":{"index":"index","follow":"follow","max-snippet":"max-snippet:-1","max-image-preview":"max-image-preview:large","max-video-preview":"max-video-preview:-1"},"canonical":"https:\/\/www.pressenza.com\/de\/pressenza-als-medienpartner-des-3-weltmarsches-fuer-frieden-und-gewaltfreiheit\/","og_locale":"de_DE","og_type":"article","og_title":"Pressenza als Medienpartner des 3. Weltmarsches f\u00fcr Frieden und Gewaltfreiheit - Pressenza","og_description":"Pressenza als Medienpartner des 3. Weltmarsches f\u00fcr Frieden und Gewaltfreiheit Pressenza wurde urspr\u00fcnglich als Medienagentur f\u00fcr den ersten Weltmarsch f\u00fcr Frieden und Gewaltfreiheit im Jahr 2009 gegr\u00fcndet und kann seitdem auf eine beeindruckende Erfolgsgeschichte zur\u00fcckblicken. Gegr\u00fcndet im Zuge einer Friedensbewegung,&hellip;","og_url":"https:\/\/www.pressenza.com\/de\/pressenza-als-medienpartner-des-3-weltmarsches-fuer-frieden-und-gewaltfreiheit\/","og_site_name":"Pressenza","article_publisher":"https:\/\/www.facebook.com\/PressenzaItalia","article_modified_time":"2024-05-27T08:22:26+00:00","twitter_card":"summary_large_image","twitter_site":"@PressenzaIPA","twitter_misc":{"Gesch\u00e4tzte Lesezeit":"2\u00a0Minuten"},"schema":{"@context":"https:\/\/schema.org","@graph":[{"@type":"WebPage","@id":"https:\/\/www.pressenza.com\/de\/pressenza-als-medienpartner-des-3-weltmarsches-fuer-frieden-und-gewaltfreiheit\/","url":"https:\/\/www.pressenza.com\/de\/pressenza-als-medienpartner-des-3-weltmarsches-fuer-frieden-und-gewaltfreiheit\/","name":"Pressenza als Medienpartner des 3. Weltmarsches f\u00fcr Frieden und Gewaltfreiheit - Pressenza","isPartOf":{"@id":"https:\/\/www.pressenza.com\/de\/#website"},"datePublished":"2024-05-23T16:26:16+00:00","dateModified":"2024-05-27T08:22:26+00:00","breadcrumb":{"@id":"https:\/\/www.pressenza.com\/de\/pressenza-als-medienpartner-des-3-weltmarsches-fuer-frieden-und-gewaltfreiheit\/#breadcrumb"},"inLanguage":"de","potentialAction":[{"@type":"ReadAction","target":["https:\/\/www.pressenza.com\/de\/pressenza-als-medienpartner-des-3-weltmarsches-fuer-frieden-und-gewaltfreiheit\/"]}]},{"@type":"BreadcrumbList","@id":"https:\/\/www.pressenza.com\/de\/pressenza-als-medienpartner-des-3-weltmarsches-fuer-frieden-und-gewaltfreiheit\/#breadcrumb","itemListElement":[{"@type":"ListItem","position":1,"name":"Accueil","item":"https:\/\/www.pressenza.com\/de\/"},{"@type":"ListItem","position":2,"name":"Pressenza als Medienpartner des 3. Weltmarsches f\u00fcr Frieden und Gewaltfreiheit"}]},{"@type":"WebSite","@id":"https:\/\/www.pressenza.com\/de\/#website","url":"https:\/\/www.pressenza.com\/de\/","name":"Pressenza","description":"International Press Agency","publisher":{"@id":"https:\/\/www.pressenza.com\/de\/#organization"},"potentialAction":[{"@type":"SearchAction","target":{"@type":"EntryPoint","urlTemplate":"https:\/\/www.pressenza.com\/de\/?s={search_term_string}"},"query-input":{"@type":"PropertyValueSpecification","valueRequired":true,"valueName":"search_term_string"}}],"inLanguage":"de"},{"@type":"Organization","@id":"https:\/\/www.pressenza.com\/de\/#organization","name":"Pressenza","url":"https:\/\/www.pressenza.com\/de\/","logo":{"@type":"ImageObject","inLanguage":"de","@id":"https:\/\/www.pressenza.com\/de\/#\/schema\/logo\/image\/","url":"https:\/\/www.pressenza.com\/wp-content\/uploads\/2022\/10\/pressenza_logo_200x200.jpg","contentUrl":"https:\/\/www.pressenza.com\/wp-content\/uploads\/2022\/10\/pressenza_logo_200x200.jpg","width":200,"height":200,"caption":"Pressenza"},"image":{"@id":"https:\/\/www.pressenza.com\/de\/#\/schema\/logo\/image\/"},"sameAs":["https:\/\/www.facebook.com\/PressenzaItalia","https:\/\/x.com\/PressenzaIPA"]}]}},"_links":{"self":[{"href":"https:\/\/www.pressenza.com\/de\/wp-json\/wp\/v2\/pages\/2526385","targetHints":{"allow":["GET"]}}],"collection":[{"href":"https:\/\/www.pressenza.com\/de\/wp-json\/wp\/v2\/pages"}],"about":[{"href":"https:\/\/www.pressenza.com\/de\/wp-json\/wp\/v2\/types\/page"}],"author":[{"embeddable":true,"href":"https:\/\/www.pressenza.com\/de\/wp-json\/wp\/v2\/users\/1089"}],"replies":[{"embeddable":true,"href":"https:\/\/www.pressenza.com\/de\/wp-json\/wp\/v2\/comments?post=2526385"}],"version-history":[{"count":0,"href":"https:\/\/www.pressenza.com\/de\/wp-json\/wp\/v2\/pages\/2526385\/revisions"}],"wp:attachment":[{"href":"https:\/\/www.pressenza.com\/de\/wp-json\/wp\/v2\/media?parent=2526385"}],"curies":[{"name":"wp","href":"https:\/\/api.w.org\/{rel}","templated":true}]}}