{"id":1845313,"date":"2024-05-16T14:24:51","date_gmt":"2024-05-16T13:24:51","guid":{"rendered":"https:\/\/www.pressenza.com\/?page_id=1845313"},"modified":"2024-05-16T14:24:51","modified_gmt":"2024-05-16T13:24:51","slug":"uber-uns","status":"publish","type":"page","link":"https:\/\/www.pressenza.com\/de\/uber-uns\/","title":{"rendered":"\u00dcber uns"},"content":{"rendered":"<h3 class=\"lead\">Humanismus,<br \/>\nGewaltfreiheit,<br \/>\nMenschenrechte,<br \/>\nAbr\u00fcstung,<br \/>\nNicht-Diskriminierung<\/h3>\n<h2 class=\"bg-green\">Wer wir sind<\/h2>\n<p>Pressenza ist ein offener Raum, in dem sich die soziale Basis ausdr\u00fccken kann. Pressenza gibt einer universalistischen, humanistischen Sichtweise den Vorrang und arbeitet intensiv mit anderen Agenturen zusammen. Des Weiteren hat Pressenza Verbindungen zu Portalen, Organisationen, Informations- und Kommunikationsmedien, Gemeinschaften und benachteiligten Bev\u00f6lkerungsgruppen, die auf Gegenseitigkeit beruhen. Pressenza ist Teil eines breiten Netzes neuer Medien, die so ihre lokalen Vorschl\u00e4ge weltweit verbreiten und gleichzeitig die Informationen nutzen k\u00f6nnen, die von der Agentur zur Verf\u00fcgung gestellt werden.<\/p>\n<p>Das Team von Pressenza besteht aus Freiwilligen mit viel Erfahrung in Kommunikation, sozialem Aktivismus, im kulturellen und akademischen Bereich. Die Agentur hat keine wirtschaftlichen Interessen, dies ist eine Grundbedingung f\u00fcr ihre Unabh\u00e4ngigkeit. Sie verf\u00fcgt \u00fcber Kolumnisten, Reporter, Fotografen, Grafiker, Filmemacher und \u00dcbersetzer, die auf allen f\u00fcnf Kontinenten ehrenamtlich ihre professionelle Arbeit beitragen.<\/p>\n<p>Entstanden ist die Agentur 2009 in Mailand, Italien, ihren juristischen Standort als internationale Presseagentur hat sie seit 2014 in Ecuador. Pressenza ist in dezentralen Teams und Redaktionen organisiert. Vertreten in 24 L\u00e4ndern, stellt Pressenza t\u00e4glich Informationen auf Englisch, Italienisch, Spanisch, Franz\u00f6sisch, Portugiesisch, Deutsch, Griechisch und Katalanisch zur Verf\u00fcgung.<\/p>\n<h2 class=\"bg-blue\">Ziel<\/h2>\n<p>Pressenza ver\u00f6ffentlicht Nachrichten, Initiativen, Vorschl\u00e4ge und Ereignisse, die mit Frieden, Gewaltfreiheit, Abr\u00fcstung, den Menschenrechten und dem Kampf gegen jede Form von Diskriminierung zu tun haben. F\u00fcr Pressenza ist der Mensch zentraler Wert und zentrale Sorge und die Vielfalt ma\u00dfgebend. Pressenza schl\u00e4gt einen aktiven und scharfsichtigen Journalismus vor, der diese wesentlichen Pr\u00e4missen respektiert und auf eine L\u00f6sung der weltweiten Krisen und sozialen Konflikte abzielt.<\/p>\n<p>In diesem Sinne verbreitet Pressenza Studien, Analysen und Aktionen, die zum Weltfrieden und zur \u00dcberwindung der Gewalt beitragen. Dabei legt sie ihren Schwerpunkt auf die Abr\u00fcstung nuklearer und konventioneller Waffen, auf die friedliche L\u00f6sung von Konflikten, auf Pr\u00e4vention und den R\u00fcckzug aus den besetzten Gebieten.<\/p>\n<p>Pressenza verurteilt ebenfalls alle Handlungen und Situationen, die in der Bev\u00f6lkerung Schmerz und Leiden bewirken. Hier versucht sie die Ursachen zu entdecken und sie zu ver\u00e4ndern und spielt dabei eine Rolle, die \u00fcber das blo\u00dfe Zuschauen hinausgeht. Die Agentur bildet auch aus und nimmt Volont\u00e4re auf, die diese \u00dcberzeugungen teilen.<\/p>\n<h2 class=\"bg-orange\">Kostenloses Abonnement<\/h2>\n<p>Der gesamte, von Pressenza produzierte Inhalt, steht \u2013 wenn nichts anderes vermerkt \u2013 unter der Lizenz Creative Commons 4.0. kostenlos zur Verf\u00fcgung. Das Material wird per Email und RSS an die Abonnentinnen und Abonnenten verschickt und ist dauerhaft auf der Webseite <a href=\"http:\/\/www.pressenza.com\">www.pressenza.com<\/a> abrufbar.<\/p>\n","protected":false},"excerpt":{"rendered":"<p>Humanismus, Gewaltfreiheit, Menschenrechte, Abr\u00fcstung, Nicht-Diskriminierung Wer wir sind Pressenza ist ein offener Raum, in dem sich die soziale Basis ausdr\u00fccken kann. Pressenza gibt einer universalistischen, humanistischen Sichtweise den Vorrang und arbeitet intensiv mit anderen Agenturen zusammen. Des Weiteren hat Pressenza&hellip;<\/p>\n","protected":false},"author":19,"featured_media":0,"parent":0,"menu_order":2,"comment_status":"closed","ping_status":"closed","template":"page_about.php","meta":{"footnotes":""},"class_list":["post-1845313","page","type-page","status-publish","hentry"],"yoast_head":"<!-- This site is optimized with the Yoast SEO plugin v27.1.1 - https:\/\/yoast.com\/product\/yoast-seo-wordpress\/ -->\n<title>\u00dcber uns - Pressenza<\/title>\n<meta name=\"robots\" content=\"index, follow, max-snippet:-1, max-image-preview:large, max-video-preview:-1\" \/>\n<link rel=\"canonical\" href=\"https:\/\/www.pressenza.com\/de\/uber-uns\/\" \/>\n<meta property=\"og:locale\" content=\"de_DE\" \/>\n<meta property=\"og:type\" content=\"article\" \/>\n<meta property=\"og:title\" content=\"\u00dcber uns - Pressenza\" \/>\n<meta property=\"og:description\" content=\"Humanismus, Gewaltfreiheit, Menschenrechte, Abr\u00fcstung, Nicht-Diskriminierung Wer wir sind Pressenza ist ein offener Raum, in dem sich die soziale Basis ausdr\u00fccken kann. Pressenza gibt einer universalistischen, humanistischen Sichtweise den Vorrang und arbeitet intensiv mit anderen Agenturen zusammen. Des Weiteren hat Pressenza&hellip;\" \/>\n<meta property=\"og:url\" content=\"https:\/\/www.pressenza.com\/de\/uber-uns\/\" \/>\n<meta property=\"og:site_name\" content=\"Pressenza\" \/>\n<meta property=\"article:publisher\" content=\"https:\/\/www.facebook.com\/PressenzaItalia\" \/>\n<meta name=\"twitter:card\" content=\"summary_large_image\" \/>\n<meta name=\"twitter:site\" content=\"@PressenzaIPA\" \/>\n<meta name=\"twitter:label1\" content=\"Gesch\u00e4tzte Lesezeit\" \/>\n\t<meta name=\"twitter:data1\" content=\"2\u00a0Minuten\" \/>\n<script type=\"application\/ld+json\" class=\"yoast-schema-graph\">{\"@context\":\"https:\/\/schema.org\",\"@graph\":[{\"@type\":\"WebPage\",\"@id\":\"https:\/\/www.pressenza.com\/de\/uber-uns\/\",\"url\":\"https:\/\/www.pressenza.com\/de\/uber-uns\/\",\"name\":\"\u00dcber uns - Pressenza\",\"isPartOf\":{\"@id\":\"https:\/\/www.pressenza.com\/de\/#website\"},\"datePublished\":\"2024-05-16T13:24:51+00:00\",\"breadcrumb\":{\"@id\":\"https:\/\/www.pressenza.com\/de\/uber-uns\/#breadcrumb\"},\"inLanguage\":\"de\",\"potentialAction\":[{\"@type\":\"ReadAction\",\"target\":[\"https:\/\/www.pressenza.com\/de\/uber-uns\/\"]}]},{\"@type\":\"BreadcrumbList\",\"@id\":\"https:\/\/www.pressenza.com\/de\/uber-uns\/#breadcrumb\",\"itemListElement\":[{\"@type\":\"ListItem\",\"position\":1,\"name\":\"Accueil\",\"item\":\"https:\/\/www.pressenza.com\/de\/\"},{\"@type\":\"ListItem\",\"position\":2,\"name\":\"\u00dcber uns\"}]},{\"@type\":\"WebSite\",\"@id\":\"https:\/\/www.pressenza.com\/de\/#website\",\"url\":\"https:\/\/www.pressenza.com\/de\/\",\"name\":\"Pressenza\",\"description\":\"International Press Agency\",\"publisher\":{\"@id\":\"https:\/\/www.pressenza.com\/de\/#organization\"},\"potentialAction\":[{\"@type\":\"SearchAction\",\"target\":{\"@type\":\"EntryPoint\",\"urlTemplate\":\"https:\/\/www.pressenza.com\/de\/?s={search_term_string}\"},\"query-input\":{\"@type\":\"PropertyValueSpecification\",\"valueRequired\":true,\"valueName\":\"search_term_string\"}}],\"inLanguage\":\"de\"},{\"@type\":\"Organization\",\"@id\":\"https:\/\/www.pressenza.com\/de\/#organization\",\"name\":\"Pressenza\",\"url\":\"https:\/\/www.pressenza.com\/de\/\",\"logo\":{\"@type\":\"ImageObject\",\"inLanguage\":\"de\",\"@id\":\"https:\/\/www.pressenza.com\/de\/#\/schema\/logo\/image\/\",\"url\":\"https:\/\/www.pressenza.com\/wp-content\/uploads\/2022\/10\/pressenza_logo_200x200.jpg\",\"contentUrl\":\"https:\/\/www.pressenza.com\/wp-content\/uploads\/2022\/10\/pressenza_logo_200x200.jpg\",\"width\":200,\"height\":200,\"caption\":\"Pressenza\"},\"image\":{\"@id\":\"https:\/\/www.pressenza.com\/de\/#\/schema\/logo\/image\/\"},\"sameAs\":[\"https:\/\/www.facebook.com\/PressenzaItalia\",\"https:\/\/x.com\/PressenzaIPA\"]}]}<\/script>\n<!-- \/ Yoast SEO plugin. -->","yoast_head_json":{"title":"\u00dcber uns - Pressenza","robots":{"index":"index","follow":"follow","max-snippet":"max-snippet:-1","max-image-preview":"max-image-preview:large","max-video-preview":"max-video-preview:-1"},"canonical":"https:\/\/www.pressenza.com\/de\/uber-uns\/","og_locale":"de_DE","og_type":"article","og_title":"\u00dcber uns - Pressenza","og_description":"Humanismus, Gewaltfreiheit, Menschenrechte, Abr\u00fcstung, Nicht-Diskriminierung Wer wir sind Pressenza ist ein offener Raum, in dem sich die soziale Basis ausdr\u00fccken kann. Pressenza gibt einer universalistischen, humanistischen Sichtweise den Vorrang und arbeitet intensiv mit anderen Agenturen zusammen. Des Weiteren hat Pressenza&hellip;","og_url":"https:\/\/www.pressenza.com\/de\/uber-uns\/","og_site_name":"Pressenza","article_publisher":"https:\/\/www.facebook.com\/PressenzaItalia","twitter_card":"summary_large_image","twitter_site":"@PressenzaIPA","twitter_misc":{"Gesch\u00e4tzte Lesezeit":"2\u00a0Minuten"},"schema":{"@context":"https:\/\/schema.org","@graph":[{"@type":"WebPage","@id":"https:\/\/www.pressenza.com\/de\/uber-uns\/","url":"https:\/\/www.pressenza.com\/de\/uber-uns\/","name":"\u00dcber uns - Pressenza","isPartOf":{"@id":"https:\/\/www.pressenza.com\/de\/#website"},"datePublished":"2024-05-16T13:24:51+00:00","breadcrumb":{"@id":"https:\/\/www.pressenza.com\/de\/uber-uns\/#breadcrumb"},"inLanguage":"de","potentialAction":[{"@type":"ReadAction","target":["https:\/\/www.pressenza.com\/de\/uber-uns\/"]}]},{"@type":"BreadcrumbList","@id":"https:\/\/www.pressenza.com\/de\/uber-uns\/#breadcrumb","itemListElement":[{"@type":"ListItem","position":1,"name":"Accueil","item":"https:\/\/www.pressenza.com\/de\/"},{"@type":"ListItem","position":2,"name":"\u00dcber uns"}]},{"@type":"WebSite","@id":"https:\/\/www.pressenza.com\/de\/#website","url":"https:\/\/www.pressenza.com\/de\/","name":"Pressenza","description":"International Press Agency","publisher":{"@id":"https:\/\/www.pressenza.com\/de\/#organization"},"potentialAction":[{"@type":"SearchAction","target":{"@type":"EntryPoint","urlTemplate":"https:\/\/www.pressenza.com\/de\/?s={search_term_string}"},"query-input":{"@type":"PropertyValueSpecification","valueRequired":true,"valueName":"search_term_string"}}],"inLanguage":"de"},{"@type":"Organization","@id":"https:\/\/www.pressenza.com\/de\/#organization","name":"Pressenza","url":"https:\/\/www.pressenza.com\/de\/","logo":{"@type":"ImageObject","inLanguage":"de","@id":"https:\/\/www.pressenza.com\/de\/#\/schema\/logo\/image\/","url":"https:\/\/www.pressenza.com\/wp-content\/uploads\/2022\/10\/pressenza_logo_200x200.jpg","contentUrl":"https:\/\/www.pressenza.com\/wp-content\/uploads\/2022\/10\/pressenza_logo_200x200.jpg","width":200,"height":200,"caption":"Pressenza"},"image":{"@id":"https:\/\/www.pressenza.com\/de\/#\/schema\/logo\/image\/"},"sameAs":["https:\/\/www.facebook.com\/PressenzaItalia","https:\/\/x.com\/PressenzaIPA"]}]}},"_links":{"self":[{"href":"https:\/\/www.pressenza.com\/de\/wp-json\/wp\/v2\/pages\/1845313","targetHints":{"allow":["GET"]}}],"collection":[{"href":"https:\/\/www.pressenza.com\/de\/wp-json\/wp\/v2\/pages"}],"about":[{"href":"https:\/\/www.pressenza.com\/de\/wp-json\/wp\/v2\/types\/page"}],"author":[{"embeddable":true,"href":"https:\/\/www.pressenza.com\/de\/wp-json\/wp\/v2\/users\/19"}],"replies":[{"embeddable":true,"href":"https:\/\/www.pressenza.com\/de\/wp-json\/wp\/v2\/comments?post=1845313"}],"version-history":[{"count":0,"href":"https:\/\/www.pressenza.com\/de\/wp-json\/wp\/v2\/pages\/1845313\/revisions"}],"wp:attachment":[{"href":"https:\/\/www.pressenza.com\/de\/wp-json\/wp\/v2\/media?parent=1845313"}],"curies":[{"name":"wp","href":"https:\/\/api.w.org\/{rel}","templated":true}]}}