{"id":1835566,"date":"2024-03-30T08:07:23","date_gmt":"2024-03-30T08:07:23","guid":{"rendered":"https:\/\/www.pressenza.com\/?page_id=1835566"},"modified":"2024-03-30T08:08:04","modified_gmt":"2024-03-30T08:08:04","slug":"impressum","status":"publish","type":"page","link":"https:\/\/www.pressenza.com\/de\/impressum\/","title":{"rendered":"Impressum"},"content":{"rendered":"<h3><span style=\"color: #000000;\"><strong>Verantwortlich f\u00fcr den Inhalt:<\/strong><\/span><\/h3>\n<p><span style=\"color: #000000;\">Corporaci\u00f3n PRESSENZA-IPA Agencia de Noticias de Paz y No Violencia<\/span><br \/>\n<span style=\"color: #000000;\">calle Carlos Tobar E6-124 y Eloy Alfaro<\/span><br \/>\n<span style=\"color: #000000;\">Dpto. 403<\/span><br \/>\n<span style=\"color: #000000;\">Quito 170517<\/span><br \/>\n<span style=\"color: #000000;\">Ecuador<\/span><br \/>\n<span style=\"color: #000000;\"><a style=\"color: #000000;\" href=\"mailto:info@pressenza.com\" target=\"_blank\" rel=\"noopener\">info@pressenza.com<\/a><\/span><br \/>\n<span style=\"color: #000000;\">Memo # SNC-DAL-2014-0011-O # 037 Vereinbarung vom 4. Juni 2014 des nationalen Ministeriums f\u00fcr Kommunikation, Ecuador<\/span><\/p>\n<p><span style=\"color: #000000;\"><strong>Haftungshinweis:<\/strong><\/span><br \/>\n<span style=\"color: #000000;\">Trotz sorgf\u00e4ltiger inhaltlicher Kontrolle \u00fcbernehmen wir keine Haftung f\u00fcr die Inhalte externer Links. F\u00fcr den Inhalt der verlinkten Seiten sind ausschlie\u00dflich deren Betreiber verantwortlich.<\/span><\/p>\n","protected":false},"excerpt":{"rendered":"<p>Verantwortlich f\u00fcr den Inhalt: Corporaci\u00f3n PRESSENZA-IPA Agencia de Noticias de Paz y No Violencia calle Carlos Tobar E6-124 y Eloy Alfaro Dpto. 403 Quito 170517 Ecuador info@pressenza.com Memo # SNC-DAL-2014-0011-O # 037 Vereinbarung vom 4. Juni 2014 des nationalen Ministeriums&hellip;<\/p>\n","protected":false},"author":1089,"featured_media":0,"parent":0,"menu_order":0,"comment_status":"closed","ping_status":"closed","template":"","meta":{"footnotes":""},"class_list":["post-1835566","page","type-page","status-publish","hentry"],"yoast_head":"<!-- This site is optimized with the Yoast SEO plugin v27.1.1 - https:\/\/yoast.com\/product\/yoast-seo-wordpress\/ -->\n<title>Impressum - Pressenza<\/title>\n<meta name=\"robots\" content=\"index, follow, max-snippet:-1, max-image-preview:large, max-video-preview:-1\" \/>\n<link rel=\"canonical\" href=\"https:\/\/www.pressenza.com\/de\/impressum\/\" \/>\n<meta property=\"og:locale\" content=\"de_DE\" \/>\n<meta property=\"og:type\" content=\"article\" \/>\n<meta property=\"og:title\" content=\"Impressum - Pressenza\" \/>\n<meta property=\"og:description\" content=\"Verantwortlich f\u00fcr den Inhalt: Corporaci\u00f3n PRESSENZA-IPA Agencia de Noticias de Paz y No Violencia calle Carlos Tobar E6-124 y Eloy Alfaro Dpto. 403 Quito 170517 Ecuador info@pressenza.com Memo # SNC-DAL-2014-0011-O # 037 Vereinbarung vom 4. Juni 2014 des nationalen Ministeriums&hellip;\" \/>\n<meta property=\"og:url\" content=\"https:\/\/www.pressenza.com\/de\/impressum\/\" \/>\n<meta property=\"og:site_name\" content=\"Pressenza\" \/>\n<meta property=\"article:publisher\" content=\"https:\/\/www.facebook.com\/PressenzaItalia\" \/>\n<meta property=\"article:modified_time\" content=\"2024-03-30T08:08:04+00:00\" \/>\n<meta name=\"twitter:card\" content=\"summary_large_image\" \/>\n<meta name=\"twitter:site\" content=\"@PressenzaIPA\" \/>\n<meta name=\"twitter:label1\" content=\"Gesch\u00e4tzte Lesezeit\" \/>\n\t<meta name=\"twitter:data1\" content=\"1\u00a0Minute\" \/>\n<script type=\"application\/ld+json\" class=\"yoast-schema-graph\">{\"@context\":\"https:\/\/schema.org\",\"@graph\":[{\"@type\":\"WebPage\",\"@id\":\"https:\/\/www.pressenza.com\/de\/impressum\/\",\"url\":\"https:\/\/www.pressenza.com\/de\/impressum\/\",\"name\":\"Impressum - Pressenza\",\"isPartOf\":{\"@id\":\"https:\/\/www.pressenza.com\/de\/#website\"},\"datePublished\":\"2024-03-30T08:07:23+00:00\",\"dateModified\":\"2024-03-30T08:08:04+00:00\",\"breadcrumb\":{\"@id\":\"https:\/\/www.pressenza.com\/de\/impressum\/#breadcrumb\"},\"inLanguage\":\"de\",\"potentialAction\":[{\"@type\":\"ReadAction\",\"target\":[\"https:\/\/www.pressenza.com\/de\/impressum\/\"]}]},{\"@type\":\"BreadcrumbList\",\"@id\":\"https:\/\/www.pressenza.com\/de\/impressum\/#breadcrumb\",\"itemListElement\":[{\"@type\":\"ListItem\",\"position\":1,\"name\":\"Accueil\",\"item\":\"https:\/\/www.pressenza.com\/de\/\"},{\"@type\":\"ListItem\",\"position\":2,\"name\":\"Impressum\"}]},{\"@type\":\"WebSite\",\"@id\":\"https:\/\/www.pressenza.com\/de\/#website\",\"url\":\"https:\/\/www.pressenza.com\/de\/\",\"name\":\"Pressenza\",\"description\":\"International Press Agency\",\"publisher\":{\"@id\":\"https:\/\/www.pressenza.com\/de\/#organization\"},\"potentialAction\":[{\"@type\":\"SearchAction\",\"target\":{\"@type\":\"EntryPoint\",\"urlTemplate\":\"https:\/\/www.pressenza.com\/de\/?s={search_term_string}\"},\"query-input\":{\"@type\":\"PropertyValueSpecification\",\"valueRequired\":true,\"valueName\":\"search_term_string\"}}],\"inLanguage\":\"de\"},{\"@type\":\"Organization\",\"@id\":\"https:\/\/www.pressenza.com\/de\/#organization\",\"name\":\"Pressenza\",\"url\":\"https:\/\/www.pressenza.com\/de\/\",\"logo\":{\"@type\":\"ImageObject\",\"inLanguage\":\"de\",\"@id\":\"https:\/\/www.pressenza.com\/de\/#\/schema\/logo\/image\/\",\"url\":\"https:\/\/www.pressenza.com\/wp-content\/uploads\/2022\/10\/pressenza_logo_200x200.jpg\",\"contentUrl\":\"https:\/\/www.pressenza.com\/wp-content\/uploads\/2022\/10\/pressenza_logo_200x200.jpg\",\"width\":200,\"height\":200,\"caption\":\"Pressenza\"},\"image\":{\"@id\":\"https:\/\/www.pressenza.com\/de\/#\/schema\/logo\/image\/\"},\"sameAs\":[\"https:\/\/www.facebook.com\/PressenzaItalia\",\"https:\/\/x.com\/PressenzaIPA\"]}]}<\/script>\n<!-- \/ Yoast SEO plugin. -->","yoast_head_json":{"title":"Impressum - Pressenza","robots":{"index":"index","follow":"follow","max-snippet":"max-snippet:-1","max-image-preview":"max-image-preview:large","max-video-preview":"max-video-preview:-1"},"canonical":"https:\/\/www.pressenza.com\/de\/impressum\/","og_locale":"de_DE","og_type":"article","og_title":"Impressum - Pressenza","og_description":"Verantwortlich f\u00fcr den Inhalt: Corporaci\u00f3n PRESSENZA-IPA Agencia de Noticias de Paz y No Violencia calle Carlos Tobar E6-124 y Eloy Alfaro Dpto. 403 Quito 170517 Ecuador info@pressenza.com Memo # SNC-DAL-2014-0011-O # 037 Vereinbarung vom 4. Juni 2014 des nationalen Ministeriums&hellip;","og_url":"https:\/\/www.pressenza.com\/de\/impressum\/","og_site_name":"Pressenza","article_publisher":"https:\/\/www.facebook.com\/PressenzaItalia","article_modified_time":"2024-03-30T08:08:04+00:00","twitter_card":"summary_large_image","twitter_site":"@PressenzaIPA","twitter_misc":{"Gesch\u00e4tzte Lesezeit":"1\u00a0Minute"},"schema":{"@context":"https:\/\/schema.org","@graph":[{"@type":"WebPage","@id":"https:\/\/www.pressenza.com\/de\/impressum\/","url":"https:\/\/www.pressenza.com\/de\/impressum\/","name":"Impressum - Pressenza","isPartOf":{"@id":"https:\/\/www.pressenza.com\/de\/#website"},"datePublished":"2024-03-30T08:07:23+00:00","dateModified":"2024-03-30T08:08:04+00:00","breadcrumb":{"@id":"https:\/\/www.pressenza.com\/de\/impressum\/#breadcrumb"},"inLanguage":"de","potentialAction":[{"@type":"ReadAction","target":["https:\/\/www.pressenza.com\/de\/impressum\/"]}]},{"@type":"BreadcrumbList","@id":"https:\/\/www.pressenza.com\/de\/impressum\/#breadcrumb","itemListElement":[{"@type":"ListItem","position":1,"name":"Accueil","item":"https:\/\/www.pressenza.com\/de\/"},{"@type":"ListItem","position":2,"name":"Impressum"}]},{"@type":"WebSite","@id":"https:\/\/www.pressenza.com\/de\/#website","url":"https:\/\/www.pressenza.com\/de\/","name":"Pressenza","description":"International Press Agency","publisher":{"@id":"https:\/\/www.pressenza.com\/de\/#organization"},"potentialAction":[{"@type":"SearchAction","target":{"@type":"EntryPoint","urlTemplate":"https:\/\/www.pressenza.com\/de\/?s={search_term_string}"},"query-input":{"@type":"PropertyValueSpecification","valueRequired":true,"valueName":"search_term_string"}}],"inLanguage":"de"},{"@type":"Organization","@id":"https:\/\/www.pressenza.com\/de\/#organization","name":"Pressenza","url":"https:\/\/www.pressenza.com\/de\/","logo":{"@type":"ImageObject","inLanguage":"de","@id":"https:\/\/www.pressenza.com\/de\/#\/schema\/logo\/image\/","url":"https:\/\/www.pressenza.com\/wp-content\/uploads\/2022\/10\/pressenza_logo_200x200.jpg","contentUrl":"https:\/\/www.pressenza.com\/wp-content\/uploads\/2022\/10\/pressenza_logo_200x200.jpg","width":200,"height":200,"caption":"Pressenza"},"image":{"@id":"https:\/\/www.pressenza.com\/de\/#\/schema\/logo\/image\/"},"sameAs":["https:\/\/www.facebook.com\/PressenzaItalia","https:\/\/x.com\/PressenzaIPA"]}]}},"_links":{"self":[{"href":"https:\/\/www.pressenza.com\/de\/wp-json\/wp\/v2\/pages\/1835566","targetHints":{"allow":["GET"]}}],"collection":[{"href":"https:\/\/www.pressenza.com\/de\/wp-json\/wp\/v2\/pages"}],"about":[{"href":"https:\/\/www.pressenza.com\/de\/wp-json\/wp\/v2\/types\/page"}],"author":[{"embeddable":true,"href":"https:\/\/www.pressenza.com\/de\/wp-json\/wp\/v2\/users\/1089"}],"replies":[{"embeddable":true,"href":"https:\/\/www.pressenza.com\/de\/wp-json\/wp\/v2\/comments?post=1835566"}],"version-history":[{"count":0,"href":"https:\/\/www.pressenza.com\/de\/wp-json\/wp\/v2\/pages\/1835566\/revisions"}],"wp:attachment":[{"href":"https:\/\/www.pressenza.com\/de\/wp-json\/wp\/v2\/media?parent=1835566"}],"curies":[{"name":"wp","href":"https:\/\/api.w.org\/{rel}","templated":true}]}}