{"id":1199887,"date":"2020-09-19T10:20:55","date_gmt":"2020-09-19T09:20:55","guid":{"rendered":"https:\/\/www.pressenza.com\/?page_id=1199887"},"modified":"2021-02-07T20:06:13","modified_gmt":"2021-02-07T20:06:13","slug":"katalog-der-dokumentationen","status":"publish","type":"page","link":"https:\/\/www.pressenza.com\/de\/katalog-der-dokumentationen\/","title":{"rendered":"Katalog der Dokumentationen"},"content":{"rendered":"<h1><img loading=\"lazy\" decoding=\"async\" class=\"img-responsive alignnone size-full wp-image-1148250\" src=\"https:\/\/www.pressenza.com\/wp-content\/uploads\/2020\/10\/Dokumentarfilme-banner.jpg\" alt=\"\" width=\"1120\" height=\"630\" \/><\/h1>\n<h1><strong>KATALOG DER DOKUMENTATIONEN<\/strong><\/h1>\n<p>Es folgt eine Liste der f\u00fcr Pressenza produzierten Dokumentationen, die mit der Creative Commons Lizenz 4.0 verf\u00fcgbar sind. Diese erm\u00f6glicht den TV-Kan\u00e4len eine kostenfreie Ausstrahlung. Um die Trailer oder Dokumentationen anzuschauen, kann direkter Kontakt mit den Verantwortlichen f\u00fcr die Produktion aufgenommen werden.<\/p>\n<hr \/>\n<h2><strong><span style=\"color: #f58220;\">\u5979\u4eec\u611f\u89c9\u5230\u9ece\u660e\u8981\u6765\u4e86<\/span><\/strong><\/h2>\n<h2><strong>SIE WISSEN, <span style=\"color: #f58220;\">DASS DIE SONNE AUFGEHT<\/span><\/strong><\/h2>\n<h3><span style=\"color: #f58220;\">Technische Details<\/span><\/h3>\n<p><em>Produktionsjahr:<\/em> 2019<br \/>\n<em>L\u00e4nge:<\/em> 56\u2032<br \/>\n<em>Format:<\/em> HD<br \/>\n<em>Bild:<\/em> 16\/9<br \/>\n<em>Farbe:<\/em> in Farbe<br \/>\n<em>Genre:<\/em> Dokumentation<br \/>\n<em>Drehort:<\/em> Chile, Peru, Ecuador, Kolumbien und Mexiko<br \/>\n<em>Originalversion:<\/em> Spanisch<br \/>\n<em>Sprache:<\/em> Spanisch, Englisch<br \/>\n<em>Untertitel:<\/em> Spanisch, Chinesisch, Englisch, Italienisch, Deutsch (Franz\u00f6sisch und Griechisch sind in Bearbeitung)<\/p>\n<p>Unter der Regie von An\u00edbal Feres, hat Pressenza diesen Dokumentarfilm auf Anfrage des China Global Television Network (CGTN) realisiert. Er wurde am 9. Und 10. November im asiatischen Fernsehen ausgestrahlt und hat eine sehr hohe Zuschauerzahl erreicht. Nach seiner Freigabe f\u00fcr weitere Fernsehsender wurde er bei MNN1 in den USA, im TV UNAM in Mexiko, in Canal 14 und UCR in Costa Rica, Canal 3, Canal 10 und Canal Santa Rosa in Argentinien, Canal 3 La Victoria in Chile, TeleAntioquia in Kolumbien gesendet.<\/p>\n<p>In verschiedenen Interviews wird die Arbeit unterschiedlicher avantgardistischer lateinamerikanischer Frauen gezeigt, die auf verschiedenen Gebieten der Wissenschaft und Technologie t\u00e4tig sind. Sie alle haben zum Ziel einen Beitrag f\u00fcr die Gesellschaft und die Umwelt zu leisten. Wie begegnen ihnen auf unseren Reisen durch Chile, Peru, Ecuador, Kolumbien und Mexiko, und verbleiben in der Hoffnung auf ein neues Morgen.<\/p>\n<p><em>Trailer<\/em>: <a href=\"https:\/\/youtu.be\/5H3Pp0Cf5io\">https:\/\/youtu.be\/5H3Pp0Cf5io<\/a><\/p>\n<p><em>Kontakt:<\/em> P\u00eda Figueroa <a href=\"mailto:piaf@pressenza.com\">piaf@pressenza.com<\/a> +569 97116536<\/p>\n<hr \/>\n<h2><strong>DER ANFANG VOM ENDE <span style=\"color: #f58220;\">DER ATOMWAFFEN <\/span><\/strong><\/h2>\n<h3><span style=\"color: #f58220;\">Technische Details<\/span><\/h3>\n<p>Produktionsjahr: 2019<br \/>\nL\u00e4nge: 56 min<br \/>\nFormat: HD<br \/>\nBild: 16\/9<br \/>\nFarbe: in Farbe<br \/>\nGenre: Dokumentation<br \/>\nDrehort: Spanien, USA, Kanada, Niederlande, Schweiz<br \/>\nOriginalversion: Spanisch &amp; Englisch<br \/>\nSprache: Spanisch, Englisch, Italienisch, Portugiesisch, Griechisch, Deutsch, Japanisch, Franz\u00f6sisch. Tschechisch und Schwedisch (Russisch und Arabisch folgen)<br \/>\nUntertitel: Spanisch, Englisch, Italienisch, Portugiesisch, Portugiesisch, Griechisch, Deutsch, Japanisch, Franz\u00f6sisch. Tschechisch und Schwedisch (Russisch, Katalanisch und Arabisch folgen)<\/p>\n<p>Am 7. Juli 2017 stimmten 122 L\u00e4nder f\u00fcr einen Atomwaffenverbotsvertrag. Dies waren die L\u00e4nder, die nicht im Besitz solcher Waffen, sondern durch diese bedroht waren. Die Regierungen der gro\u00dfen Atomm\u00e4chte stimmten zu \u2013 nichtsdestotrotz wurde das Verbot auf den Weg gebracht. Etwas Neues ist geschehen.<\/p>\n<p>Diese Dokumentation unter Regie von \u00c1lvaro Orus handelt von den Anstrengungen, das Abkommen f\u00fcr das Verbot von Atomwaffen im internationalen Recht zu verankern. \u00a0Au\u00dferdem wird die Rolle \u00a0der Internationalen Kampagne zur Abschaffung von Atomwaffen (ICAN), dabei durch die Stimmen wesentlicher Aktivisten verschiedener Organisationen und L\u00e4nder deutlich, sowie die der Pr\u00e4sidentin der Verhandlungskonferenz.<\/p>\n<p>Die Zuschauer wird auf eine kleine Zeitreise in die Geschichte der Atombombe und des antinuklearen Aktivismus mitgenommen. Sie ber\u00fccksichtigt die humanit\u00e4re Initiative, die das dominante Narrativ der Sicherheit erfolgreich in Frage gestellt hat und die historischen Schritte, die seit 2010 unternommen wurden, um einen Traum Realit\u00e4t werden zu lassen. Letztlich zeigt der Film, was alle tun k\u00f6nnen, um das Inkrafttreten des Vertrags zu unterst\u00fctzen und Atomwaffen zu stigmatisieren, bis sie endg\u00fcltig abgeschafft sind.<\/p>\n<p><em>Trailer: <a href=\"https:\/\/youtu.be\/xmSNND0oJ1E\" target=\"_blank\" rel=\"noopener noreferrer\">https:\/\/youtu.be\/xmSNND0oJ1E<\/a><\/em><\/p>\n<p><em>Kontakt: Tony Robinson <a href=\"mailto:tonymrobinson@gmail.com\">tonymrobinson@gmail.com<\/a> +44 7958 254938<\/em><\/p>\n<hr \/>\n<h2><strong>BEDINGUNGSLOSES GRUNDEINKOMMEN <span style=\"color: #f58220;\">UNSER RECHT ZU LEBEN<\/span><\/strong><\/h2>\n<h3><span style=\"color: #f58220;\">Technische Details<\/span><\/h3>\n<p>Produktionsjahr: 2018<br \/>\nL\u00e4nge: 56 min<br \/>\nFormat: HD<br \/>\nBild: 16\/9<br \/>\nFarbe: in Farbe<br \/>\nGenre: Dokumentation<br \/>\nDrehort: Spanien, Vereinigtes K\u00f6nigreich<br \/>\nOriginalversion: Spanisch<br \/>\nSprache: Spanisch. Englisch, Franz\u00f6sisch, Deutsch und Italienisch<br \/>\nUntertitel: Spanisch, Englisch, Italienisch, Portugiesisch, Griechisch, Deutsch und Franz\u00f6sisch (T\u00fcrkisch und Ukrainisch folgen)<\/p>\n<p>Die Dokumentation \u201eBedingungsloses Grundeinkommen \u2013 unser Recht zu leben\u201c unter Regie von \u00c1lvaro Orus handelt vom Recht eines jeden Menschen zu leben, das er allein durch seine Geburt erhalten hat. Diese Idee hat bereits Geschichte, aber hat sich in den letzten Jahren rasant verbreitet \u2013 was vor allem dem geschuldet ist, dass die technische Entwicklung die Arbeitspl\u00e4tze der Mehrheit der Bev\u00f6lkerung und diese damit existentiell bedroht. Die Dokumentation setzt sich vorrangig aus Interviews zusammen, die nicht nur mit Firmengr\u00fcndern, die mehr als drei\u00dfig Jahre in diese Idee investiert haben, sondern auch mit Akademiker*innen und Aktivist*innen, die uns von ihren Aktivit\u00e4ten und Erkenntnissen auf der ganzen Welt berichten, gef\u00fchrt wurden.<\/p>\n<p><em>Trailer: <a href=\"https:\/\/youtu.be\/LrNMAV2qdv0\" target=\"_blank\" rel=\"noopener noreferrer\">https:\/\/youtu.be\/LrNMAV2qdv0<\/a><\/em><\/p>\n<p><em>Kontakt: \u00c1lvaro Orus Andreu <a href=\"https:\/\/d.docs.live.net\/1c2842433367a038\/Documentos\/Buenas%20Ideas\/Presentaciones\/alvaro.orus@pressenza.com\" target=\"_blank\" rel=\"noopener\" data-saferedirecturl=\"https:\/\/www.google.com\/url?q=https:\/\/d.docs.live.net\/1c2842433367a038\/Documentos\/Buenas%2520Ideas\/Presentaciones\/alvaro.orus@pressenza.com&amp;source=gmail&amp;ust=1612806701962000&amp;usg=AFQjCNGKQdvhKb035yP_7UgR3OkU6Dmevg\">alvaro.orus@<wbr \/>pressenza.com<\/a><br \/>\n<\/em><\/p>\n<hr \/>\n<h2><strong>JENSEITS <span style=\"color: #f58220;\">DER RACHE<\/span><\/strong><\/h2>\n<h3><span style=\"color: #f58220;\">Technische Details<\/span><\/h3>\n<p>Produktionsjahr: 2016<br \/>\nL\u00e4nge: 75 min<br \/>\nFormat: HD<br \/>\nBild: 16\/9<br \/>\nFarbe: in Farbe<br \/>\nGenre: Dokumentation<br \/>\nDrehort: Spanien, Chile, Italien und Peru<br \/>\nOriginalversion: Spanisch und Italienisch<br \/>\nSprache: Spanisch. Englisch, Franz\u00f6sisch, Deutsch, Italienisch und Portugiesisch<br \/>\nUntertitel: Spanisch, Englisch, Franz\u00f6sisch, Italienisch, Deutsch, Portugiesisch und Griechisch<\/p>\n<p>\u201cJenseits der Rache\u201d taucht in die Geschichte des Abendlandes ein, um herauszufinden, wie diese sich so sehr in unserer Kultur etablierte. Wir begleiten die Protagonisten in die Dunkelheit unserer Empfindungen, um die M\u00f6glichkeit der Vers\u00f6hnung ans Licht zu bringen.<\/p>\n<p><em>Trailer: <a href=\"https:\/\/youtu.be\/2s02mf08PTg\" target=\"_blank\" rel=\"noopener noreferrer\">https:\/\/youtu.be\/2s02mf08PTg<\/a><\/em><\/p>\n<p><em>Kontakt: \u00c1lvaro Orus Andreu <a href=\"https:\/\/d.docs.live.net\/1c2842433367a038\/Documentos\/Buenas%20Ideas\/Presentaciones\/alvaro.orus@pressenza.com\" target=\"_blank\" rel=\"noopener\" data-saferedirecturl=\"https:\/\/www.google.com\/url?q=https:\/\/d.docs.live.net\/1c2842433367a038\/Documentos\/Buenas%2520Ideas\/Presentaciones\/alvaro.orus@pressenza.com&amp;source=gmail&amp;ust=1612806701962000&amp;usg=AFQjCNGKQdvhKb035yP_7UgR3OkU6Dmevg\">alvaro.orus@<wbr \/>pressenza.com<\/a><\/em><\/p>\n","protected":false},"excerpt":{"rendered":"<p>KATALOG DER DOKUMENTATIONEN Es folgt eine Liste der f\u00fcr Pressenza produzierten Dokumentationen, die mit der Creative Commons Lizenz 4.0 verf\u00fcgbar sind. Diese erm\u00f6glicht den TV-Kan\u00e4len eine kostenfreie Ausstrahlung. Um die Trailer oder Dokumentationen anzuschauen, kann direkter Kontakt mit den Verantwortlichen&hellip;<\/p>\n","protected":false},"author":1089,"featured_media":0,"parent":0,"menu_order":0,"comment_status":"closed","ping_status":"closed","template":"","meta":{"footnotes":""},"class_list":["post-1199887","page","type-page","status-publish","hentry"],"yoast_head":"<!-- This site is optimized with the Yoast SEO plugin v27.1.1 - https:\/\/yoast.com\/product\/yoast-seo-wordpress\/ -->\n<title>Katalog der Dokumentationen - Pressenza<\/title>\n<meta name=\"robots\" content=\"index, follow, max-snippet:-1, max-image-preview:large, max-video-preview:-1\" \/>\n<link rel=\"canonical\" href=\"https:\/\/www.pressenza.com\/de\/katalog-der-dokumentationen\/\" \/>\n<meta property=\"og:locale\" content=\"de_DE\" \/>\n<meta property=\"og:type\" content=\"article\" \/>\n<meta property=\"og:title\" content=\"Katalog der Dokumentationen - Pressenza\" \/>\n<meta property=\"og:description\" content=\"KATALOG DER DOKUMENTATIONEN Es folgt eine Liste der f\u00fcr Pressenza produzierten Dokumentationen, die mit der Creative Commons Lizenz 4.0 verf\u00fcgbar sind. Diese erm\u00f6glicht den TV-Kan\u00e4len eine kostenfreie Ausstrahlung. Um die Trailer oder Dokumentationen anzuschauen, kann direkter Kontakt mit den Verantwortlichen&hellip;\" \/>\n<meta property=\"og:url\" content=\"https:\/\/www.pressenza.com\/de\/katalog-der-dokumentationen\/\" \/>\n<meta property=\"og:site_name\" content=\"Pressenza\" \/>\n<meta property=\"article:publisher\" content=\"https:\/\/www.facebook.com\/PressenzaItalia\" \/>\n<meta property=\"article:modified_time\" content=\"2021-02-07T20:06:13+00:00\" \/>\n<meta property=\"og:image\" content=\"https:\/\/www.pressenza.com\/wp-content\/uploads\/2020\/10\/Dokumentarfilme-banner.jpg\" \/>\n<meta name=\"twitter:card\" content=\"summary_large_image\" \/>\n<meta name=\"twitter:site\" content=\"@PressenzaIPA\" \/>\n<meta name=\"twitter:label1\" content=\"Gesch\u00e4tzte Lesezeit\" \/>\n\t<meta name=\"twitter:data1\" content=\"4\u00a0Minuten\" \/>\n<script type=\"application\/ld+json\" class=\"yoast-schema-graph\">{\"@context\":\"https:\/\/schema.org\",\"@graph\":[{\"@type\":\"WebPage\",\"@id\":\"https:\/\/www.pressenza.com\/de\/katalog-der-dokumentationen\/\",\"url\":\"https:\/\/www.pressenza.com\/de\/katalog-der-dokumentationen\/\",\"name\":\"Katalog der Dokumentationen - Pressenza\",\"isPartOf\":{\"@id\":\"https:\/\/www.pressenza.com\/de\/#website\"},\"primaryImageOfPage\":{\"@id\":\"https:\/\/www.pressenza.com\/de\/katalog-der-dokumentationen\/#primaryimage\"},\"image\":{\"@id\":\"https:\/\/www.pressenza.com\/de\/katalog-der-dokumentationen\/#primaryimage\"},\"thumbnailUrl\":\"https:\/\/www.pressenza.com\/wp-content\/uploads\/2020\/10\/Dokumentarfilme-banner.jpg\",\"datePublished\":\"2020-09-19T09:20:55+00:00\",\"dateModified\":\"2021-02-07T20:06:13+00:00\",\"breadcrumb\":{\"@id\":\"https:\/\/www.pressenza.com\/de\/katalog-der-dokumentationen\/#breadcrumb\"},\"inLanguage\":\"de\",\"potentialAction\":[{\"@type\":\"ReadAction\",\"target\":[\"https:\/\/www.pressenza.com\/de\/katalog-der-dokumentationen\/\"]}]},{\"@type\":\"ImageObject\",\"inLanguage\":\"de\",\"@id\":\"https:\/\/www.pressenza.com\/de\/katalog-der-dokumentationen\/#primaryimage\",\"url\":\"https:\/\/www.pressenza.com\/wp-content\/uploads\/2020\/10\/Dokumentarfilme-banner.jpg\",\"contentUrl\":\"https:\/\/www.pressenza.com\/wp-content\/uploads\/2020\/10\/Dokumentarfilme-banner.jpg\"},{\"@type\":\"BreadcrumbList\",\"@id\":\"https:\/\/www.pressenza.com\/de\/katalog-der-dokumentationen\/#breadcrumb\",\"itemListElement\":[{\"@type\":\"ListItem\",\"position\":1,\"name\":\"Accueil\",\"item\":\"https:\/\/www.pressenza.com\/de\/\"},{\"@type\":\"ListItem\",\"position\":2,\"name\":\"Katalog der Dokumentationen\"}]},{\"@type\":\"WebSite\",\"@id\":\"https:\/\/www.pressenza.com\/de\/#website\",\"url\":\"https:\/\/www.pressenza.com\/de\/\",\"name\":\"Pressenza\",\"description\":\"International Press Agency\",\"publisher\":{\"@id\":\"https:\/\/www.pressenza.com\/de\/#organization\"},\"potentialAction\":[{\"@type\":\"SearchAction\",\"target\":{\"@type\":\"EntryPoint\",\"urlTemplate\":\"https:\/\/www.pressenza.com\/de\/?s={search_term_string}\"},\"query-input\":{\"@type\":\"PropertyValueSpecification\",\"valueRequired\":true,\"valueName\":\"search_term_string\"}}],\"inLanguage\":\"de\"},{\"@type\":\"Organization\",\"@id\":\"https:\/\/www.pressenza.com\/de\/#organization\",\"name\":\"Pressenza\",\"url\":\"https:\/\/www.pressenza.com\/de\/\",\"logo\":{\"@type\":\"ImageObject\",\"inLanguage\":\"de\",\"@id\":\"https:\/\/www.pressenza.com\/de\/#\/schema\/logo\/image\/\",\"url\":\"https:\/\/www.pressenza.com\/wp-content\/uploads\/2022\/10\/pressenza_logo_200x200.jpg\",\"contentUrl\":\"https:\/\/www.pressenza.com\/wp-content\/uploads\/2022\/10\/pressenza_logo_200x200.jpg\",\"width\":200,\"height\":200,\"caption\":\"Pressenza\"},\"image\":{\"@id\":\"https:\/\/www.pressenza.com\/de\/#\/schema\/logo\/image\/\"},\"sameAs\":[\"https:\/\/www.facebook.com\/PressenzaItalia\",\"https:\/\/x.com\/PressenzaIPA\"]}]}<\/script>\n<!-- \/ Yoast SEO plugin. -->","yoast_head_json":{"title":"Katalog der Dokumentationen - Pressenza","robots":{"index":"index","follow":"follow","max-snippet":"max-snippet:-1","max-image-preview":"max-image-preview:large","max-video-preview":"max-video-preview:-1"},"canonical":"https:\/\/www.pressenza.com\/de\/katalog-der-dokumentationen\/","og_locale":"de_DE","og_type":"article","og_title":"Katalog der Dokumentationen - Pressenza","og_description":"KATALOG DER DOKUMENTATIONEN Es folgt eine Liste der f\u00fcr Pressenza produzierten Dokumentationen, die mit der Creative Commons Lizenz 4.0 verf\u00fcgbar sind. Diese erm\u00f6glicht den TV-Kan\u00e4len eine kostenfreie Ausstrahlung. Um die Trailer oder Dokumentationen anzuschauen, kann direkter Kontakt mit den Verantwortlichen&hellip;","og_url":"https:\/\/www.pressenza.com\/de\/katalog-der-dokumentationen\/","og_site_name":"Pressenza","article_publisher":"https:\/\/www.facebook.com\/PressenzaItalia","article_modified_time":"2021-02-07T20:06:13+00:00","og_image":[{"url":"https:\/\/www.pressenza.com\/wp-content\/uploads\/2020\/10\/Dokumentarfilme-banner.jpg","type":"","width":"","height":""}],"twitter_card":"summary_large_image","twitter_site":"@PressenzaIPA","twitter_misc":{"Gesch\u00e4tzte Lesezeit":"4\u00a0Minuten"},"schema":{"@context":"https:\/\/schema.org","@graph":[{"@type":"WebPage","@id":"https:\/\/www.pressenza.com\/de\/katalog-der-dokumentationen\/","url":"https:\/\/www.pressenza.com\/de\/katalog-der-dokumentationen\/","name":"Katalog der Dokumentationen - Pressenza","isPartOf":{"@id":"https:\/\/www.pressenza.com\/de\/#website"},"primaryImageOfPage":{"@id":"https:\/\/www.pressenza.com\/de\/katalog-der-dokumentationen\/#primaryimage"},"image":{"@id":"https:\/\/www.pressenza.com\/de\/katalog-der-dokumentationen\/#primaryimage"},"thumbnailUrl":"https:\/\/www.pressenza.com\/wp-content\/uploads\/2020\/10\/Dokumentarfilme-banner.jpg","datePublished":"2020-09-19T09:20:55+00:00","dateModified":"2021-02-07T20:06:13+00:00","breadcrumb":{"@id":"https:\/\/www.pressenza.com\/de\/katalog-der-dokumentationen\/#breadcrumb"},"inLanguage":"de","potentialAction":[{"@type":"ReadAction","target":["https:\/\/www.pressenza.com\/de\/katalog-der-dokumentationen\/"]}]},{"@type":"ImageObject","inLanguage":"de","@id":"https:\/\/www.pressenza.com\/de\/katalog-der-dokumentationen\/#primaryimage","url":"https:\/\/www.pressenza.com\/wp-content\/uploads\/2020\/10\/Dokumentarfilme-banner.jpg","contentUrl":"https:\/\/www.pressenza.com\/wp-content\/uploads\/2020\/10\/Dokumentarfilme-banner.jpg"},{"@type":"BreadcrumbList","@id":"https:\/\/www.pressenza.com\/de\/katalog-der-dokumentationen\/#breadcrumb","itemListElement":[{"@type":"ListItem","position":1,"name":"Accueil","item":"https:\/\/www.pressenza.com\/de\/"},{"@type":"ListItem","position":2,"name":"Katalog der Dokumentationen"}]},{"@type":"WebSite","@id":"https:\/\/www.pressenza.com\/de\/#website","url":"https:\/\/www.pressenza.com\/de\/","name":"Pressenza","description":"International Press Agency","publisher":{"@id":"https:\/\/www.pressenza.com\/de\/#organization"},"potentialAction":[{"@type":"SearchAction","target":{"@type":"EntryPoint","urlTemplate":"https:\/\/www.pressenza.com\/de\/?s={search_term_string}"},"query-input":{"@type":"PropertyValueSpecification","valueRequired":true,"valueName":"search_term_string"}}],"inLanguage":"de"},{"@type":"Organization","@id":"https:\/\/www.pressenza.com\/de\/#organization","name":"Pressenza","url":"https:\/\/www.pressenza.com\/de\/","logo":{"@type":"ImageObject","inLanguage":"de","@id":"https:\/\/www.pressenza.com\/de\/#\/schema\/logo\/image\/","url":"https:\/\/www.pressenza.com\/wp-content\/uploads\/2022\/10\/pressenza_logo_200x200.jpg","contentUrl":"https:\/\/www.pressenza.com\/wp-content\/uploads\/2022\/10\/pressenza_logo_200x200.jpg","width":200,"height":200,"caption":"Pressenza"},"image":{"@id":"https:\/\/www.pressenza.com\/de\/#\/schema\/logo\/image\/"},"sameAs":["https:\/\/www.facebook.com\/PressenzaItalia","https:\/\/x.com\/PressenzaIPA"]}]}},"_links":{"self":[{"href":"https:\/\/www.pressenza.com\/de\/wp-json\/wp\/v2\/pages\/1199887","targetHints":{"allow":["GET"]}}],"collection":[{"href":"https:\/\/www.pressenza.com\/de\/wp-json\/wp\/v2\/pages"}],"about":[{"href":"https:\/\/www.pressenza.com\/de\/wp-json\/wp\/v2\/types\/page"}],"author":[{"embeddable":true,"href":"https:\/\/www.pressenza.com\/de\/wp-json\/wp\/v2\/users\/1089"}],"replies":[{"embeddable":true,"href":"https:\/\/www.pressenza.com\/de\/wp-json\/wp\/v2\/comments?post=1199887"}],"version-history":[{"count":0,"href":"https:\/\/www.pressenza.com\/de\/wp-json\/wp\/v2\/pages\/1199887\/revisions"}],"wp:attachment":[{"href":"https:\/\/www.pressenza.com\/de\/wp-json\/wp\/v2\/media?parent=1199887"}],"curies":[{"name":"wp","href":"https:\/\/api.w.org\/{rel}","templated":true}]}}