{"id":439949,"date":"2021-07-16T15:22:15","date_gmt":"2021-07-16T14:22:15","guid":{"rendered":"https:\/\/www.pressenza.com\/?page_id=439949\/"},"modified":"2022-12-30T12:37:13","modified_gmt":"2022-12-30T12:37:13","slug":"donacions","status":"publish","type":"page","link":"https:\/\/www.pressenza.com\/ca\/donacions\/","title":{"rendered":"Donacions"},"content":{"rendered":"<h1 class=\"bg-green\">Donacions<\/h1>\n<p>Doneu suport al periodisme per la pau i la no viol\u00e8ncia amb una donaci\u00f3:<\/p>\n<p>Per transfer\u00e8ncia banc\u00e0ria:<br \/>\nPressenza &#8211; Associaci\u00f3 de suport, Helmholtzstr. 34, 10587 Berlin<br \/>\nGLS Bank<br \/>\nIBAN: DE45 4306 0967 1074 1427 00<br \/>\nBIC: GENODEM1GLS<\/p>\n<p>O amb PayPal:<br \/>\n<a href=\"https:\/\/www.paypal.com\/donate?hosted_button_id=NDE7SEWNR2RQE\" target=\"_blank\" rel=\"noopener\"><span style=\"color: #3366ff;\"><u>Donate by PayPal<\/u><\/span><\/a><\/p>\n<p>QR-Code:<\/p>\n<p><img loading=\"lazy\" decoding=\"async\" class=\"alignnone size-full wp-image-1400409\" src=\"https:\/\/www.pressenza.com\/wp-content\/uploads\/2021\/07\/donation_qrcode.png\" alt=\"\" width=\"128\" height=\"128\" \/><\/p>\n","protected":false},"excerpt":{"rendered":"<p>Donacions Doneu suport al periodisme per la pau i la no viol\u00e8ncia amb una donaci\u00f3: Per transfer\u00e8ncia banc\u00e0ria: Pressenza &#8211; Associaci\u00f3 de suport, Helmholtzstr. 34, 10587 Berlin GLS Bank IBAN: DE45 4306 0967 1074 1427 00 BIC: GENODEM1GLS O amb&hellip;<\/p>\n","protected":false},"author":6,"featured_media":0,"parent":0,"menu_order":20,"comment_status":"closed","ping_status":"closed","template":"","meta":{"footnotes":""},"class_list":["post-439949","page","type-page","status-publish","hentry"],"yoast_head":"<!-- This site is optimized with the Yoast SEO plugin v27.1.1 - https:\/\/yoast.com\/product\/yoast-seo-wordpress\/ -->\n<title>Donacions - Pressenza<\/title>\n<meta name=\"robots\" content=\"index, follow, max-snippet:-1, max-image-preview:large, max-video-preview:-1\" \/>\n<link rel=\"canonical\" href=\"https:\/\/www.pressenza.com\/ca\/donacions\/\" \/>\n<meta property=\"og:locale\" content=\"ca_ES\" \/>\n<meta property=\"og:type\" content=\"article\" \/>\n<meta property=\"og:title\" content=\"Donacions - Pressenza\" \/>\n<meta property=\"og:description\" content=\"Donacions Doneu suport al periodisme per la pau i la no viol\u00e8ncia amb una donaci\u00f3: Per transfer\u00e8ncia banc\u00e0ria: Pressenza &#8211; Associaci\u00f3 de suport, Helmholtzstr. 34, 10587 Berlin GLS Bank IBAN: DE45 4306 0967 1074 1427 00 BIC: GENODEM1GLS O amb&hellip;\" \/>\n<meta property=\"og:url\" content=\"https:\/\/www.pressenza.com\/ca\/donacions\/\" \/>\n<meta property=\"og:site_name\" content=\"Pressenza\" \/>\n<meta property=\"article:publisher\" content=\"https:\/\/www.facebook.com\/PressenzaItalia\" \/>\n<meta property=\"article:modified_time\" content=\"2022-12-30T12:37:13+00:00\" \/>\n<meta property=\"og:image\" content=\"https:\/\/www.pressenza.com\/wp-content\/uploads\/2021\/07\/donation_qrcode.png\" \/>\n<meta name=\"twitter:card\" content=\"summary_large_image\" \/>\n<meta name=\"twitter:site\" content=\"@PressenzaIPA\" \/>\n<script type=\"application\/ld+json\" class=\"yoast-schema-graph\">{\"@context\":\"https:\/\/schema.org\",\"@graph\":[{\"@type\":\"WebPage\",\"@id\":\"https:\/\/www.pressenza.com\/ca\/donacions\/\",\"url\":\"https:\/\/www.pressenza.com\/ca\/donacions\/\",\"name\":\"Donacions - Pressenza\",\"isPartOf\":{\"@id\":\"https:\/\/www.pressenza.com\/ca\/#website\"},\"primaryImageOfPage\":{\"@id\":\"https:\/\/www.pressenza.com\/ca\/donacions\/#primaryimage\"},\"image\":{\"@id\":\"https:\/\/www.pressenza.com\/ca\/donacions\/#primaryimage\"},\"thumbnailUrl\":\"https:\/\/www.pressenza.com\/wp-content\/uploads\/2021\/07\/donation_qrcode.png\",\"datePublished\":\"2021-07-16T14:22:15+00:00\",\"dateModified\":\"2022-12-30T12:37:13+00:00\",\"breadcrumb\":{\"@id\":\"https:\/\/www.pressenza.com\/ca\/donacions\/#breadcrumb\"},\"inLanguage\":\"ca\",\"potentialAction\":[{\"@type\":\"ReadAction\",\"target\":[\"https:\/\/www.pressenza.com\/ca\/donacions\/\"]}]},{\"@type\":\"ImageObject\",\"inLanguage\":\"ca\",\"@id\":\"https:\/\/www.pressenza.com\/ca\/donacions\/#primaryimage\",\"url\":\"https:\/\/www.pressenza.com\/wp-content\/uploads\/2021\/07\/donation_qrcode.png\",\"contentUrl\":\"https:\/\/www.pressenza.com\/wp-content\/uploads\/2021\/07\/donation_qrcode.png\"},{\"@type\":\"BreadcrumbList\",\"@id\":\"https:\/\/www.pressenza.com\/ca\/donacions\/#breadcrumb\",\"itemListElement\":[{\"@type\":\"ListItem\",\"position\":1,\"name\":\"Accueil\",\"item\":\"https:\/\/www.pressenza.com\/ca\/\"},{\"@type\":\"ListItem\",\"position\":2,\"name\":\"Donacions\"}]},{\"@type\":\"WebSite\",\"@id\":\"https:\/\/www.pressenza.com\/ca\/#website\",\"url\":\"https:\/\/www.pressenza.com\/ca\/\",\"name\":\"Pressenza\",\"description\":\"International Press Agency\",\"publisher\":{\"@id\":\"https:\/\/www.pressenza.com\/ca\/#organization\"},\"potentialAction\":[{\"@type\":\"SearchAction\",\"target\":{\"@type\":\"EntryPoint\",\"urlTemplate\":\"https:\/\/www.pressenza.com\/ca\/?s={search_term_string}\"},\"query-input\":{\"@type\":\"PropertyValueSpecification\",\"valueRequired\":true,\"valueName\":\"search_term_string\"}}],\"inLanguage\":\"ca\"},{\"@type\":\"Organization\",\"@id\":\"https:\/\/www.pressenza.com\/ca\/#organization\",\"name\":\"Pressenza\",\"url\":\"https:\/\/www.pressenza.com\/ca\/\",\"logo\":{\"@type\":\"ImageObject\",\"inLanguage\":\"ca\",\"@id\":\"https:\/\/www.pressenza.com\/ca\/#\/schema\/logo\/image\/\",\"url\":\"https:\/\/www.pressenza.com\/wp-content\/uploads\/2022\/10\/pressenza_logo_200x200.jpg\",\"contentUrl\":\"https:\/\/www.pressenza.com\/wp-content\/uploads\/2022\/10\/pressenza_logo_200x200.jpg\",\"width\":200,\"height\":200,\"caption\":\"Pressenza\"},\"image\":{\"@id\":\"https:\/\/www.pressenza.com\/ca\/#\/schema\/logo\/image\/\"},\"sameAs\":[\"https:\/\/www.facebook.com\/PressenzaItalia\",\"https:\/\/x.com\/PressenzaIPA\"]}]}<\/script>\n<!-- \/ Yoast SEO plugin. -->","yoast_head_json":{"title":"Donacions - Pressenza","robots":{"index":"index","follow":"follow","max-snippet":"max-snippet:-1","max-image-preview":"max-image-preview:large","max-video-preview":"max-video-preview:-1"},"canonical":"https:\/\/www.pressenza.com\/ca\/donacions\/","og_locale":"ca_ES","og_type":"article","og_title":"Donacions - Pressenza","og_description":"Donacions Doneu suport al periodisme per la pau i la no viol\u00e8ncia amb una donaci\u00f3: Per transfer\u00e8ncia banc\u00e0ria: Pressenza &#8211; Associaci\u00f3 de suport, Helmholtzstr. 34, 10587 Berlin GLS Bank IBAN: DE45 4306 0967 1074 1427 00 BIC: GENODEM1GLS O amb&hellip;","og_url":"https:\/\/www.pressenza.com\/ca\/donacions\/","og_site_name":"Pressenza","article_publisher":"https:\/\/www.facebook.com\/PressenzaItalia","article_modified_time":"2022-12-30T12:37:13+00:00","og_image":[{"url":"https:\/\/www.pressenza.com\/wp-content\/uploads\/2021\/07\/donation_qrcode.png","type":"","width":"","height":""}],"twitter_card":"summary_large_image","twitter_site":"@PressenzaIPA","schema":{"@context":"https:\/\/schema.org","@graph":[{"@type":"WebPage","@id":"https:\/\/www.pressenza.com\/ca\/donacions\/","url":"https:\/\/www.pressenza.com\/ca\/donacions\/","name":"Donacions - Pressenza","isPartOf":{"@id":"https:\/\/www.pressenza.com\/ca\/#website"},"primaryImageOfPage":{"@id":"https:\/\/www.pressenza.com\/ca\/donacions\/#primaryimage"},"image":{"@id":"https:\/\/www.pressenza.com\/ca\/donacions\/#primaryimage"},"thumbnailUrl":"https:\/\/www.pressenza.com\/wp-content\/uploads\/2021\/07\/donation_qrcode.png","datePublished":"2021-07-16T14:22:15+00:00","dateModified":"2022-12-30T12:37:13+00:00","breadcrumb":{"@id":"https:\/\/www.pressenza.com\/ca\/donacions\/#breadcrumb"},"inLanguage":"ca","potentialAction":[{"@type":"ReadAction","target":["https:\/\/www.pressenza.com\/ca\/donacions\/"]}]},{"@type":"ImageObject","inLanguage":"ca","@id":"https:\/\/www.pressenza.com\/ca\/donacions\/#primaryimage","url":"https:\/\/www.pressenza.com\/wp-content\/uploads\/2021\/07\/donation_qrcode.png","contentUrl":"https:\/\/www.pressenza.com\/wp-content\/uploads\/2021\/07\/donation_qrcode.png"},{"@type":"BreadcrumbList","@id":"https:\/\/www.pressenza.com\/ca\/donacions\/#breadcrumb","itemListElement":[{"@type":"ListItem","position":1,"name":"Accueil","item":"https:\/\/www.pressenza.com\/ca\/"},{"@type":"ListItem","position":2,"name":"Donacions"}]},{"@type":"WebSite","@id":"https:\/\/www.pressenza.com\/ca\/#website","url":"https:\/\/www.pressenza.com\/ca\/","name":"Pressenza","description":"International Press Agency","publisher":{"@id":"https:\/\/www.pressenza.com\/ca\/#organization"},"potentialAction":[{"@type":"SearchAction","target":{"@type":"EntryPoint","urlTemplate":"https:\/\/www.pressenza.com\/ca\/?s={search_term_string}"},"query-input":{"@type":"PropertyValueSpecification","valueRequired":true,"valueName":"search_term_string"}}],"inLanguage":"ca"},{"@type":"Organization","@id":"https:\/\/www.pressenza.com\/ca\/#organization","name":"Pressenza","url":"https:\/\/www.pressenza.com\/ca\/","logo":{"@type":"ImageObject","inLanguage":"ca","@id":"https:\/\/www.pressenza.com\/ca\/#\/schema\/logo\/image\/","url":"https:\/\/www.pressenza.com\/wp-content\/uploads\/2022\/10\/pressenza_logo_200x200.jpg","contentUrl":"https:\/\/www.pressenza.com\/wp-content\/uploads\/2022\/10\/pressenza_logo_200x200.jpg","width":200,"height":200,"caption":"Pressenza"},"image":{"@id":"https:\/\/www.pressenza.com\/ca\/#\/schema\/logo\/image\/"},"sameAs":["https:\/\/www.facebook.com\/PressenzaItalia","https:\/\/x.com\/PressenzaIPA"]}]}},"_links":{"self":[{"href":"https:\/\/www.pressenza.com\/ca\/wp-json\/wp\/v2\/pages\/439949","targetHints":{"allow":["GET"]}}],"collection":[{"href":"https:\/\/www.pressenza.com\/ca\/wp-json\/wp\/v2\/pages"}],"about":[{"href":"https:\/\/www.pressenza.com\/ca\/wp-json\/wp\/v2\/types\/page"}],"author":[{"embeddable":true,"href":"https:\/\/www.pressenza.com\/ca\/wp-json\/wp\/v2\/users\/6"}],"replies":[{"embeddable":true,"href":"https:\/\/www.pressenza.com\/ca\/wp-json\/wp\/v2\/comments?post=439949"}],"version-history":[{"count":0,"href":"https:\/\/www.pressenza.com\/ca\/wp-json\/wp\/v2\/pages\/439949\/revisions"}],"wp:attachment":[{"href":"https:\/\/www.pressenza.com\/ca\/wp-json\/wp\/v2\/media?parent=439949"}],"curies":[{"name":"wp","href":"https:\/\/api.w.org\/{rel}","templated":true}]}}