{"id":439945,"date":"2017-03-07T15:15:10","date_gmt":"2017-03-07T15:15:10","guid":{"rendered":"https:\/\/www.pressenza.com\/?page_id=439945\/"},"modified":"2017-09-15T21:34:54","modified_gmt":"2017-09-15T20:34:54","slug":"sobre-nosaltres","status":"publish","type":"page","link":"https:\/\/www.pressenza.com\/ca\/sobre-nosaltres\/","title":{"rendered":"Sobre nosaltres"},"content":{"rendered":"<h2>PRESSENZA \u2013 Ag\u00e8ncia Internacional de Not\u00edcies<\/h2>\n<h3>Humanisme, No-Viol\u00e8ncia, Drets Humans, Desarmament i No Discriminaci\u00f3<\/h3>\n<h2>Qu\u00e8 som<\/h2>\n<p>Pressenza \u00e9s un espai obert a l&#8217;expressi\u00f3 de la base social. Afavoreix una \u00f2ptica humanista universalista i promou activament convenis de col\u2022laboraci\u00f3 i aliances amb altres ag\u00e8ncies, aix\u00ed com vincles de reciprocitat amb portals, plataformes, mitjans informatius i de comunicaci\u00f3, de col\u2022lectivitats i cultures espec\u00edfiques.<\/p>\n<p>Pressenza participa d&#8217;una \u00e0mplia xarxa de nous mitjans que aconsegueixen difusi\u00f3 mundial de les seves propostes locals al mateix temps que nodreixen les seves informacions amb el material que proveeix l&#8217;ag\u00e8ncia.<\/p>\n<p>L&#8217;equip de Pressenza est\u00e0 conformat per voluntaris amb vasta experi\u00e8ncia en comunicaci\u00f3, activisme social, \u00e0mbits culturals i acad\u00e8mics. L&#8217;ag\u00e8ncia \u00e9s independent de qualsevol inter\u00e8s econ\u00f2mic, condici\u00f3 b\u00e0sica de la seva autonomia. Compta amb columnistes, reporters, fot\u00f2grafs, grafistes, realitzadors de video i traductors en els cinc continents que aporten, sense finalitats de lucre, el seu treball professional.<\/p>\n<p>Originada a Mil\u00e0, It\u00e0lia, en el 2009, t\u00e9 personalitat jur\u00eddica com a ag\u00e8ncia internacional a Quito, Equador, des del 2014 (Oficio N\u00b0SNC-DAL-2014-0011-O Acordo N\u00b0037 del 4 de Juny del 2014 de la Secretaria Nacional de Comunicaci\u00f3) i est\u00e0 organitzada en equips i redaccions descentralitzades. Amb pres\u00e8ncia en 24 pa\u00efsos, emet di\u00e0riament el seu servei informatiu en angl\u00e8s, itali\u00e0, espanyol, franc\u00e8s, portugu\u00e8s, alemany, grec i catal\u00e0.<\/p>\n<h2>Prop\u00f2sit<\/h2>\n<p>Pressenza d\u00f3na visibilitat a les not\u00edcies, iniciatives, propostes i escenaris lligats a la Pau, la No Viol\u00e8ncia, el Desarmament, els Drets Humans i la lluita contra tota forma de Discriminaci\u00f3. Col\u2022loca a l&#8217;\u00e9sser hum\u00e0 com a valor i preocupaci\u00f3 central i celebra la diversitat. \u00c9s aix\u00ed que proposa un periodisme actiu i l\u00facid que respecti aquestes premisses essencials, apuntant cap a la resoluci\u00f3 de les crisis i conflictes socials en totes les latituds.<\/p>\n<p>En aquest sentit, difon estudis, an\u00e0lisis i accions que contribueixin a la pau mundial i a la superaci\u00f3 de la viol\u00e8ncia; prioritzant el desarmament nuclear i convencional, la resoluci\u00f3 pac\u00edfica de conflictes, la seva prevenci\u00f3 i la retirada dels territoris ocupats.<\/p>\n<p>Alhora denuncia tots els fets i situacions que provoquen dolor i sofriment en les poblacions, intentant desxifrar i transformar les causes d&#8217;aquests esdeveniments, anant m\u00e9s enll\u00e0 de ser mers espectadors.<\/p>\n<p>L&#8217;Ag\u00e8ncia tamb\u00e9 forma estudiants i voluntaris que conflueixen en aquestes conviccions.<\/p>\n<h2>Subscripci\u00f3 gratu\u00efta<\/h2>\n<p>Tot el contingut produ\u00eft per Pressenza est\u00e0 disponible gratu\u00eftament sota la Llic\u00e8ncia Creative Commons 4.0. El material arriba als subscriptors a trav\u00e9s de correu electr\u00f2nic, RSS i de manera permanent al portal <a href=\"http:\/\/www.pressenza.com\/ca\">www.pressenza.com<\/a><\/p>\n","protected":false},"excerpt":{"rendered":"<p>PRESSENZA \u2013 Ag\u00e8ncia Internacional de Not\u00edcies Humanisme, No-Viol\u00e8ncia, Drets Humans, Desarmament i No Discriminaci\u00f3 Qu\u00e8 som Pressenza \u00e9s un espai obert a l&#8217;expressi\u00f3 de la base social. Afavoreix una \u00f2ptica humanista universalista i promou activament convenis de col\u2022laboraci\u00f3 i aliances&hellip;<\/p>\n","protected":false},"author":6,"featured_media":0,"parent":0,"menu_order":2,"comment_status":"closed","ping_status":"closed","template":"page_about.php","meta":{"footnotes":""},"class_list":["post-439945","page","type-page","status-publish","hentry"],"yoast_head":"<!-- This site is optimized with the Yoast SEO plugin v27.1.1 - https:\/\/yoast.com\/product\/yoast-seo-wordpress\/ -->\n<title>Sobre nosaltres - Pressenza<\/title>\n<meta name=\"robots\" content=\"index, follow, max-snippet:-1, max-image-preview:large, max-video-preview:-1\" \/>\n<link rel=\"canonical\" href=\"https:\/\/www.pressenza.com\/ca\/sobre-nosaltres\/\" \/>\n<meta property=\"og:locale\" content=\"ca_ES\" \/>\n<meta property=\"og:type\" content=\"article\" \/>\n<meta property=\"og:title\" content=\"Sobre nosaltres - Pressenza\" \/>\n<meta property=\"og:description\" content=\"PRESSENZA \u2013 Ag\u00e8ncia Internacional de Not\u00edcies Humanisme, No-Viol\u00e8ncia, Drets Humans, Desarmament i No Discriminaci\u00f3 Qu\u00e8 som Pressenza \u00e9s un espai obert a l&#8217;expressi\u00f3 de la base social. Afavoreix una \u00f2ptica humanista universalista i promou activament convenis de col\u2022laboraci\u00f3 i aliances&hellip;\" \/>\n<meta property=\"og:url\" content=\"https:\/\/www.pressenza.com\/ca\/sobre-nosaltres\/\" \/>\n<meta property=\"og:site_name\" content=\"Pressenza\" \/>\n<meta property=\"article:publisher\" content=\"https:\/\/www.facebook.com\/PressenzaItalia\" \/>\n<meta property=\"article:modified_time\" content=\"2017-09-15T20:34:54+00:00\" \/>\n<meta name=\"twitter:card\" content=\"summary_large_image\" \/>\n<meta name=\"twitter:site\" content=\"@PressenzaIPA\" \/>\n<meta name=\"twitter:label1\" content=\"Temps estimat de lectura\" \/>\n\t<meta name=\"twitter:data1\" content=\"2 minuts\" \/>\n<script type=\"application\/ld+json\" class=\"yoast-schema-graph\">{\"@context\":\"https:\/\/schema.org\",\"@graph\":[{\"@type\":\"WebPage\",\"@id\":\"https:\/\/www.pressenza.com\/ca\/sobre-nosaltres\/\",\"url\":\"https:\/\/www.pressenza.com\/ca\/sobre-nosaltres\/\",\"name\":\"Sobre nosaltres - Pressenza\",\"isPartOf\":{\"@id\":\"https:\/\/www.pressenza.com\/ca\/#website\"},\"datePublished\":\"2017-03-07T15:15:10+00:00\",\"dateModified\":\"2017-09-15T20:34:54+00:00\",\"breadcrumb\":{\"@id\":\"https:\/\/www.pressenza.com\/ca\/sobre-nosaltres\/#breadcrumb\"},\"inLanguage\":\"ca\",\"potentialAction\":[{\"@type\":\"ReadAction\",\"target\":[\"https:\/\/www.pressenza.com\/ca\/sobre-nosaltres\/\"]}]},{\"@type\":\"BreadcrumbList\",\"@id\":\"https:\/\/www.pressenza.com\/ca\/sobre-nosaltres\/#breadcrumb\",\"itemListElement\":[{\"@type\":\"ListItem\",\"position\":1,\"name\":\"Accueil\",\"item\":\"https:\/\/www.pressenza.com\/ca\/\"},{\"@type\":\"ListItem\",\"position\":2,\"name\":\"Sobre nosaltres\"}]},{\"@type\":\"WebSite\",\"@id\":\"https:\/\/www.pressenza.com\/ca\/#website\",\"url\":\"https:\/\/www.pressenza.com\/ca\/\",\"name\":\"Pressenza\",\"description\":\"International Press Agency\",\"publisher\":{\"@id\":\"https:\/\/www.pressenza.com\/ca\/#organization\"},\"potentialAction\":[{\"@type\":\"SearchAction\",\"target\":{\"@type\":\"EntryPoint\",\"urlTemplate\":\"https:\/\/www.pressenza.com\/ca\/?s={search_term_string}\"},\"query-input\":{\"@type\":\"PropertyValueSpecification\",\"valueRequired\":true,\"valueName\":\"search_term_string\"}}],\"inLanguage\":\"ca\"},{\"@type\":\"Organization\",\"@id\":\"https:\/\/www.pressenza.com\/ca\/#organization\",\"name\":\"Pressenza\",\"url\":\"https:\/\/www.pressenza.com\/ca\/\",\"logo\":{\"@type\":\"ImageObject\",\"inLanguage\":\"ca\",\"@id\":\"https:\/\/www.pressenza.com\/ca\/#\/schema\/logo\/image\/\",\"url\":\"https:\/\/www.pressenza.com\/wp-content\/uploads\/2022\/10\/pressenza_logo_200x200.jpg\",\"contentUrl\":\"https:\/\/www.pressenza.com\/wp-content\/uploads\/2022\/10\/pressenza_logo_200x200.jpg\",\"width\":200,\"height\":200,\"caption\":\"Pressenza\"},\"image\":{\"@id\":\"https:\/\/www.pressenza.com\/ca\/#\/schema\/logo\/image\/\"},\"sameAs\":[\"https:\/\/www.facebook.com\/PressenzaItalia\",\"https:\/\/x.com\/PressenzaIPA\"]}]}<\/script>\n<!-- \/ Yoast SEO plugin. -->","yoast_head_json":{"title":"Sobre nosaltres - Pressenza","robots":{"index":"index","follow":"follow","max-snippet":"max-snippet:-1","max-image-preview":"max-image-preview:large","max-video-preview":"max-video-preview:-1"},"canonical":"https:\/\/www.pressenza.com\/ca\/sobre-nosaltres\/","og_locale":"ca_ES","og_type":"article","og_title":"Sobre nosaltres - Pressenza","og_description":"PRESSENZA \u2013 Ag\u00e8ncia Internacional de Not\u00edcies Humanisme, No-Viol\u00e8ncia, Drets Humans, Desarmament i No Discriminaci\u00f3 Qu\u00e8 som Pressenza \u00e9s un espai obert a l&#8217;expressi\u00f3 de la base social. Afavoreix una \u00f2ptica humanista universalista i promou activament convenis de col\u2022laboraci\u00f3 i aliances&hellip;","og_url":"https:\/\/www.pressenza.com\/ca\/sobre-nosaltres\/","og_site_name":"Pressenza","article_publisher":"https:\/\/www.facebook.com\/PressenzaItalia","article_modified_time":"2017-09-15T20:34:54+00:00","twitter_card":"summary_large_image","twitter_site":"@PressenzaIPA","twitter_misc":{"Temps estimat de lectura":"2 minuts"},"schema":{"@context":"https:\/\/schema.org","@graph":[{"@type":"WebPage","@id":"https:\/\/www.pressenza.com\/ca\/sobre-nosaltres\/","url":"https:\/\/www.pressenza.com\/ca\/sobre-nosaltres\/","name":"Sobre nosaltres - Pressenza","isPartOf":{"@id":"https:\/\/www.pressenza.com\/ca\/#website"},"datePublished":"2017-03-07T15:15:10+00:00","dateModified":"2017-09-15T20:34:54+00:00","breadcrumb":{"@id":"https:\/\/www.pressenza.com\/ca\/sobre-nosaltres\/#breadcrumb"},"inLanguage":"ca","potentialAction":[{"@type":"ReadAction","target":["https:\/\/www.pressenza.com\/ca\/sobre-nosaltres\/"]}]},{"@type":"BreadcrumbList","@id":"https:\/\/www.pressenza.com\/ca\/sobre-nosaltres\/#breadcrumb","itemListElement":[{"@type":"ListItem","position":1,"name":"Accueil","item":"https:\/\/www.pressenza.com\/ca\/"},{"@type":"ListItem","position":2,"name":"Sobre nosaltres"}]},{"@type":"WebSite","@id":"https:\/\/www.pressenza.com\/ca\/#website","url":"https:\/\/www.pressenza.com\/ca\/","name":"Pressenza","description":"International Press Agency","publisher":{"@id":"https:\/\/www.pressenza.com\/ca\/#organization"},"potentialAction":[{"@type":"SearchAction","target":{"@type":"EntryPoint","urlTemplate":"https:\/\/www.pressenza.com\/ca\/?s={search_term_string}"},"query-input":{"@type":"PropertyValueSpecification","valueRequired":true,"valueName":"search_term_string"}}],"inLanguage":"ca"},{"@type":"Organization","@id":"https:\/\/www.pressenza.com\/ca\/#organization","name":"Pressenza","url":"https:\/\/www.pressenza.com\/ca\/","logo":{"@type":"ImageObject","inLanguage":"ca","@id":"https:\/\/www.pressenza.com\/ca\/#\/schema\/logo\/image\/","url":"https:\/\/www.pressenza.com\/wp-content\/uploads\/2022\/10\/pressenza_logo_200x200.jpg","contentUrl":"https:\/\/www.pressenza.com\/wp-content\/uploads\/2022\/10\/pressenza_logo_200x200.jpg","width":200,"height":200,"caption":"Pressenza"},"image":{"@id":"https:\/\/www.pressenza.com\/ca\/#\/schema\/logo\/image\/"},"sameAs":["https:\/\/www.facebook.com\/PressenzaItalia","https:\/\/x.com\/PressenzaIPA"]}]}},"_links":{"self":[{"href":"https:\/\/www.pressenza.com\/ca\/wp-json\/wp\/v2\/pages\/439945","targetHints":{"allow":["GET"]}}],"collection":[{"href":"https:\/\/www.pressenza.com\/ca\/wp-json\/wp\/v2\/pages"}],"about":[{"href":"https:\/\/www.pressenza.com\/ca\/wp-json\/wp\/v2\/types\/page"}],"author":[{"embeddable":true,"href":"https:\/\/www.pressenza.com\/ca\/wp-json\/wp\/v2\/users\/6"}],"replies":[{"embeddable":true,"href":"https:\/\/www.pressenza.com\/ca\/wp-json\/wp\/v2\/comments?post=439945"}],"version-history":[{"count":0,"href":"https:\/\/www.pressenza.com\/ca\/wp-json\/wp\/v2\/pages\/439945\/revisions"}],"wp:attachment":[{"href":"https:\/\/www.pressenza.com\/ca\/wp-json\/wp\/v2\/media?parent=439945"}],"curies":[{"name":"wp","href":"https:\/\/api.w.org\/{rel}","templated":true}]}}