{"id":1835642,"date":"2024-03-30T10:28:59","date_gmt":"2024-03-30T10:28:59","guid":{"rendered":"https:\/\/www.pressenza.com\/?page_id=1835642"},"modified":"2024-04-03T15:54:21","modified_gmt":"2024-04-03T14:54:21","slug":"imprint","status":"publish","type":"page","link":"https:\/\/www.pressenza.com\/ca\/imprint\/","title":{"rendered":"Empremta"},"content":{"rendered":"<p><span style=\"color: #000000;\"><strong>Responsable del contingut<\/strong>:<\/span><\/p>\n<p><span style=\"color: #000000;\">Corporaci\u00f3n PRESSENZA-IPA Agencia de Noticias de Paz y No Violencia<\/span><br \/>\n<span style=\"color: #000000;\">calle Carlos Tobar E6-124 y Eloy Alfaro<\/span><br \/>\n<span style=\"color: #000000;\">Dpto. 403<\/span><br \/>\n<span style=\"color: #000000;\">Quito 170517<\/span><br \/>\n<span style=\"color: #000000;\">Ecuador<\/span><br \/>\n<span style=\"color: #000000;\"><a style=\"color: #000000;\" href=\"mailto:info.pressenza.com\">info.pressenza.com<\/a><\/span><br \/>\n<span style=\"color: #000000;\">Memor\u00e0ndum # SNC-DAL-2014-0011-O # 037<\/span><br \/>\n<span style=\"color: #000000;\">Acord de 4 de juny de 2014 del Ministeri Nacional de Comunicacions, Equador<\/span><\/p>\n<p><span style=\"color: #000000;\"><strong>Av\u00eds de responsabilitat<\/strong>:<\/span><br \/>\n<span style=\"color: #000000;\">Malgrat un control acurat del contingut, no assumim cap responsabilitat pel contingut dels enlla\u00e7os externs. Els operadors de les p\u00e0gines enlla\u00e7ades s\u00f3n els \u00fanics responsables del seu contingut.<\/span><\/p>\n","protected":false},"excerpt":{"rendered":"<p>Responsable del contingut: Corporaci\u00f3n PRESSENZA-IPA Agencia de Noticias de Paz y No Violencia calle Carlos Tobar E6-124 y Eloy Alfaro Dpto. 403 Quito 170517 Ecuador info.pressenza.com Memor\u00e0ndum # SNC-DAL-2014-0011-O # 037 Acord de 4 de juny de 2014 del Ministeri&hellip;<\/p>\n","protected":false},"author":1201,"featured_media":0,"parent":0,"menu_order":0,"comment_status":"closed","ping_status":"closed","template":"","meta":{"footnotes":""},"class_list":["post-1835642","page","type-page","status-publish","hentry"],"yoast_head":"<!-- This site is optimized with the Yoast SEO plugin v27.1.1 - https:\/\/yoast.com\/product\/yoast-seo-wordpress\/ -->\n<title>Empremta - Pressenza<\/title>\n<meta name=\"robots\" content=\"index, follow, max-snippet:-1, max-image-preview:large, max-video-preview:-1\" \/>\n<link rel=\"canonical\" href=\"https:\/\/www.pressenza.com\/ca\/imprint\/\" \/>\n<meta property=\"og:locale\" content=\"ca_ES\" \/>\n<meta property=\"og:type\" content=\"article\" \/>\n<meta property=\"og:title\" content=\"Empremta - Pressenza\" \/>\n<meta property=\"og:description\" content=\"Responsable del contingut: Corporaci\u00f3n PRESSENZA-IPA Agencia de Noticias de Paz y No Violencia calle Carlos Tobar E6-124 y Eloy Alfaro Dpto. 403 Quito 170517 Ecuador info.pressenza.com Memor\u00e0ndum # SNC-DAL-2014-0011-O # 037 Acord de 4 de juny de 2014 del Ministeri&hellip;\" \/>\n<meta property=\"og:url\" content=\"https:\/\/www.pressenza.com\/ca\/imprint\/\" \/>\n<meta property=\"og:site_name\" content=\"Pressenza\" \/>\n<meta property=\"article:publisher\" content=\"https:\/\/www.facebook.com\/PressenzaItalia\" \/>\n<meta property=\"article:modified_time\" content=\"2024-04-03T14:54:21+00:00\" \/>\n<meta name=\"twitter:card\" content=\"summary_large_image\" \/>\n<meta name=\"twitter:site\" content=\"@PressenzaIPA\" \/>\n<meta name=\"twitter:label1\" content=\"Temps estimat de lectura\" \/>\n\t<meta name=\"twitter:data1\" content=\"1 minut\" \/>\n<script type=\"application\/ld+json\" class=\"yoast-schema-graph\">{\"@context\":\"https:\/\/schema.org\",\"@graph\":[{\"@type\":\"WebPage\",\"@id\":\"https:\/\/www.pressenza.com\/ca\/imprint\/\",\"url\":\"https:\/\/www.pressenza.com\/ca\/imprint\/\",\"name\":\"Empremta - Pressenza\",\"isPartOf\":{\"@id\":\"https:\/\/www.pressenza.com\/ca\/#website\"},\"datePublished\":\"2024-03-30T10:28:59+00:00\",\"dateModified\":\"2024-04-03T14:54:21+00:00\",\"breadcrumb\":{\"@id\":\"https:\/\/www.pressenza.com\/ca\/imprint\/#breadcrumb\"},\"inLanguage\":\"ca\",\"potentialAction\":[{\"@type\":\"ReadAction\",\"target\":[\"https:\/\/www.pressenza.com\/ca\/imprint\/\"]}]},{\"@type\":\"BreadcrumbList\",\"@id\":\"https:\/\/www.pressenza.com\/ca\/imprint\/#breadcrumb\",\"itemListElement\":[{\"@type\":\"ListItem\",\"position\":1,\"name\":\"Accueil\",\"item\":\"https:\/\/www.pressenza.com\/ca\/\"},{\"@type\":\"ListItem\",\"position\":2,\"name\":\"Empremta\"}]},{\"@type\":\"WebSite\",\"@id\":\"https:\/\/www.pressenza.com\/ca\/#website\",\"url\":\"https:\/\/www.pressenza.com\/ca\/\",\"name\":\"Pressenza\",\"description\":\"International Press Agency\",\"publisher\":{\"@id\":\"https:\/\/www.pressenza.com\/ca\/#organization\"},\"potentialAction\":[{\"@type\":\"SearchAction\",\"target\":{\"@type\":\"EntryPoint\",\"urlTemplate\":\"https:\/\/www.pressenza.com\/ca\/?s={search_term_string}\"},\"query-input\":{\"@type\":\"PropertyValueSpecification\",\"valueRequired\":true,\"valueName\":\"search_term_string\"}}],\"inLanguage\":\"ca\"},{\"@type\":\"Organization\",\"@id\":\"https:\/\/www.pressenza.com\/ca\/#organization\",\"name\":\"Pressenza\",\"url\":\"https:\/\/www.pressenza.com\/ca\/\",\"logo\":{\"@type\":\"ImageObject\",\"inLanguage\":\"ca\",\"@id\":\"https:\/\/www.pressenza.com\/ca\/#\/schema\/logo\/image\/\",\"url\":\"https:\/\/www.pressenza.com\/wp-content\/uploads\/2022\/10\/pressenza_logo_200x200.jpg\",\"contentUrl\":\"https:\/\/www.pressenza.com\/wp-content\/uploads\/2022\/10\/pressenza_logo_200x200.jpg\",\"width\":200,\"height\":200,\"caption\":\"Pressenza\"},\"image\":{\"@id\":\"https:\/\/www.pressenza.com\/ca\/#\/schema\/logo\/image\/\"},\"sameAs\":[\"https:\/\/www.facebook.com\/PressenzaItalia\",\"https:\/\/x.com\/PressenzaIPA\"]}]}<\/script>\n<!-- \/ Yoast SEO plugin. -->","yoast_head_json":{"title":"Empremta - Pressenza","robots":{"index":"index","follow":"follow","max-snippet":"max-snippet:-1","max-image-preview":"max-image-preview:large","max-video-preview":"max-video-preview:-1"},"canonical":"https:\/\/www.pressenza.com\/ca\/imprint\/","og_locale":"ca_ES","og_type":"article","og_title":"Empremta - Pressenza","og_description":"Responsable del contingut: Corporaci\u00f3n PRESSENZA-IPA Agencia de Noticias de Paz y No Violencia calle Carlos Tobar E6-124 y Eloy Alfaro Dpto. 403 Quito 170517 Ecuador info.pressenza.com Memor\u00e0ndum # SNC-DAL-2014-0011-O # 037 Acord de 4 de juny de 2014 del Ministeri&hellip;","og_url":"https:\/\/www.pressenza.com\/ca\/imprint\/","og_site_name":"Pressenza","article_publisher":"https:\/\/www.facebook.com\/PressenzaItalia","article_modified_time":"2024-04-03T14:54:21+00:00","twitter_card":"summary_large_image","twitter_site":"@PressenzaIPA","twitter_misc":{"Temps estimat de lectura":"1 minut"},"schema":{"@context":"https:\/\/schema.org","@graph":[{"@type":"WebPage","@id":"https:\/\/www.pressenza.com\/ca\/imprint\/","url":"https:\/\/www.pressenza.com\/ca\/imprint\/","name":"Empremta - Pressenza","isPartOf":{"@id":"https:\/\/www.pressenza.com\/ca\/#website"},"datePublished":"2024-03-30T10:28:59+00:00","dateModified":"2024-04-03T14:54:21+00:00","breadcrumb":{"@id":"https:\/\/www.pressenza.com\/ca\/imprint\/#breadcrumb"},"inLanguage":"ca","potentialAction":[{"@type":"ReadAction","target":["https:\/\/www.pressenza.com\/ca\/imprint\/"]}]},{"@type":"BreadcrumbList","@id":"https:\/\/www.pressenza.com\/ca\/imprint\/#breadcrumb","itemListElement":[{"@type":"ListItem","position":1,"name":"Accueil","item":"https:\/\/www.pressenza.com\/ca\/"},{"@type":"ListItem","position":2,"name":"Empremta"}]},{"@type":"WebSite","@id":"https:\/\/www.pressenza.com\/ca\/#website","url":"https:\/\/www.pressenza.com\/ca\/","name":"Pressenza","description":"International Press Agency","publisher":{"@id":"https:\/\/www.pressenza.com\/ca\/#organization"},"potentialAction":[{"@type":"SearchAction","target":{"@type":"EntryPoint","urlTemplate":"https:\/\/www.pressenza.com\/ca\/?s={search_term_string}"},"query-input":{"@type":"PropertyValueSpecification","valueRequired":true,"valueName":"search_term_string"}}],"inLanguage":"ca"},{"@type":"Organization","@id":"https:\/\/www.pressenza.com\/ca\/#organization","name":"Pressenza","url":"https:\/\/www.pressenza.com\/ca\/","logo":{"@type":"ImageObject","inLanguage":"ca","@id":"https:\/\/www.pressenza.com\/ca\/#\/schema\/logo\/image\/","url":"https:\/\/www.pressenza.com\/wp-content\/uploads\/2022\/10\/pressenza_logo_200x200.jpg","contentUrl":"https:\/\/www.pressenza.com\/wp-content\/uploads\/2022\/10\/pressenza_logo_200x200.jpg","width":200,"height":200,"caption":"Pressenza"},"image":{"@id":"https:\/\/www.pressenza.com\/ca\/#\/schema\/logo\/image\/"},"sameAs":["https:\/\/www.facebook.com\/PressenzaItalia","https:\/\/x.com\/PressenzaIPA"]}]}},"_links":{"self":[{"href":"https:\/\/www.pressenza.com\/ca\/wp-json\/wp\/v2\/pages\/1835642","targetHints":{"allow":["GET"]}}],"collection":[{"href":"https:\/\/www.pressenza.com\/ca\/wp-json\/wp\/v2\/pages"}],"about":[{"href":"https:\/\/www.pressenza.com\/ca\/wp-json\/wp\/v2\/types\/page"}],"author":[{"embeddable":true,"href":"https:\/\/www.pressenza.com\/ca\/wp-json\/wp\/v2\/users\/1201"}],"replies":[{"embeddable":true,"href":"https:\/\/www.pressenza.com\/ca\/wp-json\/wp\/v2\/comments?post=1835642"}],"version-history":[{"count":0,"href":"https:\/\/www.pressenza.com\/ca\/wp-json\/wp\/v2\/pages\/1835642\/revisions"}],"wp:attachment":[{"href":"https:\/\/www.pressenza.com\/ca\/wp-json\/wp\/v2\/media?parent=1835642"}],"curies":[{"name":"wp","href":"https:\/\/api.w.org\/{rel}","templated":true}]}}